{"id":22992,"date":"2025-06-13T10:39:46","date_gmt":"2025-06-13T13:39:46","guid":{"rendered":"https:\/\/hificlub.com.br\/loja\/?post_type=product&#038;p=22992"},"modified":"2026-03-03T22:17:46","modified_gmt":"2026-03-04T01:17:46","slug":"kef-ls50-wireless-caixa-bookshelf","status":"publish","type":"product","link":"https:\/\/hificlub.com.br\/loja\/produto\/kef-ls50-wireless-caixa-bookshelf\/","title":{"rendered":"KEF LS50 Wireless Caixa Bookshelf"},"content":{"rendered":"<p>As caixas de som de estante HiFi da KEF s\u00e3o vers\u00e1teis e projetadas para proporcionar \u00e1udio de alta fidelidade. Compactas, mas com um som potente, nossas caixas de som de estante real\u00e7am seus discos de vinil favoritos e elevam filmes de sucesso a um novo patamar.<\/p>\n<p>Nossas caixas de som de estante s\u00e3o compat\u00edveis com sistemas HiFi, toca-discos e TVs, integrando-se perfeitamente a qualquer ambiente e garantindo uma experi\u00eancia de \u00e1udio envolvente.<\/p>\n<p>Como seria de se esperar, o LS50 Wireless se baseia fortemente no LS50 da KEF, de 2013. A unidade de acionamento Uni-Q \u2013 com um tweeter de domo de alum\u00ednio ventilado de 25 mm no centro ac\u00fastico de um cone de m\u00e9dios graves de liga de magn\u00e9sio\/alum\u00ednio de 130 mm. O domo possui um &#8220;guia de ondas Tangerina&#8221; que aumenta a dispers\u00e3o, enquanto a unidade de m\u00e9dios graves possui nervuras radiais ao longo do cone. O exclusivo defletor frontal curvo em resina de poli\u00e9ster (em oposi\u00e7\u00e3o ao Uni-Q), a porta el\u00edptica flex\u00edvel e o refor\u00e7o de amortecimento de camada restrita do LS50 passivo original s\u00e3o mantidos na vers\u00e3o sem fio ativa.<\/p>\n<p>No lado ativo do LS50 Wireless, tanto o alto-falante mestre quanto o escravo usam um amplificador Classe A\/B de 30 W para as frequ\u00eancias altas e um amplificador Classe D de 200 W para a unidade de m\u00e9dios-graves. A l\u00f3gica disso \u00e9 que os agudos s\u00e3o focados no refinamento, os graves s\u00e3o focados no peso e o crossover ativo cuida do equil\u00edbrio (e, no processo, garante que o alto-falante n\u00e3o se autodestrua se tocado em n\u00edveis de festa por muito tempo). Isso tamb\u00e9m significa que os m\u00f3dulos do amplificador podem ficar dentro de uma vers\u00e3o apenas um pouco mais profunda do gabinete original do LS50 com necessidade m\u00ednima de dissipador de calor; o mesmo n\u00e3o se aplicaria se fosse um projeto Classe A\/B de 200 W ou um Classe A puro de 30 W no tweeter.<\/p>\n<p>&nbsp;<\/p>\n<p><a href=\"https:\/\/www.whathifi.com\/kef\/ls50-wireless\/review\" target=\"_blank\" rel=\"noopener\"><img loading=\"lazy\" decoding=\"async\" class=\"alignnone wp-image-22882 size-full\" src=\"https:\/\/hificlub.com.br\/loja\/wp-content\/uploads\/2025\/06\/what-hifi-awards.png\" alt=\"\" width=\"316\" height=\"160\" srcset=\"https:\/\/hificlub.com.br\/loja\/wp-content\/uploads\/2025\/06\/what-hifi-awards.png 316w, https:\/\/hificlub.com.br\/loja\/wp-content\/uploads\/2025\/06\/what-hifi-awards-300x152.png 300w\" sizes=\"auto, (max-width: 316px) 100vw, 316px\" \/><\/a><\/p>\n","protected":false},"excerpt":{"rendered":"<p>As caixas de som de estante HiFi da KEF s\u00e3o vers\u00e1teis e projetadas para proporcionar \u00e1udio de alta fidelidade. Compactas, mas com um som potente, nossas caixas de som de estante real\u00e7am seus discos de vinil favoritos e elevam filmes de sucesso a um novo patamar. Nossas caixas de som de estante s\u00e3o compat\u00edveis com [&hellip;]<\/p>\n","protected":false},"featured_media":22993,"template":"","meta":{"_acf_changed":false},"product_brand":[],"product_cat":[25,17,56],"product_tag":[],"class_list":{"0":"post-22992","1":"product","2":"type-product","3":"status-publish","4":"has-post-thumbnail","6":"product_cat-bookshelf","7":"product_cat-caixas","8":"product_cat-kef","10":"first","11":"instock","12":"sold-individually","13":"shipping-taxable","14":"purchasable","15":"product-type-simple"},"acf":[],"aioseo_notices":[],"_links":{"self":[{"href":"https:\/\/hificlub.com.br\/loja\/wp-json\/wp\/v2\/product\/22992","targetHints":{"allow":["GET"]}}],"collection":[{"href":"https:\/\/hificlub.com.br\/loja\/wp-json\/wp\/v2\/product"}],"about":[{"href":"https:\/\/hificlub.com.br\/loja\/wp-json\/wp\/v2\/types\/product"}],"wp:featuredmedia":[{"embeddable":true,"href":"https:\/\/hificlub.com.br\/loja\/wp-json\/wp\/v2\/media\/22993"}],"wp:attachment":[{"href":"https:\/\/hificlub.com.br\/loja\/wp-json\/wp\/v2\/media?parent=22992"}],"wp:term":[{"taxonomy":"product_brand","embeddable":true,"href":"https:\/\/hificlub.com.br\/loja\/wp-json\/wp\/v2\/product_brand?post=22992"},{"taxonomy":"product_cat","embeddable":true,"href":"https:\/\/hificlub.com.br\/loja\/wp-json\/wp\/v2\/product_cat?post=22992"},{"taxonomy":"product_tag","embeddable":true,"href":"https:\/\/hificlub.com.br\/loja\/wp-json\/wp\/v2\/product_tag?post=22992"}],"curies":[{"name":"wp","href":"https:\/\/api.w.org\/{rel}","templated":true}]}}