{"id":22973,"date":"2025-06-12T18:47:17","date_gmt":"2025-06-12T21:47:17","guid":{"rendered":"https:\/\/hificlub.com.br\/loja\/?post_type=product&#038;p=22973"},"modified":"2026-03-03T22:17:46","modified_gmt":"2026-03-04T01:17:46","slug":"jbl-n26aw-ii-caixa-bookshelf-par","status":"publish","type":"product","link":"https:\/\/hificlub.com.br\/loja\/produto\/jbl-n26aw-ii-caixa-bookshelf-par\/","title":{"rendered":"JBL N26AW II &#8211; Caixa Outdoor Branca &#8211; par"},"content":{"rendered":"<p>A N26AWII, uma caixa ac\u00fastica de estante bidirecional de 6&#8243; resistente \u00e0s intemp\u00e9ries e com gabinete moldado de alto impacto, reproduz som com clareza e pot\u00eancia incompar\u00e1veis.<br \/>\nO woofer c\u00f4nico PolyPlas (fibra de celulose revestida com pol\u00edmero) apresenta a tradicional engenharia da JBL \u2013 as mesmas tecnologias utilizadas nos equipamentos profissionais da JBL, encontrados em est\u00e1dios, casas de shows e cinemas em todo o mundo.<\/p>\n<p>A bobina de voz Kapton superdimensionada e de alta temperatura e a estrutura do motor HeatScape permitem que essas caixas reproduzam todos os tipos de filmes e m\u00fasicas sem esfor\u00e7o. A porta alargada FreeFlow aumenta a resposta de graves sem adicionar ru\u00eddo de porta indesejado. Os drivers personalizados da JBL permitem o uso de redes de crossover simples, de Caminho de Sinal em Linha Reta (SSP), com componentes el\u00e9tricos de alta qualidade, minimizando o processamento que poderia degradar o sinal.<\/p>\n<p><strong>Domes de Transdutores de Alta Frequ\u00eancia em Composto de Tit\u00e2nio<\/strong><br \/>\nLeves o suficiente para reproduzir com precis\u00e3o sons extremamente r\u00e1pidos, como o bater de pratos, mas fortes o suficiente para eliminar a distor\u00e7\u00e3o e a fadiga auditiva na faixa cr\u00edtica de frequ\u00eancias m\u00e9dias e altas.<\/p>\n<p><strong>Guias de Onda El\u00edpticos Oblatos Esferoidais (EOS)<\/strong><br \/>\nPermitem que os alto-falantes dispersem as altas frequ\u00eancias uniformemente e criem imagens est\u00e9reo precisas em uma ampla \u00e1rea de audi\u00e7\u00e3o, em vez de apenas em um pequeno &#8220;ponto ideal&#8221; bem \u00e0 frente dos alto-falantes.<\/p>\n<p><strong>PolyPlas<\/strong><br \/>\nAprimora a estrutura de fibra org\u00e2nica dos cones de frequ\u00eancias baixas e m\u00e9dias, sem adicionar peso significativo. O revestimento PolyPlas elimina resson\u00e2ncias internas e unifica o movimento pist\u00f4nico. Voc\u00ea ouve graves mais firmes e uma resposta de m\u00e9dios aprimorada.<\/p>\n<p><strong>Estrutura do Motor de Precis\u00e3o Heatscape<\/strong><br \/>\nProtege os transdutores de baixa frequ\u00eancia contra o ac\u00famulo t\u00e9rmico destrutivo, o inimigo n\u00famero um dos sistemas de alto-falantes profissionais e dom\u00e9sticos. O calor \u00e9 conduzido para longe da bobina m\u00f3vel sens\u00edvel do transdutor e disperso.<\/p>\n<p><strong>Arquitetura de Porta Freeflow<\/strong><br \/>\nAmplia a resposta de baixa frequ\u00eancia acoplando o movimento do ar interno a uma abertura projetada por computador com formato alargado, permitindo o fluxo m\u00e1ximo de ar sem ru\u00eddo de porta aud\u00edvel. O resultado s\u00e3o graves que preenchem o ambiente com uma caixa de som que n\u00e3o preenche o ambiente.<\/p>\n<p>&nbsp;<\/p>\n","protected":false},"excerpt":{"rendered":"<p>A N26AWII, uma caixa ac\u00fastica de estante bidirecional de 6&#8243; resistente \u00e0s intemp\u00e9ries e com gabinete moldado de alto impacto, reproduz som com clareza e pot\u00eancia incompar\u00e1veis. O woofer c\u00f4nico PolyPlas (fibra de celulose revestida com pol\u00edmero) apresenta a tradicional engenharia da JBL \u2013 as mesmas tecnologias utilizadas nos equipamentos profissionais da JBL, encontrados em [&hellip;]<\/p>\n","protected":false},"featured_media":22980,"template":"","meta":{"_acf_changed":false},"product_brand":[],"product_cat":[25,283,46],"product_tag":[],"class_list":{"0":"post-22973","1":"product","2":"type-product","3":"status-publish","4":"has-post-thumbnail","6":"product_cat-bookshelf","7":"product_cat-caixa-outdoor","8":"product_cat-jbl","10":"first","11":"instock","12":"sold-individually","13":"shipping-taxable","14":"purchasable","15":"product-type-simple"},"acf":[],"aioseo_notices":[],"_links":{"self":[{"href":"https:\/\/hificlub.com.br\/loja\/wp-json\/wp\/v2\/product\/22973","targetHints":{"allow":["GET"]}}],"collection":[{"href":"https:\/\/hificlub.com.br\/loja\/wp-json\/wp\/v2\/product"}],"about":[{"href":"https:\/\/hificlub.com.br\/loja\/wp-json\/wp\/v2\/types\/product"}],"wp:featuredmedia":[{"embeddable":true,"href":"https:\/\/hificlub.com.br\/loja\/wp-json\/wp\/v2\/media\/22980"}],"wp:attachment":[{"href":"https:\/\/hificlub.com.br\/loja\/wp-json\/wp\/v2\/media?parent=22973"}],"wp:term":[{"taxonomy":"product_brand","embeddable":true,"href":"https:\/\/hificlub.com.br\/loja\/wp-json\/wp\/v2\/product_brand?post=22973"},{"taxonomy":"product_cat","embeddable":true,"href":"https:\/\/hificlub.com.br\/loja\/wp-json\/wp\/v2\/product_cat?post=22973"},{"taxonomy":"product_tag","embeddable":true,"href":"https:\/\/hificlub.com.br\/loja\/wp-json\/wp\/v2\/product_tag?post=22973"}],"curies":[{"name":"wp","href":"https:\/\/api.w.org\/{rel}","templated":true}]}}