{"id":22925,"date":"2025-06-11T17:13:42","date_gmt":"2025-06-11T20:13:42","guid":{"rendered":"https:\/\/hificlub.com.br\/loja\/?post_type=product&#038;p=22925"},"modified":"2025-08-18T17:04:03","modified_gmt":"2025-08-18T20:04:03","slug":"musical-fidelity-m1-dac-upsampling-at-192hz-digital-audio-converter","status":"publish","type":"product","link":"https:\/\/hificlub.com.br\/loja\/produto\/musical-fidelity-m1-dac-upsampling-at-192hz-digital-audio-converter\/","title":{"rendered":"MUSICAL FIDELITY M1 DAC Upsampling At 192hz &#8211; Digital Audio Converter"},"content":{"rendered":"<p>O DAC M1 consiste em um circuito conversor digital-anal\u00f3gico de 24 bits com sobreamostragem de alta qualidade que amplifica todas as taxas de dados de entrada para 192 kHz. Isso move os artefatos digitais para bem fora da banda de \u00e1udio, permitindo f\u00e1cil remo\u00e7\u00e3o sem preju\u00edzo para a extremidade superior da banda de \u00e1udio. Nosso circuito de filtragem bem ajustado produz artefatos de jitter, ru\u00eddo e distor\u00e7\u00e3o imensamente reduzidos, permitindo imagens, detalhes e transpar\u00eancia impressionantes, para reproduzir todos os tipos de m\u00fasica exatamente como o artista pretendia originalmente.<\/p>\n<p>O DAC M1 foi cuidadosamente projetado para ser compat\u00edvel com a s\u00e9rie M1 e tamb\u00e9m combina perfeitamente com os produtos das s\u00e9ries M3 e M6. Essas combina\u00e7\u00f5es resultar\u00e3o em um dos melhores sistemas de alta fidelidade dispon\u00edveis a qualquer pre\u00e7o.<\/p>\n<p>&nbsp;<\/p>\n<p><a href=\"https:\/\/www.stereophile.com\/content\/musical-fidelity-m1-dac\" target=\"_blank\" rel=\"noopener\"><img loading=\"lazy\" decoding=\"async\" class=\"alignnone wp-image-22926 size-full\" src=\"https:\/\/hificlub.com.br\/loja\/wp-content\/uploads\/2025\/06\/Stereophile-award.jpg\" alt=\"\" width=\"439\" height=\"75\" \/><\/a><\/p>\n","protected":false},"excerpt":{"rendered":"<p>O DAC M1 consiste em um circuito conversor digital-anal\u00f3gico de 24 bits com sobreamostragem de alta qualidade que amplifica todas as taxas de dados de entrada para 192 kHz. Isso move os artefatos digitais para bem fora da banda de \u00e1udio, permitindo f\u00e1cil remo\u00e7\u00e3o sem preju\u00edzo para a extremidade superior da banda de \u00e1udio. Nosso [&hellip;]<\/p>\n","protected":false},"featured_media":25409,"template":"","meta":{"_acf_changed":false},"product_brand":[],"product_cat":[175,41,95],"product_tag":[],"class_list":{"0":"post-22925","1":"product","2":"type-product","3":"status-publish","4":"has-post-thumbnail","6":"product_cat-adc","7":"product_cat-digital","8":"product_cat-musical-fidelity","10":"first","11":"instock","12":"sold-individually","13":"shipping-taxable","14":"purchasable","15":"product-type-simple"},"acf":[],"aioseo_notices":[],"_links":{"self":[{"href":"https:\/\/hificlub.com.br\/loja\/wp-json\/wp\/v2\/product\/22925","targetHints":{"allow":["GET"]}}],"collection":[{"href":"https:\/\/hificlub.com.br\/loja\/wp-json\/wp\/v2\/product"}],"about":[{"href":"https:\/\/hificlub.com.br\/loja\/wp-json\/wp\/v2\/types\/product"}],"wp:featuredmedia":[{"embeddable":true,"href":"https:\/\/hificlub.com.br\/loja\/wp-json\/wp\/v2\/media\/25409"}],"wp:attachment":[{"href":"https:\/\/hificlub.com.br\/loja\/wp-json\/wp\/v2\/media?parent=22925"}],"wp:term":[{"taxonomy":"product_brand","embeddable":true,"href":"https:\/\/hificlub.com.br\/loja\/wp-json\/wp\/v2\/product_brand?post=22925"},{"taxonomy":"product_cat","embeddable":true,"href":"https:\/\/hificlub.com.br\/loja\/wp-json\/wp\/v2\/product_cat?post=22925"},{"taxonomy":"product_tag","embeddable":true,"href":"https:\/\/hificlub.com.br\/loja\/wp-json\/wp\/v2\/product_tag?post=22925"}],"curies":[{"name":"wp","href":"https:\/\/api.w.org\/{rel}","templated":true}]}}