{"id":22892,"date":"2025-06-11T11:14:37","date_gmt":"2025-06-11T14:14:37","guid":{"rendered":"https:\/\/hificlub.com.br\/loja\/?post_type=product&#038;p=22892"},"modified":"2026-03-03T22:17:47","modified_gmt":"2026-03-04T01:17:47","slug":"kef-lsx-ii-lt-caixa-bookshelf-wirelless-e-bluetooth","status":"publish","type":"product","link":"https:\/\/hificlub.com.br\/loja\/produto\/kef-lsx-ii-lt-caixa-bookshelf-wirelless-e-bluetooth\/","title":{"rendered":"KEF LSX II LT Caixa Bookshelf &#8211; Wirelless e Bluetooth"},"content":{"rendered":"<p><strong>A nova adi\u00e7\u00e3o \u00e0 premiada fam\u00edlia LSX<\/strong><\/p>\n<p>O LSX II LT compartilha o mesmo som imersivo de alta fidelidade e as principais tecnologias do LSX II, a um pre\u00e7o que voc\u00ea vai adorar. Equipado com o Music Integrity Engine da KEF e o exclusivo conjunto de drivers Uni-Q, este sistema compacto de alto-falantes HiFi sem fio oferece clareza de som incompar\u00e1vel.<\/p>\n<p><strong>Som de alta fidelidade<\/strong><\/p>\n<p>O LSX II LT oferece a mais alta qualidade de som em seu tamanho, com streaming de at\u00e9 24 bits\/384 kHz, tornando o som de alta fidelidade acess\u00edvel a mais ouvintes.<\/p>\n<p><strong>Conectividade &#8211; Reproduza toda a m\u00fasica do mundo<\/strong><\/p>\n<p>No cora\u00e7\u00e3o digital do LSX II LT est\u00e1 a mesma plataforma sem fio W2 de ponta que impulsiona o LSX II. Isso garante que, independentemente de como voc\u00ea gosta de ouvir m\u00fasica, voc\u00ea pode faz\u00ea-lo com o m\u00ednimo de complica\u00e7\u00e3o e com qualidade de som impec\u00e1vel. O aplicativo KEF Connect permite que voc\u00ea transmita Amazon Music, Qobuz, Tidal, Deezer, esta\u00e7\u00f5es de r\u00e1dio da Internet e podcasts. O Apple AirPlay 2 e o Google Chromecast transmitem \u00e1udio perfeitamente de dispositivos compat\u00edveis, enquanto o Bluetooth expande ainda mais as op\u00e7\u00f5es. Voc\u00ea pode usar aplicativos nativos para transmitir diretamente do Spotify Connect, Tidal e QPlay. Ao usar o Airplay 2 ou o Chromecast, voc\u00ea pode transmitir<br \/>\npara v\u00e1rios alto-falantes, para que possa reproduzir m\u00fasica em toda a sua casa. Como se isso n\u00e3o bastasse, o LSX II LT tamb\u00e9m pode reproduzir sua pr\u00f3pria cole\u00e7\u00e3o particular de m\u00fasicas de um drive NAS ou servidor de m\u00fasica compat\u00edvel. Al\u00e9m disso, os audi\u00f3filos contam com amplo suporte a arquivos de at\u00e9 24 bits\/384 kHz (PCM) e DSD.<\/p>\n<p><strong>Conecte e reproduza na TV e no desktop<\/strong><\/p>\n<p>Al\u00e9m de Wi-Fi e Bluetooth, o LSX II LT tamb\u00e9m possui uma ampla variedade de conex\u00f5es com fio. Isso inclui HDMI ARC para controle perfeito usando o controle remoto da TV e uma entrada USB-C de alta qualidade, que torna o LSX II LT o sistema de mesa perfeito para o seu computador. H\u00e1 tamb\u00e9m uma entrada \u00f3ptica para<br \/>\nseu CD player, console de jogos e muitos outros dispositivos. E, se voc\u00ea exige que seus filmes e m\u00fasicas tenham graves extras, h\u00e1 uma sa\u00edda dedicada para subwoofer para que voc\u00ea possa conectar um subwoofer KEF para os graves que voc\u00ea deseja.<\/p>\n<p><strong>Integra\u00e7\u00e3o dom\u00e9stica perfeita<\/strong><\/p>\n<p>O LSX II LT \u00e9 mais do que um sistema de alto-falantes de alta fidelidade &#8211; ele foi projetado para aprimorar o seu dia a dia.<br \/>\nIntegre perfeitamente o LSX II LT \u00e0 sua casa inteligente para navegar e reproduzir m\u00fasicas, selecionar fontes ou<br \/>\nusar controles como reproduzir, pausar e ajustar o volume por meio do aplicativo da sua casa inteligente ou da interface de controle.<\/p>\n<p>&nbsp;<\/p>\n<p><a href=\"https:\/\/www.whathifi.com\/reviews\/kef-lsx-ii-lt\">\u00a0\u00a0\u00a0\u00a0 <\/a><a href=\"https:\/\/www.whathifi.com\/reviews\/kef-lsx-ii-lt\" target=\"_blank\" rel=\"noopener\"><img loading=\"lazy\" decoding=\"async\" class=\"alignnone wp-image-22882 size-full\" src=\"https:\/\/hificlub.com.br\/loja\/wp-content\/uploads\/2025\/06\/what-hifi-awards.png\" alt=\"\" width=\"316\" height=\"160\" srcset=\"https:\/\/hificlub.com.br\/loja\/wp-content\/uploads\/2025\/06\/what-hifi-awards.png 316w, https:\/\/hificlub.com.br\/loja\/wp-content\/uploads\/2025\/06\/what-hifi-awards-300x152.png 300w\" sizes=\"auto, (max-width: 316px) 100vw, 316px\" \/> \u00a0 \u00a0 <\/a><a href=\"https:\/\/www.t3.com\/reviews\/kef-lsx-ii-lt-review\" target=\"_blank\" rel=\"noopener\"><img loading=\"lazy\" decoding=\"async\" class=\"alignnone wp-image-22893 size-full\" src=\"https:\/\/hificlub.com.br\/loja\/wp-content\/uploads\/2025\/06\/3T-smarting-living-award.jpg\" alt=\"\" width=\"328\" height=\"69\" srcset=\"https:\/\/hificlub.com.br\/loja\/wp-content\/uploads\/2025\/06\/3T-smarting-living-award.jpg 328w, https:\/\/hificlub.com.br\/loja\/wp-content\/uploads\/2025\/06\/3T-smarting-living-award-300x63.jpg 300w\" sizes=\"auto, (max-width: 328px) 100vw, 328px\" \/><\/a><\/p>\n<p>&nbsp;<\/p>\n<p>&nbsp;<\/p>\n","protected":false},"excerpt":{"rendered":"<p>A nova adi\u00e7\u00e3o \u00e0 premiada fam\u00edlia LSX O LSX II LT compartilha o mesmo som imersivo de alta fidelidade e as principais tecnologias do LSX II, a um pre\u00e7o que voc\u00ea vai adorar. Equipado com o Music Integrity Engine da KEF e o exclusivo conjunto de drivers Uni-Q, este sistema compacto de alto-falantes HiFi sem [&hellip;]<\/p>\n","protected":false},"featured_media":22894,"template":"","meta":{"_acf_changed":false},"product_brand":[],"product_cat":[25,17,56],"product_tag":[],"class_list":{"0":"post-22892","1":"product","2":"type-product","3":"status-publish","4":"has-post-thumbnail","6":"product_cat-bookshelf","7":"product_cat-caixas","8":"product_cat-kef","10":"first","11":"instock","12":"sold-individually","13":"shipping-taxable","14":"purchasable","15":"product-type-simple"},"acf":[],"aioseo_notices":[],"_links":{"self":[{"href":"https:\/\/hificlub.com.br\/loja\/wp-json\/wp\/v2\/product\/22892","targetHints":{"allow":["GET"]}}],"collection":[{"href":"https:\/\/hificlub.com.br\/loja\/wp-json\/wp\/v2\/product"}],"about":[{"href":"https:\/\/hificlub.com.br\/loja\/wp-json\/wp\/v2\/types\/product"}],"wp:featuredmedia":[{"embeddable":true,"href":"https:\/\/hificlub.com.br\/loja\/wp-json\/wp\/v2\/media\/22894"}],"wp:attachment":[{"href":"https:\/\/hificlub.com.br\/loja\/wp-json\/wp\/v2\/media?parent=22892"}],"wp:term":[{"taxonomy":"product_brand","embeddable":true,"href":"https:\/\/hificlub.com.br\/loja\/wp-json\/wp\/v2\/product_brand?post=22892"},{"taxonomy":"product_cat","embeddable":true,"href":"https:\/\/hificlub.com.br\/loja\/wp-json\/wp\/v2\/product_cat?post=22892"},{"taxonomy":"product_tag","embeddable":true,"href":"https:\/\/hificlub.com.br\/loja\/wp-json\/wp\/v2\/product_tag?post=22892"}],"curies":[{"name":"wp","href":"https:\/\/api.w.org\/{rel}","templated":true}]}}