{"id":22886,"date":"2025-06-11T10:39:18","date_gmt":"2025-06-11T13:39:18","guid":{"rendered":"https:\/\/hificlub.com.br\/loja\/?post_type=product&#038;p=22886"},"modified":"2026-03-03T22:17:47","modified_gmt":"2026-03-04T01:17:47","slug":"kef-lsx-caixa-bookshelf-wirelless-e-bluetooth","status":"publish","type":"product","link":"https:\/\/hificlub.com.br\/loja\/produto\/kef-lsx-caixa-bookshelf-wirelless-e-bluetooth\/","title":{"rendered":"KEF LSX Caixa Bookshelf &#8211; Wirelless e Bluetooth"},"content":{"rendered":"<p><strong>D\u00ea \u00e0 sua m\u00fasica o espa\u00e7o que ela merece.<\/strong><\/p>\n<p>A conveni\u00eancia e a conectividade sem fio. A emo\u00e7\u00e3o e os detalhes do verdadeiro est\u00e9reo de alta resolu\u00e7\u00e3o. E tudo isso em um sistema compacto projetado para caber em praticamente qualquer lugar. O LSX \u00e9 o sistema de alto-falantes para o jeito que ouvimos hoje.<\/p>\n<p><strong>Ou\u00e7a tudo. Ou\u00e7a tudo.<\/strong><\/p>\n<p>De streaming a jogos, de TV a m\u00fasica em v\u00e1rios ambientes, o LSX foi projetado para todas as suas necessidades de entretenimento dom\u00e9stico. Ou\u00e7a o que quiser, como quiser, onde quiser \u2013 e desfrute de tudo isso em um magn\u00edfico som est\u00e9reo de alta resolu\u00e7\u00e3o.<\/p>\n<p><strong>Est\u00e9reo. Sinta a performance.<\/strong><\/p>\n<p>Com duas caixas ac\u00fasticas posicionadas distantes uma da outra, voc\u00ea experimentar\u00e1 a m\u00fasica como um palco sonoro 3D, com a imagem precisa e a sensa\u00e7\u00e3o de presen\u00e7a que os sistemas de uma caixa s\u00f3 n\u00e3o t\u00eam. \u00c9 a diferen\u00e7a entre apenas ouvir m\u00fasica e realmente senti-la.<\/p>\n<p><strong>Apple AirPlay 2<\/strong><\/p>\n<p>O LSX vem com o Apple AirPlay 2 que, com um simples toque na tela ou um pedido \u00e0 Siri, desbloqueia o mundo do \u00e1udio multiambiente. Voc\u00ea pode transmitir sem fio todos os seus aplicativos de m\u00fasica favoritos para toda a sua casa com controle perfeito do seu iPhone, iPad e Mac.<\/p>\n<p><strong>Som<\/strong><\/p>\n<p>O LSX utiliza a avan\u00e7ada tecnologia de design ac\u00fastico da KEF, recursos geralmente reservados para caixas de som de alta fidelidade muito maiores. Prepare-se para n\u00edveis de realismo e precis\u00e3o sonora de arrepiar.<\/p>\n<p>&nbsp;<\/p>\n<p><a href=\"https:\/\/www.whathifi.com\/reviews\/kef-lsx\" target=\"_blank\" rel=\"noopener\"><img loading=\"lazy\" decoding=\"async\" class=\"alignnone wp-image-22882 size-full\" src=\"https:\/\/hificlub.com.br\/loja\/wp-content\/uploads\/2025\/06\/what-hifi-awards.png\" alt=\"\" width=\"316\" height=\"160\" srcset=\"https:\/\/hificlub.com.br\/loja\/wp-content\/uploads\/2025\/06\/what-hifi-awards.png 316w, https:\/\/hificlub.com.br\/loja\/wp-content\/uploads\/2025\/06\/what-hifi-awards-300x152.png 300w\" sizes=\"auto, (max-width: 316px) 100vw, 316px\" \/>\u00a0\u00a0\u00a0\u00a0 <\/a><a href=\"https:\/\/www.forbes.com\/sites\/marksparrow\/2019\/08\/19\/kef-scores-two-eisa-awards-for-its-lsx-wireless-speakers-and-the-high-end-r11-model\/\" target=\"_blank\" rel=\"noopener\"><img loading=\"lazy\" decoding=\"async\" class=\"alignnone wp-image-22887 size-full\" src=\"https:\/\/hificlub.com.br\/loja\/wp-content\/uploads\/2025\/06\/Forbes-awards.png\" alt=\"\" width=\"360\" height=\"140\" srcset=\"https:\/\/hificlub.com.br\/loja\/wp-content\/uploads\/2025\/06\/Forbes-awards.png 360w, https:\/\/hificlub.com.br\/loja\/wp-content\/uploads\/2025\/06\/Forbes-awards-300x117.png 300w\" sizes=\"auto, (max-width: 360px) 100vw, 360px\" \/><\/a><\/p>\n","protected":false},"excerpt":{"rendered":"<p>D\u00ea \u00e0 sua m\u00fasica o espa\u00e7o que ela merece. A conveni\u00eancia e a conectividade sem fio. A emo\u00e7\u00e3o e os detalhes do verdadeiro est\u00e9reo de alta resolu\u00e7\u00e3o. E tudo isso em um sistema compacto projetado para caber em praticamente qualquer lugar. O LSX \u00e9 o sistema de alto-falantes para o jeito que ouvimos hoje. Ou\u00e7a [&hellip;]<\/p>\n","protected":false},"featured_media":22888,"template":"","meta":{"_acf_changed":false},"product_brand":[],"product_cat":[25,17,56],"product_tag":[],"class_list":{"0":"post-22886","1":"product","2":"type-product","3":"status-publish","4":"has-post-thumbnail","6":"product_cat-bookshelf","7":"product_cat-caixas","8":"product_cat-kef","10":"first","11":"instock","12":"sold-individually","13":"shipping-taxable","14":"purchasable","15":"product-type-simple"},"acf":[],"aioseo_notices":[],"_links":{"self":[{"href":"https:\/\/hificlub.com.br\/loja\/wp-json\/wp\/v2\/product\/22886","targetHints":{"allow":["GET"]}}],"collection":[{"href":"https:\/\/hificlub.com.br\/loja\/wp-json\/wp\/v2\/product"}],"about":[{"href":"https:\/\/hificlub.com.br\/loja\/wp-json\/wp\/v2\/types\/product"}],"wp:featuredmedia":[{"embeddable":true,"href":"https:\/\/hificlub.com.br\/loja\/wp-json\/wp\/v2\/media\/22888"}],"wp:attachment":[{"href":"https:\/\/hificlub.com.br\/loja\/wp-json\/wp\/v2\/media?parent=22886"}],"wp:term":[{"taxonomy":"product_brand","embeddable":true,"href":"https:\/\/hificlub.com.br\/loja\/wp-json\/wp\/v2\/product_brand?post=22886"},{"taxonomy":"product_cat","embeddable":true,"href":"https:\/\/hificlub.com.br\/loja\/wp-json\/wp\/v2\/product_cat?post=22886"},{"taxonomy":"product_tag","embeddable":true,"href":"https:\/\/hificlub.com.br\/loja\/wp-json\/wp\/v2\/product_tag?post=22886"}],"curies":[{"name":"wp","href":"https:\/\/api.w.org\/{rel}","templated":true}]}}