{"id":22846,"date":"2025-06-10T17:33:38","date_gmt":"2025-06-10T20:33:38","guid":{"rendered":"https:\/\/hificlub.com.br\/loja\/?post_type=product&#038;p=22846"},"modified":"2026-03-03T22:17:47","modified_gmt":"2026-03-04T01:17:47","slug":"eat-e-glo-petit-phono-pre-amplificador","status":"publish","type":"product","link":"https:\/\/hificlub.com.br\/loja\/produto\/eat-e-glo-petit-phono-pre-amplificador\/","title":{"rendered":"EAT E-GLO PETIT Phono Pr\u00e9-amplificador"},"content":{"rendered":"<p>O elegante irm\u00e3o menor de alta qualidade do premiado E-Glo S!<\/p>\n<p>O E-Glo Petit \u00e9 o irm\u00e3o menor do aclamado e premiado E-Glo S. Com seu design totalmente discreto e sem amplificador operacional, conseguimos alcan\u00e7ar um som excepcional em um formato compacto e compacto. Din\u00e2mica impressionante, m\u00e9dios n\u00edtidos e alta defini\u00e7\u00e3o s\u00e3o o que fazem o E-Glo Petit superar suas expectativas.<\/p>\n<ul>\n<li>Design de v\u00e1lvula h\u00edbrida com v\u00e1lvulas 12AX7<\/li>\n<li>Capacidade MM e MC<\/li>\n<li>Equaliza\u00e7\u00e3o RIAA precisa<\/li>\n<li>Imped\u00e2ncia e capacit\u00e2ncia \u00fateis<\/li>\n<li>Filtro subs\u00f4nico comut\u00e1vel<\/li>\n<li>Circuito totalmente discreto<\/li>\n<li>Fonte de alimenta\u00e7\u00e3o avan\u00e7ada<\/li>\n<li>Caixa de alum\u00ednio com pain\u00e9is laterais de madeira<\/li>\n<\/ul>\n<p>Com nossa fonte de alimenta\u00e7\u00e3o especialmente projetada, conseguimos que as v\u00e1lvulas permanecessem &#8220;quentes&#8221; o tempo todo. Isso garante que elas tenham o desempenho m\u00e1ximo durante toda a sess\u00e3o de audi\u00e7\u00e3o. Investimos muito tempo e esfor\u00e7o para obter a fonte de alimenta\u00e7\u00e3o ideal para o E-Glo Petit. Acreditamos que seja uma parte cr\u00edtica e importante do caminho do sinal. Por isso, o projetamos para ser regulado e bem filtrado, visando o melhor desempenho de todo o conjunto. Com o uso de transistores J-FET de baixo ru\u00eddo muito especiais, do tipo 2SK209, em uma configura\u00e7\u00e3o qu\u00e1drupla, o E-Glo Petit atingiu sua incr\u00edvel e \u00fanica rela\u00e7\u00e3o sinal-ru\u00eddo de 87 decib\u00e9is. Nenhum outro pr\u00e9-amplificador valvulado phono do mercado chega perto desses resultados.<\/p>\n<p><strong>ESPECIFICA\u00c7\u00d5ES<\/strong><\/p>\n<p>Modelo: E.A.T. E-Glo Petit<\/p>\n<p>Imped\u00e2ncia de entrada: (baixa) 10, 18, 43, 75, 150, 300, 600, 1200 Ohm<\/p>\n<p>Imped\u00e2ncia de entrada: (alta) 30, 36, 42, 47, 53, 59, 65, 75 kOhm<\/p>\n<p>Capacidade de carga: 50, 150, 270, 370, 520, 620 pF<\/p>\n<p>Imped\u00e2ncia de sa\u00edda: 100 ohms<\/p>\n<p>Ganho: 40, 45, 50, 60, 65, 70 dB<\/p>\n<p>Ru\u00eddo de fundo: 87 dB (ponderado A), 70 dB (20Hz-20kHz)<\/p>\n<p>THD: 0,15% Ganho de 5mV\/1kHz = 45dB<\/p>\n<p>Precis\u00e3o RIAA: dentro de 0,1dB\/20Hz \u2013 20 kHz<\/p>\n<p>Subs\u00f4nico: @20 Hz com oitava de 18 dB<\/p>\n<p>Entrada: RCA<\/p>\n<p>Sa\u00edda: RCA<\/p>\n<p>Consumo de energia: 450 mA DC, &lt;0,5 W em modo de espera<\/p>\n<p><strong>Dimens\u00f5es L \u00d7 A \u00d7 P:<\/strong><\/p>\n<p>226 \u00d7 78 \u00d7 262 mm<\/p>\n<p>Peso: 2,32 kg<\/p>\n<p>&nbsp;<\/p>\n<p><a href=\"https:\/\/www-hifinews-com.translate.goog\/content\/eat-e-glo-petit-phono-preamp?_x_tr_sl=en&amp;_x_tr_tl=pt&amp;_x_tr_hl=pt&amp;_x_tr_pto=tc\" target=\"_blank\" rel=\"noopener\"><img loading=\"lazy\" decoding=\"async\" class=\"alignnone wp-image-22847 size-full\" src=\"https:\/\/hificlub.com.br\/loja\/wp-content\/uploads\/2025\/06\/HiFiNews-award.jpg\" alt=\"\" width=\"310\" height=\"81\" srcset=\"https:\/\/hificlub.com.br\/loja\/wp-content\/uploads\/2025\/06\/HiFiNews-award.jpg 310w, https:\/\/hificlub.com.br\/loja\/wp-content\/uploads\/2025\/06\/HiFiNews-award-300x78.jpg 300w\" sizes=\"auto, (max-width: 310px) 100vw, 310px\" \/>\u00a0\u00a0\u00a0\u00a0 <\/a><a href=\"https:\/\/theaudiophileman.com\/e-glo-petit-news-eat\/\" target=\"_blank\" rel=\"noopener\"><img loading=\"lazy\" decoding=\"async\" class=\"alignnone wp-image-22852 size-full\" src=\"https:\/\/hificlub.com.br\/loja\/wp-content\/uploads\/2025\/06\/The-Audiophile-Man-award.jpg\" alt=\"\" width=\"343\" height=\"78\" srcset=\"https:\/\/hificlub.com.br\/loja\/wp-content\/uploads\/2025\/06\/The-Audiophile-Man-award.jpg 343w, https:\/\/hificlub.com.br\/loja\/wp-content\/uploads\/2025\/06\/The-Audiophile-Man-award-300x68.jpg 300w\" sizes=\"auto, (max-width: 343px) 100vw, 343px\" \/><\/a><\/p>\n","protected":false},"excerpt":{"rendered":"<p>O elegante irm\u00e3o menor de alta qualidade do premiado E-Glo S! O E-Glo Petit \u00e9 o irm\u00e3o menor do aclamado e premiado E-Glo S. Com seu design totalmente discreto e sem amplificador operacional, conseguimos alcan\u00e7ar um som excepcional em um formato compacto e compacto. Din\u00e2mica impressionante, m\u00e9dios n\u00edtidos e alta defini\u00e7\u00e3o s\u00e3o o que fazem [&hellip;]<\/p>\n","protected":false},"featured_media":22848,"template":"","meta":{"_acf_changed":false},"product_brand":[],"product_cat":[296,38],"product_tag":[],"class_list":{"0":"post-22846","1":"product","2":"type-product","3":"status-publish","4":"has-post-thumbnail","6":"product_cat-eat","7":"product_cat-pre-amplificador","9":"first","10":"instock","11":"sold-individually","12":"shipping-taxable","13":"purchasable","14":"product-type-simple"},"acf":[],"aioseo_notices":[],"_links":{"self":[{"href":"https:\/\/hificlub.com.br\/loja\/wp-json\/wp\/v2\/product\/22846","targetHints":{"allow":["GET"]}}],"collection":[{"href":"https:\/\/hificlub.com.br\/loja\/wp-json\/wp\/v2\/product"}],"about":[{"href":"https:\/\/hificlub.com.br\/loja\/wp-json\/wp\/v2\/types\/product"}],"wp:featuredmedia":[{"embeddable":true,"href":"https:\/\/hificlub.com.br\/loja\/wp-json\/wp\/v2\/media\/22848"}],"wp:attachment":[{"href":"https:\/\/hificlub.com.br\/loja\/wp-json\/wp\/v2\/media?parent=22846"}],"wp:term":[{"taxonomy":"product_brand","embeddable":true,"href":"https:\/\/hificlub.com.br\/loja\/wp-json\/wp\/v2\/product_brand?post=22846"},{"taxonomy":"product_cat","embeddable":true,"href":"https:\/\/hificlub.com.br\/loja\/wp-json\/wp\/v2\/product_cat?post=22846"},{"taxonomy":"product_tag","embeddable":true,"href":"https:\/\/hificlub.com.br\/loja\/wp-json\/wp\/v2\/product_tag?post=22846"}],"curies":[{"name":"wp","href":"https:\/\/api.w.org\/{rel}","templated":true}]}}