{"id":22821,"date":"2025-06-10T11:37:32","date_gmt":"2025-06-10T14:37:32","guid":{"rendered":"https:\/\/hificlub.com.br\/loja\/?post_type=product&#038;p=22821"},"modified":"2026-03-03T22:17:47","modified_gmt":"2026-03-04T01:17:47","slug":"arylic-s50pro-pre-amplificador-stereo-com-aptx-hd-ess-9023-dac","status":"publish","type":"product","link":"https:\/\/hificlub.com.br\/loja\/produto\/arylic-s50pro-pre-amplificador-stereo-com-aptx-hd-ess-9023-dac\/","title":{"rendered":"ARYLIC S50PRO+ Pr\u00e9-amplificador Stereo &#8211; Audio Streamer Bluetooth e Wi-Fi"},"content":{"rendered":"<p><strong>Eleve a experi\u00eancia de \u00e1udio em toda a sua casa<\/strong><\/p>\n<p>Conveniente, inteligente, controle seus sistemas de \u00e1udio sem esfor\u00e7o e desfrute de \u00e1udio de alta qualidade em qualquer ambiente com o sistema de streaming sem fio Arylic.<\/p>\n<ul>\n<li>Som incr\u00edvel, conecte tudo.<\/li>\n<li>DAC Sabre ESS9023 para m\u00fasica em alta resolu\u00e7\u00e3o.<\/li>\n<li>6 Streaming sem fio suportado: WiFi, AirPlay, Spotify Connect, Bluetooth 5.0 aptX HD, DLNA, UPnP.<\/li>\n<li>3 entradas de \u00e1udio + 5 sa\u00eddas de \u00e1udio: inclui entrada\/sa\u00edda \u00f3ptica e sa\u00edda de subwoofer.<\/li>\n<li>Mais de 15 servi\u00e7os de m\u00fasica suportados: Spotify, Apple Music, Amazon Music, Tidal, r\u00e1dio via internet, NAS e muito mais.<\/li>\n<li>Streaming multiroom suportado.<\/li>\n<\/ul>\n<p><strong>Para \u00c1udio em Toda a Casa<\/strong><br \/>\nConecte todos os seus equipamentos de \u00e1udio de uma s\u00f3 vez. De caixas de som amplificadas a amplificadores de \u00e1udio, TV, vinil, subwoofer, receptor AV e tocadores de CD. Use o aplicativo 4STREAM para gerenciar todo o sistema de \u00e1udio da sua casa com praticidade.<\/p>\n<p><strong>M\u00fasica em qualquer lugar \u00e9 t\u00e3o f\u00e1cil<\/strong><br \/>\nCombine qualquer combina\u00e7\u00e3o de dispositivos de streaming Arylic para criar um sistema multiroom personalizado e reproduzir a mesma m\u00fasica em toda a casa, enviar fontes diferentes para cada c\u00f4modo ao mesmo tempo ou criar suas pr\u00f3prias zonas multiroom personalizadas.<\/p>\n<p><strong>Combina\u00e7\u00e3o Perfeita com o Seu Sistema<\/strong><br \/>\nO tamanho compacto e o design pr\u00e1tico fazem com que o S50 Pro+ se integre perfeitamente ao seu sistema dom\u00e9stico. N\u00e3o ocupa muito espa\u00e7o, mas oferece um som impressionante.<\/p>\n<p><strong>ESPECIFICA\u00c7\u00d5ES<\/strong><\/p>\n<p><strong>Wi-Fi<\/strong><br \/>\nIEEE 802.11 b\/g\/n 2.4G<\/p>\n<p><strong>Bluetooth<\/strong><br \/>\n5.0 aptX\/aptX HD\/SBC\/AAC, 15M, Receptor BT<\/p>\n<p><strong>Ethernet<\/strong><br \/>\n10\/100M RJ45<\/p>\n<p><strong>Protocolos de Streaming<\/strong><br \/>\nAirPlay, DLNA, UPnP, Spotify Connect, Qplay<\/p>\n<p><strong>Entrada de Energia<\/strong><br \/>\nEntrada 12V\/1A DC<\/p>\n<p><strong>Entrada de \u00c1udio<\/strong><br \/>\nEntrada<br \/>\nRCA Anal\u00f3gica x 1<\/p>\n<p><strong>Entrada<\/strong><br \/>\n\u00d3ptica Digital x 1<\/p>\n<p><strong>Sa\u00edda de \u00c1udio<\/strong><br \/>\nSa\u00edda<br \/>\nRCA Anal\u00f3gica x 1<br \/>\nSa\u00edda para Subwoofer x 1<\/p>\n<p><strong>Sa\u00edda<\/strong><br \/>\n\u00d3ptica Digital x 1<br \/>\nSa\u00edda Coaxial x 1<\/p>\n<p><strong>Host USB<\/strong><br \/>\n2.0, Para pen drive\/stick USB, limite de 1000 m\u00fasicas<\/p>\n<p><strong>Formato de M\u00fasica<\/strong><br \/>\nFLAC\/MP3\/AAC\/AAC+\/ALAC\/APE\/WAV<\/p>\n<p><strong>Exemplo Taxa<\/strong><br \/>\nDecodifica\u00e7\u00e3o<br \/>\nAt\u00e9 24 bits\/192 kHz<\/p>\n<p><strong>Sa\u00edda<\/strong><br \/>\n44,1 kHz\/16 bits, qualidade de CD<\/p>\n<p>Resposta de Frequ\u00eancia<br \/>\n20 Hz-20 kHz<\/p>\n<p><strong>THD+N<\/strong><br \/>\n0,03%<\/p>\n<p><strong>SNR<\/strong><br \/>\n110 dB<\/p>\n<p><strong>Armazenamento Local<\/strong><br \/>\nMem\u00f3ria de dispositivo m\u00f3vel, NAS, pen drive\/stick USB<\/p>\n<p><strong>Dimens\u00f5es<\/strong><br \/>\n12 x 11,3 x 3,7 cm (4,72 x 4,45 x 1,46 pol.)<\/p>\n<p>Peso<br \/>\n0,4 kg (0,88 lb<\/p>\n<p>Temperatura de opera\u00e7\u00e3o<br \/>\n0 a 40 \u2103<\/p>\n<p>&nbsp;<\/p>\n<p><a href=\"https:\/\/audiophilestyle-com.translate.goog\/ca\/reviews\/arylic-s50-pro-pre-amp-streamer-dac-review-r1154\/?_x_tr_sl=en&amp;_x_tr_tl=pt&amp;_x_tr_hl=pt&amp;_x_tr_pto=tc\" target=\"_blank\" rel=\"noopener\"><img loading=\"lazy\" decoding=\"async\" class=\"alignnone wp-image-22822 size-full\" src=\"https:\/\/hificlub.com.br\/loja\/wp-content\/uploads\/2025\/06\/Audiophile-Style-award.jpg\" alt=\"\" width=\"463\" height=\"67\" srcset=\"https:\/\/hificlub.com.br\/loja\/wp-content\/uploads\/2025\/06\/Audiophile-Style-award.jpg 463w, https:\/\/hificlub.com.br\/loja\/wp-content\/uploads\/2025\/06\/Audiophile-Style-award-300x43.jpg 300w\" sizes=\"auto, (max-width: 463px) 100vw, 463px\" \/><\/a><\/p>\n","protected":false},"excerpt":{"rendered":"<p>Eleve a experi\u00eancia de \u00e1udio em toda a sua casa Conveniente, inteligente, controle seus sistemas de \u00e1udio sem esfor\u00e7o e desfrute de \u00e1udio de alta qualidade em qualquer ambiente com o sistema de streaming sem fio Arylic. Som incr\u00edvel, conecte tudo. DAC Sabre ESS9023 para m\u00fasica em alta resolu\u00e7\u00e3o. 6 Streaming sem fio suportado: WiFi, [&hellip;]<\/p>\n","protected":false},"featured_media":22823,"template":"","meta":{"_acf_changed":false},"product_brand":[],"product_cat":[289,43,38],"product_tag":[],"class_list":{"0":"post-22821","1":"product","2":"type-product","3":"status-publish","4":"has-post-thumbnail","6":"product_cat-arylic","7":"product_cat-dac","8":"product_cat-pre-amplificador","10":"first","11":"instock","12":"sold-individually","13":"shipping-taxable","14":"purchasable","15":"product-type-simple"},"acf":[],"aioseo_notices":[],"_links":{"self":[{"href":"https:\/\/hificlub.com.br\/loja\/wp-json\/wp\/v2\/product\/22821","targetHints":{"allow":["GET"]}}],"collection":[{"href":"https:\/\/hificlub.com.br\/loja\/wp-json\/wp\/v2\/product"}],"about":[{"href":"https:\/\/hificlub.com.br\/loja\/wp-json\/wp\/v2\/types\/product"}],"wp:featuredmedia":[{"embeddable":true,"href":"https:\/\/hificlub.com.br\/loja\/wp-json\/wp\/v2\/media\/22823"}],"wp:attachment":[{"href":"https:\/\/hificlub.com.br\/loja\/wp-json\/wp\/v2\/media?parent=22821"}],"wp:term":[{"taxonomy":"product_brand","embeddable":true,"href":"https:\/\/hificlub.com.br\/loja\/wp-json\/wp\/v2\/product_brand?post=22821"},{"taxonomy":"product_cat","embeddable":true,"href":"https:\/\/hificlub.com.br\/loja\/wp-json\/wp\/v2\/product_cat?post=22821"},{"taxonomy":"product_tag","embeddable":true,"href":"https:\/\/hificlub.com.br\/loja\/wp-json\/wp\/v2\/product_tag?post=22821"}],"curies":[{"name":"wp","href":"https:\/\/api.w.org\/{rel}","templated":true}]}}