{"id":22811,"date":"2025-06-10T11:16:58","date_gmt":"2025-06-10T14:16:58","guid":{"rendered":"https:\/\/hificlub.com.br\/loja\/?post_type=product&#038;p=22811"},"modified":"2026-03-03T22:17:47","modified_gmt":"2026-03-04T01:17:47","slug":"arylic-s10-bluetooth-e-wifi-music-streamer","status":"publish","type":"product","link":"https:\/\/hificlub.com.br\/loja\/produto\/arylic-s10-bluetooth-e-wifi-music-streamer\/","title":{"rendered":"ARYLIC S10+ Bluetooth e WiFi Music Streamer"},"content":{"rendered":"<p>Transmita m\u00fasicas do seu celular via Wi-Fi, AirPlay, Spotify Connect e Bluetooth 5.0.<\/p>\n<p>Interfaces avan\u00e7adas: Sa\u00edda \u00f3ptica, Entrada\/Sa\u00edda de linha, entrada DAC Tipo C, LAN, Host USB.<\/p>\n<p>Som HD: Suporta streaming de som em alta defini\u00e7\u00e3o com qualidade de CD.<\/p>\n<p>Suporta Spotify, Amazon Music, Tidal, Qobuz, TuneIn, R\u00e1dio via Internet e muito mais.<\/p>\n<p>Multiroom: Sincronize m\u00fasicas ou reproduza m\u00fasicas diferentes em todos os c\u00f4modos.<\/p>\n<p><strong>Som brilhante transmitido diretamente de seus provedores favoritos<\/strong><\/p>\n<p>Spotify, Amazon Music, Tidal, Qobuz, Napster, TuneIn, R\u00e1dio pela Internet, iHeartRadio, QQ Music, QQ FM.<\/p>\n<p>O mini receptor est\u00e9reo S10 conecta-se diretamente aos seus provedores de streaming online para reproduzir \u00e1udio de alta qualidade, evitando gargalos e compress\u00e3o de Bluetooth.<\/p>\n<p><strong>Sincronizar M\u00fasica<\/strong><\/p>\n<p><strong>Entre C\u00f4modos<\/strong><\/p>\n<p>Voc\u00ea pode reproduzir o mesmo \u00e1udio em qualquer c\u00f4modo que tenha dispositivos de streaming Arylic configurados simultaneamente.<\/p>\n<p>Reproduza diferentes fontes de \u00e1udio ao mesmo tempo.<\/p>\n<p>Voc\u00ea pode reproduzir m\u00fasicas da TV na sala, do Apple Music no seu quarto e do Spotify na sua cozinha ao mesmo tempo.<\/p>\n<p><strong>ESPECIFICA\u00c7\u00d5ES<\/strong><\/p>\n<p><strong>Wi-Fi<\/strong><br \/>\nIEEE 802.11 b\/g\/n 2.4G<\/p>\n<p><strong>Bluetooth<\/strong><br \/>\n5.0 SBC\/AAC, 15M, Receptor BT<\/p>\n<p><strong>Ethernet<\/strong><br \/>\n10\/100M RJ45<\/p>\n<p><strong>Protocolos de streaming<\/strong><br \/>\nAirPlay, Spotify Connect, DLNA, UPnP, Qplay<\/p>\n<p><strong>Entrada de energia<\/strong><br \/>\nEntrada Tipo C 5V\/1A<\/p>\n<p><strong>Entrada de \u00e1udio<\/strong><br \/>\nEntrada de linha anal\u00f3gica x 1\/2 Vrms (mini conector de 3,5 mm); Entrada Tipo C digital x 1<\/p>\n<p><strong>Sa\u00edda de \u00e1udio<\/strong><br \/>\nSa\u00edda de linha anal\u00f3gica x 1\/2 Vrms (mini conector de 3,5 mm); Sa\u00edda \u00f3ptica digital x 1<\/p>\n<p><strong>Host USB<\/strong><br \/>\n2.0, para pen drive\/stick USB, limite de 1000 m\u00fasicas<\/p>\n<p><strong>M\u00fasica Formato<\/strong><br \/>\nFLAC\/MP3\/AAC\/AAC+\/ALAC\/APE\/WAV<\/p>\n<p><strong>Taxa de Amostragem<\/strong><br \/>\nDecodifica\u00e7\u00e3o<br \/>\nAt\u00e9 24 bits\/192 kHz<\/p>\n<p><strong>Sa\u00edda<\/strong><br \/>\n44,1 kHz\/16 bits, qualidade de CD<\/p>\n<p><strong>Resposta de Frequ\u00eancia<\/strong><br \/>\n20 Hz-20 kHz<\/p>\n<p><strong>THD+N<\/strong><br \/>\n0,03%<\/p>\n<p><strong>SNR<\/strong><br \/>\n91 dB<\/p>\n<p><strong>Armazenamento Local<\/strong><br \/>\nMem\u00f3ria de dispositivo m\u00f3vel, NAS, pen drive\/stick USB<\/p>\n<p><strong>Dimens\u00f5es<\/strong><br \/>\n108 x 72 x 26,6 mm<\/p>\n<p>Peso<br \/>\n105 g<\/p>\n<p>Temperatura de opera\u00e7\u00e3o<br \/>\n0~40 \u2103<\/p>\n<p><a href=\"https:\/\/www.hifipig.com\/arylic-s10-wireless-streamer\/\" target=\"_blank\" rel=\"noopener\"><img loading=\"lazy\" decoding=\"async\" class=\"alignnone wp-image-22812 size-full\" src=\"https:\/\/hificlub.com.br\/loja\/wp-content\/uploads\/2025\/06\/HiFiPig-magazine-award.jpg\" alt=\"\" width=\"398\" height=\"252\" srcset=\"https:\/\/hificlub.com.br\/loja\/wp-content\/uploads\/2025\/06\/HiFiPig-magazine-award.jpg 398w, https:\/\/hificlub.com.br\/loja\/wp-content\/uploads\/2025\/06\/HiFiPig-magazine-award-300x190.jpg 300w\" sizes=\"auto, (max-width: 398px) 100vw, 398px\" \/><\/a><\/p>\n","protected":false},"excerpt":{"rendered":"<p>Transmita m\u00fasicas do seu celular via Wi-Fi, AirPlay, Spotify Connect e Bluetooth 5.0. Interfaces avan\u00e7adas: Sa\u00edda \u00f3ptica, Entrada\/Sa\u00edda de linha, entrada DAC Tipo C, LAN, Host USB. Som HD: Suporta streaming de som em alta defini\u00e7\u00e3o com qualidade de CD. Suporta Spotify, Amazon Music, Tidal, Qobuz, TuneIn, R\u00e1dio via Internet e muito mais. Multiroom: Sincronize [&hellip;]<\/p>\n","protected":false},"featured_media":22813,"template":"","meta":{"_acf_changed":false},"product_brand":[],"product_cat":[289,41,142],"product_tag":[],"class_list":{"0":"post-22811","1":"product","2":"type-product","3":"status-publish","4":"has-post-thumbnail","6":"product_cat-arylic","7":"product_cat-digital","8":"product_cat-streamers","10":"first","11":"instock","12":"sold-individually","13":"shipping-taxable","14":"purchasable","15":"product-type-simple"},"acf":[],"aioseo_notices":[],"_links":{"self":[{"href":"https:\/\/hificlub.com.br\/loja\/wp-json\/wp\/v2\/product\/22811","targetHints":{"allow":["GET"]}}],"collection":[{"href":"https:\/\/hificlub.com.br\/loja\/wp-json\/wp\/v2\/product"}],"about":[{"href":"https:\/\/hificlub.com.br\/loja\/wp-json\/wp\/v2\/types\/product"}],"wp:featuredmedia":[{"embeddable":true,"href":"https:\/\/hificlub.com.br\/loja\/wp-json\/wp\/v2\/media\/22813"}],"wp:attachment":[{"href":"https:\/\/hificlub.com.br\/loja\/wp-json\/wp\/v2\/media?parent=22811"}],"wp:term":[{"taxonomy":"product_brand","embeddable":true,"href":"https:\/\/hificlub.com.br\/loja\/wp-json\/wp\/v2\/product_brand?post=22811"},{"taxonomy":"product_cat","embeddable":true,"href":"https:\/\/hificlub.com.br\/loja\/wp-json\/wp\/v2\/product_cat?post=22811"},{"taxonomy":"product_tag","embeddable":true,"href":"https:\/\/hificlub.com.br\/loja\/wp-json\/wp\/v2\/product_tag?post=22811"}],"curies":[{"name":"wp","href":"https:\/\/api.w.org\/{rel}","templated":true}]}}