{"id":22801,"date":"2025-06-10T10:56:47","date_gmt":"2025-06-10T13:56:47","guid":{"rendered":"https:\/\/hificlub.com.br\/loja\/?post_type=product&#038;p=22801"},"modified":"2026-03-03T22:17:48","modified_gmt":"2026-03-04T01:17:48","slug":"arylic-h400-4-zone-pre-amplificador-multiroom-streaming-bivolt","status":"publish","type":"product","link":"https:\/\/hificlub.com.br\/loja\/produto\/arylic-h400-4-zone-pre-amplificador-multiroom-streaming-bivolt\/","title":{"rendered":"ARYLIC H400 4-ZONE Pr\u00e9-amplificador Multiroom Streaming &#8211; Bivolt"},"content":{"rendered":"<p>Transmita para 4 zonas &#8211; de forma independente ou sincronizada: adicione streaming de rede, AirPlay e recursos Spotify Connect \u00e0s suas caixas de som, amplificadores, pr\u00e9-amplificadores e receptores ativos com fio. Transmita e controle 4 sa\u00eddas de \u00e1udio diferentes simultaneamente, controle todas as suas m\u00fasicas sem fio atrav\u00e9s do nosso aplicativo 4STREAM.<\/p>\n<p>Sistema de \u00e1udio multiroom: misture e combine qualquer combina\u00e7\u00e3o de streamers Arylic para criar um sistema multiroom personalizado e reproduzir a mesma m\u00fasica em toda a sua casa, envie fontes diferentes para cada c\u00f4modo simultaneamente ou crie suas pr\u00f3prias zonas multiroom personalizadas&#8230; Tudo controlado pelo nosso aplicativo 4STREAM.<\/p>\n<p>Som brilhante transmitido diretamente de seus provedores favoritos: Spotify, Amazon Music, Tidal, Qobuz, Napster, TuneIn, R\u00e1dio pela Internet, iHeart Radio, QQ Music, QQ FM. O H400 se conecta diretamente aos seus provedores de streaming online para reproduzir \u00e1udio de alta qualidade, evitando gargalos e compress\u00e3o de Bluetooth.<\/p>\n<p>Transmita qualquer tipo de \u00e1udio em um \u00fanico dispositivo: al\u00e9m da transmiss\u00e3o direta de servi\u00e7os de streaming online, AirPlay e Spotify Connect, h\u00e1 diversas portas de entrada e sa\u00edda digitais e anal\u00f3gicas que permitem conectar a maioria dos dispositivos de \u00e1udio da sua casa.<\/p>\n<p>Plug and Play: ligue o dispositivo e conecte-o ao seu roteador Wi-Fi com o cabo LAN e ele estar\u00e1 pronto para uso.<\/p>\n<p>O M400 \u00e9 um pr\u00e9-amplificador de streaming de 4 zonas em rede que permite transmitir diretamente para at\u00e9 4 dispositivos de \u00e1udio simultaneamente, por unidade M400.<\/p>\n<p>O M400 \u00e9 compat\u00edvel com os sistemas de casa inteligente mais populares, Fibaro e Elan, e ser\u00e1 integrado a mais marcas de casas inteligentes no futuro.<\/p>\n<p><strong>ESPECIFICA\u00c7\u00d5ES<\/strong><\/p>\n<p><strong>Conectividade<\/strong><br \/>\nWiFi: IEEE802.11 b\/g\/n 2.4G<\/p>\n<p>Bluetooth: 5.0 SBC\/AAC, 15M, Receptor BT<\/p>\n<p>Rede com Fio: Ethernet Single 10\/100M RJ45 Entr; Ethernet RJ46 Out (Sa\u00edda para outro dispositivo para compartilhar a rede)<\/p>\n<p><strong>Protocolos de Streaming<\/strong><br \/>\nAirPlay 2, DLNA, UPnP, Spotify Connect, Qplay<\/p>\n<p><strong>Formato de M\u00fasica<\/strong><br \/>\nFLAC\/MP3\/AAC\/AAC+<br \/>\nALAC\/APE\/WAV<\/p>\n<p><strong>Formato de \u00c1udio<\/strong><br \/>\nDecodifica\u00e7\u00e3o de at\u00e9 192khz\/24 bits<br \/>\nSa\u00edda de at\u00e9 44,1khz\/16 bits com qualidade de CD<\/p>\n<p><strong>Resposta de Frequ\u00eancia<\/strong><br \/>\n20Hz-20kHz<\/p>\n<p><strong>Armazenamento Local<\/strong><br \/>\nMem\u00f3ria de dispositivo m\u00f3vel, NAS, pen drive\/stick USB<\/p>\n<p><strong>Entrada de Energia<\/strong><br \/>\n12V\/2A<\/p>\n<p><strong>\u00c1udio Entrada<\/strong><br \/>\n4 Interfaces de Zona Anal\u00f3gicas<br \/>\nEntrada RCA (Entrada m\u00e1x. 2 V RMS)<\/p>\n<p><strong>Interfaces Master Anal\u00f3gicas<\/strong><br \/>\nEntrada RCA (Entrada m\u00e1x. 2 V RMS)<\/p>\n<p><strong>Digital<\/strong><br \/>\nEntrada \u00d3ptica<br \/>\nEntrada Coaxial<\/p>\n<p><strong>Sa\u00edda de \u00c1udio<\/strong><br \/>\n4 Interfaces de Zona Anal\u00f3gicas<br \/>\nSa\u00edda RCA (Sa\u00edda m\u00e1x. 2 V RMS)<\/p>\n<p><strong>Digital<\/strong><br \/>\nSa\u00edda \u00d3ptica<br \/>\nSa\u00edda Coaxial<\/p>\n<p><strong>Outras Interfaces<\/strong><br \/>\n4 Interfaces de Zona<br \/>\nSa\u00edda de Disparo (12 V)<\/p>\n<p><strong>Interfaces Master<\/strong><br \/>\nSa\u00edda de Disparo x1 (12 V)<br \/>\nRS232 bidirecional<\/p>\n<p><strong>Host USB<\/strong><br \/>\nPara pen drive\/stick USB, limitado a 1000 m\u00fasicas<\/p>\n<p><strong>Dimens\u00f5es<\/strong><br \/>\n43 x 20 x 4,5 (5,3 com rodap\u00e9) cm<\/p>\n<p>Peso<br \/>\n3 kg<\/p>\n<p>Temperatura de opera\u00e7\u00e3o<br \/>\n0~40 \u2103<\/p>\n<p>&nbsp;<\/p>\n<p><a href=\"https:\/\/eisa.eu\/awards\/hegel-h400\/\" target=\"_blank\" rel=\"noopener\"><img loading=\"lazy\" decoding=\"async\" class=\"alignnone wp-image-22802 size-full\" src=\"https:\/\/hificlub.com.br\/loja\/wp-content\/uploads\/2025\/06\/Eisa-award.jpg\" alt=\"\" width=\"366\" height=\"230\" srcset=\"https:\/\/hificlub.com.br\/loja\/wp-content\/uploads\/2025\/06\/Eisa-award.jpg 366w, https:\/\/hificlub.com.br\/loja\/wp-content\/uploads\/2025\/06\/Eisa-award-300x189.jpg 300w\" sizes=\"auto, (max-width: 366px) 100vw, 366px\" \/><\/a><\/p>\n","protected":false},"excerpt":{"rendered":"<p>Transmita para 4 zonas &#8211; de forma independente ou sincronizada: adicione streaming de rede, AirPlay e recursos Spotify Connect \u00e0s suas caixas de som, amplificadores, pr\u00e9-amplificadores e receptores ativos com fio. Transmita e controle 4 sa\u00eddas de \u00e1udio diferentes simultaneamente, controle todas as suas m\u00fasicas sem fio atrav\u00e9s do nosso aplicativo 4STREAM. Sistema de \u00e1udio [&hellip;]<\/p>\n","protected":false},"featured_media":22803,"template":"","meta":{"_acf_changed":false},"product_brand":[],"product_cat":[15],"product_tag":[],"class_list":{"0":"post-22801","1":"product","2":"type-product","3":"status-publish","4":"has-post-thumbnail","6":"product_cat-sem-categoria","8":"first","9":"instock","10":"sold-individually","11":"shipping-taxable","12":"purchasable","13":"product-type-simple"},"acf":[],"aioseo_notices":[],"_links":{"self":[{"href":"https:\/\/hificlub.com.br\/loja\/wp-json\/wp\/v2\/product\/22801","targetHints":{"allow":["GET"]}}],"collection":[{"href":"https:\/\/hificlub.com.br\/loja\/wp-json\/wp\/v2\/product"}],"about":[{"href":"https:\/\/hificlub.com.br\/loja\/wp-json\/wp\/v2\/types\/product"}],"wp:featuredmedia":[{"embeddable":true,"href":"https:\/\/hificlub.com.br\/loja\/wp-json\/wp\/v2\/media\/22803"}],"wp:attachment":[{"href":"https:\/\/hificlub.com.br\/loja\/wp-json\/wp\/v2\/media?parent=22801"}],"wp:term":[{"taxonomy":"product_brand","embeddable":true,"href":"https:\/\/hificlub.com.br\/loja\/wp-json\/wp\/v2\/product_brand?post=22801"},{"taxonomy":"product_cat","embeddable":true,"href":"https:\/\/hificlub.com.br\/loja\/wp-json\/wp\/v2\/product_cat?post=22801"},{"taxonomy":"product_tag","embeddable":true,"href":"https:\/\/hificlub.com.br\/loja\/wp-json\/wp\/v2\/product_tag?post=22801"}],"curies":[{"name":"wp","href":"https:\/\/api.w.org\/{rel}","templated":true}]}}