{"id":2276,"date":"2023-10-17T19:59:53","date_gmt":"2023-10-17T22:59:53","guid":{"rendered":"https:\/\/hificlub.com.br\/loja2\/produto\/ortofon-2m-bronze\/"},"modified":"2026-04-22T05:31:51","modified_gmt":"2026-04-22T08:31:51","slug":"ortofon-2m-bronze","status":"publish","type":"product","link":"https:\/\/hificlub.com.br\/loja\/produto\/ortofon-2m-bronze\/","title":{"rendered":"ORTOFON 2M BRONZE Capsula MM"},"content":{"rendered":"<p>Precis\u00e3o genu\u00edna com o 2M Bronze<br \/>\nPara n\u00f3s, hi-fi \u00e9 mais do que um r\u00f3tulo sofisticado. Alta fidelidade \u00e9 o objetivo de tudo o que fazemos. O 2M Bronze foi projetado para dar \u00e0 m\u00fasica uma dimens\u00e3o totalmente nova de precis\u00e3o. Ouvir seus discos com o 2M Bronze \u00e9 como ouvi-los pela primeira vez e voc\u00ea se apaixona por todas as m\u00fasicas. Isso \u00e9 o que hi-fi significa para n\u00f3s e \u00e9 isso que voc\u00ea obt\u00e9m com o 2M Bronze.<\/p>\n<p>Caracter\u00edsticas:<br \/>\nO 2M Bronze apresenta um diamante Nude Fine Line, que \u00e9 particularmente adequado para aplica\u00e7\u00f5es exigentes. O perfil fino da caneta Fine Line rastrear\u00e1 at\u00e9 mesmo as informa\u00e7\u00f5es de frequ\u00eancia mais alta. Al\u00e9m disso, sua pegada maior garante distor\u00e7\u00e3o reduzida e desgaste do disco. O 2M Bronze usa um motor especial atualizado, apresentando pinos de p\u00f3lo dividido com um fio de cobre banhado a prata.<\/p>\n<p>Otimizamos o design para facilitar a montagem do cartucho e o peso e tamanho para caber nas plataformas girat\u00f3rias mais comuns do mercado atualmente. A s\u00e9rie 2M oferece excelente compatibilidade quando usada em uma variedade de sistemas de reprodu\u00e7\u00e3o e com uma ampla variedade de pr\u00e9-amplificadores phono.<\/p>\n<p>2M bronze maintenance_set_web.png<br \/>\nConjunto de manuten\u00e7\u00e3o inclu\u00eddo no pacote<br \/>\nO conjunto de manuten\u00e7\u00e3o de bronze 2M incluiu o pacote:<\/p>\n<p>1 x Pincel Stylus<br \/>\n1 x Chave de Fenda<br \/>\n2 x Parafuso M2,5 x 5<br \/>\n2 x Parafuso M2,5 x 7<br \/>\n1 x Man\u00f4metro Stylus<\/p>\n<p>&nbsp;<\/p>\n<table>\n<tbody>\n<tr>\n<td class=\"xl26\">Output voltage at 1000 Hz, 5cm\/sec.<\/td>\n<td class=\"xl26\">5 mV<\/td>\n<\/tr>\n<tr>\n<td class=\"xl26\">Channel balance at 1 kHz<\/td>\n<td class=\"xl26\">1 dB<\/td>\n<\/tr>\n<tr>\n<td class=\"xl26\">Channel separation at 1 kHz<\/td>\n<td class=\"xl26\">26 dB<\/td>\n<\/tr>\n<tr>\n<td class=\"xl26\">Channel separation at 15 kHz<\/td>\n<td class=\"xl26\">15 dB<\/td>\n<\/tr>\n<tr>\n<td class=\"xl26\">Frequency range at &#8211; 3dB<\/td>\n<td class=\"xl26\">20-29.000 Hz<\/td>\n<\/tr>\n<tr>\n<td class=\"xl26\">Frequency response<\/td>\n<td class=\"xl26\">20-20.000 + 2 \/ &#8211; 0 dB<\/td>\n<\/tr>\n<tr>\n<td class=\"xl26\">Tracking ability at 315Hz at recommended tracking force<\/td>\n<td class=\"xl26\">80 \u00b5m<\/td>\n<\/tr>\n<tr>\n<td class=\"xl26\">Compliance, dynamic, lateral<\/td>\n<td class=\"xl26\">22 \u00b5m\/mN<\/td>\n<\/tr>\n<tr>\n<td class=\"xl26\">Stylus type<\/td>\n<td class=\"xl26\">Nude Fine Line<\/td>\n<\/tr>\n<tr>\n<td class=\"xl26\">Stylus tip radius<\/td>\n<td class=\"xl26\">r\/R 8\/40 \u00b5m<\/td>\n<\/tr>\n<tr>\n<td class=\"xl26\">Tracking force range<\/td>\n<td class=\"xl26\">1,4-1,7g (14-17 mN)<\/td>\n<\/tr>\n<tr>\n<td class=\"xl26\">Tracking force, recommended<\/td>\n<td class=\"xl26\">1,5 g (15 mN)<\/td>\n<\/tr>\n<tr>\n<td class=\"xl26\">Tracking angle<\/td>\n<td class=\"xl26\">20\u00b0<\/td>\n<\/tr>\n<tr>\n<td class=\"xl26\">Internal impedance, DC resistance<\/td>\n<td class=\"xl26\">1,2 kOhm<\/td>\n<\/tr>\n<tr>\n<td class=\"xl26\">Internal inductance<\/td>\n<td class=\"xl26\">630 mH<\/td>\n<\/tr>\n<tr>\n<td class=\"xl26\">Recommended load resistance<\/td>\n<td class=\"xl26\">47 kOhm<\/td>\n<\/tr>\n<tr>\n<td class=\"xl26\">Recommended load capacitance<\/td>\n<td class=\"xl26\">150-300 pF<\/td>\n<\/tr>\n<tr>\n<td class=\"xl26\">Cartridge colour, body\/stylus<\/td>\n<td class=\"xl26\">Black\/Bronze<\/td>\n<\/tr>\n<tr>\n<td class=\"xl26\">Cartridge weight<\/td>\n<td class=\"xl26\">\u00a07,2 g<\/td>\n<\/tr>\n<\/tbody>\n<\/table>\n","protected":false},"excerpt":{"rendered":"<p>Precis\u00e3o genu\u00edna com o 2M Bronze Para n\u00f3s, hi-fi \u00e9 mais do que um r\u00f3tulo sofisticado. Alta fidelidade \u00e9 o objetivo de tudo o que fazemos. O 2M Bronze foi projetado para dar \u00e0 m\u00fasica uma dimens\u00e3o totalmente nova de precis\u00e3o. Ouvir seus discos com o 2M Bronze \u00e9 como ouvi-los pela primeira vez e [&hellip;]<\/p>\n","protected":false},"featured_media":2275,"template":"","meta":{"_acf_changed":false},"product_brand":[],"product_cat":[78,99,100],"product_tag":[],"class_list":{"0":"post-2276","1":"product","2":"type-product","3":"status-publish","4":"has-post-thumbnail","6":"product_cat-analogico-audio","7":"product_cat-capsulas","8":"product_cat-ortofon","10":"first","11":"instock","12":"sold-individually","13":"shipping-taxable","14":"purchasable","15":"product-type-simple"},"acf":[],"aioseo_notices":[],"_links":{"self":[{"href":"https:\/\/hificlub.com.br\/loja\/wp-json\/wp\/v2\/product\/2276","targetHints":{"allow":["GET"]}}],"collection":[{"href":"https:\/\/hificlub.com.br\/loja\/wp-json\/wp\/v2\/product"}],"about":[{"href":"https:\/\/hificlub.com.br\/loja\/wp-json\/wp\/v2\/types\/product"}],"wp:featuredmedia":[{"embeddable":true,"href":"https:\/\/hificlub.com.br\/loja\/wp-json\/wp\/v2\/media\/2275"}],"wp:attachment":[{"href":"https:\/\/hificlub.com.br\/loja\/wp-json\/wp\/v2\/media?parent=2276"}],"wp:term":[{"taxonomy":"product_brand","embeddable":true,"href":"https:\/\/hificlub.com.br\/loja\/wp-json\/wp\/v2\/product_brand?post=2276"},{"taxonomy":"product_cat","embeddable":true,"href":"https:\/\/hificlub.com.br\/loja\/wp-json\/wp\/v2\/product_cat?post=2276"},{"taxonomy":"product_tag","embeddable":true,"href":"https:\/\/hificlub.com.br\/loja\/wp-json\/wp\/v2\/product_tag?post=2276"}],"curies":[{"name":"wp","href":"https:\/\/api.w.org\/{rel}","templated":true}]}}