{"id":22756,"date":"2025-06-09T17:46:31","date_gmt":"2025-06-09T20:46:31","guid":{"rendered":"https:\/\/hificlub.com.br\/loja\/?post_type=product&#038;p=22756"},"modified":"2026-03-03T22:17:48","modified_gmt":"2026-03-04T01:17:48","slug":"klipsch-rp-1400sw-14-high-excursion-subwoofer-1000w","status":"publish","type":"product","link":"https:\/\/hificlub.com.br\/loja\/produto\/klipsch-rp-1400sw-14-high-excursion-subwoofer-1000w\/","title":{"rendered":"KLIPSCH RP-1400SW High Excursion &#8211; Subwoofer 14&#8243; &#8211; 1000w"},"content":{"rendered":"<p><strong>Desempenho equilibrado<\/strong><br \/>\nEm compara\u00e7\u00e3o com outros subwoofers premium do mercado, os subwoofers Reference Premiere oferecem um equil\u00edbrio ideal entre pot\u00eancia do amplificador, capacidade do driver e volume do gabinete para m\u00e1xima sa\u00edda, detalhes e extens\u00e3o de frequ\u00eancia.<\/p>\n<p><strong>Design de Driver Revolucion\u00e1rio<\/strong><br \/>\nUm driver redesenhado com o objetivo de proporcionar a melhor experi\u00eancia em baixas frequ\u00eancias, os woofers Cerametallic\u2122 s\u00e3o incrivelmente potentes e eficientes, superando a concorr\u00eancia.<\/p>\n<p><strong>Amplificador Classe D de Alta Efici\u00eancia<\/strong><br \/>\nO amplificador integrado de alta efici\u00eancia possui um pr\u00e9-amplificador anal\u00f3gico, que mant\u00e9m o caminho original do sinal para uma reprodu\u00e7\u00e3o mais limpa e fiel \u00e0 fonte. O est\u00e1gio de sa\u00edda Classe D garante m\u00e1xima sa\u00edda, detalhes e pot\u00eancia em baixas frequ\u00eancias.<\/p>\n<p><strong>Monster Bass em Qualquer Lugar<\/strong><br \/>\nCom um driver frontal, voc\u00ea pode posicionar seu subwoofer Reference Premiere onde quiser. A geometria interna exclusiva com uma nova porta de encaixe frontal Aerofoil minimiza a turbul\u00eancia para graves n\u00edtidos e precisos.<\/p>\n<p><strong>Os melhores subwoofers de alto desempenho que a klipsch j\u00e1 fez<\/strong><\/p>\n<p><strong>Desempenho hipereficiente e equilibrado<\/strong><\/p>\n<p>Atingindo o equil\u00edbrio ideal entre pot\u00eancia do amplificador, capacidade do driver e volume do gabinete, os subwoofers reference premiere alcan\u00e7am a m\u00e1xima extens\u00e3o de baixas frequ\u00eancias Com excelente sa\u00edda, precis\u00e3o e velocidade.<\/p>\n<p><strong>Woofers ceramet\u00e1licos de cobre fundado com disparo frontal<\/strong><\/p>\n<p>Os woofers cerametallic\u2122 com novo design s\u00e3o excepcionalmente leves e extremamente r\u00edgidos, proporcionando uma resposta not\u00e1vel em baixas frequ\u00eancias com quebra e distor\u00e7\u00e3o m\u00ednimas do cone para uma sa\u00edda mais alta e limpa, utilizando menos pot\u00eancia do amplificador.<\/p>\n<p><strong>Amplificador classe d de alta efici\u00eancia<\/strong><\/p>\n<p>O amplificador integrado de alta efici\u00eancia possui um design de pr\u00e9-amplificador anal\u00f3gico, que mant\u00e9m o caminho original do sinal para uma reprodu\u00e7\u00e3o mais limpa e fiel \u00e0 fonte. O<\/p>\n<p>Est\u00e1gio de sa\u00edda classe d garante m\u00e1xima efici\u00eancia para m\u00e1xima sa\u00edda, detalhes e pot\u00eancia em baixas frequ\u00eancias.<\/p>\n<p><strong>Porta de slot com tecnologia exclusiva de flare interno<\/strong><\/p>\n<p>A geometria interna propriet\u00e1ria com um novo design de porta de slot aerofoil minimiza o ru\u00eddo da porta para baixas frequ\u00eancias limpas e sem distor\u00e7\u00e3o. O design com abertura frontal permite flexibilidade de posicionamento.<\/p>\n<p><strong>Compat\u00edvel com kit de subwoofer sem fio wa-2<\/strong><\/p>\n<p>O kit de subwoofer sem fio klipsch wa-2 (vendido separadamente) permite conectividade sem fio de alta resolu\u00e7\u00e3o para f\u00e1cil posicionamento em qualquer lugar da sala e otimiza a sa\u00edda e a resposta de baixas frequ\u00eancias. Conecte at\u00e9 quatro kits sem fio wa-2<\/p>\n<p>A subwoofers klipsch compat\u00edveis em uma \u00fanica sala para uma conex\u00e3o totalmente sem fio.<\/p>\n<p><strong>Controles flex\u00edveis<\/strong><\/p>\n<p>O crossover passa-baixas e o controle de fase vari\u00e1vel permitem que voc\u00ea sintonize o subwoofer \u00e0s suas caixas de som klipsch e \u00e0 sua sala, estabelecendo o n\u00edvel ideal de graves. As entradas rca de n\u00edvel de linha\/lfe garantem compatibilidade com receivers de home theater.<\/p>\n<p><strong>Modo standby de 1\/2 watt<\/strong><\/p>\n<p>Efici\u00eancia excepcional ligado ou desligado. Atende aos padr\u00f5es globais de efici\u00eancia, reduzindo os custos de energia para o usu\u00e1rio.<\/p>\n<p><strong>Use as entradas simultaneamente<\/strong><\/p>\n<p>Tanto as entradas rca quanto as entradas sem fio podem ser utilizadas, permitindo que voc\u00ea use um \u00fanico subwoofer com v\u00e1rios sistemas no mesmo ambiente. Por exemplo, voc\u00ea pode usar a entrada sem fio para o seu home theater e a entrada rca para o seu sistema de 2 canais, sem precisar alternar as entradas ao alternar entre os sistemas.<\/p>\n<p><strong>Acabamento em \u00e9bano ultradur\u00e1vel<\/strong><\/p>\n<p>O acabamento em vinil em \u00e9bano resistente a arranh\u00f5es parece madeira de verdade e cobre todo o gabinete.<\/p>\n<p><strong>Design detalhado<\/strong><\/p>\n<p>Cantos arredondados, p\u00e9s de borracha que absorvem impactos, postes de grade de a\u00e7o e uma grade de tecido garantem uma apar\u00eancia e toque premium.<\/p>\n<p><strong>Garantia de 5 anos<\/strong><\/p>\n<p>Melhor som, peso por peso, e constru\u00eddo para durar.<\/p>\n<p><strong>ESPECIFICA\u00c7\u00d5ES<\/strong><\/p>\n<p>Resposta de frequ\u00eancia: 16hz &#8211; 141hz +\/- 3db<\/p>\n<p>Sa\u00edda ac\u00fastica m\u00e1xima: 124db<\/p>\n<p>Tipo de amplificador: classe d com pr\u00e9-amplificador anal\u00f3gico<\/p>\n<p>Pot\u00eancia do amplificador: 500w rms \/ 1000w pico<\/p>\n<p>Woofer: cer\u00e2mico de 14&#8243; com alcance ultra longo<\/p>\n<p>Material da caixa: mdf<\/p>\n<p>Tipo de caixa: reflexo de graves via porta de slot aerof\u00f3lio frontal<\/p>\n<p>Entradas: entrada de linha dupla rca\/lfe, porta sem fio wa-2<\/p>\n<p><strong>Dimens\u00f5es<\/strong><\/p>\n<p>Altura: 54,2 cm<\/p>\n<p>Largura: 50,8 cm<\/p>\n<p>Profundidade: 65,2 cm<\/p>\n<p>Peso: 38,0 kg<\/p>\n<p>Acabamento: vinil \u00e9bano<\/p>\n<p>&nbsp;<\/p>\n<p><a href=\"https:\/\/hometheaterreview.com\/vs\/klipsch-rp-1400sw-14-powered-subwoofer-vs-klipsch-rp-1000sw-10-subwoofer-comparison-1\/\" target=\"_blank\" rel=\"noopener\"><img loading=\"lazy\" decoding=\"async\" class=\"alignnone wp-image-22627 size-full\" src=\"https:\/\/hificlub.com.br\/loja\/wp-content\/uploads\/2025\/06\/KLIPSCH-R-121SW-12-Subwoofer-award.jpg\" alt=\"\" width=\"350\" height=\"73\" srcset=\"https:\/\/hificlub.com.br\/loja\/wp-content\/uploads\/2025\/06\/KLIPSCH-R-121SW-12-Subwoofer-award.jpg 350w, https:\/\/hificlub.com.br\/loja\/wp-content\/uploads\/2025\/06\/KLIPSCH-R-121SW-12-Subwoofer-award-300x63.jpg 300w\" sizes=\"auto, (max-width: 350px) 100vw, 350px\" \/>\u00a0\u00a0\u00a0\u00a0 <\/a><a href=\"https:\/\/www.worldwidestereo.com\/blogs\/guides\/klipsch-subwoofers-reference-premiere?srsltid=AfmBOopixHTidaQCVSGZmORXs8-hhcjzjhVWDm_13qsZkyjdFemQiowX\" target=\"_blank\" rel=\"noopener\"><img loading=\"lazy\" decoding=\"async\" class=\"alignnone wp-image-22763 size-full\" src=\"https:\/\/hificlub.com.br\/loja\/wp-content\/uploads\/2025\/06\/World-Wide-Stereo-award.jpg\" alt=\"\" width=\"356\" height=\"74\" srcset=\"https:\/\/hificlub.com.br\/loja\/wp-content\/uploads\/2025\/06\/World-Wide-Stereo-award.jpg 356w, https:\/\/hificlub.com.br\/loja\/wp-content\/uploads\/2025\/06\/World-Wide-Stereo-award-300x62.jpg 300w\" sizes=\"auto, (max-width: 356px) 100vw, 356px\" \/><\/a><\/p>\n","protected":false},"excerpt":{"rendered":"<p>Desempenho equilibrado Em compara\u00e7\u00e3o com outros subwoofers premium do mercado, os subwoofers Reference Premiere oferecem um equil\u00edbrio ideal entre pot\u00eancia do amplificador, capacidade do driver e volume do gabinete para m\u00e1xima sa\u00edda, detalhes e extens\u00e3o de frequ\u00eancia. Design de Driver Revolucion\u00e1rio Um driver redesenhado com o objetivo de proporcionar a melhor experi\u00eancia em baixas frequ\u00eancias, [&hellip;]<\/p>\n","protected":false},"featured_media":22757,"template":"","meta":{"_acf_changed":false},"product_brand":[],"product_cat":[17,114,36],"product_tag":[],"class_list":{"0":"post-22756","1":"product","2":"type-product","3":"status-publish","4":"has-post-thumbnail","6":"product_cat-caixas","7":"product_cat-klipsch","8":"product_cat-subwoofer","10":"first","11":"outofstock","12":"sold-individually","13":"shipping-taxable","14":"purchasable","15":"product-type-simple"},"acf":[],"aioseo_notices":[],"_links":{"self":[{"href":"https:\/\/hificlub.com.br\/loja\/wp-json\/wp\/v2\/product\/22756","targetHints":{"allow":["GET"]}}],"collection":[{"href":"https:\/\/hificlub.com.br\/loja\/wp-json\/wp\/v2\/product"}],"about":[{"href":"https:\/\/hificlub.com.br\/loja\/wp-json\/wp\/v2\/types\/product"}],"wp:featuredmedia":[{"embeddable":true,"href":"https:\/\/hificlub.com.br\/loja\/wp-json\/wp\/v2\/media\/22757"}],"wp:attachment":[{"href":"https:\/\/hificlub.com.br\/loja\/wp-json\/wp\/v2\/media?parent=22756"}],"wp:term":[{"taxonomy":"product_brand","embeddable":true,"href":"https:\/\/hificlub.com.br\/loja\/wp-json\/wp\/v2\/product_brand?post=22756"},{"taxonomy":"product_cat","embeddable":true,"href":"https:\/\/hificlub.com.br\/loja\/wp-json\/wp\/v2\/product_cat?post=22756"},{"taxonomy":"product_tag","embeddable":true,"href":"https:\/\/hificlub.com.br\/loja\/wp-json\/wp\/v2\/product_tag?post=22756"}],"curies":[{"name":"wp","href":"https:\/\/api.w.org\/{rel}","templated":true}]}}