{"id":2274,"date":"2023-10-17T19:59:53","date_gmt":"2023-10-17T22:59:53","guid":{"rendered":"https:\/\/hificlub.com.br\/loja2\/produto\/ortofon-2m-black\/"},"modified":"2026-04-22T05:34:11","modified_gmt":"2026-04-22T08:34:11","slug":"ortofon-2m-black","status":"publish","type":"product","link":"https:\/\/hificlub.com.br\/loja\/produto\/ortofon-2m-black\/","title":{"rendered":"ORTOFON 2M BLACK  Capsula MM"},"content":{"rendered":"<p>Anal\u00f3gico de alta qualidade de alto valor: Cartucho Phono Ortofon 2M Black MM apresenta caneta Shibata, toca com detalhes absorventes, velocidade e clareza<br \/>\nO segredo para o excelente desempenho da c\u00e1psula fono com \u00edm\u00e3 m\u00f3vel Ortofon 2M Black n\u00e3o \u00e9 bem conservado, nem deveria ser. Acontece que \u00e9 uma caneta Shibata, um tipo que normalmente n\u00e3o \u00e9 encontrado em cartuchos perto desse pre\u00e7o. Aqueles agudos complicados e dif\u00edceis de alcan\u00e7ar nas grava\u00e7\u00f5es? 2M Black vai l\u00e1 e mostra presen\u00e7a marcante gra\u00e7as ao excelente contato que consegue com as paredes groove de um LP. Dotado ainda de um gerador atualizado e material de corpo propriet\u00e1rio, o 2M Black tamb\u00e9m \u00e9 extremamente r\u00e1pido, detalhado e extremamente musical. Seu valor \u00e9 apoiado pela aclama\u00e7\u00e3o generalizada de especialistas do setor e tamb\u00e9m de amantes do anal\u00f3gico.<\/p>\n<p>Como todos os cartuchos da s\u00e9rie 2M, o 2M Black \u00e9 f\u00e1cil de instalar por meio de montagens pr\u00e9-rosqueadas e se adapta a praticamente qualquer combina\u00e7\u00e3o de bra\u00e7o\/plataforma girat\u00f3ria. Possui pinos de p\u00f3lo dividido, marca registrada, uma inven\u00e7\u00e3o que permite que cartuchos magn\u00e9ticos m\u00f3veis tenham resposta de frequ\u00eancia plana, assim como um cartucho de bobina m\u00f3vel. Inspirado nas facetas de um diamante, cujos contornos tra\u00e7am graciosamente as ranhuras na superf\u00edcie de um disco, a bela eleg\u00e2ncia do 2M Black estabelece uma excelente combina\u00e7\u00e3o de forma e funcionalidade.<\/p>\n<p>\u201cO 2M Black tem um toque leve e r\u00e1pido com boa extens\u00e3o de agudos. Seu maior atributo \u00e9 a forma como fornece uma janela mais transparente sobre o mundo das microenergias, permitindo-lhe mergulhar nas profundezas do palco sonoro e da dimensionalidade.\u201d<br \/>\n&#8211; Neil Gader, The Absolute Sound , Pr\u00eamio Produto do Ano<\/p>\n<p>&#8220;Ridiculamente bom.&#8221;<br \/>\n\u2013 Stereophile , Componente Recomendado Classe C<\/p>\n<p>\u201cUma caneta muito transparente e detalhada, a Ortofon lida bem com sutilezas, com vocais especialmente possuindo inflex\u00e3o e vis\u00e3o supremas.\u201d<br \/>\n\u2014 What Hi-Fi , avalia\u00e7\u00e3o de quatro estrelas<\/p>\n<p>\u201cO 2M Black da Ortofon recebeu v\u00e1rios elogios de quase todas as revistas de alta fidelidade do planeta e por um bom motivo \u2013 \u00e9 um cartucho com um som fant\u00e1stico.\u201d<br \/>\n&#8211; TONE Audio<\/p>\n<p>ESPECIFICA\u00c7\u00d5ES<br \/>\nTens\u00e3o de sa\u00edda a 1000 Hz, 5cm\/seg. 5 mV<br \/>\nEquil\u00edbrio de canal a 1 kHz 1 dB<br \/>\nSepara\u00e7\u00e3o de canal a 1 kHz 26 dB<br \/>\nSepara\u00e7\u00e3o de canal a 15 kHz 15 dB<br \/>\nFaixa de frequ\u00eancia a &#8211; 3dB 20-31.000 Hz<br \/>\nResposta de frequ\u00eancia 20-20.000 + 2\/- 0 dB<br \/>\nCapacidade de rastreamento a 315 Hz no rastreamento recomendado for\u00e7a 80 \u00b5m<br \/>\nConformidade, din\u00e2mica, lateral 22 \u00b5m\/mN<br \/>\nTipo de ponta Nude Shibata<br \/>\nRaio da ponta da ponta r\/R 6\/50 \u00b5m<br \/>\nFaixa de for\u00e7a de rastreamento 1,4-1,7g (14-17 mN)<br \/>\nFor\u00e7a de rastreamento, recomendada 1,5 g (15 mN)<br \/>\nRastreamento \u00e2ngulo 20\u00b0<br \/>\nImped\u00e2ncia interna, resist\u00eancia DC 1,2 kOhm<br \/>\nIndut\u00e2ncia interna 630 mH<br \/>\nResist\u00eancia de carga recomendada 47 kOhm<br \/>\nCapacit\u00e2ncia de carga recomendada 150-300 pF<br \/>\nCor do cartucho, corpo\/caneta Preto\/Preto<br \/>\nPeso do cartucho 7,2g<\/p>\n","protected":false},"excerpt":{"rendered":"<p>Anal\u00f3gico de alta qualidade de alto valor: Cartucho Phono Ortofon 2M Black MM apresenta caneta Shibata, toca com detalhes absorventes, velocidade e clareza O segredo para o excelente desempenho da c\u00e1psula fono com \u00edm\u00e3 m\u00f3vel Ortofon 2M Black n\u00e3o \u00e9 bem conservado, nem deveria ser. Acontece que \u00e9 uma caneta Shibata, um tipo que normalmente [&hellip;]<\/p>\n","protected":false},"featured_media":2273,"template":"","meta":{"_acf_changed":false},"product_brand":[],"product_cat":[78,99,100],"product_tag":[],"class_list":{"0":"post-2274","1":"product","2":"type-product","3":"status-publish","4":"has-post-thumbnail","6":"product_cat-analogico-audio","7":"product_cat-capsulas","8":"product_cat-ortofon","10":"first","11":"instock","12":"sold-individually","13":"shipping-taxable","14":"purchasable","15":"product-type-simple"},"acf":[],"aioseo_notices":[],"_links":{"self":[{"href":"https:\/\/hificlub.com.br\/loja\/wp-json\/wp\/v2\/product\/2274","targetHints":{"allow":["GET"]}}],"collection":[{"href":"https:\/\/hificlub.com.br\/loja\/wp-json\/wp\/v2\/product"}],"about":[{"href":"https:\/\/hificlub.com.br\/loja\/wp-json\/wp\/v2\/types\/product"}],"wp:featuredmedia":[{"embeddable":true,"href":"https:\/\/hificlub.com.br\/loja\/wp-json\/wp\/v2\/media\/2273"}],"wp:attachment":[{"href":"https:\/\/hificlub.com.br\/loja\/wp-json\/wp\/v2\/media?parent=2274"}],"wp:term":[{"taxonomy":"product_brand","embeddable":true,"href":"https:\/\/hificlub.com.br\/loja\/wp-json\/wp\/v2\/product_brand?post=2274"},{"taxonomy":"product_cat","embeddable":true,"href":"https:\/\/hificlub.com.br\/loja\/wp-json\/wp\/v2\/product_cat?post=2274"},{"taxonomy":"product_tag","embeddable":true,"href":"https:\/\/hificlub.com.br\/loja\/wp-json\/wp\/v2\/product_tag?post=2274"}],"curies":[{"name":"wp","href":"https:\/\/api.w.org\/{rel}","templated":true}]}}