{"id":22715,"date":"2025-06-09T11:29:24","date_gmt":"2025-06-09T14:29:24","guid":{"rendered":"https:\/\/hificlub.com.br\/loja\/?post_type=product&#038;p=22715"},"modified":"2026-03-03T22:17:48","modified_gmt":"2026-03-04T01:17:48","slug":"arylic-a50-streaming-amplifier-50w-x-2-bluetooth-wi-fi","status":"publish","type":"product","link":"https:\/\/hificlub.com.br\/loja\/produto\/arylic-a50-streaming-amplifier-50w-x-2-bluetooth-wi-fi\/","title":{"rendered":"ARYLIC A50+ Amplificador com Streaming  50 watts x 2 &#8211; Bluetooth &#038; Wi-Fi"},"content":{"rendered":"<p>O melhor amplificador est\u00e9reo sem fio residencial para caixas de som passivas, ideal para alimentar suas caixas de som de estante e de teto com Wi-Fi, AirPlay ou Bluetooth 5.0 em qualquer ambiente, permitindo ouvir em v\u00e1rios ambientes.<\/p>\n<p>&#8211; Compat\u00edvel com Spotify, Amazon Music e Apple Music via Airplay, Tidal e muito mais.<br \/>\n&#8211; Streaming multiambiente com fontes vers\u00e1teis: Wi-Fi, Bluetooth 5.0, NAS, pen drive, DAC Micro USB e entrada \u00f3ptica.<br \/>\n&#8211; Amplificador de \u00e1udio est\u00e9reo classe D de 2.0 canais projetado para aplica\u00e7\u00f5es em sistemas de som residenciais.<br \/>\n&#8211; Amplificador ultra potente 2x50W, qualidade de \u00e1udio HD, especialmente para caixas de som de estante e de teto.<br \/>\n&#8211; Reprodu\u00e7\u00e3o sem interrup\u00e7\u00f5es e m\u00fasica sem perdas com FLAC \/ MP3 \/ AAC \/ AAC+ \/ ALAC \/ APE \/ WAV.<\/p>\n<p><strong>Pequeno \u2260 Simples<\/strong><\/p>\n<p>O amplificador est\u00e9reo A50+ \u00e9 pequeno, leve e pode ser instalado em qualquer lugar sem ocupar espa\u00e7o.<\/p>\n<p>No entanto, o Amplificador Est\u00e9reo Sem Fio A50+ possui todos os recursos para atender \u00e0s suas necessidades dom\u00e9sticas: 50 W x 2 de alta pot\u00eancia.<\/p>\n<p><strong>Conex\u00e3o sem fio e com fio<\/strong><\/p>\n<p>WiFi, Airplay, Spotify Connect, Bluetooth 5.0, DLNA, UPnP e LAN.<\/p>\n<p><strong>Fontes de m\u00fasica vers\u00e1teis<\/strong><\/p>\n<p>Servi\u00e7os de m\u00fasica, NAS, host USB, DAC Micro USB, RCA anal\u00f3gico e \u00f3ptico digital.<\/p>\n<p><strong>Recursos inteligentes<\/strong><\/p>\n<p>Streaming multiambiente, aplicativo gratuito para iOS e Android, ajuste de equaliza\u00e7\u00e3o, etc.<\/p>\n<p><strong>ESPECIFICA\u00c7\u00d5ES<\/strong><\/p>\n<p><strong>Wi-Fi<\/strong><br \/>\nIEEE 802.11 b\/g\/n 2.4G<\/p>\n<p><strong>Bluetooth<\/strong><br \/>\n5.0 SBC\/AAC, 15M, Receptor BT<\/p>\n<p><strong>Ethernet<\/strong><br \/>\n10\/100M RJ45<\/p>\n<p><strong>Protocolos de Streaming<\/strong><br \/>\nAirPlay 1, DLNA, UPnP, Spotify Connect, Qplay<\/p>\n<p><strong>Entrada de Energia<\/strong><br \/>\nDC 12V-24V<\/p>\n<p><strong>Pot\u00eancia do Alto-Falante<\/strong><br \/>\n2\u00d750W em uma Carga BTL de 4\u03a9 a 24V<br \/>\n2\u00d730W em uma Carga BTL de 8\u03a9 a 24V<\/p>\n<p><strong>Entrada de \u00c1udio<\/strong><br \/>\nAnal\u00f3gica<br \/>\nRCA x1 \/ 2Vrms<\/p>\n<p><strong>Digital<\/strong><br \/>\nEntrada Micro USB x1, Entrada \u00d3ptica x1<\/p>\n<p><strong>Sa\u00edda de \u00c1udio<\/strong><br \/>\nAnal\u00f3gica<br \/>\nSa\u00edda Subwoofer x1 \/ 2Vrms, Sa\u00edda para Alto-Falante<\/p>\n<p><strong>Host USB<\/strong><br \/>\n2.0, Para pen drive\/stick USB, Limite de 1000 m\u00fasicas<\/p>\n<p><strong>Formato de M\u00fasica<\/strong><br \/>\nFLAC\/MP3\/AAC\/AAC+\/ALAC\/APE\/WAV<\/p>\n<p><strong>Taxa de Amostragem<\/strong><br \/>\nDecodifica\u00e7\u00e3o<br \/>\nAt\u00e9 24 bits\/192 kHz<\/p>\n<p><strong>Sa\u00edda<\/strong><br \/>\n44,1 kHz\/16 bits, qualidade de CD<\/p>\n<p><strong>Resposta de Frequ\u00eancia<\/strong><br \/>\n20 Hz-20 kHz<\/p>\n<p>THD+N \/ SNR<br \/>\n0,03% \/ 91 dB<\/p>\n<p><strong>Armazenamento Local<\/strong><br \/>\nMem\u00f3ria de dispositivo m\u00f3vel, NAS, pen drive\/stick USB<\/p>\n<p><strong>Chip Amplificador<\/strong><br \/>\nTPA3116<\/p>\n<p><strong>Dimens\u00f5es<\/strong><br \/>\n116,2 x 64 x 22,6 mm (4,57 x 2,52 x 0,89 pol.)<\/p>\n<p>Peso<br \/>\n2 kg (0,44 lb)<\/p>\n<p>Temperatura de Trabalho<br \/>\n0~40 \u2103<\/p>\n<p><a href=\"https:\/\/primeaudio.org\/arylic-a50-review\/\" target=\"_blank\" rel=\"noopener\"><img loading=\"lazy\" decoding=\"async\" class=\"alignnone wp-image-22723 size-full\" src=\"https:\/\/hificlub.com.br\/loja\/wp-content\/uploads\/2025\/06\/Prime-Audio-Reviews.jpg\" alt=\"\" width=\"445\" height=\"118\" srcset=\"https:\/\/hificlub.com.br\/loja\/wp-content\/uploads\/2025\/06\/Prime-Audio-Reviews.jpg 445w, https:\/\/hificlub.com.br\/loja\/wp-content\/uploads\/2025\/06\/Prime-Audio-Reviews-300x80.jpg 300w\" sizes=\"auto, (max-width: 445px) 100vw, 445px\" \/><\/a><\/p>\n","protected":false},"excerpt":{"rendered":"<p>O melhor amplificador est\u00e9reo sem fio residencial para caixas de som passivas, ideal para alimentar suas caixas de som de estante e de teto com Wi-Fi, AirPlay ou Bluetooth 5.0 em qualquer ambiente, permitindo ouvir em v\u00e1rios ambientes. &#8211; Compat\u00edvel com Spotify, Amazon Music e Apple Music via Airplay, Tidal e muito mais. &#8211; Streaming [&hellip;]<\/p>\n","protected":false},"featured_media":22716,"template":"","meta":{"_acf_changed":false},"product_brand":[],"product_cat":[27,289,51],"product_tag":[],"class_list":{"0":"post-22715","1":"product","2":"type-product","3":"status-publish","4":"has-post-thumbnail","6":"product_cat-amplificador","7":"product_cat-arylic","8":"product_cat-integrado","10":"first","11":"instock","12":"sold-individually","13":"shipping-taxable","14":"purchasable","15":"product-type-simple"},"acf":[],"aioseo_notices":[],"_links":{"self":[{"href":"https:\/\/hificlub.com.br\/loja\/wp-json\/wp\/v2\/product\/22715","targetHints":{"allow":["GET"]}}],"collection":[{"href":"https:\/\/hificlub.com.br\/loja\/wp-json\/wp\/v2\/product"}],"about":[{"href":"https:\/\/hificlub.com.br\/loja\/wp-json\/wp\/v2\/types\/product"}],"wp:featuredmedia":[{"embeddable":true,"href":"https:\/\/hificlub.com.br\/loja\/wp-json\/wp\/v2\/media\/22716"}],"wp:attachment":[{"href":"https:\/\/hificlub.com.br\/loja\/wp-json\/wp\/v2\/media?parent=22715"}],"wp:term":[{"taxonomy":"product_brand","embeddable":true,"href":"https:\/\/hificlub.com.br\/loja\/wp-json\/wp\/v2\/product_brand?post=22715"},{"taxonomy":"product_cat","embeddable":true,"href":"https:\/\/hificlub.com.br\/loja\/wp-json\/wp\/v2\/product_cat?post=22715"},{"taxonomy":"product_tag","embeddable":true,"href":"https:\/\/hificlub.com.br\/loja\/wp-json\/wp\/v2\/product_tag?post=22715"}],"curies":[{"name":"wp","href":"https:\/\/api.w.org\/{rel}","templated":true}]}}