{"id":22649,"date":"2025-06-06T10:16:58","date_gmt":"2025-06-06T13:16:58","guid":{"rendered":"https:\/\/hificlub.com.br\/loja\/?post_type=product&#038;p=22649"},"modified":"2026-03-03T22:17:49","modified_gmt":"2026-03-04T01:17:49","slug":"bw-ccm7-3-s2-in-ceiling-speaker","status":"publish","type":"product","link":"https:\/\/hificlub.com.br\/loja\/produto\/bw-ccm7-3-s2-in-ceiling-speaker\/","title":{"rendered":"B&#038;W CCM7.3 S2 &#8211; Caixa de Embutir (Unidade)"},"content":{"rendered":"<p>A CCM7.3 S2 \u00e9 uma caixa ac\u00fastica de teto de alto desempenho, ideal para aplica\u00e7\u00f5es em teatro e som est\u00e9reo. Sua sofisticada configura\u00e7\u00e3o de unidade de acionamento inclui um tweeter Carbon Dome de 25 mm (1 pol.), um cone FSTTM Continuum de m\u00e9dios de 100 mm (4 pol.) e 2 drivers de graves Aerofoil Profile de 130 mm (5 pol.).<\/p>\n<p>&nbsp;<\/p>\n<p>&nbsp;<\/p>\n","protected":false},"excerpt":{"rendered":"<p>A CCM7.3 S2 \u00e9 uma caixa ac\u00fastica de teto de alto desempenho, ideal para aplica\u00e7\u00f5es em teatro e som est\u00e9reo. Sua sofisticada configura\u00e7\u00e3o de unidade de acionamento inclui um tweeter Carbon Dome de 25 mm (1 pol.), um cone FSTTM Continuum de m\u00e9dios de 100 mm (4 pol.) e 2 drivers de graves Aerofoil Profile [&hellip;]<\/p>\n","protected":false},"featured_media":22650,"template":"","meta":{"_acf_changed":false},"product_brand":[],"product_cat":[19,173],"product_tag":[],"class_list":{"0":"post-22649","1":"product","2":"type-product","3":"status-publish","4":"has-post-thumbnail","6":"product_cat-bw","7":"product_cat-caixas-de-embutir","9":"first","10":"instock","11":"sold-individually","12":"shipping-taxable","13":"purchasable","14":"product-type-simple"},"acf":[],"aioseo_notices":[],"_links":{"self":[{"href":"https:\/\/hificlub.com.br\/loja\/wp-json\/wp\/v2\/product\/22649","targetHints":{"allow":["GET"]}}],"collection":[{"href":"https:\/\/hificlub.com.br\/loja\/wp-json\/wp\/v2\/product"}],"about":[{"href":"https:\/\/hificlub.com.br\/loja\/wp-json\/wp\/v2\/types\/product"}],"wp:featuredmedia":[{"embeddable":true,"href":"https:\/\/hificlub.com.br\/loja\/wp-json\/wp\/v2\/media\/22650"}],"wp:attachment":[{"href":"https:\/\/hificlub.com.br\/loja\/wp-json\/wp\/v2\/media?parent=22649"}],"wp:term":[{"taxonomy":"product_brand","embeddable":true,"href":"https:\/\/hificlub.com.br\/loja\/wp-json\/wp\/v2\/product_brand?post=22649"},{"taxonomy":"product_cat","embeddable":true,"href":"https:\/\/hificlub.com.br\/loja\/wp-json\/wp\/v2\/product_cat?post=22649"},{"taxonomy":"product_tag","embeddable":true,"href":"https:\/\/hificlub.com.br\/loja\/wp-json\/wp\/v2\/product_tag?post=22649"}],"curies":[{"name":"wp","href":"https:\/\/api.w.org\/{rel}","templated":true}]}}