{"id":22636,"date":"2025-06-05T18:50:14","date_gmt":"2025-06-05T21:50:14","guid":{"rendered":"https:\/\/hificlub.com.br\/loja\/?post_type=product&#038;p=22636"},"modified":"2026-03-03T22:17:49","modified_gmt":"2026-03-04T01:17:49","slug":"klipsch-rp-1200sw-high-excursion-subwoofer-12-800w","status":"publish","type":"product","link":"https:\/\/hificlub.com.br\/loja\/produto\/klipsch-rp-1200sw-high-excursion-subwoofer-12-800w\/","title":{"rendered":"KLIPSCH RP-1200SW High Excursion &#8211; Subwoofer 12&#8243; &#8211; 800w"},"content":{"rendered":"<p><strong>Os Melhores Subwoofers de Alto Desempenho J\u00e1 Fabricados pela Klipsch<\/strong><\/p>\n<p><strong>Desempenho Equilibrado e Hipereficiente<\/strong><br \/>\nAtingindo o equil\u00edbrio ideal entre pot\u00eancia do amplificador, capacidade do driver e volume do gabinete, os subwoofers Reference Premiere alcan\u00e7am a m\u00e1xima extens\u00e3o de baixas frequ\u00eancias com excelente sa\u00edda, precis\u00e3o e velocidade.<\/p>\n<p><strong>Woofers Ceramet\u00e1licos Frontais em Cobre Fibrado<\/strong><br \/>\nOs woofers Cerametallic\u2122 com novo design s\u00e3o excepcionalmente leves e extremamente r\u00edgidos, proporcionando uma resposta not\u00e1vel em baixas frequ\u00eancias com m\u00ednima quebra de cone e distor\u00e7\u00e3o, para uma sa\u00edda mais alta e limpa, utilizando menos pot\u00eancia do amplificador.<\/p>\n<p><strong>Amplificador Classe D de Alta Efici\u00eancia<\/strong><br \/>\nO amplificador integrado de alta efici\u00eancia possui um design de pr\u00e9-amplificador anal\u00f3gico, que mant\u00e9m o caminho original do sinal para uma reprodu\u00e7\u00e3o mais limpa e fiel \u00e0 fonte. O est\u00e1gio de sa\u00edda Classe D garante m\u00e1xima efici\u00eancia para m\u00e1xima sa\u00edda, detalhes e pot\u00eancia em baixas frequ\u00eancias.<\/p>\n<p><strong>Porta de Slot Frontal com Tecnologia Exclusiva de Flare Interno<\/strong><br \/>\nA geometria interna propriet\u00e1ria com um novo design de porta de slot Aerofoil minimiza o ru\u00eddo da porta para baixas frequ\u00eancias limpas e sem distor\u00e7\u00e3o. O design de disparo frontal permite flexibilidade de posicionamento.<\/p>\n<p><strong>Compat\u00edvel com Kit de Subwoofer Sem Fio WA-2<\/strong><br \/>\nO Kit de Subwoofer Sem Fio Klipsch WA-2 (vendido separadamente) permite conectividade sem fio de alta resolu\u00e7\u00e3o para f\u00e1cil instala\u00e7\u00e3o em qualquer lugar da sala e otimiza a sa\u00edda e a resposta de baixa frequ\u00eancia. Conecte at\u00e9 quatro kits sem fio WA-2 a subwoofers Klipsch compat\u00edveis em uma \u00fanica sala para uma conex\u00e3o totalmente sem fio.<\/p>\n<p><strong>Controles Flex\u00edveis<\/strong><br \/>\nO Crossover Passa-Baixa e o controle de Fase Vari\u00e1vel permitem que voc\u00ea ajuste o subwoofer \u00e0s suas caixas de som Klipsch e \u00e0 sua sala, estabelecendo o n\u00edvel ideal de graves. As entradas RCA de N\u00edvel de Linha\/LFE garantem compatibilidade com receptores de home theater.<\/p>\n<p><strong>Modo de Espera de 1\/2 Watt<\/strong><br \/>\nEfici\u00eancia excepcional ligado ou desligado. Atende aos padr\u00f5es globais de efici\u00eancia, reduzindo os custos de energia para o usu\u00e1rio.<\/p>\n<p><strong>Uso das Entradas Simultaneamente<\/strong><br \/>\nAs entradas RCA e sem fio podem ser utilizadas, permitindo que voc\u00ea use um \u00fanico subwoofer com v\u00e1rios sistemas na mesma sala. Por exemplo, voc\u00ea pode usar a entrada sem fio para o seu home theater e a entrada RCA para o seu sistema de 2 canais, sem precisar alternar as entradas ao alternar entre os sistemas.<\/p>\n<p><strong>Acabamento em \u00e9bano ultrarresistente<\/strong><br \/>\nO acabamento em vinil \u00e9bano resistente a arranh\u00f5es parece madeira de verdade e cobre todo o gabinete.<\/p>\n<p><strong>Design detalhado<\/strong><br \/>\nCantos arredondados, p\u00e9s de borracha com absor\u00e7\u00e3o de impacto, postes de grade de a\u00e7o e uma grade de tecido tran\u00e7ado garantem uma apar\u00eancia e toque premium.<\/p>\n<p><strong>Garantia de 5 anos<\/strong><br \/>\nMelhor som, peso por peso, e constru\u00eddo para durar.<\/p>\n<h2 class=\"t_\">ESPECIFICA\u00c7\u00d5ES<\/h2>\n<p>Resposta de frequ\u00eancia: 16,5hz &#8211; 138hz +\/- 3dB<\/p>\n<p>Sa\u00edda ac\u00fastica m\u00e1xima: 121dB<\/p>\n<p>Tipo de amplificador: classe D com est\u00e1gio de pr\u00e9-amplifica\u00e7\u00e3o anal\u00f3gico<\/p>\n<p>Pot\u00eancia do amplificador: 400W RMS \/ 800W de pico<\/p>\n<p>Woofer: Cer\u00e2mico met\u00e1lico de ultra longo alcance de 12&#8243;<\/p>\n<p>Material da caixa: MDF<\/p>\n<p>Tipo de caixa: Bass Reflex via porta de slot aerodin\u00e2mica frontal<\/p>\n<p>Entradas: entrada de linha dupla RCA\/LFE, porta sem fio WA-2<\/p>\n<p>Dimens\u00f5es:<\/p>\n<p>Altura: 48 cm<\/p>\n<p>Largura: 43,2 cm<\/p>\n<p>Profundidade: 65,8 cm<\/p>\n<p>Peso: 31,1 kg<\/p>\n<p>Acabamento: vinil \u00e9bano<\/p>\n<p>&nbsp;<\/p>\n<p>&nbsp;<\/p>\n<p><a href=\"https:\/\/www.whathifi.com\/reviews\/klipsch-reference-base-2018-home-cinema-package\">\u00a0\u00a0<\/a><a href=\"https:\/\/www.whathifi.com\/reviews\/klipsch-reference-base-2018-home-cinema-package\" target=\"_blank\" rel=\"noopener\"><img loading=\"lazy\" decoding=\"async\" class=\"alignnone wp-image-22447 size-full\" src=\"https:\/\/hificlub.com.br\/loja\/wp-content\/uploads\/2024\/01\/what-hifi-awards-10.png\" alt=\"\" width=\"316\" height=\"160\" srcset=\"https:\/\/hificlub.com.br\/loja\/wp-content\/uploads\/2024\/01\/what-hifi-awards-10.png 316w, https:\/\/hificlub.com.br\/loja\/wp-content\/uploads\/2024\/01\/what-hifi-awards-10-300x152.png 300w\" sizes=\"auto, (max-width: 316px) 100vw, 316px\" \/>\u00a0 \u00a0 \u00a0<\/a><a href=\"https:\/\/www.audioadvice.com\/blogs\/expert-advice\/klipsch-reference-premiere-subwoofer-overview?srsltid=AfmBOoq-1gsZgT0FiSMAmp1CLa2ognbAKFgmCe9PWTpShKI2TOJLA6qm\" target=\"_blank\" rel=\"noopener\"><img loading=\"lazy\" decoding=\"async\" class=\"alignnone wp-image-22645 size-full\" src=\"https:\/\/hificlub.com.br\/loja\/wp-content\/uploads\/2025\/06\/KLIPSCH-RP-1200SW-High-Excursion-Subwoofer-12-800w-award.jpg\" alt=\"\" width=\"335\" height=\"83\" srcset=\"https:\/\/hificlub.com.br\/loja\/wp-content\/uploads\/2025\/06\/KLIPSCH-RP-1200SW-High-Excursion-Subwoofer-12-800w-award.jpg 335w, https:\/\/hificlub.com.br\/loja\/wp-content\/uploads\/2025\/06\/KLIPSCH-RP-1200SW-High-Excursion-Subwoofer-12-800w-award-300x74.jpg 300w\" sizes=\"auto, (max-width: 335px) 100vw, 335px\" \/><\/a><\/p>\n","protected":false},"excerpt":{"rendered":"<p>Os Melhores Subwoofers de Alto Desempenho J\u00e1 Fabricados pela Klipsch Desempenho Equilibrado e Hipereficiente Atingindo o equil\u00edbrio ideal entre pot\u00eancia do amplificador, capacidade do driver e volume do gabinete, os subwoofers Reference Premiere alcan\u00e7am a m\u00e1xima extens\u00e3o de baixas frequ\u00eancias com excelente sa\u00edda, precis\u00e3o e velocidade. Woofers Ceramet\u00e1licos Frontais em Cobre Fibrado Os woofers Cerametallic\u2122 [&hellip;]<\/p>\n","protected":false},"featured_media":22637,"template":"","meta":{"_acf_changed":false},"product_brand":[],"product_cat":[17,114,36],"product_tag":[],"class_list":{"0":"post-22636","1":"product","2":"type-product","3":"status-publish","4":"has-post-thumbnail","6":"product_cat-caixas","7":"product_cat-klipsch","8":"product_cat-subwoofer","10":"first","11":"outofstock","12":"sold-individually","13":"shipping-taxable","14":"purchasable","15":"product-type-simple"},"acf":[],"aioseo_notices":[],"_links":{"self":[{"href":"https:\/\/hificlub.com.br\/loja\/wp-json\/wp\/v2\/product\/22636","targetHints":{"allow":["GET"]}}],"collection":[{"href":"https:\/\/hificlub.com.br\/loja\/wp-json\/wp\/v2\/product"}],"about":[{"href":"https:\/\/hificlub.com.br\/loja\/wp-json\/wp\/v2\/types\/product"}],"wp:featuredmedia":[{"embeddable":true,"href":"https:\/\/hificlub.com.br\/loja\/wp-json\/wp\/v2\/media\/22637"}],"wp:attachment":[{"href":"https:\/\/hificlub.com.br\/loja\/wp-json\/wp\/v2\/media?parent=22636"}],"wp:term":[{"taxonomy":"product_brand","embeddable":true,"href":"https:\/\/hificlub.com.br\/loja\/wp-json\/wp\/v2\/product_brand?post=22636"},{"taxonomy":"product_cat","embeddable":true,"href":"https:\/\/hificlub.com.br\/loja\/wp-json\/wp\/v2\/product_cat?post=22636"},{"taxonomy":"product_tag","embeddable":true,"href":"https:\/\/hificlub.com.br\/loja\/wp-json\/wp\/v2\/product_tag?post=22636"}],"curies":[{"name":"wp","href":"https:\/\/api.w.org\/{rel}","templated":true}]}}