{"id":22618,"date":"2025-06-05T17:40:14","date_gmt":"2025-06-05T20:40:14","guid":{"rendered":"https:\/\/hificlub.com.br\/loja\/?post_type=product&#038;p=22618"},"modified":"2026-03-03T22:17:50","modified_gmt":"2026-03-04T01:17:50","slug":"klipsch-r-121sw-subwoofer-12-400w","status":"publish","type":"product","link":"https:\/\/hificlub.com.br\/loja\/produto\/klipsch-r-121sw-subwoofer-12-400w\/","title":{"rendered":"KLIPSCH R-121SW Subwoofer 12&#8243;- 400w"},"content":{"rendered":"<p><strong>Woofers de Pol\u00edmero Cristalino Termoformado (TCP) de Cobre Fibrado<\/strong><br \/>\nOs woofers de Pol\u00edmero Cristalino Termoformado (TCP) s\u00e3o excepcionalmente leves, sendo extremamente r\u00edgidos e compactados \u2013 proporcionando uma resposta de baixa frequ\u00eancia not\u00e1vel, com m\u00ednima quebra de cone e distor\u00e7\u00e3o sem degrada\u00e7\u00e3o.<\/p>\n<p><strong>Amplificador Totalmente Digital<\/strong><br \/>\nO amplificador integrado, totalmente digital, oferece ampla pot\u00eancia com alta efici\u00eancia e precis\u00e3o de reprodu\u00e7\u00e3o fiel \u00e0 fonte, garantindo m\u00e1xima efici\u00eancia para m\u00e1xima sa\u00edda, detalhes e pot\u00eancia.<\/p>\n<p><strong>Driver Frontal<\/strong><br \/>\nO driver de alto desempenho proporciona graves profundos e flexibilidade de posicionamento na sala.<\/p>\n<p><strong>Crossover Passa-Baixas e Controle de Fase<\/strong><br \/>\nGarante que os tons de baixa frequ\u00eancia do subwoofer se misturem com outras caixas ac\u00fasticas Klipsch e estabele\u00e7am o n\u00edvel ideal de graves para o seu ambiente.<\/p>\n<p><strong>Entradas de Linha\/LFE<\/strong><br \/>\nGarante compatibilidade com receivers de home theater.<\/p>\n<p><strong>Gabinete em MDF com Vinil Texturizado com Textura de Madeira, Resistente a Arranh\u00f5es<\/strong><br \/>\nEst\u00e9tica elegante com durabilidade absoluta que resulta em uma integra\u00e7\u00e3o perfeita em qualquer decora\u00e7\u00e3o.<\/p>\n<p><strong>Design de Gabinete de Alta Qualidade<\/strong><br \/>\nA constru\u00e7\u00e3o em MDF refor\u00e7ado de 3\/4&#8243; com um novo design de refor\u00e7o reduz a vibra\u00e7\u00e3o do gabinete, proporcionando uma colora\u00e7\u00e3o menos aud\u00edvel e maior precis\u00e3o sonora.<\/p>\n<p><strong>Indicador de Energia LED Frontal<\/strong><br \/>\nIndica quando o sistema est\u00e1 ligado ou desligado.<\/p>\n<p><strong>Grade de Perfil Baixo<\/strong><br \/>\nAdiciona um visual refinado e acusticamente transparente.<\/p>\n<h2 class=\"t_\">ESPECIFICA\u00c7\u00d5ES<\/h2>\n<p>Faixa de frequ\u00eancia: 28hz &#8211; 120hz<\/p>\n<p>Sa\u00edda ac\u00fastica m\u00e1xima: 118 dB<\/p>\n<p>Amplificador: totalmente digital<\/p>\n<p>Pot\u00eancia do amplificador (cont.\/pico): 200W\/400W<\/p>\n<p>Caracter\u00edsticas do amplificador: volume, passa-baixas, fase 0\/180, ativa\u00e7\u00e3o autom\u00e1tica<\/p>\n<p>Componentes do driver: woofer TCP de cobre fiado de alta excurs\u00e3o de 12&#8243;<\/p>\n<p>Material da caixa: MDF<\/p>\n<p>Tipo de caixa: bass-reflex via porta de disparo traseira<\/p>\n<p>Entradas: conectores RCA de n\u00edvel de linha\/LFE<\/p>\n<p>Altura: 16,6&#8243; (mm) 421 mm<\/p>\n<p>Largura: 16&#8243; (mm) 406 mm<\/p>\n<p>Profundidade: 500 mm<\/p>\n<p>Peso do produto: 16,0 kg<\/p>\n<p>Acabamento: vinil texturizado preto com textura de madeira<\/p>\n<p><a href=\"https:\/\/www.whathifi.com\/reviews\/klipsch-reference-base-2018-home-cinema-package\" target=\"_blank\" rel=\"noopener\"><img loading=\"lazy\" decoding=\"async\" class=\"alignnone wp-image-22447 size-full\" src=\"https:\/\/hificlub.com.br\/loja\/wp-content\/uploads\/2024\/01\/what-hifi-awards-10.png\" alt=\"\" width=\"316\" height=\"160\" srcset=\"https:\/\/hificlub.com.br\/loja\/wp-content\/uploads\/2024\/01\/what-hifi-awards-10.png 316w, https:\/\/hificlub.com.br\/loja\/wp-content\/uploads\/2024\/01\/what-hifi-awards-10-300x152.png 300w\" sizes=\"auto, (max-width: 316px) 100vw, 316px\" \/>\u00a0\u00a0\u00a0\u00a0 <\/a><a href=\"https:\/\/hometheaterreview.com\/vs\/klipsch-reference-r-121sw-12-subwoofer-vs-svs-pb-1000-pro-subwoofer-comparison-1\/\" target=\"_blank\" rel=\"noopener\"><img loading=\"lazy\" decoding=\"async\" class=\"alignnone wp-image-22627 size-full\" src=\"https:\/\/hificlub.com.br\/loja\/wp-content\/uploads\/2025\/06\/KLIPSCH-R-121SW-12-Subwoofer-award.jpg\" alt=\"\" width=\"350\" height=\"73\" srcset=\"https:\/\/hificlub.com.br\/loja\/wp-content\/uploads\/2025\/06\/KLIPSCH-R-121SW-12-Subwoofer-award.jpg 350w, https:\/\/hificlub.com.br\/loja\/wp-content\/uploads\/2025\/06\/KLIPSCH-R-121SW-12-Subwoofer-award-300x63.jpg 300w\" sizes=\"auto, (max-width: 350px) 100vw, 350px\" \/><\/a><\/p>\n","protected":false},"excerpt":{"rendered":"<p>Woofers de Pol\u00edmero Cristalino Termoformado (TCP) de Cobre Fibrado Os woofers de Pol\u00edmero Cristalino Termoformado (TCP) s\u00e3o excepcionalmente leves, sendo extremamente r\u00edgidos e compactados \u2013 proporcionando uma resposta de baixa frequ\u00eancia not\u00e1vel, com m\u00ednima quebra de cone e distor\u00e7\u00e3o sem degrada\u00e7\u00e3o. Amplificador Totalmente Digital O amplificador integrado, totalmente digital, oferece ampla pot\u00eancia com alta efici\u00eancia [&hellip;]<\/p>\n","protected":false},"featured_media":22621,"template":"","meta":{"_acf_changed":false},"product_brand":[],"product_cat":[17,114,36],"product_tag":[],"class_list":{"0":"post-22618","1":"product","2":"type-product","3":"status-publish","4":"has-post-thumbnail","6":"product_cat-caixas","7":"product_cat-klipsch","8":"product_cat-subwoofer","10":"first","11":"instock","12":"sold-individually","13":"shipping-taxable","14":"purchasable","15":"product-type-simple"},"acf":[],"aioseo_notices":[],"_links":{"self":[{"href":"https:\/\/hificlub.com.br\/loja\/wp-json\/wp\/v2\/product\/22618","targetHints":{"allow":["GET"]}}],"collection":[{"href":"https:\/\/hificlub.com.br\/loja\/wp-json\/wp\/v2\/product"}],"about":[{"href":"https:\/\/hificlub.com.br\/loja\/wp-json\/wp\/v2\/types\/product"}],"wp:featuredmedia":[{"embeddable":true,"href":"https:\/\/hificlub.com.br\/loja\/wp-json\/wp\/v2\/media\/22621"}],"wp:attachment":[{"href":"https:\/\/hificlub.com.br\/loja\/wp-json\/wp\/v2\/media?parent=22618"}],"wp:term":[{"taxonomy":"product_brand","embeddable":true,"href":"https:\/\/hificlub.com.br\/loja\/wp-json\/wp\/v2\/product_brand?post=22618"},{"taxonomy":"product_cat","embeddable":true,"href":"https:\/\/hificlub.com.br\/loja\/wp-json\/wp\/v2\/product_cat?post=22618"},{"taxonomy":"product_tag","embeddable":true,"href":"https:\/\/hificlub.com.br\/loja\/wp-json\/wp\/v2\/product_tag?post=22618"}],"curies":[{"name":"wp","href":"https:\/\/api.w.org\/{rel}","templated":true}]}}