{"id":22610,"date":"2025-06-05T17:22:45","date_gmt":"2025-06-05T20:22:45","guid":{"rendered":"https:\/\/hificlub.com.br\/loja\/?post_type=product&#038;p=22610"},"modified":"2026-03-02T14:14:47","modified_gmt":"2026-03-02T17:14:47","slug":"klipsch-r-120swi-wireless-subwoofer-400w-bivolt","status":"publish","type":"product","link":"https:\/\/hificlub.com.br\/loja\/produto\/klipsch-r-120swi-wireless-subwoofer-400w-bivolt\/","title":{"rendered":"KLIPSCH R-120SWI &#8211; Wireless subwoofer 12&#8243;- 400w &#8211; Bivolt"},"content":{"rendered":"<p>O subwoofer sem fio Klipsch R-120SWi foi projetado para proporcionar graves impressionantes para seus filmes e m\u00fasicas. Um amplificador totalmente digital de 230 watts, alimentado por um woofer IMG de cobre fiado com disparo frontal, produz uma resposta de graves limpa e profunda para o seu sistema de \u00e1udio dom\u00e9stico.<\/p>\n<p><strong>Conectividade Sem Fio Pronta Para Usar<\/strong><\/p>\n<p>A conectividade sem fio permite um som de alta qualidade em qualquer lugar do ambiente. Basta conectar o transmissor ultracompacto e pr\u00e9-pareado (incluso) \u00e0 sa\u00edda de subwoofer ou \u00e0 sa\u00edda LFE do seu receptor. A conex\u00e3o de 2,4 GHz significa som de alta qualidade com lat\u00eancia m\u00ednima, para graves n\u00edtidos e potentes sem fios.<\/p>\n<p><strong>Woofer De Cobre Fixado<\/strong><\/p>\n<p>O woofer de grafite moldado por inje\u00e7\u00e3o (IMG) de 12\u201d do R-120SWi \u00e9 excepcionalmente leve e extremamente r\u00edgido, proporcionando uma resposta de baixa frequ\u00eancia not\u00e1vel com m\u00ednima quebra de cone e distor\u00e7\u00e3o para uma sa\u00edda mais alta e limpa usando menos pot\u00eancia do amplificador.<\/p>\n<p><strong>Amplificador 100% Digital<\/strong><\/p>\n<p>O amplificador integrado, totalmente digital, oferece ampla pot\u00eancia de alta efici\u00eancia para precis\u00e3o fiel \u00e0 fonte na produ\u00e7\u00e3o. Isso garante a m\u00e1xima sa\u00edda, detalhes e profundidade.<\/p>\n<p><strong>Driver De Disparo Frontal<\/strong><\/p>\n<p>O driver de alto desempenho proporciona graves profundos e flexibilidade de posicionamento no ambiente.<\/p>\n<p><strong>Crossover De Passagem Baixa E Controle De Fase<\/strong><\/p>\n<p>Garante que os tons de baixa frequ\u00eancia do subwoofer se misturem com outros alto-falantes Klipsch e estabele\u00e7am o n\u00edvel ideal de graves para o seu ambiente.<\/p>\n<p><strong>Entradas De Linha\/Lfe<\/strong><\/p>\n<p>Garante compatibilidade com receptores de home theater.<\/p>\n<p><strong>Indicador De Pot\u00eancia Led Frontal<\/strong><\/p>\n<p>Indica quando o sistema est\u00e1 ligado ou desligado.<\/p>\n<p><strong>Design Premium Ultradur\u00e1vel<\/strong><\/p>\n<p>P\u00e9s de borracha que absorvem impactos, postes de grade de a\u00e7o e uma grade de tecido tran\u00e7ado de baixo perfil conferem ao R-120SWi uma apar\u00eancia e toque premium. O acabamento em \u00e9bano resistente a arranh\u00f5es parece madeira de verdade e cobre todo o gabinete.<\/p>\n<p><strong>ESPECIFICA\u00c7\u00d5ES<\/strong><\/p>\n<p>Resposta de frequ\u00eancia: 29hz &#8211; 120hz<\/p>\n<p>Sa\u00edda ac\u00fastica m\u00e1xima: 115 dB<\/p>\n<p>Amplificador: totalmente digital<\/p>\n<p>Pot\u00eancia do amplificador (cont.\/pico): 115 W RMS\/230 W pico<\/p>\n<p>Caracter\u00edsticas do amplificador: volume, passa-baixas, fase 0\/180, ativa\u00e7\u00e3o autom\u00e1tica<\/p>\n<p>Componentes do driver: woofer img de cobre fiado de alta excurs\u00e3o de 12&#8243;<\/p>\n<p>Material da caixa: MDF<\/p>\n<p>Tipo de caixa: bass-reflex via porta de disparo traseira<\/p>\n<p>Entradas: conectores RCA de n\u00edvel de linha\/LFE<\/p>\n<p>Altura: 16,5&#8243; (419 mm)<\/p>\n<p>Largura: 14&#8243; (356 mm)<\/p>\n<p>Profundidade: 19,2&#8243; (488 mm)<\/p>\n<p>Peso: 31 lbs (14,1 kg)<\/p>\n<p>Acabamento: vinil texturizado preto com textura de madeira<\/p>\n<p>&nbsp;<\/p>\n<p><a href=\"https:\/\/www.costco.com\/klipsch-r-120swi-wireless-subwoofer.product.4000207198.html\" target=\"_blank\" rel=\"noopener\">\u00a0<\/a><a href=\"https:\/\/www.whathifi.com\/reviews\/klipsch-reference-base-2018-home-cinema-package\" target=\"_blank\" rel=\"noopener\"><img loading=\"lazy\" decoding=\"async\" class=\"alignnone wp-image-22447 size-full\" src=\"https:\/\/hificlub.com.br\/loja\/wp-content\/uploads\/2024\/01\/what-hifi-awards-10.png\" alt=\"\" width=\"316\" height=\"160\" srcset=\"https:\/\/hificlub.com.br\/loja\/wp-content\/uploads\/2024\/01\/what-hifi-awards-10.png 316w, https:\/\/hificlub.com.br\/loja\/wp-content\/uploads\/2024\/01\/what-hifi-awards-10-300x152.png 300w\" sizes=\"auto, (max-width: 316px) 100vw, 316px\" \/> \u00a0 \u00a0 <\/a><a href=\"https:\/\/www.costco.com\/klipsch-r-120swi-wireless-subwoofer.product.4000207198.html\" target=\"_blank\" rel=\"noopener\"><img loading=\"lazy\" decoding=\"async\" class=\"alignnone wp-image-22611 size-full\" src=\"https:\/\/hificlub.com.br\/loja\/wp-content\/uploads\/2025\/06\/KLIPSCH-R-120SWI-12-Subwoofer-award.jpg\" alt=\"\" width=\"204\" height=\"84\" \/><\/a><\/p>\n<p>&nbsp;<\/p>\n","protected":false},"excerpt":{"rendered":"<p>O subwoofer sem fio Klipsch R-120SWi foi projetado para proporcionar graves impressionantes para seus filmes e m\u00fasicas. Um amplificador totalmente digital de 230 watts, alimentado por um woofer IMG de cobre fiado com disparo frontal, produz uma resposta de graves limpa e profunda para o seu sistema de \u00e1udio dom\u00e9stico. Conectividade Sem Fio Pronta Para [&hellip;]<\/p>\n","protected":false},"featured_media":22612,"template":"","meta":{"_acf_changed":false},"product_brand":[],"product_cat":[17,114,36],"product_tag":[],"class_list":{"0":"post-22610","1":"product","2":"type-product","3":"status-publish","4":"has-post-thumbnail","6":"product_cat-caixas","7":"product_cat-klipsch","8":"product_cat-subwoofer","10":"first","11":"instock","12":"sold-individually","13":"shipping-taxable","14":"purchasable","15":"product-type-simple"},"acf":[],"aioseo_notices":[],"_links":{"self":[{"href":"https:\/\/hificlub.com.br\/loja\/wp-json\/wp\/v2\/product\/22610","targetHints":{"allow":["GET"]}}],"collection":[{"href":"https:\/\/hificlub.com.br\/loja\/wp-json\/wp\/v2\/product"}],"about":[{"href":"https:\/\/hificlub.com.br\/loja\/wp-json\/wp\/v2\/types\/product"}],"wp:featuredmedia":[{"embeddable":true,"href":"https:\/\/hificlub.com.br\/loja\/wp-json\/wp\/v2\/media\/22612"}],"wp:attachment":[{"href":"https:\/\/hificlub.com.br\/loja\/wp-json\/wp\/v2\/media?parent=22610"}],"wp:term":[{"taxonomy":"product_brand","embeddable":true,"href":"https:\/\/hificlub.com.br\/loja\/wp-json\/wp\/v2\/product_brand?post=22610"},{"taxonomy":"product_cat","embeddable":true,"href":"https:\/\/hificlub.com.br\/loja\/wp-json\/wp\/v2\/product_cat?post=22610"},{"taxonomy":"product_tag","embeddable":true,"href":"https:\/\/hificlub.com.br\/loja\/wp-json\/wp\/v2\/product_tag?post=22610"}],"curies":[{"name":"wp","href":"https:\/\/api.w.org\/{rel}","templated":true}]}}