{"id":22590,"date":"2025-06-05T11:59:21","date_gmt":"2025-06-05T14:59:21","guid":{"rendered":"https:\/\/hificlub.com.br\/loja\/?post_type=product&#038;p=22590"},"modified":"2026-03-03T22:17:50","modified_gmt":"2026-03-04T01:17:50","slug":"klipsch-r-101sw-10-subwoofer","status":"publish","type":"product","link":"https:\/\/hificlub.com.br\/loja\/produto\/klipsch-r-101sw-10-subwoofer\/","title":{"rendered":"KLIPSCH R-101SW &#8211; Subwoofer 10&#8243; &#8211; 300w"},"content":{"rendered":"<p><strong>Woofers De Pol\u00edmero Cristalino Termoformado (Tcp) De Cobre Fixado<\/strong><\/p>\n<p>Os woofers de Pol\u00edmero Cristalino Termoformado (TCP) s\u00e3o excepcionalmente leves, sendo extremamente r\u00edgidos e compactados \u2013 proporcionando uma resposta de baixa frequ\u00eancia not\u00e1vel, com m\u00ednima quebra de cone e distor\u00e7\u00e3o sem degrada\u00e7\u00e3o.<\/p>\n<p><strong>Amplificador 100% Digital<\/strong><\/p>\n<p>O amplificador integrado, totalmente digital, oferece ampla pot\u00eancia com alta efici\u00eancia e precis\u00e3o de reprodu\u00e7\u00e3o fiel \u00e0 fonte, garantindo m\u00e1xima efici\u00eancia para m\u00e1xima sa\u00edda, detalhes e pot\u00eancia.<\/p>\n<p><strong>Driver De Disparo Frontal<\/strong><\/p>\n<p>O driver de alto desempenho proporciona graves profundos e flexibilidade de posicionamento no ambiente.<\/p>\n<p><strong>Crossover De Passagem Baixa E Controle De Fase<\/strong><\/p>\n<p>Garante que os tons de baixa frequ\u00eancia do subwoofer se misturem com outras caixas ac\u00fasticas Klipsch e estabele\u00e7am o n\u00edvel ideal de graves para o seu ambiente.<\/p>\n<p><strong>Entradas De Linha\/Lfe<\/strong><\/p>\n<p>Garante compatibilidade com receivers de home theater.<\/p>\n<p><strong>Arm\u00e1rio De Mdf Com Vinil Com Grades De Madeira Texturizada E Resistente A Arranh\u00f5es<\/strong><\/p>\n<p>Est\u00e9tica elegante com durabilidade absoluta que resulta em uma integra\u00e7\u00e3o perfeita em qualquer decora\u00e7\u00e3o.<\/p>\n<p><strong>Design De Arm\u00e1rio De Alta Qualidade<\/strong><\/p>\n<p>A constru\u00e7\u00e3o em MDF refor\u00e7ado de 3\/4&#8243; com um novo design de refor\u00e7o reduz a vibra\u00e7\u00e3o do gabinete, proporcionando uma colora\u00e7\u00e3o menos aud\u00edvel e maior precis\u00e3o sonora.<\/p>\n<p><strong>Indicador De Energia Led Frontal<\/strong><\/p>\n<p>Indica quando o sistema est\u00e1 ligado ou desligado.<\/p>\n<p><strong>Grade De Perfil Baixo<\/strong><\/p>\n<p>Adiciona um visual refinado e acusticamente transparente.<\/p>\n<h2 class=\"t_\">ESPECIFICA\u00c7\u00d5ES<\/h2>\n<p>Faixa de frequ\u00eancia: 29,5 hz &#8211; 120 hz<\/p>\n<p>Sa\u00edda ac\u00fastica m\u00e1xima: 115 db<\/p>\n<p>Amplificador: totalmente digital<\/p>\n<p>Pot\u00eancia do amplificador (cont\u00ednuo\/pico): 150 w\/300 w<\/p>\n<p>Recursos do amplificador: volume, passa-baixas, fase 0\/180, liga\u00e7\u00e3o autom\u00e1tica<\/p>\n<p>Componentes do driver: woofer tcp de cobre fiado de alta excurs\u00e3o de 10&#8243;<\/p>\n<p>Material da caixa: mdf<\/p>\n<p>Tipo de caixa: bass-reflex via porta de disparo traseira<\/p>\n<p>Entradas: n\u00edvel de linha\/lfe: conectores rca<\/p>\n<p>Dimens\u00f5es:<\/p>\n<p>Altura (mm) 370 mm (14,6&#8243;)<\/p>\n<p>Largura (mm) 356 mm (14,0&#8243;)<\/p>\n<p>Profundidade (mm) 500 mm (19,7&#8243;)<\/p>\n<p>Peso do produto: kg 13,9<\/p>\n<p>Acabamentos vinil preto texturizado com textura de madeira<\/p>\n","protected":false},"excerpt":{"rendered":"<p>Woofers De Pol\u00edmero Cristalino Termoformado (Tcp) De Cobre Fixado Os woofers de Pol\u00edmero Cristalino Termoformado (TCP) s\u00e3o excepcionalmente leves, sendo extremamente r\u00edgidos e compactados \u2013 proporcionando uma resposta de baixa frequ\u00eancia not\u00e1vel, com m\u00ednima quebra de cone e distor\u00e7\u00e3o sem degrada\u00e7\u00e3o. Amplificador 100% Digital O amplificador integrado, totalmente digital, oferece ampla pot\u00eancia com alta efici\u00eancia [&hellip;]<\/p>\n","protected":false},"featured_media":22591,"template":"","meta":{"_acf_changed":false},"product_brand":[],"product_cat":[17,114,36],"product_tag":[],"class_list":{"0":"post-22590","1":"product","2":"type-product","3":"status-publish","4":"has-post-thumbnail","6":"product_cat-caixas","7":"product_cat-klipsch","8":"product_cat-subwoofer","10":"first","11":"instock","12":"sold-individually","13":"shipping-taxable","14":"purchasable","15":"product-type-simple"},"acf":[],"aioseo_notices":[],"_links":{"self":[{"href":"https:\/\/hificlub.com.br\/loja\/wp-json\/wp\/v2\/product\/22590","targetHints":{"allow":["GET"]}}],"collection":[{"href":"https:\/\/hificlub.com.br\/loja\/wp-json\/wp\/v2\/product"}],"about":[{"href":"https:\/\/hificlub.com.br\/loja\/wp-json\/wp\/v2\/types\/product"}],"wp:featuredmedia":[{"embeddable":true,"href":"https:\/\/hificlub.com.br\/loja\/wp-json\/wp\/v2\/media\/22591"}],"wp:attachment":[{"href":"https:\/\/hificlub.com.br\/loja\/wp-json\/wp\/v2\/media?parent=22590"}],"wp:term":[{"taxonomy":"product_brand","embeddable":true,"href":"https:\/\/hificlub.com.br\/loja\/wp-json\/wp\/v2\/product_brand?post=22590"},{"taxonomy":"product_cat","embeddable":true,"href":"https:\/\/hificlub.com.br\/loja\/wp-json\/wp\/v2\/product_cat?post=22590"},{"taxonomy":"product_tag","embeddable":true,"href":"https:\/\/hificlub.com.br\/loja\/wp-json\/wp\/v2\/product_tag?post=22590"}],"curies":[{"name":"wp","href":"https:\/\/api.w.org\/{rel}","templated":true}]}}