{"id":22583,"date":"2025-06-05T11:38:45","date_gmt":"2025-06-05T14:38:45","guid":{"rendered":"https:\/\/hificlub.com.br\/loja\/?post_type=product&#038;p=22583"},"modified":"2026-03-03T22:17:50","modified_gmt":"2026-03-04T01:17:50","slug":"klipsch-r-100sw-10-subwoofer","status":"publish","type":"product","link":"https:\/\/hificlub.com.br\/loja\/produto\/klipsch-r-100sw-10-subwoofer\/","title":{"rendered":"KLIPSCH R-100SW &#8211; Subwoofer 10&#8243; &#8211; 300w"},"content":{"rendered":"<p>O subwoofer Klipsch R-100SW oferece graves incrivelmente profundos por meio de um driver frontal de 10&#8243; com um woofer IMG de cobre fiado e um amplificador totalmente digital.<\/p>\n<p><strong>Woofer Img De Cobre Fixad<\/strong>o<\/p>\n<p>Os woofers de grafite moldado por inje\u00e7\u00e3o (IMG) s\u00e3o excepcionalmente leves e extremamente r\u00edgidos, proporcionando uma resposta not\u00e1vel em baixas frequ\u00eancias, com m\u00ednima quebra de cone e distor\u00e7\u00e3o.<\/p>\n<p><strong>Amplificador 100% Digital<\/strong><\/p>\n<p>O amplificador integrado, totalmente digital, oferece ampla pot\u00eancia com alta efici\u00eancia e precis\u00e3o fiel \u00e0 fonte na reprodu\u00e7\u00e3o, garantindo m\u00e1xima efici\u00eancia para m\u00e1xima sa\u00edda, detalhes e pot\u00eancia.<\/p>\n<p><strong>Driver De Disparo Frontal<\/strong><\/p>\n<p>O driver de alto desempenho proporciona graves profundos e flexibilidade de posicionamento no ambiente.<\/p>\n<p><strong>Crossover De Passagem Baixa E Controle De Fase<\/strong><\/p>\n<p>Garante que os tons de baixa frequ\u00eancia do subwoofer se misturem com outros alto-falantes Klipsch e estabele\u00e7am o n\u00edvel ideal de graves para o seu ambiente.<\/p>\n<p><strong>Entrada De Linha\/Lfe<\/strong><\/p>\n<p>Garante compatibilidade com receivers de home theater.<\/p>\n<p><strong>Arm\u00e1rio De Mdf Com Vinil Com Gr\u00e3os De Madeira Texturizados E Resistentes A Riscos<\/strong><\/p>\n<p>Est\u00e9tica elegante com durabilidade absoluta que resulta em uma integra\u00e7\u00e3o perfeita em qualquer decora\u00e7\u00e3o.<\/p>\n<p><strong>Indicador De Energia Led Frontal<\/strong><\/p>\n<p>Indica quando o sistema est\u00e1 ligado ou desligado.<\/p>\n<p><strong>Grade De Baixo Perfil<\/strong><\/p>\n<p>Adiciona um visual refinado e acusticamente transparente.<\/p>\n<p>&nbsp;<\/p>\n<p><a href=\"https:\/\/avplus.fi\/2025\/05\/klipsch-r-100sw-aktiivisubwoofer-subbassoa-kohtuuhintaan\/\" target=\"_blank\" rel=\"noopener\"><img loading=\"lazy\" decoding=\"async\" class=\"alignnone wp-image-22584 size-full\" src=\"https:\/\/hificlub.com.br\/loja\/wp-content\/uploads\/2025\/06\/KLIPSCH-R-100SW-10-Subwoofer-award.jpg\" alt=\"\" width=\"270\" height=\"131\" \/><\/a><\/p>\n","protected":false},"excerpt":{"rendered":"<p>O subwoofer Klipsch R-100SW oferece graves incrivelmente profundos por meio de um driver frontal de 10&#8243; com um woofer IMG de cobre fiado e um amplificador totalmente digital. Woofer Img De Cobre Fixado Os woofers de grafite moldado por inje\u00e7\u00e3o (IMG) s\u00e3o excepcionalmente leves e extremamente r\u00edgidos, proporcionando uma resposta not\u00e1vel em baixas frequ\u00eancias, com [&hellip;]<\/p>\n","protected":false},"featured_media":22585,"template":"","meta":{"_acf_changed":false},"product_brand":[],"product_cat":[17,114,36],"product_tag":[],"class_list":{"0":"post-22583","1":"product","2":"type-product","3":"status-publish","4":"has-post-thumbnail","6":"product_cat-caixas","7":"product_cat-klipsch","8":"product_cat-subwoofer","10":"first","11":"instock","12":"sold-individually","13":"shipping-taxable","14":"purchasable","15":"product-type-simple"},"acf":[],"aioseo_notices":[],"_links":{"self":[{"href":"https:\/\/hificlub.com.br\/loja\/wp-json\/wp\/v2\/product\/22583","targetHints":{"allow":["GET"]}}],"collection":[{"href":"https:\/\/hificlub.com.br\/loja\/wp-json\/wp\/v2\/product"}],"about":[{"href":"https:\/\/hificlub.com.br\/loja\/wp-json\/wp\/v2\/types\/product"}],"wp:featuredmedia":[{"embeddable":true,"href":"https:\/\/hificlub.com.br\/loja\/wp-json\/wp\/v2\/media\/22585"}],"wp:attachment":[{"href":"https:\/\/hificlub.com.br\/loja\/wp-json\/wp\/v2\/media?parent=22583"}],"wp:term":[{"taxonomy":"product_brand","embeddable":true,"href":"https:\/\/hificlub.com.br\/loja\/wp-json\/wp\/v2\/product_brand?post=22583"},{"taxonomy":"product_cat","embeddable":true,"href":"https:\/\/hificlub.com.br\/loja\/wp-json\/wp\/v2\/product_cat?post=22583"},{"taxonomy":"product_tag","embeddable":true,"href":"https:\/\/hificlub.com.br\/loja\/wp-json\/wp\/v2\/product_tag?post=22583"}],"curies":[{"name":"wp","href":"https:\/\/api.w.org\/{rel}","templated":true}]}}