{"id":22566,"date":"2025-06-05T11:09:30","date_gmt":"2025-06-05T14:09:30","guid":{"rendered":"https:\/\/hificlub.com.br\/loja\/?post_type=product&#038;p=22566"},"modified":"2026-03-03T22:17:50","modified_gmt":"2026-03-04T01:17:50","slug":"klipsch-rp-1000sw-10-high-excursion-subwoofer","status":"publish","type":"product","link":"https:\/\/hificlub.com.br\/loja\/produto\/klipsch-rp-1000sw-10-high-excursion-subwoofer\/","title":{"rendered":"KLIPSCH RP-1000SW High Excursion &#8211; Subwoofer 10&#8243; &#8211; 600w"},"content":{"rendered":"<p>Os novos subwoofers de alto desempenho da Klipsch, dignos do apelido Reference Premiere, s\u00e3o constru\u00eddos com nossa tecnologia ac\u00fastica inovadora e s\u00e3o, em termos de peso, alguns dos melhores subwoofers que a Klipsch j\u00e1 criou.<\/p>\n<p><strong>Amplificador Classe D de Alta Efici\u00eancia<\/strong><br \/>\nO amplificador integrado de alta efici\u00eancia possui um pr\u00e9-amplificador anal\u00f3gico, que mant\u00e9m o caminho original do sinal para uma reprodu\u00e7\u00e3o mais limpa e fiel \u00e0 fonte. O est\u00e1gio de sa\u00edda Classe D garante m\u00e1xima sa\u00edda, detalhes e pot\u00eancia em baixas frequ\u00eancias.<\/p>\n<p><strong>Monster Bass em Qualquer Lugar<\/strong><br \/>\nCom um driver frontal, voc\u00ea pode posicionar seu subwoofer Reference Premiere onde quiser. A geometria interna exclusiva com uma nova porta de encaixe frontal Aerofoil minimiza a turbul\u00eancia para graves n\u00edtidos e precisos.<\/p>\n<p><strong>Wi-Fi<\/strong><br \/>\nO Kit de Subwoofer Sem Fio Klipsch WA-2 (vendido separadamente) oferece conectividade sem fio de alta resolu\u00e7\u00e3o para f\u00e1cil instala\u00e7\u00e3o em qualquer lugar do ambiente. Conecte at\u00e9 quatro kits sem fio WA-2 aos seus subwoofers Klipsch Reference Premiere em um \u00fanico ambiente para uma conex\u00e3o totalmente sem fio e os melhores graves do mundo.<\/p>\n<p><strong>Atualiza\u00e7\u00f5es de Design<\/strong><br \/>\nO acabamento em vinil \u00e9bano resistente a arranh\u00f5es parece madeira de verdade e cobre todo o gabinete. Cantos arredondados, p\u00e9s de borracha com absor\u00e7\u00e3o de impacto, postes de grade de a\u00e7o e uma grade de tecido tran\u00e7ado dur\u00e1vel garantem uma est\u00e9tica premium.<\/p>\n<h2 class=\"t_\">ESPECIFICA\u00c7\u00d5ES<\/h2>\n<p>Resposta de Frequ\u00eancia: 19 &#8211; 131 Hz +\/- 3 dB<br \/>\nSa\u00edda Ac\u00fastica M\u00e1xima: 118,5 dB<br \/>\nPot\u00eancia do Amplificador: 300 W RMS \/ 600 W Pico<br \/>\nWoofer Cer\u00e2mico: de 10&#8243; com Alcance Ultra Longo<br \/>\nCaixa com Reflexo de Graves via Slot de Aerof\u00f3lio Frontal<\/p>\n<div>Dimens\u00f5es A x L x P:\u00a0 38,1 x 42,3 x 63,4 cm<\/div>\n<div>Peso 25,7 kg<\/div>\n<div><\/div>\n<div><\/div>\n<p><a href=\"https:\/\/hometheaterreview.com\/klipsch-rp-1000sw-subwoofer-review-massive-bass-refined\/\" target=\"_blank\" rel=\"noopener\"><img loading=\"lazy\" decoding=\"async\" class=\"alignnone wp-image-22580 size-full\" src=\"https:\/\/hificlub.com.br\/loja\/wp-content\/uploads\/2025\/06\/KLIPSCH-RP-1000SW-10-High-Excursion-Subwoofer-award.jpg\" alt=\"\" width=\"334\" height=\"71\" srcset=\"https:\/\/hificlub.com.br\/loja\/wp-content\/uploads\/2025\/06\/KLIPSCH-RP-1000SW-10-High-Excursion-Subwoofer-award.jpg 334w, https:\/\/hificlub.com.br\/loja\/wp-content\/uploads\/2025\/06\/KLIPSCH-RP-1000SW-10-High-Excursion-Subwoofer-award-300x64.jpg 300w\" sizes=\"auto, (max-width: 334px) 100vw, 334px\" \/>\u00a0\u00a0\u00a0\u00a0 <\/a><a href=\"https:\/\/www.audioadvice.com\/blogs\/expert-advice\/klipsch-reference-premiere-subwoofer-overview?srsltid=AfmBOopYjAMPUxno8PU2Bg5GFRyxxlpZAkTHhlzOa7LB09OLbeyqLlkS\" target=\"_blank\" rel=\"noopener\"><img loading=\"lazy\" decoding=\"async\" class=\"alignnone wp-image-22582 size-full\" src=\"https:\/\/hificlub.com.br\/loja\/wp-content\/uploads\/2025\/06\/KLIPSCH-RP-1000SW-10-High-Excursion-Subwoofer-award2.jpg\" alt=\"\" width=\"331\" height=\"84\" srcset=\"https:\/\/hificlub.com.br\/loja\/wp-content\/uploads\/2025\/06\/KLIPSCH-RP-1000SW-10-High-Excursion-Subwoofer-award2.jpg 331w, https:\/\/hificlub.com.br\/loja\/wp-content\/uploads\/2025\/06\/KLIPSCH-RP-1000SW-10-High-Excursion-Subwoofer-award2-300x76.jpg 300w\" sizes=\"auto, (max-width: 331px) 100vw, 331px\" \/><\/a><\/p>\n","protected":false},"excerpt":{"rendered":"<p>Os novos subwoofers de alto desempenho da Klipsch, dignos do apelido Reference Premiere, s\u00e3o constru\u00eddos com nossa tecnologia ac\u00fastica inovadora e s\u00e3o, em termos de peso, alguns dos melhores subwoofers que a Klipsch j\u00e1 criou. Amplificador Classe D de Alta Efici\u00eancia O amplificador integrado de alta efici\u00eancia possui um pr\u00e9-amplificador anal\u00f3gico, que mant\u00e9m o caminho [&hellip;]<\/p>\n","protected":false},"featured_media":22572,"template":"","meta":{"_acf_changed":false},"product_brand":[],"product_cat":[15],"product_tag":[],"class_list":{"0":"post-22566","1":"product","2":"type-product","3":"status-publish","4":"has-post-thumbnail","6":"product_cat-sem-categoria","8":"first","9":"instock","10":"sold-individually","11":"shipping-taxable","12":"purchasable","13":"product-type-simple"},"acf":[],"aioseo_notices":[],"_links":{"self":[{"href":"https:\/\/hificlub.com.br\/loja\/wp-json\/wp\/v2\/product\/22566","targetHints":{"allow":["GET"]}}],"collection":[{"href":"https:\/\/hificlub.com.br\/loja\/wp-json\/wp\/v2\/product"}],"about":[{"href":"https:\/\/hificlub.com.br\/loja\/wp-json\/wp\/v2\/types\/product"}],"wp:featuredmedia":[{"embeddable":true,"href":"https:\/\/hificlub.com.br\/loja\/wp-json\/wp\/v2\/media\/22572"}],"wp:attachment":[{"href":"https:\/\/hificlub.com.br\/loja\/wp-json\/wp\/v2\/media?parent=22566"}],"wp:term":[{"taxonomy":"product_brand","embeddable":true,"href":"https:\/\/hificlub.com.br\/loja\/wp-json\/wp\/v2\/product_brand?post=22566"},{"taxonomy":"product_cat","embeddable":true,"href":"https:\/\/hificlub.com.br\/loja\/wp-json\/wp\/v2\/product_cat?post=22566"},{"taxonomy":"product_tag","embeddable":true,"href":"https:\/\/hificlub.com.br\/loja\/wp-json\/wp\/v2\/product_tag?post=22566"}],"curies":[{"name":"wp","href":"https:\/\/api.w.org\/{rel}","templated":true}]}}