{"id":22522,"date":"2025-06-04T17:23:45","date_gmt":"2025-06-04T20:23:45","guid":{"rendered":"https:\/\/hificlub.com.br\/loja\/?post_type=product&#038;p=22522"},"modified":"2026-03-25T18:34:04","modified_gmt":"2026-03-25T21:34:04","slug":"kef-ls50-meta-white-speakers-par","status":"publish","type":"product","link":"https:\/\/hificlub.com.br\/loja\/produto\/kef-ls50-meta-white-speakers-par\/","title":{"rendered":"KEF LS50 META Caixas Bookshelf"},"content":{"rendered":"<p><strong>As Primeiras Caixas de Som do Mundo com Metamaterial<\/strong><br \/>\nA LS50 Meta \u00e9 uma caixa de som altamente precisa e emocionalmente envolvente, constru\u00edda com tecnologia ac\u00fastica revolucion\u00e1ria. Projetada com base no conjunto de drivers Uni-Q de 12\u00aa Gera\u00e7\u00e3o com Tecnologia de Absor\u00e7\u00e3o de Metamaterial, esta caixa de som s\u00f3lida e compacta \u00e9 capaz de proporcionar um som detalhado em qualquer lugar do ambiente.<\/p>\n<p><strong>Desempenho &#8211;<\/strong> <strong>Som mais preciso e imersivo<\/strong><br \/>\nA Tecnologia de Absor\u00e7\u00e3o de Metamateriais elimina 99% da distor\u00e7\u00e3o de alta frequ\u00eancia para um som puro e natural<\/p>\n<p>Uni-Q de 12\u00aa gera\u00e7\u00e3o com conjunto de drivers MAT para precis\u00e3o ac\u00fastica excepcional<\/p>\n<p>Otimiza\u00e7\u00e3o do Desempenho do Driver para desempenho sonoro aprimorado, menos distor\u00e7\u00e3o e colora\u00e7\u00e3o reduzida<\/p>\n<p>Porta flex\u00edvel offset patenteada para colora\u00e7\u00e3o reduzida de m\u00e9dios com n\u00edveis excepcionais de profundidade e detalhes<\/p>\n<p><strong>Design &#8211; Aten\u00e7\u00e3o a cada detalhe<\/strong><br \/>\nDesign de gabinete otimizado para o melhor desempenho ac\u00fastico<\/p>\n<p>Dispon\u00edvel em 4 acabamentos<\/p>\n<p>Com encaixes de montagem para fixa\u00e7\u00e3o no Suporte de Ch\u00e3o KEF S2 (dispon\u00edvel separadamente)<\/p>\n<h2 class=\"t_\">ESPECIFICA\u00c7\u00d5ES<\/h2>\n<p><strong>Modelo<\/strong><br \/>\nLS50 Meta<\/p>\n<p><strong>Cores dispon\u00edveis<\/strong><\/p>\n<p>Mineral White, Royal Blue, Carbon Black<\/p>\n<p><strong>Design<\/strong><br \/>\nReflexo de graves bidirecional<\/p>\n<p><strong>Unidades de acionamento<\/strong><br \/>\nConjunto de drivers Uni-Q:<br \/>\nHF: c\u00fapula de alum\u00ednio ventilada de 25 mm (1 pol.) com Tecnologia de Absor\u00e7\u00e3o de Metamaterial<br \/>\nMF\/LF: cone de alum\u00ednio de 130 mm (5,25 pol.)<\/p>\n<p><strong>Frequ\u00eancia de crossover<\/strong><br \/>\n2,1 kHz<\/p>\n<p><strong>Faixa de Frequ\u00eancia (-6 dB)<\/strong><br \/>\n47 Hz &#8211; 45 kHz<\/p>\n<p><strong>Resposta de Graves T\u00edpica em Ambientes (-6 dB)<\/strong><br \/>\n26 Hz<\/p>\n<p><strong>Resposta de Frequ\u00eancia (\u00b13 dB)<\/strong><br \/>\n79 Hz &#8211; 28 kHz<\/p>\n<p><strong>Distor\u00e7\u00e3o Harm\u00f4nica (90 dB, 1 m)<\/strong><br \/>\n&lt;0,4% 175 Hz &#8211; 20 kHz<br \/>\n&lt;0,1% 300 Hz &#8211; 10 kHz<\/p>\n<p><strong>Sa\u00edda M\u00e1xima<\/strong><br \/>\n106 dB<\/p>\n<p><strong>Pot\u00eancia do Amplificador (Recomendada)<\/strong><br \/>\n40-100 W<\/p>\n<p><strong>Imped\u00e2ncia Nominal<\/strong><br \/>\n8 \u03a9 (m\u00edn. 3,5 \u03a9)<\/p>\n<p><strong>Sensibilidade (2,83 V\/1 m)<\/strong><br \/>\n85 dB<\/p>\n<p><strong>Peso<\/strong><br \/>\n7,8 kg (17,2 lbs.)<\/p>\n<p><strong>Dimens\u00f5es (A x L x P) com Terminal<\/strong><br \/>\n302 x 200 x 280,5 mm (11,9 x 7,9 x 11,0 pol.)<\/p>\n<p>&nbsp;<\/p>\n<p><a href=\"https:\/\/www-whathifi-com.translate.goog\/reviews\/kef-ls50-meta?_x_tr_sl=en&amp;_x_tr_tl=pt&amp;_x_tr_hl=pt&amp;_x_tr_pto=tc\" target=\"_blank\" rel=\"noopener\"><img loading=\"lazy\" decoding=\"async\" class=\"alignnone wp-image-22447 size-full\" src=\"https:\/\/hificlub.com.br\/loja\/wp-content\/uploads\/2024\/01\/what-hifi-awards-10.png\" alt=\"\" width=\"316\" height=\"160\" srcset=\"https:\/\/hificlub.com.br\/loja\/wp-content\/uploads\/2024\/01\/what-hifi-awards-10.png 316w, https:\/\/hificlub.com.br\/loja\/wp-content\/uploads\/2024\/01\/what-hifi-awards-10-300x152.png 300w\" sizes=\"auto, (max-width: 316px) 100vw, 316px\" \/><\/a><\/p>\n","protected":false},"excerpt":{"rendered":"<p>As Primeiras Caixas de Som do Mundo com Metamaterial A LS50 Meta \u00e9 uma caixa de som altamente precisa e emocionalmente envolvente, constru\u00edda com tecnologia ac\u00fastica revolucion\u00e1ria. Projetada com base no conjunto de drivers Uni-Q de 12\u00aa Gera\u00e7\u00e3o com Tecnologia de Absor\u00e7\u00e3o de Metamaterial, esta caixa de som s\u00f3lida e compacta \u00e9 capaz de proporcionar [&hellip;]<\/p>\n","protected":false},"featured_media":22507,"template":"","meta":{"_acf_changed":false},"product_brand":[],"product_cat":[25,17,56],"product_tag":[],"class_list":{"0":"post-22522","1":"product","2":"type-product","3":"status-publish","4":"has-post-thumbnail","6":"product_cat-bookshelf","7":"product_cat-caixas","8":"product_cat-kef","10":"first","11":"instock","12":"sold-individually","13":"shipping-taxable","14":"purchasable","15":"product-type-simple"},"acf":[],"aioseo_notices":[],"_links":{"self":[{"href":"https:\/\/hificlub.com.br\/loja\/wp-json\/wp\/v2\/product\/22522","targetHints":{"allow":["GET"]}}],"collection":[{"href":"https:\/\/hificlub.com.br\/loja\/wp-json\/wp\/v2\/product"}],"about":[{"href":"https:\/\/hificlub.com.br\/loja\/wp-json\/wp\/v2\/types\/product"}],"wp:featuredmedia":[{"embeddable":true,"href":"https:\/\/hificlub.com.br\/loja\/wp-json\/wp\/v2\/media\/22507"}],"wp:attachment":[{"href":"https:\/\/hificlub.com.br\/loja\/wp-json\/wp\/v2\/media?parent=22522"}],"wp:term":[{"taxonomy":"product_brand","embeddable":true,"href":"https:\/\/hificlub.com.br\/loja\/wp-json\/wp\/v2\/product_brand?post=22522"},{"taxonomy":"product_cat","embeddable":true,"href":"https:\/\/hificlub.com.br\/loja\/wp-json\/wp\/v2\/product_cat?post=22522"},{"taxonomy":"product_tag","embeddable":true,"href":"https:\/\/hificlub.com.br\/loja\/wp-json\/wp\/v2\/product_tag?post=22522"}],"curies":[{"name":"wp","href":"https:\/\/api.w.org\/{rel}","templated":true}]}}