{"id":22494,"date":"2025-06-04T10:57:48","date_gmt":"2025-06-04T13:57:48","guid":{"rendered":"https:\/\/hificlub.com.br\/loja\/?post_type=product&#038;p=22494"},"modified":"2026-03-03T22:17:51","modified_gmt":"2026-03-04T01:17:51","slug":"kef-blade-two-meta-piano-black-copper-hifi-speakers-par","status":"publish","type":"product","link":"https:\/\/hificlub.com.br\/loja\/produto\/kef-blade-two-meta-piano-black-copper-hifi-speakers-par\/","title":{"rendered":"KEF BLADE TWO META Piano Black \/Cooper"},"content":{"rendered":"<p><strong>Caixa de som compacta Single Apparent Source<\/strong><br \/>\nCompartilhando o mesmo DNA da Blade One Meta, a Blade Two Meta oferece toda a pot\u00eancia ac\u00fastica e o design ic\u00f4nico em uma escala um pouco menor. A Blade Two Meta apresenta a tecnologia Single Apparent Source com quatro drivers de graves de 165 mm (6,5 pol.) com cancelamento de for\u00e7a e um conjunto de drivers Uni-Q\u00ae de 12\u00aa gera\u00e7\u00e3o com MAT\u2122.<\/p>\n<p><strong>Inova\u00e7\u00e3o Inquestion\u00e1vel<\/strong><br \/>\nObcecados pela qualidade sonora e comprometidos em proporcionar uma experi\u00eancia auditiva superior, nossos engenheiros criaram a revolucion\u00e1ria Concept Blade para demonstrar a lideran\u00e7a tecnol\u00f3gica e o poder de inova\u00e7\u00e3o da KEF, sem preconceitos nem restri\u00e7\u00f5es. Desde ent\u00e3o, continuamos expandindo os limites do HiFi para criar a caixa ac\u00fastica com o melhor som poss\u00edvel.<\/p>\n<p><strong>Exclusivamente KEF. Exclusivamente coerente.<\/strong><br \/>\nNo cora\u00e7\u00e3o do Blade est\u00e1 a tecnologia de Fonte Aparente \u00danica; uma tecnologia exclusiva que torna o Blade incrivelmente coerente, com imagens notavelmente mais precisas. A vers\u00e3o mais recente do Blade se beneficia da nossa mais recente inova\u00e7\u00e3o ac\u00fastica: o Uni-Q\u00ae de 12\u00aa gera\u00e7\u00e3o com Tecnologia de Absor\u00e7\u00e3o de Metamateriais (MAT\u2122).<\/p>\n<p><strong>Projetado e fabricado artesanalmente no Reino Unido<\/strong><br \/>\nDesde 1961, criamos caixas ac\u00fasticas premiadas e extraordin\u00e1rias em nossa sede em Maidstone, Kent, no Reino Unido. Como nossa principal caixa ac\u00fastica HiFi, a Blade continua sendo projetada, desenvolvida e fabricada artesanalmente em Maidstone.<\/p>\n<p><strong>ESPECIFICA\u00c7\u00d5ES<\/strong><\/p>\n<p><strong>Design<\/strong><br \/>\nReflex de graves de tr\u00eas vias<br \/>\nFonte aparente \u00fanica<\/p>\n<p><strong>Unidades de acionamento<\/strong><br \/>\n\u200b\u200bConjunto de drivers Uni-Q:<br \/>\nHF: c\u00fapula de alum\u00ednio de 25 mm (1 pol.) com MAT<br \/>\nMF: cone de alum\u00ednio de 125 mm (5 pol.)<\/p>\n<p>Unidades de graves:<br \/>\nLF: cone de alum\u00ednio de 4 x 165 mm (6,5 pol.), cancelamento de for\u00e7a<\/p>\n<p><strong>Faixa de frequ\u00eancia em campo livre (-6 dB)<\/strong><br \/>\n30 Hz &#8211; 45 kHz<\/p>\n<p><strong>Faixa de frequ\u00eancia t\u00edpica em ambientes internos Resposta de graves (-6 dB)<\/strong><br \/>\n25 Hz<\/p>\n<p><strong>Resposta de frequ\u00eancia (\u00b1 3 dB)<\/strong><br \/>\n33 Hz &#8211; 35 kHz<\/p>\n<p><strong>Frequ\u00eancia de crossover<\/strong><br \/>\n450 Hz, 2,2 kHz<\/p>\n<p><strong>Requisitos do amplificador<\/strong><br \/>\n50-400 W<\/p>\n<p><strong>Sensibilidade (2,83 V\/1 m)<\/strong><br \/>\n86 dB<\/p>\n<p><strong>Distor\u00e7\u00e3o harm\u00f4nica de 2\u00aa e 3\u00aa harm\u00f4nicas (90 dB, 1 m)<\/strong><br \/>\n&lt;0,5% 40 Hz &#8211; 100 kHz<br \/>\n&lt;0,2% 200 Hz &#8211; 2 kHz<br \/>\n&lt;0,1% 2 kHz &#8211; 20 kHz<\/p>\n<p><strong>Sa\u00edda m\u00e1xima (SPL)<\/strong><br \/>\n(n\u00edvel de press\u00e3o sonora de pico a 1 m com ru\u00eddo rosa)<\/p>\n<p><strong>Imped\u00e2ncia<\/strong><br \/>\n4 \u03a9 (m\u00edn. 3,2 \u03a9)<\/p>\n<p><strong>Peso<\/strong><br \/>\n35,5 kg (77,8 lbs)<\/p>\n<p><strong>Dimens\u00f5es &#8211; com base (A x L x P)<\/strong><br \/>\n1461 x 338 x 475 mm (57,5 x 13,3 x 18,7 pol.)<\/p>\n<p><strong>Acabamentos padr\u00e3o<\/strong><br \/>\nPreto Piano\/Cobre, Preto Piano\/Cinza, Azul Fosco\/Azul, Azul Fosco\/Bronze, Cinza Carv\u00e3o\/Vermelho, Cinza Carv\u00e3o\/Bronze, Vermelho Racing\/Cinza, Branco \u00c1rtico\/Champanhe<\/p>\n<p><a href=\"https:\/\/www.stereophile.com\/content\/kef-blade-two-meta-loudspeaker\" target=\"_blank\" rel=\"noopener\"><img loading=\"lazy\" decoding=\"async\" class=\"alignnone\" src=\"https:\/\/hificlub.com.br\/loja\/wp-content\/uploads\/2025\/06\/KEF-BLADE-TWO-META-ARCTIC-WHITE-CHAMPAGNE-HiFi-Speakers-award.jpg\" alt=\"\" width=\"535\" height=\"312\" \/><\/a><\/p>\n","protected":false},"excerpt":{"rendered":"<p>Caixa de som compacta Single Apparent Source Compartilhando o mesmo DNA da Blade One Meta, a Blade Two Meta oferece toda a pot\u00eancia ac\u00fastica e o design ic\u00f4nico em uma escala um pouco menor. A Blade Two Meta apresenta a tecnologia Single Apparent Source com quatro drivers de graves de 165 mm (6,5 pol.) com [&hellip;]<\/p>\n","protected":false},"featured_media":22495,"template":"","meta":{"_acf_changed":false},"product_brand":[],"product_cat":[17,56,18],"product_tag":[],"class_list":{"0":"post-22494","1":"product","2":"type-product","3":"status-publish","4":"has-post-thumbnail","6":"product_cat-caixas","7":"product_cat-kef","8":"product_cat-torres","10":"first","11":"instock","12":"sold-individually","13":"shipping-taxable","14":"purchasable","15":"product-type-simple"},"acf":[],"aioseo_notices":[],"_links":{"self":[{"href":"https:\/\/hificlub.com.br\/loja\/wp-json\/wp\/v2\/product\/22494","targetHints":{"allow":["GET"]}}],"collection":[{"href":"https:\/\/hificlub.com.br\/loja\/wp-json\/wp\/v2\/product"}],"about":[{"href":"https:\/\/hificlub.com.br\/loja\/wp-json\/wp\/v2\/types\/product"}],"wp:featuredmedia":[{"embeddable":true,"href":"https:\/\/hificlub.com.br\/loja\/wp-json\/wp\/v2\/media\/22495"}],"wp:attachment":[{"href":"https:\/\/hificlub.com.br\/loja\/wp-json\/wp\/v2\/media?parent=22494"}],"wp:term":[{"taxonomy":"product_brand","embeddable":true,"href":"https:\/\/hificlub.com.br\/loja\/wp-json\/wp\/v2\/product_brand?post=22494"},{"taxonomy":"product_cat","embeddable":true,"href":"https:\/\/hificlub.com.br\/loja\/wp-json\/wp\/v2\/product_cat?post=22494"},{"taxonomy":"product_tag","embeddable":true,"href":"https:\/\/hificlub.com.br\/loja\/wp-json\/wp\/v2\/product_tag?post=22494"}],"curies":[{"name":"wp","href":"https:\/\/api.w.org\/{rel}","templated":true}]}}