{"id":22435,"date":"2025-06-04T10:13:59","date_gmt":"2025-06-04T13:13:59","guid":{"rendered":"https:\/\/hificlub.com.br\/loja\/?post_type=product&#038;p=22435"},"modified":"2026-03-03T22:17:52","modified_gmt":"2026-03-04T01:17:52","slug":"kef-amp-kasa500-amplificador-stereo-2ch-class-d","status":"publish","type":"product","link":"https:\/\/hificlub.com.br\/loja\/produto\/kef-amp-kasa500-amplificador-stereo-2ch-class-d\/","title":{"rendered":"KEF AMP KASA500 Amplificador \/ Crossover para Subwoofer 250 watts"},"content":{"rendered":"<p>Este amplificador de sistema controlado por DSP \u00e9 otimizado para fornecer graves estrondosos dos subwoofers KEF Ci.<\/p>\n<p>O KASA500 \u00e9 um potente amplificador Classe D Dual de 250 WPC. Este amplificador de sistema controlado por DSP \u00e9 otimizado para fornecer graves estrondosos a partir dos subwoofers KEF Ci. Com entradas de linha e de alto-falante, e pass-through configur\u00e1vel por DSP com filtros passa-altas opcionais, o KASA500 \u00e9 vers\u00e1til e pode ser implantado em in\u00fameras configura\u00e7\u00f5es de sistema. Suportes para montagem em rack opcionais inclu\u00eddos.<\/p>\n<p>O KASA500 \u00e9 um potente amplificador Classe D Dual 250WPC. Este amplificador de sistema controlado por DSP \u00e9 otimizado para fornecer graves estrondosos a partir dos subwoofers KEF Ci. Com entradas de linha e de alto-falante, e pass-through configur\u00e1vel por DSP com filtros passa-altas opcionais, o KASA500 \u00e9 vers\u00e1til e pode ser implantado em in\u00fameras configura\u00e7\u00f5es de sistema. Para permitir flexibilidade futura, os engenheiros da KEF podem atualizar o firmware do DSP do KASA500 para otimizar o desempenho com alto-falantes KEF adicionais. O KASA500 Programmer* \u00e9 uma ferramenta propriet\u00e1ria para atualizar o firmware do KASA500. NOTA: O software KASA500 requer um &#8220;cabo USB Tipo A Macho para USB Tipo A Macho&#8221; para a conex\u00e3o entre o seu computador e o KASA500.<\/p>\n<p><strong>ESPECIFICA\u00c7\u00d5ES<\/strong><\/p>\n<p>Cor: Preto<br \/>\nFrequ\u00eancias de Crossover: 40 &#8211; 140 Hz ou bypass de software<br \/>\nEntradas: N\u00edvel de linha RCA est\u00e9reo selecion\u00e1vel ou n\u00edvel RCA LFE mono; N\u00edvel de alto-falante est\u00e9reo<br \/>\nTens\u00e3o de entrada de disparo de 12 V: 8 a 14 V CC a 1,5 mA m\u00e1x. Plugue f\u00eamea de \u215b&#8221;&#8221; de di\u00e2metro (ponta positiva ou ponta negativa)<br \/>\nPot\u00eancia do amplificador recomendada: (&lt;1% THD) 2 x 250 watts 4 ohms; Ponte 1 x 500 watts 8 ohms<br \/>\nPot\u00eancia do amplificador: 2 x 250 watts 4 ohms; Ponte 1 x 500 watts 8 ohms (&lt;1% THD)<\/p>\n<p><strong>Dimens\u00f5es externas do produto<\/strong><\/p>\n<p>(A x L x P): 88 x 432 x 304 mm (3\u00bd x 17 x 12 pol.)<br \/>\nCom p\u00e9s: 92 x 432 x 304 mm (3\u215d x 17 x 12 pol.)<br \/>\nCom abas de rack; 2 espa\u00e7os de rack EIA: 88 x 483 x 304 mm (3\u00bd x 19 x 12 pol.)<br \/>\nPeso: 4 kg (9 lbs)<\/p>\n<p>&nbsp;<\/p>\n","protected":false},"excerpt":{"rendered":"<p>Este amplificador de sistema controlado por DSP \u00e9 otimizado para fornecer graves estrondosos dos subwoofers KEF Ci. O KASA500 \u00e9 um potente amplificador Classe D Dual de 250 WPC. Este amplificador de sistema controlado por DSP \u00e9 otimizado para fornecer graves estrondosos a partir dos subwoofers KEF Ci. Com entradas de linha e de alto-falante, [&hellip;]<\/p>\n","protected":false},"featured_media":22469,"template":"","meta":{"_acf_changed":false},"product_brand":[],"product_cat":[27,17,28,56,36],"product_tag":[],"class_list":{"0":"post-22435","1":"product","2":"type-product","3":"status-publish","4":"has-post-thumbnail","6":"product_cat-amplificador","7":"product_cat-caixas","8":"product_cat-estereo","9":"product_cat-kef","10":"product_cat-subwoofer","12":"first","13":"instock","14":"sold-individually","15":"shipping-taxable","16":"purchasable","17":"product-type-simple"},"acf":[],"aioseo_notices":[],"_links":{"self":[{"href":"https:\/\/hificlub.com.br\/loja\/wp-json\/wp\/v2\/product\/22435","targetHints":{"allow":["GET"]}}],"collection":[{"href":"https:\/\/hificlub.com.br\/loja\/wp-json\/wp\/v2\/product"}],"about":[{"href":"https:\/\/hificlub.com.br\/loja\/wp-json\/wp\/v2\/types\/product"}],"wp:featuredmedia":[{"embeddable":true,"href":"https:\/\/hificlub.com.br\/loja\/wp-json\/wp\/v2\/media\/22469"}],"wp:attachment":[{"href":"https:\/\/hificlub.com.br\/loja\/wp-json\/wp\/v2\/media?parent=22435"}],"wp:term":[{"taxonomy":"product_brand","embeddable":true,"href":"https:\/\/hificlub.com.br\/loja\/wp-json\/wp\/v2\/product_brand?post=22435"},{"taxonomy":"product_cat","embeddable":true,"href":"https:\/\/hificlub.com.br\/loja\/wp-json\/wp\/v2\/product_cat?post=22435"},{"taxonomy":"product_tag","embeddable":true,"href":"https:\/\/hificlub.com.br\/loja\/wp-json\/wp\/v2\/product_tag?post=22435"}],"curies":[{"name":"wp","href":"https:\/\/api.w.org\/{rel}","templated":true}]}}