{"id":22420,"date":"2025-06-02T17:49:45","date_gmt":"2025-06-02T20:49:45","guid":{"rendered":"https:\/\/hificlub.com.br\/loja\/?post_type=product&#038;p=22420"},"modified":"2025-06-25T11:14:45","modified_gmt":"2025-06-25T14:14:45","slug":"zavfino-gold-rush-au-ag-gold-coated-pc-occ-copper-solid-pure-silver-15m","status":"publish","type":"product","link":"https:\/\/hificlub.com.br\/loja\/produto\/zavfino-gold-rush-au-ag-gold-coated-pc-occ-copper-solid-pure-silver-15m\/","title":{"rendered":"ZAVFINO GOLD RUSH &#8211; AU\/AG GOLD COATED PC-OCC &#8211; Prata e Cobre, Din\/RCA &#8211; 1,5m"},"content":{"rendered":"<p>Todo produto de \u00e1udio de ponta precisa ter um desempenho de alto n\u00edvel para ser digno de sua designa\u00e7\u00e3o de ponta. Da interpreta\u00e7\u00e3o vocal ou de viol\u00e3o, que pode parecer uma tarefa extremamente f\u00e1cil de executar, \u00e0 representa\u00e7\u00e3o do drama e do senso de realismo intimamente associados \u00e0 m\u00fasica cl\u00e1ssica. Nada \u00e9 f\u00e1cil nem simples quando se trata da reprodu\u00e7\u00e3o cr\u00edvel da m\u00fasica.<\/p>\n<p>Quando se trata do espelhamento sonoro e da avalia\u00e7\u00e3o da orquestra\/coro, sempre recorro ao Carl Orff \u2013 Carmina Burana (Supraphon a.s. \u2013 88 765 XAK). Esta grava\u00e7\u00e3o proporciona um impacto emocional hipnotizante e arrebatador, exige um cabo verdadeiramente transparente e potente e exige um manuseio de alta densidade.<\/p>\n<p>Sempre me intriga como um sinal em escala t\u00e3o pequena pode transportar tantos detalhes micro e macro. Quando replicado adequadamente, o universo auditivo pode se expandir para algo belo e inspirador. Nunca \u00e9 f\u00e1cil destrinchar todos os componentes obrigat\u00f3rios de um cabo de alta qualidade. Os atributos mencionados acima s\u00e3o apenas uma pequena parte dos requisitos essenciais, altamente exigentes e multitarefas que definem a capacidade de um cabo de \u00e1udio de alta qualidade. Sem a entrega adequada dos atributos sonoros em todos os n\u00edveis, a reprodu\u00e7\u00e3o musical soar\u00e1 insossa, sem envolvimento e sem gra\u00e7a.<\/p>\n<p>O cabo fonogr\u00e1fico Zavfino 1877PHONO Graphene Gold Rush atuou com uma capacidade surpreendentemente gorgonizante, abrindo assim as portas para a impenetrabilidade de Carmina Burana e abrindo m\u00e3o da solidez sem perder a necess\u00e1ria solidez dos pontos de ancoragem ac\u00fastica. O Gold Rush carregou o sinal rapidamente com o comportamento necess\u00e1rio e envolvente, permitindo que a variedade de tons, timbres e cores florescesse.<\/p>\n<p>Independentemente do pre\u00e7o, os cabos fonogr\u00e1ficos Graphene Gold Rush conseguiram entregar a tens\u00e3o t\u00edpica de Carmin Burana sem o efeito de burburinho e com a transpar\u00eancia que se materializou na propuls\u00e3o sem distra\u00e7\u00f5es do fluxo musical. Uma grande conquista!<\/p>\n<p>The seamless blend of piano and orchestra is never a chore for any analog front end. Noteworthy deliverance is closely associated with each part of the analogue chain and phono cable is no different in this regard. It must ask on its sole potency as well as a part of the bigger synergetic ensemble.<br class=\"wixui-rich-text__text\" \/><br class=\"wixui-rich-text__text\" \/>On the grander scale of high-end audio reproduction, the piano&#8217;s decays and delays can be \u00a0too quickly masked and hidden behind the orchestra momentum once the gravity of multi-instruments kicks in. This is especially evident with\u00a0Andrei Gavrilov, Riccardo Muti, Philharmonia Orchestra, Tchaikovsky \u200e\u2013 Piano Concerto No. 1\u00a0(His Master&#8217;s Voice \u200e\u2013 ASD 3818).<br class=\"wixui-rich-text__text\" \/><br class=\"wixui-rich-text__text\" \/>The sound of the orchestra, when combined with a solo instrument (the piano in this particular record), manifests as one giant whole. The energetic-virtual-bubble travels towards the listener as a grand-sonic-harmonic-entity; yet the solo instrument never looses its identity in this projection. This is where the high-performance phono cable differs from the mediocre one in instant.<br class=\"wixui-rich-text__text\" \/><br class=\"wixui-rich-text__text\" \/>Zavfino 1877PHONO Graphene Gold Rush had allowed the raw and primary nature of the orchestra to manifest with the much needed authority, without taking away the piano aural formation. Further on, the piano&#8217;s gestalt was never lost in translation. Sadly, this happens too often even with some high priced phono cables, but on contrary and refreshingly, the Graphene Gold Rush have rendered the sonic complexity with verisimilitude.<br class=\"wixui-rich-text__text\" \/><br class=\"wixui-rich-text__text\" \/>Sound expanded in beguiling way, but in absence of any deceptiveness. Zavfino 1877PHONO phono cable had allowed way more, then its should at this price point. It had conveyed the music momentum with fulfilling effect, never stepping into the realms of lackadaisical.<\/p>\n<p><strong>Tratamento Deep Cryo\u2122<\/strong><br \/>\nTodos os condutores utilizados em nossos cabos passam por tratamento Deep Cryo\u2122 antes da extrus\u00e3o do isolamento sobre os metais. Nossa pesquisa comprovou que o condutor \u2014 e somente ele \u2014 se beneficia do criotratamento. Materiais como cloreto de polivinila (PVC\u2122), Teflon\u2122, PE e Sil\u00edcio\u2122 podem ser afetados negativamente pelo recozimento a frio. O criotratamento de materiais n\u00e3o condutores e isolantes pode causar sua quebra e fragilidade.<br \/>\nA pureza, o tamanho e a estrutura molecular de cada condutor determinam a temperatura espec\u00edfica, dentro da faixa de -186 \u00b0C a -196 \u00b0C, na qual realizamos o criotratamento. A pesquisa da Zavfino sobre f\u00edsica de baixas temperaturas comprovou que a temperatura mais baixa n\u00e3o \u00e9 necessariamente a melhor para o criotratamento.<\/p>\n<p>Este \u00e9 um processo de duas etapas. Na primeira etapa, puxamos o condutor desencapado atrav\u00e9s de uma matriz cer\u00e2mica para uma c\u00e2mara de limpeza ultrass\u00f4nica que bombardeia o condutor com m\u00faltiplas frequ\u00eancias ultrass\u00f4nicas. Esse processo de emulsifica\u00e7\u00e3o remove todos os res\u00edduos da superf\u00edcie do fio at\u00e9 o n\u00edvel molecular, sem deixar absolutamente nenhum res\u00edduo.<\/p>\n<p><strong>UltraSonic 7 Alta Tens\u00e3o \/ Break-in T\u00e9rmico<\/strong><br \/>\nEste \u00e9 um processo de duas etapas. Na primeira etapa, puxamos o condutor desencapado atrav\u00e9s de uma matriz cer\u00e2mica para uma c\u00e2mara de limpeza ultrass\u00f4nica que bombardeia o condutor com m\u00faltiplas frequ\u00eancias ultrass\u00f4nicas. Esse processo de emulsifica\u00e7\u00e3o remove todos os res\u00edduos da superf\u00edcie do fio at\u00e9 o n\u00edvel molecular, sem deixar absolutamente nenhum res\u00edduo. Ap\u00f3s o processamento de cada fio, n\u00f3s o torcemos em feixes e, em seguida, submetemos os feixes a um tratamento adicional. Durante a segunda etapa do burn-in ultrass\u00f4nico, aumentamos a tens\u00e3o para um n\u00edvel mais alto, logo abaixo do limite do condutor. Este ajuste de temperatura nos permite obter um &#8220;efeito de ruptura&#8221; exclusivo, normalmente associado a cabos que passaram por 30 a 40 horas de sinal e\/ou corrente.<\/p>\n<p><strong>H-Wound\u2122 + Perda Zero de Fios da Zavfino:<\/strong><\/p>\n<p>Com base em mais de 18 anos de experi\u00eancia em fabrica\u00e7\u00e3o, a Zavfino desenvolveu uma nova t\u00e9cnica not\u00e1vel para torcer fios tran\u00e7ados firmemente em torno de um condutor central de n\u00facleo s\u00f3lido. Um fen\u00f4meno el\u00e9trico comumente conhecido como &#8220;efeito pelicular&#8221; ocorre quando el\u00e9trons se movem atrav\u00e9s de qualquer condutor de n\u00facleo s\u00f3lido. Frequ\u00eancias mais altas viajam pela parte externa (pelicular) do condutor mais rapidamente do que frequ\u00eancias m\u00e9dias e de escal\u00e3o mais baixo. Isso resulta em PRaT borrado, timbres instrumentais confusos e um som n\u00e3o natural. A nova t\u00e9cnica de fabrica\u00e7\u00e3o H-Wound\u2122 da Zavfino anula o efeito pelicular. Originalmente desenvolvida pelas OEMs Siemens e Klangfilm, a Zavfino utiliza uma m\u00e1quina de tor\u00e7\u00e3o de fios de transformador personalizada. Modificamos ainda mais as engrenagens deste maquin\u00e1rio para criar enrolamentos com uma taxa de RPM mais baixa e um passo muito mais apertado. Este processo de fabrica\u00e7\u00e3o patenteado nos permite torcer a fia\u00e7\u00e3o no passo mais apertado poss\u00edvel, sem sobrepor os fios. A maioria das m\u00e1quinas de tor\u00e7\u00e3o de fios s\u00f3 consegue fabricar enrolamentos de at\u00e9 300 tor\u00e7\u00f5es por metro. Elevando ainda mais o padr\u00e3o, a m\u00e1quina de enrolamento de cabos H-Wound\u2122 patenteada da Zavfino cria uma taxa de passo de 14.000 a 16.000 tor\u00e7\u00f5es por metro; o que \u00e9 incompar\u00e1vel a qualquer outro fabricante de cabos audi\u00f3filo. A nova t\u00e9cnica de fabrica\u00e7\u00e3o Zero Strand Loss\u2122 da Zavfino protege os condutores agrupados contra danos durante o decapamento e a termina\u00e7\u00e3o. Ao garantir que cada n\u00facleo tenha zero fios lascados, cortados ou deformados, podemos garantir que cada n\u00facleo isolado seja 100% id\u00eantico. Para audi\u00f3filos, os resultados sonoros de enrolamentos mais apertados e condutores Zero Strand Loss\u2122 s\u00e3o cabos com sons de fundo mais silenciosos, precis\u00e3o t\u00edmbrica not\u00e1vel, PRaT realista, resolu\u00e7\u00e3o impressionante em m\u00e9dios e extens\u00e3o superior em baixas frequ\u00eancias. Nossa nova tecnologia de tor\u00e7\u00e3o H-Wound\u2122 nos permite proteger o delicado sinal el\u00e9trico que \u00e9 transferido atrav\u00e9s de nossos cabos. Combinados com as t\u00e9cnicas de fabrica\u00e7\u00e3o de ponta da Zavfino, nossos condutores OCC de cobre (Cu) e prata (Ag) combinados com precis\u00e3o, usados \u200b\u200bno cabo de alimenta\u00e7\u00e3o CA Silver Dart\u2122, trazem pureza e honestidade inigual\u00e1veis \u200b\u200ba todas as formas de m\u00fasica. Os resultados s\u00e3o detalhes, fineza e precis\u00e3o in\u00e9ditos em todo o espectro de frequ\u00eancias.<\/p>\n<p><strong>O que \u00e9 ZGRAPh-LDPTM..GRAFENO?<\/strong><br \/>\nA Zavfino \u00e9 a primeira fabricante de cabos audi\u00f3filos a integrar isolamento de grafeno em cabos de alimenta\u00e7\u00e3o CA de alta qualidade como uma blindagem diel\u00e9trica. Ap\u00f3s mais de dois anos de desenvolvimento com uma empresa americana l\u00edder em pesquisa de pol\u00edmeros de grafeno, temos o orgulho de apresentar nossa nova blindagem\/diel\u00e9trica condutiva ZGRAPh-LDPTM patenteada, utilizada pela primeira vez em nosso cabo de alimenta\u00e7\u00e3o CA Silver DartTM OCC.<\/p>\n<p><strong>Os resultados do uso do ZGRAPh-LDPTM<\/strong><\/p>\n<p>1. Prote\u00e7\u00e3o superior contra interfer\u00eancia eletromagn\u00e9tica, pois o contorno do grafeno se molda \u00e0s nossas blindagens de cobre e previne picos de EMI. O resultado final \u00e9 um aterramento aprimorado e uma transmiss\u00e3o de sinal significativamente superior.<br \/>\n2. O grafeno possui excelentes propriedades de Descarga Eletrost\u00e1tica (ESD) que eliminam a eletricidade est\u00e1tica e a carga triboel\u00e9trica;<\/p>\n<p><strong>SPECS<\/strong><\/p>\n<ul>\n<li>Condutor: Cobre monocristal PC-OCC de ouro 24k raro, misturado com fio s\u00f3lido de prata pura 99,9998% em constru\u00e7\u00e3o de passo estreito.<\/li>\n<li>Isolamentos: Diel\u00e9trico FEP\/Tef, diel\u00e9trico PTFE, pol\u00edmero de grafeno e fibra de vidro tran\u00e7ados com revestimento de silicone, revestimento de PVC R-Flex de 105\u00b0C.<\/li>\n<li>Blindagem: Mylar de alum\u00ednio com tran\u00e7ado de cobre revestido de prata de passo estreito. Aterramento: Fio terra SPOFC de 50 cm com clipe de aterramento de cobre OCC banhado a ouro 24k.<\/li>\n<li>Conector F\u00eamea (DIN): Soquetes isolados de cobre de alta pureza banhados a ouro 24k, retos, edi\u00e7\u00e3o limitada, em PTFE\/Tef, utilizando constru\u00e7\u00e3o de pinos antiestresse 1877.<\/li>\n<li>Divisor: Alum\u00ednio leve, usinado e anodizado<\/li>\n<li>Conector Macho (RCA): S\u00e9rie 1877 ZXP-5 G com conjunto de pinos de cobre OCC em ouro 24k,<\/li>\n<li>Manga 1: Manga de monofilamento personalizada de polietileno tereftalato (PET) com fibra antiest\u00e1tica em ouro \u00f4nix.<\/li>\n<li>Processamento: Tratamento com criodessulfuriza\u00e7\u00e3o profunda<\/li>\n<li>Processamento: Utra-Sonic-7\u2122 Breakin<\/li>\n<li>Termina\u00e7\u00f5es: RCA-RCA, RCA-DIN reto, RCA-DIN em \u00e2ngulo reto<\/li>\n<li>Observa\u00e7\u00e3o: Os cabos de bra\u00e7o Majestic, Highlands e Gold Rush (vers\u00e3o RCA-RCA) usam uma RCA diferente devido a considera\u00e7\u00f5es de blindagem.<\/li>\n<li>Comprimento: 1,5 m padr\u00e3o<\/li>\n<\/ul>\n","protected":false},"excerpt":{"rendered":"<p>Todo produto de \u00e1udio de ponta precisa ter um desempenho de alto n\u00edvel para ser digno de sua designa\u00e7\u00e3o de ponta. Da interpreta\u00e7\u00e3o vocal ou de viol\u00e3o, que pode parecer uma tarefa extremamente f\u00e1cil de executar, \u00e0 representa\u00e7\u00e3o do drama e do senso de realismo intimamente associados \u00e0 m\u00fasica cl\u00e1ssica. Nada \u00e9 f\u00e1cil nem simples [&hellip;]<\/p>\n","protected":false},"featured_media":22421,"template":"","meta":{"_acf_changed":false},"product_brand":[],"product_cat":[61,168,291,272],"product_tag":[],"class_list":{"0":"post-22420","1":"product","2":"type-product","3":"status-publish","4":"has-post-thumbnail","6":"product_cat-cabos","7":"product_cat-marcas","8":"product_cat-tonearm","9":"product_cat-zavfino","11":"first","12":"instock","13":"sold-individually","14":"shipping-taxable","15":"purchasable","16":"product-type-simple"},"acf":[],"aioseo_notices":[],"_links":{"self":[{"href":"https:\/\/hificlub.com.br\/loja\/wp-json\/wp\/v2\/product\/22420","targetHints":{"allow":["GET"]}}],"collection":[{"href":"https:\/\/hificlub.com.br\/loja\/wp-json\/wp\/v2\/product"}],"about":[{"href":"https:\/\/hificlub.com.br\/loja\/wp-json\/wp\/v2\/types\/product"}],"wp:featuredmedia":[{"embeddable":true,"href":"https:\/\/hificlub.com.br\/loja\/wp-json\/wp\/v2\/media\/22421"}],"wp:attachment":[{"href":"https:\/\/hificlub.com.br\/loja\/wp-json\/wp\/v2\/media?parent=22420"}],"wp:term":[{"taxonomy":"product_brand","embeddable":true,"href":"https:\/\/hificlub.com.br\/loja\/wp-json\/wp\/v2\/product_brand?post=22420"},{"taxonomy":"product_cat","embeddable":true,"href":"https:\/\/hificlub.com.br\/loja\/wp-json\/wp\/v2\/product_cat?post=22420"},{"taxonomy":"product_tag","embeddable":true,"href":"https:\/\/hificlub.com.br\/loja\/wp-json\/wp\/v2\/product_tag?post=22420"}],"curies":[{"name":"wp","href":"https:\/\/api.w.org\/{rel}","templated":true}]}}