{"id":22414,"date":"2025-06-02T17:40:26","date_gmt":"2025-06-02T20:40:26","guid":{"rendered":"https:\/\/hificlub.com.br\/loja\/?post_type=product&#038;p=22414"},"modified":"2025-06-25T11:18:51","modified_gmt":"2025-06-25T14:18:51","slug":"zavfino-silver-dart-graphene-occ-sp-occ-ag-audio-interconnect","status":"publish","type":"product","link":"https:\/\/hificlub.com.br\/loja\/produto\/zavfino-silver-dart-graphene-occ-sp-occ-ag-audio-interconnect\/","title":{"rendered":"ZAVFINO SILVER DART GRAPHENE OCC\/SP-OCC  AG &#8211; Cabo XRL"},"content":{"rendered":"<p><strong>Trecho da NOVO REVIEW<\/strong><\/p>\n<p>1877-Phono Zavfino Silver Dart<\/p>\n<p>Interconex\u00f5es e Cabos de Alto-Falante:<\/p>\n<p>Ao pensar em pechinchas, a frase &#8220;o inferno n\u00e3o tem f\u00faria maior que uma mulher que perde uma liquida\u00e7\u00e3o de sapatos de grife com 50% de desconto&#8221; vem \u00e0 mente. E assim como c\u00e3es desobedientes que instintivamente adoram mastigar cal\u00e7ados de alta costura, obter um bom custo-benef\u00edcio em equipamentos e cabos de \u00e1udio \u00e9 algo natural para audi\u00f3filos bab\u00f5es.<\/p>\n<p>Em maio de 2017, analisei os cabos de alimenta\u00e7\u00e3o CA Zavfino Silver Dart da 1877-Phono. Naquela \u00e9poca, conclu\u00ed:<\/p>\n<p>&#8220;Nos meus sistemas de \u00e1udio, o Silver Dart criou consistentemente uma conex\u00e3o emocional muito mais profunda com a m\u00fasica que amo. Mesmo em discos que ou\u00e7o h\u00e1 d\u00e9cadas, este cabo CA revelou camadas de som que eu honestamente nem sabia que existiam.&#8221;<\/p>\n<p>Quando a NOVO me perguntou se eu gostaria de analisar os novos Silver Dartinterconnects (CIs) e cabos de alto-falante (SCs) da Zavfino, agarrei meus seios tr\u00eamulos em antecipa\u00e7\u00e3o, como a Precious se agarrando narc\u00f3ticamente a um pote de pudim de chocolate.<\/p>\n<p>Descri\u00e7\u00e3o do produto:<\/p>\n<p>Sediada em Truro, Nova Esc\u00f3cia, Canad\u00e1, a 1877-Phono oferece com orgulho cabos, componentes e acess\u00f3rios para OEMs e DIY&#8217;s h\u00e1 quase 20 anos. Zavfino \u00e9 uma de suas marcas registradas.<\/p>\n<p>Recebi um par de Silver Dartinterconnects (CIs) da 1877-Phono de 1,5 m e um par de cabos de alto-falante Silver Dartspeaker de 3,0 m para an\u00e1lise. Os CIs s\u00e3o direcionais e t\u00eam uma se\u00e7\u00e3o central mais espessa com uma linda capa externa em bronze-pele de cobra com 16 mm de di\u00e2metro. Em ambas as extremidades, h\u00e1 dois peda\u00e7os mais finos de cabo de 8 mm de di\u00e2metro terminados com plugues RCA.<\/p>\n<p><strong>SPECS<\/strong><\/p>\n<ul class=\"font_8 wixui-rich-text__text\">\n<li class=\"wixui-rich-text__text\">\n<p class=\"font_8 wixui-rich-text__text\"><span class=\"wixui-rich-text__text\">Conductor: OCC Single Crystal Copper<\/span><\/p>\n<\/li>\n<li class=\"wixui-rich-text__text\">\n<p class=\"font_8 wixui-rich-text__text\"><span class=\"wixui-rich-text__text\">H-Wound\u2122 16,000 Twists\/m<\/span><\/p>\n<\/li>\n<li class=\"wixui-rich-text__text\">\n<p class=\"font_8 wixui-rich-text__text\"><span class=\"wixui-rich-text__text\">Ultra Sonic cleaning process\u00a0<\/span><\/p>\n<\/li>\n<li class=\"wixui-rich-text__text\">\n<p class=\"font_8 wixui-rich-text__text\"><span class=\"wixui-rich-text__text\">Deep Cryo Treatment -Conductor only<\/span><\/p>\n<\/li>\n<li class=\"wixui-rich-text__text\">\n<p class=\"font_8 wixui-rich-text__text\"><span class=\"wixui-rich-text__text\">Insulations:\u00a0PTFE dielectric (wrap), Telfon, Santoprene TPV, Graphene<\/span><\/p>\n<\/li>\n<li class=\"wixui-rich-text__text\">\n<p class=\"font_8 wixui-rich-text__text\"><span class=\"wixui-rich-text__text\">Shield: Mylar with\u00a0Braided\u00a0shield and Graphene extruded film as sealant.\u00a0<\/span><\/p>\n<\/li>\n<li class=\"wixui-rich-text__text\">\n<p class=\"font_8 wixui-rich-text__text\"><span class=\"wixui-rich-text__text\">Cable-in-Cable design\u00a0<\/span><\/p>\n<\/li>\n<li class=\"wixui-rich-text__text\">\n<p class=\"font_8 wixui-rich-text__text\"><span class=\"wixui-rich-text__text\">Multi Layer Jacket with second layer of Graphene acting as RFI\/EMI absorption\/dissipation layer<\/span><\/p>\n<\/li>\n<li class=\"wixui-rich-text__text\">\n<p class=\"font_8 wixui-rich-text__text\">Sleeve 1: Black Nylon with Clear Monofilament<\/p>\n<\/li>\n<li class=\"wixui-rich-text__text\">\n<p class=\"font_8 wixui-rich-text__text\"><span class=\"wixui-rich-text__text\">Sleeve 2: Custom Anti-Static\/Anti-Abrasion PE<\/span><\/p>\n<\/li>\n<li class=\"wixui-rich-text__text\">\n<p class=\"font_8 wixui-rich-text__text\"><span class=\"wixui-rich-text__text\">OCC PIN Teflon insulated low resistance RCA\u00a0<\/span><\/p>\n<\/li>\n<li><span class=\"wixui-rich-text__text\">Audiophile grade 24k Gold Plated XLR\u00a0connectors\u00a0<\/span><\/li>\n<\/ul>\n<p>&nbsp;<\/p>\n","protected":false},"excerpt":{"rendered":"<p>Trecho da NOVO REVIEW 1877-Phono Zavfino Silver Dart Interconex\u00f5es e Cabos de Alto-Falante: Ao pensar em pechinchas, a frase &#8220;o inferno n\u00e3o tem f\u00faria maior que uma mulher que perde uma liquida\u00e7\u00e3o de sapatos de grife com 50% de desconto&#8221; vem \u00e0 mente. E assim como c\u00e3es desobedientes que instintivamente adoram mastigar cal\u00e7ados de alta [&hellip;]<\/p>\n","protected":false},"featured_media":22418,"template":"","meta":{"_acf_changed":false},"product_brand":[],"product_cat":[61,71,73,168,272],"product_tag":[],"class_list":{"0":"post-22414","1":"product","2":"type-product","3":"status-publish","4":"has-post-thumbnail","6":"product_cat-cabos","7":"product_cat-interconnect-rca","8":"product_cat-interconnect-xlr","9":"product_cat-marcas","10":"product_cat-zavfino","12":"first","13":"instock","14":"sold-individually","15":"shipping-taxable","16":"purchasable","17":"product-type-simple"},"acf":[],"aioseo_notices":[],"_links":{"self":[{"href":"https:\/\/hificlub.com.br\/loja\/wp-json\/wp\/v2\/product\/22414","targetHints":{"allow":["GET"]}}],"collection":[{"href":"https:\/\/hificlub.com.br\/loja\/wp-json\/wp\/v2\/product"}],"about":[{"href":"https:\/\/hificlub.com.br\/loja\/wp-json\/wp\/v2\/types\/product"}],"wp:featuredmedia":[{"embeddable":true,"href":"https:\/\/hificlub.com.br\/loja\/wp-json\/wp\/v2\/media\/22418"}],"wp:attachment":[{"href":"https:\/\/hificlub.com.br\/loja\/wp-json\/wp\/v2\/media?parent=22414"}],"wp:term":[{"taxonomy":"product_brand","embeddable":true,"href":"https:\/\/hificlub.com.br\/loja\/wp-json\/wp\/v2\/product_brand?post=22414"},{"taxonomy":"product_cat","embeddable":true,"href":"https:\/\/hificlub.com.br\/loja\/wp-json\/wp\/v2\/product_cat?post=22414"},{"taxonomy":"product_tag","embeddable":true,"href":"https:\/\/hificlub.com.br\/loja\/wp-json\/wp\/v2\/product_tag?post=22414"}],"curies":[{"name":"wp","href":"https:\/\/api.w.org\/{rel}","templated":true}]}}