{"id":22409,"date":"2025-06-02T17:31:44","date_gmt":"2025-06-02T20:31:44","guid":{"rendered":"https:\/\/hificlub.com.br\/loja\/?post_type=product&#038;p=22409"},"modified":"2026-03-03T22:17:52","modified_gmt":"2026-03-04T01:17:52","slug":"zavfino-occ-silver-dart-10awg-audiophile-speaker-cable-graphene-25-50m-personalizado","status":"publish","type":"product","link":"https:\/\/hificlub.com.br\/loja\/produto\/zavfino-occ-silver-dart-10awg-audiophile-speaker-cable-graphene-25-50m-personalizado\/","title":{"rendered":"ZAVFINO OCC SILVER DART\u2122 10AWG AUDIOPHILE &#8211; Cabo de Caixa de Grafeno &#8211; 2,5-5,0m \/ Personalizado"},"content":{"rendered":"<p>O OCC Silver Dart \u00e9 o resultado de 3 anos de desenvolvimento e testes utilizando nossa t\u00e9cnica de encordoamento H-Wound\u2122 em condutores de grande calibre, juntamente com nosso rec\u00e9m-desenvolvido diel\u00e9trico condutor dopado com grafeno. Utilizando nossa t\u00e9cnica de encordoamento H-Wound\u2122, cada n\u00facleo tem a garantia de &#8220;Perda Zero de Fios&#8221; durante a montagem, j\u00e1 que a camada final horizontal de prata OCC n\u00e3o s\u00f3 permite o passo perfeito entre os condutores, como tamb\u00e9m atua como uma camada de barreira para evitar a queda ou o corte de fios durante o processo de montagem. Isso significa n\u00facleos 100% id\u00eanticos antes de serem fixados em nossos conectores de alimenta\u00e7\u00e3o de n\u00edvel audi\u00f3filo.<\/p>\n<p>Os condutores OCC do Silver Dart s\u00e3o criotratados antes da extrus\u00e3o e, em seguida, passam por nosso processo de limpeza t\u00e9rmica para remover qualquer sujeira externa, \u00f3leos e res\u00edduos de trefila\u00e7\u00e3o da superf\u00edcie do condutor. Essa limpeza de alta tens\u00e3o tamb\u00e9m aplica uma tens\u00e3o cont\u00ednua ao cabo, dando ao Dart a solidez e o desempenho de um cabo que j\u00e1 est\u00e1 em uso h\u00e1 muitos meses.\u200b<\/p>\n<p>A Silver Dart tamb\u00e9m utiliza nossa t\u00e9cnica de &#8220;cabo em cabo&#8221; com camadas espa\u00e7adas, isolando este cabo a um di\u00e2metro total de 23 mm, usando um cabo de alimenta\u00e7\u00e3o dentro de um design de cabo de alimenta\u00e7\u00e3o que \u00e9 exclusivamente nosso, adicionando seu som caracter\u00edstico.<\/p>\n<p><strong>SPECS<\/strong><\/p>\n<ul>\n<li>Cobre OCC de Cristal \u00danico<\/li>\n<li>10AWG\/N\u00facleo (2x10AWG) (H-Wound\u2122) 16.000 Tor\u00e7\u00f5es\/Metro<\/li>\n<li>Diel\u00e9trico de Absor\u00e7\u00e3o de Grafeno<\/li>\n<li>Diel\u00e9trico de Teflon PTFE<\/li>\n<li>Diel\u00e9trico de LDPE<\/li>\n<li>Design Cabo-em-Cabo<\/li>\n<li>Processo de limpeza por burn-in Ultra-Sonic 7\u2122<\/li>\n<li>Tratamento Criog\u00eanico Profundo antes da extrus\u00e3o<\/li>\n<li>Extrus\u00e3o de suspens\u00e3o em camadas espa\u00e7adas de 6 mm<\/li>\n<li>Revestimento tran\u00e7ado direto multi-tecelagem antiest\u00e1tico,<\/li>\n<li>Punhos de vibra\u00e7\u00e3o em EVA de alta densidade<\/li>\n<li>Breakers de alum\u00ednio usinados<\/li>\n<li>Conectores: BFA banhado a ouro 24k\/Opcional 24k tipo p\u00e1 ou banana com trava<\/li>\n<li>Comprimento Padr\u00e3o: 2,5 metros\/ 5,0 metros\/Personalizado<\/li>\n<li>Di\u00e2metro 24,0 mm<\/li>\n<\/ul>\n","protected":false},"excerpt":{"rendered":"<p>O OCC Silver Dart \u00e9 o resultado de 3 anos de desenvolvimento e testes utilizando nossa t\u00e9cnica de encordoamento H-Wound\u2122 em condutores de grande calibre, juntamente com nosso rec\u00e9m-desenvolvido diel\u00e9trico condutor dopado com grafeno. Utilizando nossa t\u00e9cnica de encordoamento H-Wound\u2122, cada n\u00facleo tem a garantia de &#8220;Perda Zero de Fios&#8221; durante a montagem, j\u00e1 que [&hellip;]<\/p>\n","protected":false},"featured_media":22410,"template":"","meta":{"_acf_changed":false},"product_brand":[],"product_cat":[61,62,168,272],"product_tag":[],"class_list":{"0":"post-22409","1":"product","2":"type-product","3":"status-publish","4":"has-post-thumbnail","6":"product_cat-cabos","7":"product_cat-caixa","8":"product_cat-marcas","9":"product_cat-zavfino","11":"first","12":"instock","13":"sold-individually","14":"shipping-taxable","15":"purchasable","16":"product-type-simple"},"acf":[],"aioseo_notices":[],"_links":{"self":[{"href":"https:\/\/hificlub.com.br\/loja\/wp-json\/wp\/v2\/product\/22409","targetHints":{"allow":["GET"]}}],"collection":[{"href":"https:\/\/hificlub.com.br\/loja\/wp-json\/wp\/v2\/product"}],"about":[{"href":"https:\/\/hificlub.com.br\/loja\/wp-json\/wp\/v2\/types\/product"}],"wp:featuredmedia":[{"embeddable":true,"href":"https:\/\/hificlub.com.br\/loja\/wp-json\/wp\/v2\/media\/22410"}],"wp:attachment":[{"href":"https:\/\/hificlub.com.br\/loja\/wp-json\/wp\/v2\/media?parent=22409"}],"wp:term":[{"taxonomy":"product_brand","embeddable":true,"href":"https:\/\/hificlub.com.br\/loja\/wp-json\/wp\/v2\/product_brand?post=22409"},{"taxonomy":"product_cat","embeddable":true,"href":"https:\/\/hificlub.com.br\/loja\/wp-json\/wp\/v2\/product_cat?post=22409"},{"taxonomy":"product_tag","embeddable":true,"href":"https:\/\/hificlub.com.br\/loja\/wp-json\/wp\/v2\/product_tag?post=22409"}],"curies":[{"name":"wp","href":"https:\/\/api.w.org\/{rel}","templated":true}]}}