{"id":22403,"date":"2025-06-02T17:22:17","date_gmt":"2025-06-02T20:22:17","guid":{"rendered":"https:\/\/hificlub.com.br\/loja\/?post_type=product&#038;p=22403"},"modified":"2026-03-03T22:17:52","modified_gmt":"2026-03-04T01:17:52","slug":"zavfino-occ-silver-dart-10awg-audiophile-power-mains-cable-15-25m","status":"publish","type":"product","link":"https:\/\/hificlub.com.br\/loja\/produto\/zavfino-occ-silver-dart-10awg-audiophile-power-mains-cable-15-25m\/","title":{"rendered":"ZAVFINO OCC Silver Dart\u2122 10AWG &#8211; Cabo de For\u00e7a &#8211; 2,5m"},"content":{"rendered":"<p>O OCC Silver Dart \u00e9 o resultado de 3 anos de desenvolvimento e testes utilizando nossa t\u00e9cnica de encordoamento H-Wound\u2122 em condutores de grande calibre, juntamente com nosso rec\u00e9m-desenvolvido diel\u00e9trico condutor dopado com grafeno. Utilizando nossa t\u00e9cnica de encordoamento H-Wound\u2122, cada n\u00facleo de pot\u00eancia tem a garantia de &#8220;Perda Zero de Fios&#8221; durante a montagem, j\u00e1 que a camada final horizontal de prata OCC n\u00e3o s\u00f3 permite o passo perfeito entre os condutores, como tamb\u00e9m atua como uma camada de barreira para evitar fios ca\u00eddos ou cortados durante o processo de montagem. Isso significa n\u00facleos 100% id\u00eanticos antes de serem fixados em nossos conectores de pot\u00eancia de n\u00edvel audi\u00f3filo.<\/p>\n<p>Os condutores OCC do Silver Dart s\u00e3o criotratados antes da extrus\u00e3o e, em seguida, passam por nosso processo de limpeza t\u00e9rmica para remover qualquer sujeira externa, \u00f3leos e res\u00edduos de trefila\u00e7\u00e3o da superf\u00edcie do condutor. Essa limpeza de alta tens\u00e3o tamb\u00e9m aplica uma tens\u00e3o cont\u00ednua ao cabo, dando ao Dart a solidez e o desempenho de um cabo que j\u00e1 est\u00e1 em uso h\u00e1 muitos meses.\u200b<\/p>\n<p>Nosso rec\u00e9m-desenvolvido &#8220;Graphene Doped Dielectric Shield&#8221; adiciona uma camada adicional de blindagem ao nosso cabo, que, por ser leve, reduz ainda mais a EMI e a RFI sem obstruir a distribui\u00e7\u00e3o de energia, o que pode ocorrer com a adi\u00e7\u00e3o de malha adicional.<\/p>\n<p>A Silver Dart tamb\u00e9m utiliza nossa t\u00e9cnica de &#8220;cabo em cabo&#8221; com camadas espa\u00e7adas, isolando este cabo a um di\u00e2metro total de 23 mm, utilizando um cabo de alimenta\u00e7\u00e3o dentro de um design de cabo de alimenta\u00e7\u00e3o exclusivamente nosso, adicionando seu som caracter\u00edstico.<\/p>\n<p>A combina\u00e7\u00e3o ideal para o Dart s\u00e3o amplificadores de grande pot\u00eancia, amplificadores valvulados e componentes de alto fluxo de pot\u00eancia, monoblocos e barras e condicionadores de energia IEC para conex\u00e3o de parede.<\/p>\n<p>O desempenho do Dart \u00e9 a transfer\u00eancia irrestrita de pot\u00eancia bruta sem adicionar colora\u00e7\u00e3o aos seus componentes, protegendo e aprimorando o desempenho real do seu equipamento.<\/p>\n<p><strong>Tratamento Deep Cryo\u2122<\/strong><br \/>\nTodos os condutores utilizados em nossos cabos passam por tratamento Deep Cryo\u2122 antes da extrus\u00e3o do isolamento sobre os metais. Nossa pesquisa comprovou que o condutor \u2014 e somente ele \u2014 se beneficia do criotratamento. Materiais como cloreto de polivinila (PVC\u2122), Teflon\u2122, PE e Sil\u00edcio\u2122 podem ser afetados negativamente pelo recozimento a frio. O criotratamento de materiais n\u00e3o condutores e isolantes pode causar sua quebra e fragilidade.<br \/>\nA pureza, o tamanho e a estrutura molecular de cada condutor determinam a temperatura espec\u00edfica, dentro da faixa de -186 \u00b0C a -196 \u00b0C, na qual realizamos o criotratamento. A pesquisa da Zavfino sobre f\u00edsica de baixas temperaturas comprovou que a temperatura mais baixa n\u00e3o \u00e9 necessariamente a melhor para o criotratamento.<\/p>\n<p>Este \u00e9 um processo de duas etapas. Na primeira etapa, puxamos o condutor desencapado atrav\u00e9s de uma matriz cer\u00e2mica para uma c\u00e2mara de limpeza ultrass\u00f4nica que bombardeia o condutor com m\u00faltiplas frequ\u00eancias ultrass\u00f4nicas. Esse processo de emulsifica\u00e7\u00e3o remove todos os res\u00edduos da superf\u00edcie do fio at\u00e9 o n\u00edvel molecular, sem deixar absolutamente nenhum res\u00edduo.<\/p>\n<p><strong>UltraSonic 7 Alta Tens\u00e3o \/ Break-in T\u00e9rmico<\/strong><br \/>\nEste \u00e9 um processo de duas etapas. Na primeira etapa, puxamos o condutor desencapado atrav\u00e9s de uma matriz cer\u00e2mica para uma c\u00e2mara de limpeza ultrass\u00f4nica que bombardeia o condutor com m\u00faltiplas frequ\u00eancias ultrass\u00f4nicas. Esse processo de emulsifica\u00e7\u00e3o remove todos os res\u00edduos da superf\u00edcie do fio at\u00e9 o n\u00edvel molecular, sem deixar absolutamente nenhum res\u00edduo. Ap\u00f3s o processamento de cada fio, n\u00f3s o torcemos em feixes e, em seguida, submetemos os feixes a um tratamento adicional. Durante a segunda etapa do burn-in ultrass\u00f4nico, aumentamos a tens\u00e3o para um n\u00edvel mais alto, logo abaixo do limite do condutor. Este ajuste de temperatura nos permite obter um &#8220;efeito de ruptura&#8221; exclusivo, normalmente associado a cabos que passaram por 30 a 40 horas de sinal e\/ou corrente.<\/p>\n<p><strong>H-Wound\u2122 + Perda Zero de Fios da Zavfino:<\/strong><\/p>\n<p>Com base em mais de 18 anos de experi\u00eancia em fabrica\u00e7\u00e3o, a Zavfino desenvolveu uma nova t\u00e9cnica not\u00e1vel para torcer fios tran\u00e7ados firmemente em torno de um condutor central de n\u00facleo s\u00f3lido. Um fen\u00f4meno el\u00e9trico comumente conhecido como &#8220;efeito pelicular&#8221; ocorre quando el\u00e9trons se movem atrav\u00e9s de qualquer condutor de n\u00facleo s\u00f3lido. Frequ\u00eancias mais altas viajam pela parte externa (pelicular) do condutor mais rapidamente do que frequ\u00eancias m\u00e9dias e de escal\u00e3o mais baixo. Isso resulta em PRaT borrado, timbres instrumentais confusos e um som n\u00e3o natural. A nova t\u00e9cnica de fabrica\u00e7\u00e3o H-Wound\u2122 da Zavfino anula o efeito pelicular. Originalmente desenvolvida pelas OEMs Siemens e Klangfilm, a Zavfino utiliza uma m\u00e1quina de tor\u00e7\u00e3o de fios de transformador personalizada. Modificamos ainda mais as engrenagens deste maquin\u00e1rio para criar enrolamentos com uma taxa de RPM mais baixa e um passo muito mais apertado. Este processo de fabrica\u00e7\u00e3o patenteado nos permite torcer a fia\u00e7\u00e3o no passo mais apertado poss\u00edvel, sem sobrepor os fios. A maioria das m\u00e1quinas de tor\u00e7\u00e3o de fios s\u00f3 consegue fabricar enrolamentos de at\u00e9 300 tor\u00e7\u00f5es por metro. Elevando ainda mais o padr\u00e3o, a m\u00e1quina de enrolamento de cabos H-Wound\u2122 patenteada da Zavfino cria uma taxa de passo de 14.000 a 16.000 tor\u00e7\u00f5es por metro; o que \u00e9 incompar\u00e1vel a qualquer outro fabricante de cabos audi\u00f3filo. A nova t\u00e9cnica de fabrica\u00e7\u00e3o Zero Strand Loss\u2122 da Zavfino protege os condutores agrupados contra danos durante o decapamento e a termina\u00e7\u00e3o. Ao garantir que cada n\u00facleo tenha zero fios lascados, cortados ou deformados, podemos garantir que cada n\u00facleo isolado seja 100% id\u00eantico. Para audi\u00f3filos, os resultados sonoros de enrolamentos mais apertados e condutores Zero Strand Loss\u2122 s\u00e3o cabos com sons de fundo mais silenciosos, precis\u00e3o t\u00edmbrica not\u00e1vel, PRaT realista, resolu\u00e7\u00e3o impressionante em m\u00e9dios e extens\u00e3o superior em baixas frequ\u00eancias. Nossa nova tecnologia de tor\u00e7\u00e3o H-Wound\u2122 nos permite proteger o delicado sinal el\u00e9trico que \u00e9 transferido atrav\u00e9s de nossos cabos. Combinados com as t\u00e9cnicas de fabrica\u00e7\u00e3o de ponta da Zavfino, nossos condutores OCC de cobre (Cu) e prata (Ag) combinados com precis\u00e3o, usados \u200b\u200bno cabo de alimenta\u00e7\u00e3o CA Silver Dart\u2122, trazem pureza e honestidade inigual\u00e1veis \u200b\u200ba todas as formas de m\u00fasica. Os resultados s\u00e3o detalhes, fineza e precis\u00e3o in\u00e9ditos em todo o espectro de frequ\u00eancias.<\/p>\n<p><strong>O que \u00e9 ZGRAPh-LDPTM..GRAFENO?<\/strong><br \/>\nA Zavfino \u00e9 a primeira fabricante de cabos audi\u00f3filos a integrar isolamento de grafeno em cabos de alimenta\u00e7\u00e3o CA de alta qualidade como uma blindagem diel\u00e9trica. Ap\u00f3s mais de dois anos de desenvolvimento com uma empresa americana l\u00edder em pesquisa de pol\u00edmeros de grafeno, temos o orgulho de apresentar nossa nova blindagem\/diel\u00e9trica condutiva ZGRAPh-LDPTM patenteada, utilizada pela primeira vez em nosso cabo de alimenta\u00e7\u00e3o CA Silver DartTM OCC.<\/p>\n<p><strong>Os resultados do uso do ZGRAPh-LDPTM<\/strong><\/p>\n<p>1. Prote\u00e7\u00e3o superior contra interfer\u00eancia eletromagn\u00e9tica, pois o contorno do grafeno se molda \u00e0s nossas blindagens de cobre e previne picos de EMI. O resultado final \u00e9 um aterramento aprimorado e uma transmiss\u00e3o de sinal significativamente superior.<br \/>\n2. O grafeno possui excelentes propriedades de Descarga Eletrost\u00e1tica (ESD) que eliminam a eletricidade est\u00e1tica e a carga triboel\u00e9trica;<\/p>\n<p><strong>SPECS<\/strong><\/p>\n<ul>\n<li>Cobre OCC de Cristal \u00danico<\/li>\n<li>10AWG\/N\u00facleo (3x10AWG) (H-Wound\u2122) 16.000 Tor\u00e7\u00f5es\/Metro<\/li>\n<li>Tratamento Criog\u00eanico Profundo antes da extrus\u00e3o<\/li>\n<li>Design Cabo-em-Cabo<\/li>\n<li>Processo de limpeza por burn-in Ultra-Sonic 7\u2122<\/li>\n<li>Di\u00e9trico de Grafeno<\/li>\n<li>Extrus\u00e3o de suspens\u00e3o em camadas espa\u00e7adas de 6 mm<\/li>\n<li>Revestimento tran\u00e7ado direto multi-tecelagem antiest\u00e1tico,<\/li>\n<li>Punhos de vibra\u00e7\u00e3o em EVA de alta densidade<\/li>\n<li>Conectores: IEC banhado a ouro 24k, plugue EUA ou Schuko banhado a ouro 24k<\/li>\n<li>Comprimento: 1,5-2,5 metros<\/li>\n<li>Di\u00e2metro 24,0 mm\u200b<\/li>\n<\/ul>\n","protected":false},"excerpt":{"rendered":"<p>O OCC Silver Dart \u00e9 o resultado de 3 anos de desenvolvimento e testes utilizando nossa t\u00e9cnica de encordoamento H-Wound\u2122 em condutores de grande calibre, juntamente com nosso rec\u00e9m-desenvolvido diel\u00e9trico condutor dopado com grafeno. Utilizando nossa t\u00e9cnica de encordoamento H-Wound\u2122, cada n\u00facleo de pot\u00eancia tem a garantia de &#8220;Perda Zero de Fios&#8221; durante a montagem, [&hellip;]<\/p>\n","protected":false},"featured_media":22405,"template":"","meta":{"_acf_changed":false},"product_brand":[],"product_cat":[61,67,168,272],"product_tag":[],"class_list":{"0":"post-22403","1":"product","2":"type-product","3":"status-publish","4":"has-post-thumbnail","6":"product_cat-cabos","7":"product_cat-forca","8":"product_cat-marcas","9":"product_cat-zavfino","11":"first","12":"instock","13":"sold-individually","14":"shipping-taxable","15":"purchasable","16":"product-type-simple"},"acf":[],"aioseo_notices":[],"_links":{"self":[{"href":"https:\/\/hificlub.com.br\/loja\/wp-json\/wp\/v2\/product\/22403","targetHints":{"allow":["GET"]}}],"collection":[{"href":"https:\/\/hificlub.com.br\/loja\/wp-json\/wp\/v2\/product"}],"about":[{"href":"https:\/\/hificlub.com.br\/loja\/wp-json\/wp\/v2\/types\/product"}],"wp:featuredmedia":[{"embeddable":true,"href":"https:\/\/hificlub.com.br\/loja\/wp-json\/wp\/v2\/media\/22405"}],"wp:attachment":[{"href":"https:\/\/hificlub.com.br\/loja\/wp-json\/wp\/v2\/media?parent=22403"}],"wp:term":[{"taxonomy":"product_brand","embeddable":true,"href":"https:\/\/hificlub.com.br\/loja\/wp-json\/wp\/v2\/product_brand?post=22403"},{"taxonomy":"product_cat","embeddable":true,"href":"https:\/\/hificlub.com.br\/loja\/wp-json\/wp\/v2\/product_cat?post=22403"},{"taxonomy":"product_tag","embeddable":true,"href":"https:\/\/hificlub.com.br\/loja\/wp-json\/wp\/v2\/product_tag?post=22403"}],"curies":[{"name":"wp","href":"https:\/\/api.w.org\/{rel}","templated":true}]}}