{"id":22391,"date":"2025-06-02T12:05:14","date_gmt":"2025-06-02T15:05:14","guid":{"rendered":"https:\/\/hificlub.com.br\/loja\/?post_type=product&#038;p=22391"},"modified":"2026-03-03T22:17:52","modified_gmt":"2026-03-04T01:17:52","slug":"zavfino-the-majestic-mkii-pc-occ-construction-tonearm-cable","status":"publish","type":"product","link":"https:\/\/hificlub.com.br\/loja\/produto\/zavfino-the-majestic-mkii-pc-occ-construction-tonearm-cable\/","title":{"rendered":"ZAVFINO THE MAJESTIC MKII  PC-OCC  CONSTRUCTION &#8211; Cabo para Bra\u00e7o Din\/RCA"},"content":{"rendered":"<p>O Majestic \u00e9 um cabo de baixa capacit\u00e2ncia especialmente projetado para reprodu\u00e7\u00e3o anal\u00f3gica de alta qualidade. Sua constru\u00e7\u00e3o consiste em 4 n\u00facleos independentes e uniformemente combinados de cobre monocristal OCC japon\u00eas. Cada n\u00facleo, codificado por cores, \u00e9 extrudado em FEP\/Tef e torcido em espiral, seguido por uma capa de alum\u00ednio Mylar combinada com uma blindagem multifilar de passo estreito banhada a prata para cobertura total contra interfer\u00eancias de sinais dispersos. A blindagem \u00e9 coberta por duas camadas de PVC com certifica\u00e7\u00e3o RoHS, seguidas por duas mangas de monofilamento de polietileno tereftalato (PET). Os RCAs s\u00e3o nossos conectores OCC de pino ZRP-4 de alta condutividade, com design de baixa massa e isolados com PTFE\/Tef.<\/p>\n<p>Por fim, o Majestic utiliza nosso DIN de 5 pinos de alta pureza com isolamento em PTFE\/Tef, que internamente utiliza nossa constru\u00e7\u00e3o de pinos antiestresse, garantindo a prote\u00e7\u00e3o contra a fadiga do condutor e, ao mesmo tempo, proporcionando desempenho ideal. O Majestic proporcionar\u00e1 ao seu sistema melhorias musicalmente significativas, capturando a performance com maior detalhe textural, clareza tonal e equil\u00edbrio. Sem esfor\u00e7o, honesto e bem definido, a reprodu\u00e7\u00e3o da composi\u00e7\u00e3o original feita pelo Majestic, seja ela cl\u00e1ssica, jazz ou moderna, \u00e9 fiel ao que o artista pretendia.<\/p>\n<p><strong>SPECS<\/strong><\/p>\n<ul>\n<li>Design de baixa capacit\u00e2ncia para aplica\u00e7\u00f5es anal\u00f3gicas<\/li>\n<li>Isolamentos: Diel\u00e9trico FEP\/Tef, Diel\u00e9trico PTFE, breakouts revestidos com silicone e tran\u00e7ado de fibra de vidro, revestimento de PVC R-Flex de 105\u00b0C<\/li>\n<li>Blindagem: Mylar de alum\u00ednio com dupla volta, espiral de prata OFC com passo estreito<\/li>\n<li>Blindagem: Fio terra SPOFC de 30 cm com clipe de aterramento banhado a ouro 24k<\/li>\n<li>Conector F\u00eamea (DIN): 1877 TAD-2 reto ou TAD-3R DIN de \u00e2ngulo reto, 5 pinos banhados a ouro 24k, isolados em cobre de alta pureza e revestidos em PTFE\/Tef<\/li>\n<li>Conector Macho (RCA): 1877 ZRP-5 com montagem direta de pinos de cobre OCC em ouro 24k, isolado em PTFE\/Tef, com design de inv\u00f3lucro completo, constru\u00e7\u00e3o de baixo perfil<\/li>\n<li>Manga 1: Manga de monofilamento de polietileno tereftalato (PET) com fibra vermelha antiest\u00e1tica<\/li>\n<li>Manga 2: Polietileno Manga de monofilamento de tereftalato (PET) PET\/PET preta<\/li>\n<li>Observa\u00e7\u00e3o: As vers\u00f5es RCA-RCA do cabo de bra\u00e7o Majestic, Highlands e Gold Rush usam um RCA diferente devido a considera\u00e7\u00f5es de blindagem.<\/li>\n<\/ul>\n","protected":false},"excerpt":{"rendered":"<p>O Majestic \u00e9 um cabo de baixa capacit\u00e2ncia especialmente projetado para reprodu\u00e7\u00e3o anal\u00f3gica de alta qualidade. Sua constru\u00e7\u00e3o consiste em 4 n\u00facleos independentes e uniformemente combinados de cobre monocristal OCC japon\u00eas. Cada n\u00facleo, codificado por cores, \u00e9 extrudado em FEP\/Tef e torcido em espiral, seguido por uma capa de alum\u00ednio Mylar combinada com uma blindagem [&hellip;]<\/p>\n","protected":false},"featured_media":22392,"template":"","meta":{"_acf_changed":false},"product_brand":[],"product_cat":[61,168,291,272],"product_tag":[],"class_list":{"0":"post-22391","1":"product","2":"type-product","3":"status-publish","4":"has-post-thumbnail","6":"product_cat-cabos","7":"product_cat-marcas","8":"product_cat-tonearm","9":"product_cat-zavfino","11":"first","12":"instock","13":"sold-individually","14":"shipping-taxable","15":"purchasable","16":"product-type-simple"},"acf":[],"aioseo_notices":[],"_links":{"self":[{"href":"https:\/\/hificlub.com.br\/loja\/wp-json\/wp\/v2\/product\/22391","targetHints":{"allow":["GET"]}}],"collection":[{"href":"https:\/\/hificlub.com.br\/loja\/wp-json\/wp\/v2\/product"}],"about":[{"href":"https:\/\/hificlub.com.br\/loja\/wp-json\/wp\/v2\/types\/product"}],"wp:featuredmedia":[{"embeddable":true,"href":"https:\/\/hificlub.com.br\/loja\/wp-json\/wp\/v2\/media\/22392"}],"wp:attachment":[{"href":"https:\/\/hificlub.com.br\/loja\/wp-json\/wp\/v2\/media?parent=22391"}],"wp:term":[{"taxonomy":"product_brand","embeddable":true,"href":"https:\/\/hificlub.com.br\/loja\/wp-json\/wp\/v2\/product_brand?post=22391"},{"taxonomy":"product_cat","embeddable":true,"href":"https:\/\/hificlub.com.br\/loja\/wp-json\/wp\/v2\/product_cat?post=22391"},{"taxonomy":"product_tag","embeddable":true,"href":"https:\/\/hificlub.com.br\/loja\/wp-json\/wp\/v2\/product_tag?post=22391"}],"curies":[{"name":"wp","href":"https:\/\/api.w.org\/{rel}","templated":true}]}}