{"id":22383,"date":"2025-06-02T11:58:55","date_gmt":"2025-06-02T14:58:55","guid":{"rendered":"https:\/\/hificlub.com.br\/loja\/?post_type=product&#038;p=22383"},"modified":"2026-03-03T22:17:53","modified_gmt":"2026-03-04T01:17:53","slug":"zavfino-the-highlands-mkii-pure-silver-litz-construction-tonearm-cable","status":"publish","type":"product","link":"https:\/\/hificlub.com.br\/loja\/produto\/zavfino-the-highlands-mkii-pure-silver-litz-construction-tonearm-cable\/","title":{"rendered":"ZAVFINO THE Highlands MKII PURE SILVER LITZ CONSTRUCTION &#8211; Cabo de Bra\u00e7o Din\/RCA"},"content":{"rendered":"<p>O Highlands \u00e9 o nosso cabo de bra\u00e7o de baixa capacit\u00e2ncia exclusivo, projetado com precis\u00e3o para reprodu\u00e7\u00e3o anal\u00f3gica de alta qualidade. Sua constru\u00e7\u00e3o consiste em 4 n\u00facleos independentes e uniformemente combinados de Prata Pura S\u00f3lida com 99,998% de pureza, utilizando nossa t\u00e9cnica H-Wound de encordoamento de alta frequ\u00eancia. Cada n\u00facleo codificado por cores \u00e9 extrudado em FEP\/Tef e torcido em espiral, seguido por uma capa de alum\u00ednio Mylar combinada com uma blindagem tran\u00e7ada multifilar de passo apertado banhada a prata para cobertura total contra interfer\u00eancias de sinais dispersos. Sobre a blindagem, h\u00e1 duas camadas de PVC com certifica\u00e7\u00e3o RoHS, seguidas por duas mangas de monofilamento de Polietileno Tereftalato (PET). Os RCAs s\u00e3o nossos conectores OCC de alta condutividade de design mais recente, com pinos de baixa massa isolados com PTFE\/Tef. Por fim, o Highlands utiliza nosso DIN de 5 pinos de alta pureza com isolamento em PTFE\/Tef, que internamente utiliza nossa constru\u00e7\u00e3o de pinos antiestresse, garantindo a prote\u00e7\u00e3o contra a fadiga do condutor e proporcionando desempenho ideal por muitos anos.<\/p>\n<p>O Highlands foi projetado para o amante da m\u00fasica verdadeiramente exigente. Sua abordagem purista reproduz a performance original com clareza, foco e autoridade din\u00e2mica. Brilhantemente energ\u00e9tico, seu desempenho sonoro \u00e9 limpo e transparente, com imagens e profundidade precisas, proporcionando uma ampla \u00e1rea de audi\u00e7\u00e3o tridimensional. Soberbo em todos os n\u00edveis, o Highlands \u00e9 a escolha perfeita para os sistemas e configura\u00e7\u00f5es mais exigentes.<\/p>\n<p><strong>SPECS<\/strong><\/p>\n<ul>\n<li>Condutor: Condutores Litz de Prata S\u00f3lida Pura, constru\u00e7\u00e3o de passo estreito e baixa capacit\u00e2ncia<\/li>\n<li>Isolamentos: Diel\u00e9trico FEP\/Tef, diel\u00e9trico PTFE, breakouts revestidos com silicone e tran\u00e7a de fibra de vidro, revestimento de PVC R-Flex de 105\u00b0C<\/li>\n<li>Condutor Criotratado<\/li>\n<li>Limpeza Ultra Sonic-7 e Break-in T\u00e9rmico<\/li>\n<li>Blindagem: Mylar de alum\u00ednio com tran\u00e7ado de cobre revestido de prata de passo estreito. Blindagem: Fio terra SPOFC de 50 cm com clipe de aterramento banhado a ouro 24k<\/li>\n<li>Conector F\u00eamea (DIN): DIN 1877 TAD-2 reto ou TAD-3R em \u00e2ngulo reto, cobre de alta pureza banhado a ouro 24k, isolado em PTFE\/Tef utilizando constru\u00e7\u00e3o de pino anti-stress 1877.<\/li>\n<li>Conector Macho (RCA): S\u00e9rie ZXP 1877 com conjunto de pinos de cobre OCC em ouro 24k,<\/li>\n<li>Manga 1: Manga de monofilamento de polietileno tereftalato (PET) com fibra antiest\u00e1tica verde<\/li>\n<li>Manga 2: Manga de monofilamento de polietileno tereftalato (PET) PET\/PET preto<\/li>\n<li>Observa\u00e7\u00e3o: Os cabos de bra\u00e7o Majestic, Highlands e Gold Rush (vers\u00e3o RCA-RCA) usam um RCA diferente devido a considera\u00e7\u00f5es de blindagem.<\/li>\n<\/ul>\n","protected":false},"excerpt":{"rendered":"<p>O Highlands \u00e9 o nosso cabo de bra\u00e7o de baixa capacit\u00e2ncia exclusivo, projetado com precis\u00e3o para reprodu\u00e7\u00e3o anal\u00f3gica de alta qualidade. Sua constru\u00e7\u00e3o consiste em 4 n\u00facleos independentes e uniformemente combinados de Prata Pura S\u00f3lida com 99,998% de pureza, utilizando nossa t\u00e9cnica H-Wound de encordoamento de alta frequ\u00eancia. Cada n\u00facleo codificado por cores \u00e9 extrudado [&hellip;]<\/p>\n","protected":false},"featured_media":22384,"template":"","meta":{"_acf_changed":false},"product_brand":[],"product_cat":[61,168,291,272],"product_tag":[],"class_list":{"0":"post-22383","1":"product","2":"type-product","3":"status-publish","4":"has-post-thumbnail","6":"product_cat-cabos","7":"product_cat-marcas","8":"product_cat-tonearm","9":"product_cat-zavfino","11":"first","12":"instock","13":"sold-individually","14":"shipping-taxable","15":"purchasable","16":"product-type-simple"},"acf":[],"aioseo_notices":[],"_links":{"self":[{"href":"https:\/\/hificlub.com.br\/loja\/wp-json\/wp\/v2\/product\/22383","targetHints":{"allow":["GET"]}}],"collection":[{"href":"https:\/\/hificlub.com.br\/loja\/wp-json\/wp\/v2\/product"}],"about":[{"href":"https:\/\/hificlub.com.br\/loja\/wp-json\/wp\/v2\/types\/product"}],"wp:featuredmedia":[{"embeddable":true,"href":"https:\/\/hificlub.com.br\/loja\/wp-json\/wp\/v2\/media\/22384"}],"wp:attachment":[{"href":"https:\/\/hificlub.com.br\/loja\/wp-json\/wp\/v2\/media?parent=22383"}],"wp:term":[{"taxonomy":"product_brand","embeddable":true,"href":"https:\/\/hificlub.com.br\/loja\/wp-json\/wp\/v2\/product_brand?post=22383"},{"taxonomy":"product_cat","embeddable":true,"href":"https:\/\/hificlub.com.br\/loja\/wp-json\/wp\/v2\/product_cat?post=22383"},{"taxonomy":"product_tag","embeddable":true,"href":"https:\/\/hificlub.com.br\/loja\/wp-json\/wp\/v2\/product_tag?post=22383"}],"curies":[{"name":"wp","href":"https:\/\/api.w.org\/{rel}","templated":true}]}}