{"id":22378,"date":"2025-06-02T11:52:02","date_gmt":"2025-06-02T14:52:02","guid":{"rendered":"https:\/\/hificlub.com.br\/loja\/?post_type=product&#038;p=22378"},"modified":"2026-03-03T22:17:53","modified_gmt":"2026-03-04T01:17:53","slug":"zavfino-the-fusion-mkii-pure-silver-ag-pc0cc-hybrid-interconnect","status":"publish","type":"product","link":"https:\/\/hificlub.com.br\/loja\/produto\/zavfino-the-fusion-mkii-pure-silver-ag-pc0cc-hybrid-interconnect\/","title":{"rendered":"ZAVFINO THE FUSION MKII PURE SILVER AG &#8211; PC0CC &#8211; Cabo H\u00edbrido RCA\/XRL"},"content":{"rendered":"<p>O Fusion \u00e9 a sinergia perfeita entre a Prata Pura S\u00f3lida e o Cobre de Cristal \u00danico PCOCC. A engenharia precisa do Fusion lhe confere uma assinatura sonora \u00fanica. Nosso objetivo era construir um cabo que oferecesse o melhor dos dois mundos: os graves robustos e bem arredondados do OCC combinados com a abertura e clareza tonal do Pure Silver. N\u00e3o foi uma tarefa f\u00e1cil, mas ap\u00f3s mais de um ano de prototipagem e modifica\u00e7\u00f5es na constru\u00e7\u00e3o deste cabo, conseguimos atingir o equil\u00edbrio perfeito entre musicalidade e reprodu\u00e7\u00e3o musical bruta, sempre fiel \u00e0 inten\u00e7\u00e3o do artista original.<\/p>\n<p>O Fusion, assim como todos os nossos cabos, passa pelo nosso novo processo de limpeza ultrass\u00f4nica, no qual o cobre bruto \u00e9 passado por um banho-maria supercarregado para queimar sujeira, \u00f3leo, part\u00edculas e impurezas da superf\u00edcie do fio antes de uni-lo com o nosso Pure Silver. Este banho ultrass\u00f4nico tamb\u00e9m tem o efeito exclusivo de conferir aos nossos cabos um som de pr\u00e9-queima que levaria centenas de horas para ser alcan\u00e7ado com o uso normal.<\/p>\n<p><strong>SPECS<\/strong><\/p>\n<ul>\n<li>Constru\u00e7\u00e3o Litz<\/li>\n<li>N\u00facleo H-Wound\u2122<\/li>\n<li>N\u00facleo Multifilar de Prata Pura S\u00f3lida<\/li>\n<li>Fios de Cobre PCOCC Monocristal Japon\u00eas<\/li>\n<li>Constru\u00e7\u00e3o em Par Tran\u00e7ado de Passo Estreito<\/li>\n<li>Tratamento Criog\u00eanico Profundo<\/li>\n<li>Tratamento Ultra Sonic-7\u2122<\/li>\n<li>Extrus\u00e3o por Inje\u00e7\u00e3o de Teflon FEP<\/li>\n<li>Envolt\u00f3rio Isolante de Teflon PTFE, 50% de Sobreposi\u00e7\u00e3o<\/li>\n<li>Blindagem de Folha de Mylar + Tran\u00e7a de Cobre de Alta Densidade<\/li>\n<li>Manga de PET\/poli\u00e9ster antiest\u00e1tica<\/li>\n<li>Revestimento de PVC com Certifica\u00e7\u00e3o RoHS<\/li>\n<li>Conector Macho (RCA): 1877 ZXP com conector de cobre OCC (Sem Travamento)<\/li>\n<li>5% de Solda de Prata nas juntas de solda<\/li>\n<li>Pinos de cobre XLR OCC, Banhados a Ouro 24K<\/li>\n<\/ul>\n","protected":false},"excerpt":{"rendered":"<p>O Fusion \u00e9 a sinergia perfeita entre a Prata Pura S\u00f3lida e o Cobre de Cristal \u00danico PCOCC. A engenharia precisa do Fusion lhe confere uma assinatura sonora \u00fanica. Nosso objetivo era construir um cabo que oferecesse o melhor dos dois mundos: os graves robustos e bem arredondados do OCC combinados com a abertura e [&hellip;]<\/p>\n","protected":false},"featured_media":22379,"template":"","meta":{"_acf_changed":false},"product_brand":[],"product_cat":[61,71,73,168,272],"product_tag":[],"class_list":{"0":"post-22378","1":"product","2":"type-product","3":"status-publish","4":"has-post-thumbnail","6":"product_cat-cabos","7":"product_cat-interconnect-rca","8":"product_cat-interconnect-xlr","9":"product_cat-marcas","10":"product_cat-zavfino","12":"first","13":"instock","14":"sold-individually","15":"shipping-taxable","16":"purchasable","17":"product-type-simple"},"acf":[],"aioseo_notices":[],"_links":{"self":[{"href":"https:\/\/hificlub.com.br\/loja\/wp-json\/wp\/v2\/product\/22378","targetHints":{"allow":["GET"]}}],"collection":[{"href":"https:\/\/hificlub.com.br\/loja\/wp-json\/wp\/v2\/product"}],"about":[{"href":"https:\/\/hificlub.com.br\/loja\/wp-json\/wp\/v2\/types\/product"}],"wp:featuredmedia":[{"embeddable":true,"href":"https:\/\/hificlub.com.br\/loja\/wp-json\/wp\/v2\/media\/22379"}],"wp:attachment":[{"href":"https:\/\/hificlub.com.br\/loja\/wp-json\/wp\/v2\/media?parent=22378"}],"wp:term":[{"taxonomy":"product_brand","embeddable":true,"href":"https:\/\/hificlub.com.br\/loja\/wp-json\/wp\/v2\/product_brand?post=22378"},{"taxonomy":"product_cat","embeddable":true,"href":"https:\/\/hificlub.com.br\/loja\/wp-json\/wp\/v2\/product_cat?post=22378"},{"taxonomy":"product_tag","embeddable":true,"href":"https:\/\/hificlub.com.br\/loja\/wp-json\/wp\/v2\/product_tag?post=22378"}],"curies":[{"name":"wp","href":"https:\/\/api.w.org\/{rel}","templated":true}]}}