{"id":22375,"date":"2025-06-02T11:44:47","date_gmt":"2025-06-02T14:44:47","guid":{"rendered":"https:\/\/hificlub.com.br\/loja\/?post_type=product&#038;p=22375"},"modified":"2026-03-03T22:17:53","modified_gmt":"2026-03-04T01:17:53","slug":"zavfino-prima-mkii-9awg-audiophile-loudspeaker-cable-2x25m","status":"publish","type":"product","link":"https:\/\/hificlub.com.br\/loja\/produto\/zavfino-prima-mkii-9awg-audiophile-loudspeaker-cable-2x25m\/","title":{"rendered":"ZAVFINO PRIMA-MKII 9AWG AUDIOPHILE &#8211; Cabo de Caixa &#8211; 2&#215;2,5m"},"content":{"rendered":"<p>Recentemente atualizado e ajustado \u00e0 perfei\u00e7\u00e3o, o cabo de alto-falante Prima MKII possui mais cobre monocristal OCC em uma constru\u00e7\u00e3o multifilar litz com n\u00facleo revestido de prata e isolamento individual com diel\u00e9trico LDPE de origem japonesa. Utilizando um fio apertado\/passo alto, este cabo de alto-falante 9AWG pode suportar os sistemas e alto-falantes mais exigentes do mercado.<\/p>\n<p>O Prima MKII exala pot\u00eancia e eleg\u00e2ncia, permitindo que seu sistema se sinta livre e nutrido com a quantidade certa de pot\u00eancia pura e constante que ele exige.<\/p>\n<p>O Prima MKII, assim como todos os nossos cabos, passa pelo nosso novo processo de limpeza ultrass\u00f4nica, no qual o cobre bruto \u00e9 passado por um banho-maria supercarregado para queimar sujeira, \u00f3leo, res\u00edduos e impurezas da superf\u00edcie do fio. Este banho ultrass\u00f4nico tamb\u00e9m tem o efeito exclusivo de conferir aos nossos cabos um som de pr\u00e9-queima que levaria centenas de horas para ser alcan\u00e7ado com o uso normal. O Prima MKII possui condutor desencapado tratado com criolip\u00f3lise antes da extrus\u00e3o.\u200b<\/p>\n<p>Por fim, projetamos novos conectores BFA de cobre que utilizam um isolador de soquete Delrin com cilindros de alum\u00ednio 6061 para o m\u00e1ximo em desempenho sonoro.<\/p>\n<p><strong>SPECS<\/strong><\/p>\n<ul>\n<li>Condutor de Cobre Monocristal OCC C<\/li>\n<li>Condutor Central OCC com Revestimento em Prata<\/li>\n<li>Constru\u00e7\u00e3o Litz<\/li>\n<li>Encordoamento de Passo Estreito<\/li>\n<li>9AWG<\/li>\n<li>Isolamento\/Dieletricidade 1: HPE Transparente<\/li>\n<li>Isolamento\/Dieletricidade 2: PVC de Alta Densidade<\/li>\n<li>Revestimento: PVC de Alta Flexibilidade 105C<\/li>\n<li>PVC grau 105C<\/li>\n<li>Extrus\u00e3o em camadas espa\u00e7adas de 6 mm<\/li>\n<li>Revestimento com tran\u00e7a direta antiest\u00e1tica<\/li>\n<li>Interruptores de cabo em EVA antivibra\u00e7\u00e3o<\/li>\n<li>Interruptores de cabo em fibra de vidro de silicone tran\u00e7ada (preta)<\/li>\n<li>Manga 1: Monofilamento de tereftalato de polietileno (PET)<\/li>\n<li>Di\u00e2metro 19,5 mm<\/li>\n<li>Conectores: Zavfino BFA\/Delrin, banhados a ouro 24k, 8 pe\u00e7as<\/li>\n<li>Comprimento: 2 x 2,5 m (comprimentos e termina\u00e7\u00f5es personalizados dispon\u00edveis<\/li>\n<\/ul>\n<p>&nbsp;<\/p>\n","protected":false},"excerpt":{"rendered":"<p>Recentemente atualizado e ajustado \u00e0 perfei\u00e7\u00e3o, o cabo de alto-falante Prima MKII possui mais cobre monocristal OCC em uma constru\u00e7\u00e3o multifilar litz com n\u00facleo revestido de prata e isolamento individual com diel\u00e9trico LDPE de origem japonesa. Utilizando um fio apertado\/passo alto, este cabo de alto-falante 9AWG pode suportar os sistemas e alto-falantes mais exigentes do [&hellip;]<\/p>\n","protected":false},"featured_media":22376,"template":"","meta":{"_acf_changed":false},"product_brand":[],"product_cat":[61,62,168,272],"product_tag":[],"class_list":{"0":"post-22375","1":"product","2":"type-product","3":"status-publish","4":"has-post-thumbnail","6":"product_cat-cabos","7":"product_cat-caixa","8":"product_cat-marcas","9":"product_cat-zavfino","11":"first","12":"instock","13":"sold-individually","14":"shipping-taxable","15":"purchasable","16":"product-type-simple"},"acf":[],"aioseo_notices":[],"_links":{"self":[{"href":"https:\/\/hificlub.com.br\/loja\/wp-json\/wp\/v2\/product\/22375","targetHints":{"allow":["GET"]}}],"collection":[{"href":"https:\/\/hificlub.com.br\/loja\/wp-json\/wp\/v2\/product"}],"about":[{"href":"https:\/\/hificlub.com.br\/loja\/wp-json\/wp\/v2\/types\/product"}],"wp:featuredmedia":[{"embeddable":true,"href":"https:\/\/hificlub.com.br\/loja\/wp-json\/wp\/v2\/media\/22376"}],"wp:attachment":[{"href":"https:\/\/hificlub.com.br\/loja\/wp-json\/wp\/v2\/media?parent=22375"}],"wp:term":[{"taxonomy":"product_brand","embeddable":true,"href":"https:\/\/hificlub.com.br\/loja\/wp-json\/wp\/v2\/product_brand?post=22375"},{"taxonomy":"product_cat","embeddable":true,"href":"https:\/\/hificlub.com.br\/loja\/wp-json\/wp\/v2\/product_cat?post=22375"},{"taxonomy":"product_tag","embeddable":true,"href":"https:\/\/hificlub.com.br\/loja\/wp-json\/wp\/v2\/product_tag?post=22375"}],"curies":[{"name":"wp","href":"https:\/\/api.w.org\/{rel}","templated":true}]}}