{"id":22369,"date":"2025-06-02T11:33:29","date_gmt":"2025-06-02T14:33:29","guid":{"rendered":"https:\/\/hificlub.com.br\/loja\/?post_type=product&#038;p=22369"},"modified":"2026-03-03T22:17:53","modified_gmt":"2026-03-04T01:17:53","slug":"zavfino-the-prima-mkii-pc-occ-11awg-audiophile-power-cable-15-25m","status":"publish","type":"product","link":"https:\/\/hificlub.com.br\/loja\/produto\/zavfino-the-prima-mkii-pc-occ-11awg-audiophile-power-cable-15-25m\/","title":{"rendered":"ZAVFINO THE PRIMA MKII PC-OCC 11AWG &#8211; Cabo de For\u00e7a &#8211; 1,5-2,5m"},"content":{"rendered":"<p>O cabo de alimenta\u00e7\u00e3o Prima OCC utiliza t\u00e9cnicas de design do nosso cabo de alto-falante Prima MkII, mas com a adi\u00e7\u00e3o de isolamento refor\u00e7ado com revestimento de PTFE\/TEF de 50%, blindagem tran\u00e7ada e diel\u00e9trico de enchimento de algod\u00e3o puro. Projetado especificamente para condicionadores de energia, amplificadores aut\u00f4nomos e componentes que exigem transmiss\u00e3o de energia ininterrupta, s\u00f3lida e est\u00e1vel, livre de interfer\u00eancias externas. Confira a an\u00e1lise na Mono &amp; Stereo<\/p>\n<p>https:\/\/www.monoandstereo.com\/2021\/03\/1877-phono-zavfino-prima-ii-occ-power.html<\/p>\n<p>A prepara\u00e7\u00e3o e a produ\u00e7\u00e3o dos condutores PC-OCC da Prima s\u00e3o cuidadosamente planejadas. Antes da extrus\u00e3o, os condutores s\u00e3o pr\u00e9-limpos e queimados por ultrassom e termicamente, removendo \u00f3leo, res\u00edduos e impurezas que podem estar presentes ap\u00f3s a extra\u00e7\u00e3o dos fios m\u00faltiplos. Em seguida, ap\u00f3s os fios de tamanhos vari\u00e1veis \u200b\u200bserem torcidos em um n\u00facleo individual de 11 AWG com acabamento de passo apertado, ele \u00e9 submetido novamente a um processo de limpeza t\u00e9rmica ultrass\u00f4nica, desta vez com uma voltagem ainda mais alta, eliminando quaisquer impurezas finais, o que resulta no som exclusivo de pr\u00e9-queima\/queima inerente aos cabos Zavfino.<\/p>\n<p>Os condutores desencapados de PC-OCC de 11 AWG, limpos por ultrassom, s\u00e3o enviados diretamente por uma extrusora de press\u00e3o que aplica isolamento de PVC a 105 \u00b0C diretamente sobre os n\u00facleos, selando o condutor em seu estado mais puro. Isolamento de enchimento de algod\u00e3o, blindagem de drenagem 100% e duas tran\u00e7as; a primeira, uma tran\u00e7a direta antiest\u00e1tica de poli\u00e9ster vermelho e; a segunda, um monofilamento (PET), finalizam o cabo antes de sua termina\u00e7\u00e3o com os conectores robustos e de alt\u00edssima qualidade da Zavfino.<\/p>\n<p>O resultado final: O Prima \u00e9 um cabo de alimenta\u00e7\u00e3o dinamicamente magistral e aberto, harmonicamente rico e excepcionalmente silencioso, por meio de seu fornecimento irrestrito de energia aos seus componentes de n\u00edvel audi\u00f3filo.<\/p>\n<p>SPECS<\/p>\n<ul>\n<li>Condutor de Cobre PC-OCC 6N<\/li>\n<li>11AWG\/N\u00facleo (3X11AWG)<\/li>\n<li>Encordoamento de Passo Estreito<\/li>\n<li>N\u00facleo isolado diel\u00e9trico de LDPE<\/li>\n<li>Envolt\u00f3rio isolado de PTFE\/TEF<\/li>\n<li>Isolamento com enchimento de algod\u00e3o puro<\/li>\n<li>N\u00facleos isolados de PVC a 105\u00b0C<\/li>\n<li>Blindagem tran\u00e7ada multicamadas de cobertura total<\/li>\n<li>Tratamento Criog\u00eanico Profundo<\/li>\n<li>Tratamento Ultra Sonic-7<\/li>\n<li>Mangas antivibra\u00e7\u00e3o de alta densidade<\/li>\n<li>Tran\u00e7a 1: Tran\u00e7a direta antiest\u00e1tica<\/li>\n<li>Di\u00e2metro 23,0 mm<\/li>\n<li>Conectores: IEC banhado a ouro 24k, plugue EUA ou Schuko banhado a ouro 24k (20A, opcional)<\/li>\n<li>Comprimento: 1,5-2,5 metros<\/li>\n<\/ul>\n","protected":false},"excerpt":{"rendered":"<p>O cabo de alimenta\u00e7\u00e3o Prima OCC utiliza t\u00e9cnicas de design do nosso cabo de alto-falante Prima MkII, mas com a adi\u00e7\u00e3o de isolamento refor\u00e7ado com revestimento de PTFE\/TEF de 50%, blindagem tran\u00e7ada e diel\u00e9trico de enchimento de algod\u00e3o puro. Projetado especificamente para condicionadores de energia, amplificadores aut\u00f4nomos e componentes que exigem transmiss\u00e3o de energia ininterrupta, [&hellip;]<\/p>\n","protected":false},"featured_media":22372,"template":"","meta":{"_acf_changed":false},"product_brand":[],"product_cat":[61,67,168,272],"product_tag":[],"class_list":{"0":"post-22369","1":"product","2":"type-product","3":"status-publish","4":"has-post-thumbnail","6":"product_cat-cabos","7":"product_cat-forca","8":"product_cat-marcas","9":"product_cat-zavfino","11":"first","12":"instock","13":"sold-individually","14":"shipping-taxable","15":"purchasable","16":"product-type-simple"},"acf":[],"aioseo_notices":[],"_links":{"self":[{"href":"https:\/\/hificlub.com.br\/loja\/wp-json\/wp\/v2\/product\/22369","targetHints":{"allow":["GET"]}}],"collection":[{"href":"https:\/\/hificlub.com.br\/loja\/wp-json\/wp\/v2\/product"}],"about":[{"href":"https:\/\/hificlub.com.br\/loja\/wp-json\/wp\/v2\/types\/product"}],"wp:featuredmedia":[{"embeddable":true,"href":"https:\/\/hificlub.com.br\/loja\/wp-json\/wp\/v2\/media\/22372"}],"wp:attachment":[{"href":"https:\/\/hificlub.com.br\/loja\/wp-json\/wp\/v2\/media?parent=22369"}],"wp:term":[{"taxonomy":"product_brand","embeddable":true,"href":"https:\/\/hificlub.com.br\/loja\/wp-json\/wp\/v2\/product_brand?post=22369"},{"taxonomy":"product_cat","embeddable":true,"href":"https:\/\/hificlub.com.br\/loja\/wp-json\/wp\/v2\/product_cat?post=22369"},{"taxonomy":"product_tag","embeddable":true,"href":"https:\/\/hificlub.com.br\/loja\/wp-json\/wp\/v2\/product_tag?post=22369"}],"curies":[{"name":"wp","href":"https:\/\/api.w.org\/{rel}","templated":true}]}}