{"id":22357,"date":"2025-06-02T10:42:23","date_gmt":"2025-06-02T13:42:23","guid":{"rendered":"https:\/\/hificlub.com.br\/loja\/?post_type=product&#038;p=22357"},"modified":"2026-03-03T22:17:54","modified_gmt":"2026-03-04T01:17:54","slug":"zavfino-arcadia-mkii-pc0cc-interconnect","status":"publish","type":"product","link":"https:\/\/hificlub.com.br\/loja\/produto\/zavfino-arcadia-mkii-pc0cc-interconnect\/","title":{"rendered":"ZAVFINO ARCADIA MKII PC0CC &#8211; Cabo RCA"},"content":{"rendered":"<p>O Arcadia \u00e9 uma interconex\u00e3o de cobre PCOCC sem concess\u00f5es, desenvolvida para os sistemas anal\u00f3gicos mais exigentes de ontem e de hoje. Sua engenharia \u00e9 a mesma da nossa interconex\u00e3o de prata pura Fusion, com a \u00fanica diferen\u00e7a de que utiliza apenas fios de cobre puro. A constru\u00e7\u00e3o consiste em um par tran\u00e7ado de n\u00facleos PCOCC de fio fino\/passo apertado, isolados em diel\u00e9trico FEP\/TEF, que s\u00e3o ent\u00e3o isolados com uma capa de PTFE, seguida por uma blindagem de mylar. Uma tran\u00e7a de passo apertado com 24 condutores, para prote\u00e7\u00e3o total, acompanha o mylar contra interfer\u00eancias externas. Em seguida, revestimos o cabo com uma capa de PVC com certifica\u00e7\u00e3o RoHS de 105\u00b0C e uma capa de monofilamento de tereftalato (PET) antiest\u00e1tico.<\/p>\n<p>Embora compartilhe as mesmas t\u00e9cnicas de constru\u00e7\u00e3o da nossa interconex\u00e3o de prata pura Fusion, o design totalmente em cobre PCOCC confere a ela uma assinatura sonora \u00fanica e \u00fanica, sendo a escolha ideal para equipamentos de estado s\u00f3lido que buscam autenticidade.<\/p>\n<p>O Arcadia, assim como todos os nossos cabos, passa pelo nosso novo processo de limpeza ultrass\u00f4nica, no qual o cobre bruto \u00e9 submetido a um banho-maria supercarregado para queimar sujeira, \u00f3leo, part\u00edculas e impurezas da superf\u00edcie do fio. Este banho ultrass\u00f4nico tamb\u00e9m tem o efeito exclusivo de dar aos nossos cabos um som de pr\u00e9-queima que levaria centenas de horas para ser alcan\u00e7ado com o uso normal.<\/p>\n<p><strong>SPECS<\/strong><\/p>\n<ul>\n<li>Condutor: Cobre monocristal PCOCC &#8211; Processo de limpeza ultrass\u00f4nica<\/li>\n<\/ul>\n<ul>\n<li>Isolamento: Diel\u00e9trico FEP\/Tef, diel\u00e9trico PTFE (envolt\u00f3rio),<\/li>\n<\/ul>\n<ul>\n<li>Blindagem: Mylar de alum\u00ednio com tran\u00e7ado de cobre com revestimento de prata de passo estreito<\/li>\n<\/ul>\n<ul>\n<li>Conector macho (RCA): 1877 ZXP-9 com conector de cobre OCC de baixa resist\u00eancia com revestimento de aterramento de alum\u00ednio<\/li>\n<\/ul>\n<ul>\n<li>Manga 1: Manga monofilamentar de tereftalato de polietileno (PET) com fibra antiest\u00e1tica<\/li>\n<\/ul>\n","protected":false},"excerpt":{"rendered":"<p>O Arcadia \u00e9 uma interconex\u00e3o de cobre PCOCC sem concess\u00f5es, desenvolvida para os sistemas anal\u00f3gicos mais exigentes de ontem e de hoje. Sua engenharia \u00e9 a mesma da nossa interconex\u00e3o de prata pura Fusion, com a \u00fanica diferen\u00e7a de que utiliza apenas fios de cobre puro. A constru\u00e7\u00e3o consiste em um par tran\u00e7ado de n\u00facleos [&hellip;]<\/p>\n","protected":false},"featured_media":22360,"template":"","meta":{"_acf_changed":false},"product_brand":[],"product_cat":[61,71,272],"product_tag":[],"class_list":{"0":"post-22357","1":"product","2":"type-product","3":"status-publish","4":"has-post-thumbnail","6":"product_cat-cabos","7":"product_cat-interconnect-rca","8":"product_cat-zavfino","10":"first","11":"instock","12":"sold-individually","13":"shipping-taxable","14":"purchasable","15":"product-type-simple"},"acf":[],"aioseo_notices":[],"_links":{"self":[{"href":"https:\/\/hificlub.com.br\/loja\/wp-json\/wp\/v2\/product\/22357","targetHints":{"allow":["GET"]}}],"collection":[{"href":"https:\/\/hificlub.com.br\/loja\/wp-json\/wp\/v2\/product"}],"about":[{"href":"https:\/\/hificlub.com.br\/loja\/wp-json\/wp\/v2\/types\/product"}],"wp:featuredmedia":[{"embeddable":true,"href":"https:\/\/hificlub.com.br\/loja\/wp-json\/wp\/v2\/media\/22360"}],"wp:attachment":[{"href":"https:\/\/hificlub.com.br\/loja\/wp-json\/wp\/v2\/media?parent=22357"}],"wp:term":[{"taxonomy":"product_brand","embeddable":true,"href":"https:\/\/hificlub.com.br\/loja\/wp-json\/wp\/v2\/product_brand?post=22357"},{"taxonomy":"product_cat","embeddable":true,"href":"https:\/\/hificlub.com.br\/loja\/wp-json\/wp\/v2\/product_cat?post=22357"},{"taxonomy":"product_tag","embeddable":true,"href":"https:\/\/hificlub.com.br\/loja\/wp-json\/wp\/v2\/product_tag?post=22357"}],"curies":[{"name":"wp","href":"https:\/\/api.w.org\/{rel}","templated":true}]}}