{"id":22287,"date":"2025-05-31T12:39:56","date_gmt":"2025-05-31T15:39:56","guid":{"rendered":"https:\/\/hificlub.com.br\/loja\/?post_type=product&#038;p=22287"},"modified":"2026-03-03T22:17:54","modified_gmt":"2026-03-04T01:17:54","slug":"definitive-technology-descend-dn10-ultra-performance-10-subwoofer","status":"publish","type":"product","link":"https:\/\/hificlub.com.br\/loja\/produto\/definitive-technology-descend-dn10-ultra-performance-10-subwoofer\/","title":{"rendered":"DEFINITIVE TECHNOLOGY DESCEND DN10 &#8211; Ultra-Performance 10&#8243; Subwoofer"},"content":{"rendered":"<div class=\"row\">\n<div class=\"col-12\">\n<p>Subwoofer de 10 &#8220;Ultra-Performance<\/p>\n<p>A arquitetura 3XR \u2122 exclusiva do DN10 significa que ele oferece todos os graves que voc\u00ea precisa e, em seguida, alguns, realizando um desempenho significativamente mais alto e mais claro do que outros subwoofers de 10 \u201d.<\/p>\n<p>Woofer de 10 &#8220;de longo prazo<br \/>\nRadiadores passivos duplos de 10 &#8220;Configura\u00e7\u00e3o 3xr \u2122<br \/>\nT\u00e3o baixo quanto 28Hz (+\/- 3 dB)<br \/>\nAmplificador digital da classe D<br \/>\nControles do painel traseiro<\/p>\n<p>A arquitetura 3XR exclusiva da Descend fornece a \u00e1rea de superf\u00edcie produtora de graves de um subwoofer tradicional portado. Esta \u00e1rea de superf\u00edcie extra se move mais ar, resultando em uma extremidade baixa maci\u00e7a. E como o 3XR n\u00e3o usa portas, ele tamb\u00e9m fornece som cristalino sem distor\u00e7\u00e3o de ru\u00eddo da porta.<\/p>\n<p>Como a tecnologia principal por tr\u00e1s da arquitetura 3xr da Descend, seus radiadores de graves passivos permitem que o DN10 jogue t\u00e3o alto e baixo quanto um submarino portado de 10 \u201dsem distor\u00e7\u00e3o de ru\u00eddo por porta indesejada. Os radiadores passivos tamb\u00e9m oferecem uma resposta de frequ\u00eancia lisa, como um string de porto, mas a mais de uma quantidade mais baixa e mais baixa em uma pequena e mais baixa, o que voc\u00ea tem, mas com a melhor capacidade de ser mais importante e mais baixa em uma pequena e menor gorjeta. do que um submarino selado.<\/p>\n<p>Como o amplificador DN10 Classe D \u00e9 t\u00e3o eficiente, pouca energia \u00e9 desperdi\u00e7ada como calor e toda a sua sa\u00edda \u00e9 dedicada a proporcionar graves significativamente mais suaves e maior impacto. Isso permite que o subwoofer DN10 se misture naturalmente em qualquer sistema de \u00e1udio, produzindo maior volume e impacto significativamente mais profundo do que os projetos competitivos.<\/p>\n<p>Voc\u00ea pode personalizar o DN10 para as necessidades do seu aplicativo, sistema e espa\u00e7o. O DN10 apresenta controles embutidos para volume vari\u00e1vel, filtro de passagem baixa e fase (0\/180 \u00b0) para n\u00edveis \u00f3timos de graves e a capacidade de personaliz\u00e1-lo para as necessidades espec\u00edficas do seu sistema.<\/p>\n<\/div>\n<\/div>\n<div class=\"row\">\n<div class=\"col\">\n<p><strong>SPECS<\/strong><\/p>\n<p>Cores: geleira branca e Midnight Black<br \/>\nWoofer:\u00a0 de longo lance de transdutor de 10 &#8221;<br \/>\nRadiadores:\u00a0 passivos duplos 10 &#8220;3xr \u2122 Configura\u00e7\u00e3o<br \/>\nTipo de Grave: Radiador de graves<br \/>\nAmplificador:\u00a0 Tipo de classe D<br \/>\nResposta de frequ\u00eancia (-\/+ 3dB): 28\u2013200Hz<br \/>\nCrossover de passa-baixo : Freq 60\u2013120Hz<br \/>\nAjuste de fase: 0\/180 \u00b0<br \/>\nLFE: single rcA<br \/>\nAlto-falante:\u00a0 da esquerda\/direita de 5 vias Postagens de liga\u00e7\u00e3o<\/p>\n<p>Dimens\u00f5es A x L x P:\u00a0 425,4 x 407,4 x 433,2 mm<\/p>\n<p>Peso: 20,7<\/p>\n<p><strong>Conte\u00fado da Caixa<\/strong><br \/>\nCabo de alimenta\u00e7\u00e3o<br \/>\nGuia de in\u00edcio r\u00e1pido<br \/>\nCart\u00e3o de inscri\u00e7\u00e3o<\/p>\n<p><a href=\"https:\/\/www.whathifi.com\/news\/definitive-technology-adds-new-compact-subwoofers-to-its-descend-series\" target=\"_blank\" rel=\"noopener\"><img loading=\"lazy\" decoding=\"async\" class=\"alignnone size-medium wp-image-21976\" src=\"https:\/\/hificlub.com.br\/loja\/wp-content\/uploads\/2025\/05\/what-hifi-awards-1-300x152.png\" alt=\"\" width=\"300\" height=\"152\" srcset=\"https:\/\/hificlub.com.br\/loja\/wp-content\/uploads\/2025\/05\/what-hifi-awards-1-300x152.png 300w, https:\/\/hificlub.com.br\/loja\/wp-content\/uploads\/2025\/05\/what-hifi-awards-1.png 316w\" sizes=\"auto, (max-width: 300px) 100vw, 300px\" \/>\u00a0\u00a0\u00a0\u00a0\u00a0\u00a0 <\/a><a href=\"https:\/\/www.homecinemachoice.com\/content\/definitive-technology-launches-two-models-new-descend-subwoofer-range\" target=\"_blank\" rel=\"noopener\"><img loading=\"lazy\" decoding=\"async\" class=\"alignnone wp-image-22434 size-full\" src=\"https:\/\/hificlub.com.br\/loja\/wp-content\/uploads\/2025\/05\/DEFINITIVE-TECHNOLOGY-DESCEND-DN10-Ultra-Performance-10-Subwoofer-award.jpg\" alt=\"\" width=\"345\" height=\"73\" srcset=\"https:\/\/hificlub.com.br\/loja\/wp-content\/uploads\/2025\/05\/DEFINITIVE-TECHNOLOGY-DESCEND-DN10-Ultra-Performance-10-Subwoofer-award.jpg 345w, https:\/\/hificlub.com.br\/loja\/wp-content\/uploads\/2025\/05\/DEFINITIVE-TECHNOLOGY-DESCEND-DN10-Ultra-Performance-10-Subwoofer-award-300x63.jpg 300w\" sizes=\"auto, (max-width: 345px) 100vw, 345px\" \/><\/a><\/p>\n<\/div>\n<\/div>\n","protected":false},"excerpt":{"rendered":"<p>Subwoofer de 10 &#8220;Ultra-Performance A arquitetura 3XR \u2122 exclusiva do DN10 significa que ele oferece todos os graves que voc\u00ea precisa e, em seguida, alguns, realizando um desempenho significativamente mais alto e mais claro do que outros subwoofers de 10 \u201d. Woofer de 10 &#8220;de longo prazo Radiadores passivos duplos de 10 &#8220;Configura\u00e7\u00e3o 3xr \u2122 [&hellip;]<\/p>\n","protected":false},"featured_media":22288,"template":"","meta":{"_acf_changed":false},"product_brand":[],"product_cat":[17,287,168,36],"product_tag":[],"class_list":{"0":"post-22287","1":"product","2":"type-product","3":"status-publish","4":"has-post-thumbnail","6":"product_cat-caixas","7":"product_cat-definitive-technology","8":"product_cat-marcas","9":"product_cat-subwoofer","11":"first","12":"instock","13":"sold-individually","14":"shipping-taxable","15":"purchasable","16":"product-type-simple"},"acf":[],"aioseo_notices":[],"_links":{"self":[{"href":"https:\/\/hificlub.com.br\/loja\/wp-json\/wp\/v2\/product\/22287","targetHints":{"allow":["GET"]}}],"collection":[{"href":"https:\/\/hificlub.com.br\/loja\/wp-json\/wp\/v2\/product"}],"about":[{"href":"https:\/\/hificlub.com.br\/loja\/wp-json\/wp\/v2\/types\/product"}],"wp:featuredmedia":[{"embeddable":true,"href":"https:\/\/hificlub.com.br\/loja\/wp-json\/wp\/v2\/media\/22288"}],"wp:attachment":[{"href":"https:\/\/hificlub.com.br\/loja\/wp-json\/wp\/v2\/media?parent=22287"}],"wp:term":[{"taxonomy":"product_brand","embeddable":true,"href":"https:\/\/hificlub.com.br\/loja\/wp-json\/wp\/v2\/product_brand?post=22287"},{"taxonomy":"product_cat","embeddable":true,"href":"https:\/\/hificlub.com.br\/loja\/wp-json\/wp\/v2\/product_cat?post=22287"},{"taxonomy":"product_tag","embeddable":true,"href":"https:\/\/hificlub.com.br\/loja\/wp-json\/wp\/v2\/product_tag?post=22287"}],"curies":[{"name":"wp","href":"https:\/\/api.w.org\/{rel}","templated":true}]}}