{"id":22282,"date":"2025-05-31T12:17:52","date_gmt":"2025-05-31T15:17:52","guid":{"rendered":"https:\/\/hificlub.com.br\/loja\/?post_type=product&#038;p=22282"},"modified":"2026-03-03T22:17:54","modified_gmt":"2026-03-04T01:17:54","slug":"definitive-technology-descend-dn15-ultra-performance-15-subwoofer","status":"publish","type":"product","link":"https:\/\/hificlub.com.br\/loja\/produto\/definitive-technology-descend-dn15-ultra-performance-15-subwoofer\/","title":{"rendered":"DEFINITIVE TECHNOLOGY DESCEND DN15 &#8211; Ultra-Performance 15&#8243; Subwoofer"},"content":{"rendered":"<div class=\"row mt-4\">\n<div class=\"col\">\n<p>Desempenho de graves impressionante e incompar\u00e1vel, com o nosso subwoofer mais potente de todos os tempos. Tecnologias exclusivas adicionam clareza, pot\u00eancia e integra\u00e7\u00e3o perfeita ao sistema sem precedentes.<\/p>\n<p>Woofer de Longo Alcance de 15&#8243;<br \/>\nDuas Radia\u00e7\u00f5es Passivas de 15&#8243; Configura\u00e7\u00e3o 3XR\u2122<br \/>\nAt\u00e9 20 Hz (+\/- 3 dB)<br \/>\nAmplificador Digital Classe H<br \/>\nPainel Traseiro e Controle Remoto<\/p>\n<p>A Arquitetura 3XR do DN15 oferece o triplo da \u00e1rea de superf\u00edcie radiante para produ\u00e7\u00e3o de graves de um subwoofer tradicional com porta de 15&#8243;. Essa \u00e1rea de superf\u00edcie extra movimenta mais ar, permitindo que o DN15 reproduza sons t\u00e3o altos e graves quanto dois subwoofers com porta de 18&#8243; de tamanho similar. E como o 3XR n\u00e3o utiliza portas, o DN15 tamb\u00e9m oferece graves potentes e cristalinos, sem distor\u00e7\u00e3o de ru\u00eddo de porta.<\/p>\n<p>Como a tecnologia central por tr\u00e1s da Arquitetura 3XR da Descend, seus radiadores passivos de graves permitem que o DN15 reproduza sons t\u00e3o altos e graves quanto dois subwoofers de 18\u201d com porta, sem distor\u00e7\u00e3o indesejada de ru\u00eddo de porta. Os radiadores passivos tamb\u00e9m oferecem uma resposta de frequ\u00eancia suave como um subwoofer selado, mas com a capacidade de reproduzir sons mais altos e mais graves em um gabinete menor, semelhante a uma porta. O que voc\u00ea obt\u00e9m \u00e9 o melhor dos dois mundos: graves mais altos e n\u00edtidos do que um subwoofer com porta, em um gabinete menor do que um subwoofer selado.<\/p>\n<p>O avan\u00e7ado amplificador digital Classe H do DN15 fornece pot\u00eancia cont\u00ednua para reproduzir graves sustentados abaixo de 20 Hz com nitidez. Com monitoramento em tempo real e ajustes na tens\u00e3o do trilho deslizante, o DN15 oferece pot\u00eancia consideravelmente maior durante picos curtos e transit\u00f3rios, como bumbos e explos\u00f5es de artilharia na tela.<\/p>\n<p>O avan\u00e7ado Processador de Sinal Digital (DSP) de 56 bits amplia e aprimora a resposta de graves do DN15. O DSP monitora e controla rigorosamente o sistema de woofer para evitar distor\u00e7\u00e3o e ru\u00eddos de fundo. danos em volumes ultra-altos com o m\u00ednimo de artefatos aud\u00edveis.<\/p>\n<p>O Intelligent Phase Control\u2122 oferece 360 \u200b\u200bgraus de ajuste de fase personaliz\u00e1vel, sempre centrado nas configura\u00e7\u00f5es do filtro passa-baixa. Isso permite ajustar o subwoofer para um atraso de grupo m\u00ednimo entre as caixas ac\u00fasticas e uma experi\u00eancia de mixagem perfeita entre as caixas ac\u00fasticas e o subwoofer.<\/p>\n<\/div>\n<\/div>\n<div class=\"row\">\n<div class=\"col\">\n<p><strong>SPECS<\/strong><\/p>\n<p>Cores: Preto Meia-Noite<br \/>\nTransdutor: Woofer de 15&#8243; de Longo Alcance<br \/>\nRadiadores Passivos Duplos 3XR\u2122 de 15&#8243; Configura\u00e7\u00e3o<br \/>\nTipo de Graves: Radiador de Graves<br \/>\nDimens\u00f5es A x L x P: 612,6 x 594,4 x 632,7 mm<br \/>\nTipo de Amplificador: Classe H<br \/>\nResposta de Frequ\u00eancia (-\/+ 3 dB): 20\u2013150 Hz<br \/>\nFrequ\u00eancia de Crossover Passa-Baixa: 40\u2013120 Hz<br \/>\nAjuste de Fase: -135 a 180 graus (Em incrementos de 45 graus)<br \/>\nLFE: RCA \u00danico<br \/>\nAlto-falante: Esquerdo\/Direito de 5 Vias Pontos de Conex\u00e3o<\/p>\n<p>Dimens\u00f5es: 612,6 x 594,4 x 632,7 mm<\/p>\n<p>Peso: 52 kg<\/p>\n<p><strong>Conte\u00fado da Caixa<\/strong><\/p>\n<p>Subwoofer<br \/>\nControle Remoto Fino<br \/>\n(Pilhas Inclusas)<br \/>\nCabo de Alimenta\u00e7\u00e3o<br \/>\nGuia de In\u00edcio R\u00e1pido<\/p>\n<\/div>\n<\/div>\n","protected":false},"excerpt":{"rendered":"<p>Desempenho de graves impressionante e incompar\u00e1vel, com o nosso subwoofer mais potente de todos os tempos. Tecnologias exclusivas adicionam clareza, pot\u00eancia e integra\u00e7\u00e3o perfeita ao sistema sem precedentes. Woofer de Longo Alcance de 15&#8243; Duas Radia\u00e7\u00f5es Passivas de 15&#8243; Configura\u00e7\u00e3o 3XR\u2122 At\u00e9 20 Hz (+\/- 3 dB) Amplificador Digital Classe H Painel Traseiro e Controle [&hellip;]<\/p>\n","protected":false},"featured_media":22283,"template":"","meta":{"_acf_changed":false},"product_brand":[],"product_cat":[17,287,168,36],"product_tag":[],"class_list":{"0":"post-22282","1":"product","2":"type-product","3":"status-publish","4":"has-post-thumbnail","6":"product_cat-caixas","7":"product_cat-definitive-technology","8":"product_cat-marcas","9":"product_cat-subwoofer","11":"first","12":"instock","13":"sold-individually","14":"shipping-taxable","15":"purchasable","16":"product-type-simple"},"acf":[],"aioseo_notices":[],"_links":{"self":[{"href":"https:\/\/hificlub.com.br\/loja\/wp-json\/wp\/v2\/product\/22282","targetHints":{"allow":["GET"]}}],"collection":[{"href":"https:\/\/hificlub.com.br\/loja\/wp-json\/wp\/v2\/product"}],"about":[{"href":"https:\/\/hificlub.com.br\/loja\/wp-json\/wp\/v2\/types\/product"}],"wp:featuredmedia":[{"embeddable":true,"href":"https:\/\/hificlub.com.br\/loja\/wp-json\/wp\/v2\/media\/22283"}],"wp:attachment":[{"href":"https:\/\/hificlub.com.br\/loja\/wp-json\/wp\/v2\/media?parent=22282"}],"wp:term":[{"taxonomy":"product_brand","embeddable":true,"href":"https:\/\/hificlub.com.br\/loja\/wp-json\/wp\/v2\/product_brand?post=22282"},{"taxonomy":"product_cat","embeddable":true,"href":"https:\/\/hificlub.com.br\/loja\/wp-json\/wp\/v2\/product_cat?post=22282"},{"taxonomy":"product_tag","embeddable":true,"href":"https:\/\/hificlub.com.br\/loja\/wp-json\/wp\/v2\/product_tag?post=22282"}],"curies":[{"name":"wp","href":"https:\/\/api.w.org\/{rel}","templated":true}]}}