{"id":22277,"date":"2025-05-31T11:59:30","date_gmt":"2025-05-31T14:59:30","guid":{"rendered":"https:\/\/hificlub.com.br\/loja\/?post_type=product&#038;p=22277"},"modified":"2026-03-03T22:17:54","modified_gmt":"2026-03-04T01:17:54","slug":"definitive-technology-descend-dn12-ultra-performance-12-subwoofer","status":"publish","type":"product","link":"https:\/\/hificlub.com.br\/loja\/produto\/definitive-technology-descend-dn12-ultra-performance-12-subwoofer\/","title":{"rendered":"DEFINITIVE TECHNOLOGY DESCEND DN12 &#8211; Ultra-Performance 12&#8243; Subwoofer"},"content":{"rendered":"<div class=\"row mt-4\">\n<div class=\"col\">\n<p>Equipado com tecnologias personalizadas, como a Arquitetura 3XR\u2122 e o Controle Inteligente de Fase\u2122, o DN12 proporciona graves extraordin\u00e1rios em qualquer sistema.<\/p>\n<p>Woofer de Longo Alcance de 12&#8243;<br \/>\nDuas Radia\u00e7\u00f5es Passivas de 12&#8243; Configura\u00e7\u00e3o 3XR\u2122<br \/>\nAt\u00e9 25 Hz (+\/- 3 dB)<br \/>\nAmplificador Digital Classe H<br \/>\nPainel Traseiro e Controle Remoto<\/p>\n<p>A Arquitetura 3XR do DN12 oferece o triplo da \u00e1rea de superf\u00edcie radiante para produ\u00e7\u00e3o de graves de um subwoofer tradicional com porta de 12&#8243;. Essa \u00e1rea de superf\u00edcie extra movimenta mais ar, permitindo que o DN12 reproduza sons t\u00e3o altos e graves quanto dois subwoofers com porta de 12&#8243; de tamanho similar. E como o 3XR n\u00e3o utiliza portas, o DN12 tamb\u00e9m oferece graves cristalinos sem distor\u00e7\u00e3o de ru\u00eddo de porta.<\/p>\n<p>Como a tecnologia central por tr\u00e1s da Arquitetura 3XR da Descend, seus radiadores passivos de graves permitem que o DN12 reproduza sons t\u00e3o altos e graves quanto um subwoofer de 15\u201d com porta, sem distor\u00e7\u00e3o indesejada de ru\u00eddo de porta. Os radiadores passivos tamb\u00e9m oferecem uma resposta de frequ\u00eancia suave como a de um subwoofer selado, mas com a capacidade de reproduzir sons mais altos e mais graves em um gabinete menor, semelhante ao de uma porta. O que voc\u00ea obt\u00e9m \u00e9 o melhor dos dois mundos: graves mais altos e n\u00edtidos do que um subwoofer com porta, em um gabinete menor do que um subwoofer selado.<\/p>\n<p>O avan\u00e7ado amplificador digital Classe H do DN12 fornece pot\u00eancia cont\u00ednua para reproduzir graves sustentados abaixo de 25 Hz com nitidez. Com monitoramento em tempo real e ajustes na tens\u00e3o do trilho deslizante, o DN12 oferece pot\u00eancia consideravelmente maior durante picos curtos e transit\u00f3rios, como bumbos e explos\u00f5es de artilharia na tela.<\/p>\n<p>O avan\u00e7ado Processador de Sinal Digital (DSP) de 56 bits amplia e aprimora a resposta de graves do DN12. O DSP monitora e controla rigorosamente o sistema de woofer para evitar distor\u00e7\u00e3o e danos ao woofer. Volumes ultra-altos com o m\u00ednimo de artefatos aud\u00edveis.<\/p>\n<p>O Intelligent Phase Control\u2122 oferece 360 \u200b\u200bgraus de ajuste de fase personaliz\u00e1vel, sempre centrado nas configura\u00e7\u00f5es do filtro passa-baixa. Isso permite ajustar o subwoofer para um atraso de grupo m\u00ednimo entre as caixas ac\u00fasticas e uma experi\u00eancia de mixagem perfeita entre as caixas ac\u00fasticas e o subwoofer.<\/p>\n<p><strong>SPECS<\/strong><\/p>\n<p>Cores: Preto Meia-Noite<br \/>\nTransdutores: Woofer de Longo Alcance de 12&#8243;<br \/>\nRadiadores passivos: Configura\u00e7\u00e3o dupla 3XR\u2122 de 12&#8243;<br \/>\nTipo de graves: Radiador de graves<br \/>\nP\u00e9s: P\u00e9s instalados permanentemente com almofada de borracha (sem nivelamento)<br \/>\nTipo de amplificador: Classe H<br \/>\nResposta de frequ\u00eancia (-\/+ 3dB): 25 Hz \u2192 150 Hz<br \/>\nFrequ\u00eancia de crossover passa-baixa: 40 Hz \u2192 150 Hz<br \/>\nAjuste de fase: -135 a 180 graus (em 45 graus) (incrementos)<br \/>\nFonte de alimenta\u00e7\u00e3o: Interna; Conector IEC de 3 pinos; Chave seletora 120V\/240V<br \/>\nEuropa (Conformidade &lt;0,5W): Sim<br \/>\nLFE: RCA simples<br \/>\nAlto-falante: Conectores de 5 vias esquerdo\/direito<br \/>\nAlimenta\u00e7\u00e3o principal: Liga\/Desliga<br \/>\nControle de volume: Bot\u00f5es +\/-\/Mudo<br \/>\nControle de passagem baixa: Bot\u00f5es +\/-<br \/>\nControle de fase: Bot\u00e3o de altern\u00e2ncia<br \/>\nDisplay de LED frontal: Totalmente funcional; com fun\u00e7\u00e3o de desaparecimento<br \/>\nControle remoto: Controle remoto infravermelho incluso<\/p>\n<p>Dimens\u00f5es A x L x P: 475,5 x 458,2 x 484,8 mm<\/p>\n<p>Peso: 33,2 kg<\/p>\n<p>Garantia: Drivers: 5 anos. Amplificador: 3 anos<\/p>\n<\/div>\n<\/div>\n","protected":false},"excerpt":{"rendered":"<p>Equipado com tecnologias personalizadas, como a Arquitetura 3XR\u2122 e o Controle Inteligente de Fase\u2122, o DN12 proporciona graves extraordin\u00e1rios em qualquer sistema. Woofer de Longo Alcance de 12&#8243; Duas Radia\u00e7\u00f5es Passivas de 12&#8243; Configura\u00e7\u00e3o 3XR\u2122 At\u00e9 25 Hz (+\/- 3 dB) Amplificador Digital Classe H Painel Traseiro e Controle Remoto A Arquitetura 3XR do DN12 [&hellip;]<\/p>\n","protected":false},"featured_media":22278,"template":"","meta":{"_acf_changed":false},"product_brand":[],"product_cat":[17,287,168,36],"product_tag":[],"class_list":{"0":"post-22277","1":"product","2":"type-product","3":"status-publish","4":"has-post-thumbnail","6":"product_cat-caixas","7":"product_cat-definitive-technology","8":"product_cat-marcas","9":"product_cat-subwoofer","11":"first","12":"instock","13":"sold-individually","14":"shipping-taxable","15":"purchasable","16":"product-type-simple"},"acf":[],"aioseo_notices":[],"_links":{"self":[{"href":"https:\/\/hificlub.com.br\/loja\/wp-json\/wp\/v2\/product\/22277","targetHints":{"allow":["GET"]}}],"collection":[{"href":"https:\/\/hificlub.com.br\/loja\/wp-json\/wp\/v2\/product"}],"about":[{"href":"https:\/\/hificlub.com.br\/loja\/wp-json\/wp\/v2\/types\/product"}],"wp:featuredmedia":[{"embeddable":true,"href":"https:\/\/hificlub.com.br\/loja\/wp-json\/wp\/v2\/media\/22278"}],"wp:attachment":[{"href":"https:\/\/hificlub.com.br\/loja\/wp-json\/wp\/v2\/media?parent=22277"}],"wp:term":[{"taxonomy":"product_brand","embeddable":true,"href":"https:\/\/hificlub.com.br\/loja\/wp-json\/wp\/v2\/product_brand?post=22277"},{"taxonomy":"product_cat","embeddable":true,"href":"https:\/\/hificlub.com.br\/loja\/wp-json\/wp\/v2\/product_cat?post=22277"},{"taxonomy":"product_tag","embeddable":true,"href":"https:\/\/hificlub.com.br\/loja\/wp-json\/wp\/v2\/product_tag?post=22277"}],"curies":[{"name":"wp","href":"https:\/\/api.w.org\/{rel}","templated":true}]}}