{"id":22269,"date":"2025-05-31T11:34:25","date_gmt":"2025-05-31T14:34:25","guid":{"rendered":"https:\/\/hificlub.com.br\/loja\/?post_type=product&#038;p=22269"},"modified":"2026-03-03T22:17:55","modified_gmt":"2026-03-04T01:17:55","slug":"definitive-technology-dymension-dw-80-pro-caixa-in-wall","status":"publish","type":"product","link":"https:\/\/hificlub.com.br\/loja\/produto\/definitive-technology-dymension-dw-80-pro-caixa-in-wall\/","title":{"rendered":"DEFINITIVE TECHNOLOGY DYMENSION DW-80 PRO &#8211; Caixa In-Wall"},"content":{"rendered":"<div class=\"row\">\n<div class=\"col-12\">\n<p>Caixa de Som de Embutir de Parede de 8,0&#8243; com Tweeter Pivotante<\/p>\n<p>As caixas de som de embutir de parede Dymension CI\u2122 PRO oferecem som n\u00edtido e consistente para aplica\u00e7\u00f5es residenciais e comerciais, com recursos como tweeters pivotantes, design discreto e prote\u00e7\u00e3o contra intemp\u00e9ries com classifica\u00e7\u00e3o IP55.<\/p>\n<p>Woofer com Preenchimento Mineral de 8,0&#8243;<br \/>\nTweet com Domo Pivotante de \u00d3xido de Alum\u00ednio de 1&#8243;<br \/>\nInstala\u00e7\u00e3o sem Ferramentas<br \/>\nDesign Rente e Sem Bordas<\/p>\n<p>Um woofer leve, r\u00edgido e com preenchimento mineral de 8&#8243; reproduz m\u00fasicas e trilhas sonoras de filmes ricas e n\u00edtidas.<\/p>\n<p>O tweeter com domo de \u00f3xido de alum\u00ednio gira para direcionar um som n\u00edtido e claro para qualquer lugar, proporcionando um som realista com clareza e imagem incompar\u00e1veis, independentemente do posicionamento das caixas de som.<\/p>\n<p>Uma rede de crossover premium garante sonoridade equilibrada e resposta suave.<\/p>\n<p>Estruturas e defletores integrados; grades magn\u00e9ticas microperfuradas que podem ser pintadas; e um design rente e sem bordas fazem com que as caixas de som se misturem ao fundo, proporcionando uma apar\u00eancia praticamente invis\u00edvel que se harmoniza perfeitamente com o seu ambiente.<\/p>\n<p><strong>SPECS<\/strong><\/p>\n<p>Material da Grade: Grade Magn\u00e9tica Microperfurada<br \/>\nTweeter: Tweeter com Domo de \u00d3xido de Alum\u00ednio Pivotante de 2,5 cm (1 pol.)<br \/>\nM\u00e9dios\/M\u00e9dios Graves: Polipropileno Mineral de 20 cm (8 pol.)<br \/>\nResposta de Frequ\u00eancia: 22 Hz\u201330 kHz (-10 dB); 35 Hz\u201325 kHz (-3 dB)<br \/>\nImped\u00e2ncia nominal: 6 \u03a9<br \/>\nSensibilidade: 87 dB (2,83 V\/1 m)<br \/>\nPot\u00eancia recomendada do amplificador: 20-120 W<br \/>\nClassifica\u00e7\u00e3o IP (Prote\u00e7\u00e3o contra entrada): IP55<br \/>\nGarantia: 5 anos<br \/>\nAcess\u00f3rios inclusos: Grade, Pacote de literatura (QSG\/Cart\u00e3o de registro\/Garantia), Guia de corte de furos.<\/p>\n<p>Dimens\u00f5es do Produto (L x A x P): 275,4 x 405,4 x 100,3 mm (10,84 x 15,96 x 3,95 pol.)<br \/>\nDimens\u00f5es do Recorte (L x A): 244,2 x 374,2 mm (9,61 x 14,73 pol.)<br \/>\nProfundidade de Montagem: 92,9 mm (3,66 pol.)<br \/>\nPeso: 2,9 kg (6,39 lbs)<br \/>\nCor: Grade Pint\u00e1vel em Branco<\/p>\n<\/div>\n<\/div>\n","protected":false},"excerpt":{"rendered":"<p>Caixa de Som de Embutir de Parede de 8,0&#8243; com Tweeter Pivotante As caixas de som de embutir de parede Dymension CI\u2122 PRO oferecem som n\u00edtido e consistente para aplica\u00e7\u00f5es residenciais e comerciais, com recursos como tweeters pivotantes, design discreto e prote\u00e7\u00e3o contra intemp\u00e9ries com classifica\u00e7\u00e3o IP55. Woofer com Preenchimento Mineral de 8,0&#8243; Tweet com [&hellip;]<\/p>\n","protected":false},"featured_media":22270,"template":"","meta":{"_acf_changed":false},"product_brand":[],"product_cat":[285,17,287,168],"product_tag":[],"class_list":{"0":"post-22269","1":"product","2":"type-product","3":"status-publish","4":"has-post-thumbnail","6":"product_cat-caixa-in-wall","7":"product_cat-caixas","8":"product_cat-definitive-technology","9":"product_cat-marcas","11":"first","12":"instock","13":"sold-individually","14":"shipping-taxable","15":"purchasable","16":"product-type-simple"},"acf":[],"aioseo_notices":[],"_links":{"self":[{"href":"https:\/\/hificlub.com.br\/loja\/wp-json\/wp\/v2\/product\/22269","targetHints":{"allow":["GET"]}}],"collection":[{"href":"https:\/\/hificlub.com.br\/loja\/wp-json\/wp\/v2\/product"}],"about":[{"href":"https:\/\/hificlub.com.br\/loja\/wp-json\/wp\/v2\/types\/product"}],"wp:featuredmedia":[{"embeddable":true,"href":"https:\/\/hificlub.com.br\/loja\/wp-json\/wp\/v2\/media\/22270"}],"wp:attachment":[{"href":"https:\/\/hificlub.com.br\/loja\/wp-json\/wp\/v2\/media?parent=22269"}],"wp:term":[{"taxonomy":"product_brand","embeddable":true,"href":"https:\/\/hificlub.com.br\/loja\/wp-json\/wp\/v2\/product_brand?post=22269"},{"taxonomy":"product_cat","embeddable":true,"href":"https:\/\/hificlub.com.br\/loja\/wp-json\/wp\/v2\/product_cat?post=22269"},{"taxonomy":"product_tag","embeddable":true,"href":"https:\/\/hificlub.com.br\/loja\/wp-json\/wp\/v2\/product_tag?post=22269"}],"curies":[{"name":"wp","href":"https:\/\/api.w.org\/{rel}","templated":true}]}}