{"id":2225,"date":"2023-10-17T19:59:39","date_gmt":"2023-10-17T22:59:39","guid":{"rendered":"https:\/\/hificlub.com.br\/loja2\/produto\/musical-fidelity-ams35i-pure-class-a-35-watts\/"},"modified":"2024-10-07T17:08:38","modified_gmt":"2024-10-07T20:08:38","slug":"musical-fidelity-ams35i-pure-class-a-35-watts","status":"publish","type":"product","link":"https:\/\/hificlub.com.br\/loja\/produto\/musical-fidelity-ams35i-pure-class-a-35-watts\/","title":{"rendered":"Musical Fidelity AMS35i  Pure Class A 35 Watts"},"content":{"rendered":"<p>ESTADO 9\/10<\/p>\n<h2><span style=\"font-size: small;\">O AMS35i \u00e9 um amplificador com est\u00e1gios de pot\u00eancia dual-mono Classe A puros.<\/span><\/h2>\n<div class=\"productImageSlider\"><strong><span style=\"font-size: small;\">\u00a0Vis\u00e3o geral<\/span><\/strong><\/div>\n<p>O AMS35i \u00e9 o sucessor espiritual do nosso A1000, o primeiro amplificador super integrado do mundo e um design precioso ainda procurado por colecionadores cerca de 20 anos depois.<\/p>\n<p>Concentramos nossos consider\u00e1veis \u200b\u200brecursos de pesquisa e desenvolvimento para criar um amplificador integrado classe A de nova gera\u00e7\u00e3o que oferece ainda mais satisfa\u00e7\u00e3o musical.\u00a0Esse amplificador \u00e9 o AMS35i.<\/p>\n<p>Este design puro de Classe A \u00e9 essencialmente um pr\u00e9-amplificador discreto perfeitamente emparelhado com amplificadores de pot\u00eancia dual-mono dentro de uma caixa.\u00a0Ele usa a tecnologia trickle-down do nosso principal amplificador TITAN, compartilhando as caracter\u00edsticas dessa pot\u00eancia em termos de baixa distor\u00e7\u00e3o, ru\u00eddo m\u00ednimo, ampla largura de banda e excelente capacidade de condu\u00e7\u00e3o de carga.\u00a0O \u00faltimo significa que, apesar de sua sa\u00edda relativamente modesta de 35 Watts por canal, o AMS35i alimentar\u00e1 sem esfor\u00e7o todos os alto-falantes, exceto os mais exigentes, e preencher\u00e1 todas as salas, exceto as maiores.<\/p>\n<p>O AMS35i \u00e9 o parceiro perfeito para nosso combo AMS CD player\/DAC &#8211; apar\u00eancia e som sensacionais.<\/p>\n<div class=\"singlePane\">\n<h3>Desempenho<\/h3>\n<ul>\n<li>Pot\u00eancia de sa\u00edda: 35 Watts por canal em 8 Ohms (15,5 dBW)<\/li>\n<li>THD (+ ru\u00eddo): &lt;0,014% t\u00edpico<\/li>\n<li>Rela\u00e7\u00e3o sinal-ru\u00eddo: &gt;96dB<\/li>\n<li>Resposta de frequ\u00eancia: +0, \u20130,1dB, 10Hz a 20kHz<\/li>\n<\/ul>\n<h3>entradas<\/h3>\n<ul>\n<li>4x n\u00edvel de linha fono RCA<\/li>\n<li>1x n\u00edvel de linha XLR balanceado<\/li>\n<\/ul>\n<h3>Em geral<\/h3>\n<ul>\n<li>Dimens\u00f5es &#8211; LxAxP (mm): 483 x 148 x 475<\/li>\n<li>Peso (desempacotado \/ embalado): 28,3 kg \/ 33 kg<\/li>\n<\/ul>\n<\/div>\n<p>&nbsp;<\/p>\n","protected":false},"excerpt":{"rendered":"<p>ESTADO 9\/10 O AMS35i \u00e9 um amplificador com est\u00e1gios de pot\u00eancia dual-mono Classe A puros. \u00a0Vis\u00e3o geral O AMS35i \u00e9 o sucessor espiritual do nosso A1000, o primeiro amplificador super integrado do mundo e um design precioso ainda procurado por colecionadores cerca de 20 anos depois. Concentramos nossos consider\u00e1veis \u200b\u200brecursos de pesquisa e desenvolvimento para [&hellip;]<\/p>\n","protected":false},"featured_media":2221,"template":"","meta":{"_acf_changed":false},"product_brand":[],"product_cat":[27,51,95],"product_tag":[],"class_list":{"0":"post-2225","1":"product","2":"type-product","3":"status-publish","4":"has-post-thumbnail","6":"product_cat-amplificador","7":"product_cat-integrado","8":"product_cat-musical-fidelity","10":"first","11":"instock","12":"sold-individually","13":"shipping-taxable","14":"purchasable","15":"product-type-simple"},"acf":[],"aioseo_notices":[],"_links":{"self":[{"href":"https:\/\/hificlub.com.br\/loja\/wp-json\/wp\/v2\/product\/2225","targetHints":{"allow":["GET"]}}],"collection":[{"href":"https:\/\/hificlub.com.br\/loja\/wp-json\/wp\/v2\/product"}],"about":[{"href":"https:\/\/hificlub.com.br\/loja\/wp-json\/wp\/v2\/types\/product"}],"wp:featuredmedia":[{"embeddable":true,"href":"https:\/\/hificlub.com.br\/loja\/wp-json\/wp\/v2\/media\/2221"}],"wp:attachment":[{"href":"https:\/\/hificlub.com.br\/loja\/wp-json\/wp\/v2\/media?parent=2225"}],"wp:term":[{"taxonomy":"product_brand","embeddable":true,"href":"https:\/\/hificlub.com.br\/loja\/wp-json\/wp\/v2\/product_brand?post=2225"},{"taxonomy":"product_cat","embeddable":true,"href":"https:\/\/hificlub.com.br\/loja\/wp-json\/wp\/v2\/product_cat?post=2225"},{"taxonomy":"product_tag","embeddable":true,"href":"https:\/\/hificlub.com.br\/loja\/wp-json\/wp\/v2\/product_tag?post=2225"}],"curies":[{"name":"wp","href":"https:\/\/api.w.org\/{rel}","templated":true}]}}