{"id":22244,"date":"2025-05-31T07:04:46","date_gmt":"2025-05-31T10:04:46","guid":{"rendered":"https:\/\/hificlub.com.br\/loja\/?post_type=product&#038;p=22244"},"modified":"2025-11-17T06:49:30","modified_gmt":"2025-11-17T09:49:30","slug":"focal-sopra-2-black-lacquer","status":"publish","type":"product","link":"https:\/\/hificlub.com.br\/loja\/produto\/focal-sopra-2-black-lacquer\/","title":{"rendered":"FOCAL SOPRA 2 Black Lacquer"},"content":{"rendered":"<p>O Sopra N\u00b02 inaugura claramente uma nova era para o \u201cPremium High End\u201d ao levar em conta novos crit\u00e9rios de desempenho.\u00a0<strong>Compacto<\/strong>\u00a0,\u00a0<strong>moderno<\/strong>\u00a0,\u00a0<strong>design puro<\/strong>\u00a0,\u00a0<strong>car\u00e1cter<\/strong>\u00a0&#8230; todos estes s\u00e3o factores essenciais para garantir uma integra\u00e7\u00e3o perfeita no seu interior.<\/p>\n<p>Equipado com\u00a0<strong>os melhores drivers de m\u00e9dio porte j\u00e1 desenvolvidos pela Focal<\/strong>\u00a0, com as tecnologias NIC e TMD, o Sopra n\u00b02 ultrapassa os limites da reprodu\u00e7\u00e3o de som em termos de transpar\u00eancia em um gabinete muito compacto.\u00a0Na verdade, ao contr\u00e1rio da Utopia, que \u00e9 extravagante por ess\u00eancia e onde o tamanho n\u00e3o \u00e9 de forma alguma uma restri\u00e7\u00e3o, a Sopra visa a m\u00e1xima compacta\u00e7\u00e3o para garantir a f\u00e1cil integra\u00e7\u00e3o em salas de tamanho razo\u00e1vel.<\/p>\n<p><strong>O melhor alto-falante de \u00faltima gera\u00e7\u00e3o do ano<\/strong><\/p>\n<p>Sopra N\u00b02 foi eleito\u00a0<strong>Melhor Produto 2015-2016<\/strong>\u00a0pela EISA na categoria &#8220;High-End Loudspeaker&#8221;!<\/p>\n<p>A European Imaging and Sound Association (EISA) \u00e9 um grande evento onde os mais proeminentes jornalistas europeus de revistas especializadas em \u00e1udio e v\u00eddeo se re\u00fanem para premiar os melhores e mais inovadores produtos em cada categoria (Home Theater Audio, In-Car Electronics, Fotografia, Exibi\u00e7\u00e3o e v\u00eddeo de home theater\u2026).<\/p>\n<p>O j\u00fari bem informado, composto por 50 dos jornalistas europeus mais influentes na \u00e1rea.<\/p>\n<p>&nbsp;<\/p>\n<p><strong>CIRCUITO DE INDUT\u00c2NCIA NEUTRA\u00a0NIC<\/strong><\/p>\n<p><strong>Estabilizando o campo magn\u00e9tico<\/strong><\/p>\n<p>Desde o in\u00edcio, sempre tivemos um grande interesse no circuito magn\u00e9tico, aspecto essencial de uma unidade de acionamento de alto-falante.\u00a0A precis\u00e3o e o detalhe da reprodu\u00e7\u00e3o de \u00e1udio dependem da estabilidade do campo magn\u00e9tico.<\/p>\n<p>Depois de ter ultrapassado os limites da tecnologia eletromagn\u00e9tica com o Grande Utopia EM e o Stella Utopia EM, o nosso engenheiro descobriu que o campo magn\u00e9tico varia independentemente da sua intensidade.\u00a0Na verdade, n\u00e3o \u00e9 est\u00e1vel porque \u00e9 modulado por tr\u00eas fatores: o movimento da bobina de voz (lei de Lenz), a corrente que passa por ela (corrente de Foucault) e a frequ\u00eancia.\u00a0Conseq\u00fcentemente, a bobina m\u00f3vel, a parte m\u00f3vel, est\u00e1 no campo magn\u00e9tico que se torna muito vari\u00e1vel, e isso leva \u00e0 perda de precis\u00e3o.<\/p>\n<p>A tecnologia NIC reside num anel Faraday cujas dimens\u00f5es, materiais e posicionamento conseguimos otimizar para fazer com que o campo magn\u00e9tico n\u00e3o seja mais afetado pela posi\u00e7\u00e3o da bobina m\u00f3vel, pela amperagem ou pela frequ\u00eancia da corrente que passa por ela.\u00a0Esta solu\u00e7\u00e3o permite controlar o campo magn\u00e9tico para\u00a0\u00a0<strong>diminuir os efeitos de distor\u00e7\u00e3o<\/strong>\u00a0\u00a0e\u00a0\u00a0<strong>dar ao som uma defini\u00e7\u00e3o muito alta<\/strong>\u00a0\u00a0e uma\u00a0\u00a0<strong>din\u00e2mica sem precedentes<\/strong>\u00a0.<\/p>\n<p>&nbsp;<\/p>\n<p><strong>AMORTECEDOR DE MASSA AJUSTADO\u00a0TMD<\/strong><\/p>\n<p><strong>A obsess\u00e3o pelos m\u00e9dios<\/strong><\/p>\n<p>O registro m\u00e9dio \u00e9 sem d\u00favida o mais complicado de controlar em um sistema de som.<\/p>\n<p>Gra\u00e7as ao poder da an\u00e1lise de elementos finitos, as nossas equipas revelaram resson\u00e2ncias que alteram a defini\u00e7\u00e3o na suspens\u00e3o que liga o cone ao cesto<\/p>\n<p>As solu\u00e7\u00f5es j\u00e1 conhecidas para aumentar as propriedades de amortecimento da suspens\u00e3o resultam todas num aumento da massa que consequentemente altera a defini\u00e7\u00e3o.\u00a0A resposta veio de uma tecnologia usada em arranha-c\u00e9us resistentes a terremotos e que tamb\u00e9m \u00e9 usada na suspens\u00e3o de carros de corrida.\u00a0Esta tecnologia \u00e9 chamada de &#8220;Tuned Mass Damper&#8221;: uma massa adicional oscila em oposi\u00e7\u00e3o \u00e0 frequ\u00eancia de resson\u00e2ncia para control\u00e1-la.<\/p>\n<p>Nosso Tuned Mass Damper consiste em simplesmente dois an\u00e9is tubulares na suspens\u00e3o para evitar a deforma\u00e7\u00e3o do cone sem prejudicar a din\u00e2mica.\u00a0Reduz\u00a0\u00a0<strong>drasticamente a distor\u00e7\u00e3o<\/strong>\u00a0\u00a0e\u00a0\u00a0<strong>aumenta a defini\u00e7\u00e3o<\/strong>\u00a0.<\/p>\n<p><em>Esta inova\u00e7\u00e3o \u00e9 patenteada.<\/em><\/p>\n<p>&nbsp;<\/p>\n<p><strong>CARREGAMENTO DE CHIFRE INFINITO\u00a0DO DIH<\/strong><\/p>\n<p><strong>Aproveitando ao m\u00e1ximo o tweeter de ber\u00edlio<\/strong><\/p>\n<p>Nosso tweeter de ber\u00edlio possui uma c\u00fapula incrivelmente leve e extremamente r\u00edgida, que proporciona um som transparente e din\u00e2mico.\u00a0Sua principal limita\u00e7\u00e3o vem da compress\u00e3o do ar na cavidade atr\u00e1s dele, que interfere na incr\u00edvel defini\u00e7\u00e3o.\u00a0Para superar isso, o ideal seria ter um volume quase infinito.\u00a0Mas a exig\u00eancia de que o Sopra fosse compacto significava que o m\u00e1ximo poss\u00edvel do gabinete deveria ser usado para o baixo.\u00a0Tivemos que explorar outras op\u00e7\u00f5es de carregamento do tweeter, o que nos levou a criar o\u00a0\u00a0<strong>sistema IHL<\/strong>\u00a0.<\/p>\n<p>A parte traseira do tweeter de ber\u00edlio \u00e9 carregada atrav\u00e9s de uma pequena cavidade que \u00e9 conectada ao exterior do gabinete por uma buzina.\u00a0cujo interior est\u00e1 preenchido com um material de amortecimento.\u00a0As ondas sonoras da parte traseira do tweeter s\u00e3o absorvidas delicada e gradualmente.\u00a0Sua imped\u00e2ncia ac\u00fastica se aproxima de zero para que nenhuma resist\u00eancia altere o movimento da c\u00fapula.\u00a0Isso reduz a distor\u00e7\u00e3o em 30% e leva\u00a0\u00a0<strong>a defini\u00e7\u00e3o ao m\u00e1ximo<\/strong>\u00a0.<\/p>\n<p><em>Este sistema \u00e9 patenteado<\/em>\u00a0.<\/p>\n<p>&nbsp;<\/p>\n<p><strong>AL\u00c9M DA EST\u00c9TICA\u00a0E DA FORMA<\/strong><\/p>\n<p>A linha Sopra \u00e9 destinada aos entusiastas do som mais apaixonados.\u00a0O seu design privilegia o desempenho, ao mesmo tempo que re\u00fane as qualidades esperadas de um objecto que se integrar\u00e1 em interiores e decora\u00e7\u00f5es muito elegantes.\u00a0Acabamentos lacados ou bloodwood s\u00e3o associados a materiais nobres para criar uma linha elegante.\u00a0Esfor\u00e7os substanciais foram feitos para dar \u00e0 parte frontal uma apar\u00eancia organizada, especialmente em torno dos drivers dos alto-falantes, para eliminar quaisquer aspectos que pudessem afetar a ac\u00fastica ou a apar\u00eancia.<\/p>\n<p>Al\u00e9m do mais, a Estrutura Gamma do gabinete com painel frontal de 69 mm proporciona uma in\u00e9rcia not\u00e1vel considerando esse tamanho.\u00a0Pesando 55 kg (120 lbs), o Sopra n\u00b02 n\u00e3o tem de forma alguma inveja de seus concorrentes maiores&#8230; Assim, peso e compacidade s\u00e3o bem equilibrados para fornecer densidade e articula\u00e7\u00e3o impressionantes.<\/p>\n<p>Este not\u00e1vel controle dos graves torna o Sopra n\u00b02 ainda mais f\u00e1cil de integrar.\u00a0\u00c9 perfeitamente adequado em salas medindo at\u00e9 320 p\u00e9s\u00a0<sup>2<\/sup>\u00a0(30 m\u00a0<sup>2<\/sup>\u00a0) e \u00e9 ainda ideal para salas maiores medindo at\u00e9 750 p\u00e9s\u00a0<sup>2<\/sup>\u00a0(70 m\u00a0<sup>2<\/sup>\u00a0).<\/p>\n<p>&nbsp;<\/p>\n<h3>FEITO NA FRAN\u00c7A<\/h3>\n<div>\n<p><strong>Arm\u00e1rios fabricados<br \/>\nna Borgonha<\/strong><\/p>\n<p>Os arm\u00e1rios da Sopra s\u00e3o projetados em nossas instala\u00e7\u00f5es de marcenaria em Bourbon-Lancy, usando o mesmo processo de fabrica\u00e7\u00e3o da Utopia.<\/p>\n<\/div>\n<div>\n<p><strong>Drivers de alto-falantes e tweeters<br \/>\nfabricados em Saint-Etienne<\/strong><\/p>\n<p>Todos os drivers de alto-falante Sopra s\u00e3o fabricados na Fran\u00e7a para um \u00f3timo controle dos produtos e a garantia de uma qualidade de som \u00fanica.<\/p>\n<\/div>\n<div>\n<p><strong>Montagem<br \/>\ne controle de qualidade<\/strong><\/p>\n<p>A montagem final de todos os nossos alto-falantes hi-fi \u00e9 feita na Focal para garantir um melhor controle de qualidade.<\/p>\n<p>&nbsp;<\/p>\n<\/div>\n<table>\n<tbody>\n<tr>\n<td>Drivers de baixo<\/td>\n<td>2x Woofer &#8220;W&#8221; de 7 polegadas<\/td>\n<\/tr>\n<tr>\n<td>Intervalo m\u00e9dio<\/td>\n<td>M\u00e9dio &#8220;W&#8221; de 6,5 polegadas<\/td>\n<\/tr>\n<tr>\n<td>Driver de alta frequ\u00eancia<\/td>\n<td>Tweeter de c\u00fapula invertida Pure Beryllium IHL de 1 polegada<\/td>\n<\/tr>\n<tr>\n<td>Resposta de frequ\u00eancia<\/td>\n<td>34Hz &#8211; 40kHz<\/td>\n<\/tr>\n<tr>\n<td>Sensibilidade<\/td>\n<td>91dB<\/td>\n<\/tr>\n<tr>\n<td>Peso<\/td>\n<td>122 libras<\/td>\n<\/tr>\n<\/tbody>\n<\/table>\n","protected":false},"excerpt":{"rendered":"<p>O Sopra N\u00b02 inaugura claramente uma nova era para o \u201cPremium High End\u201d ao levar em conta novos crit\u00e9rios de desempenho.\u00a0Compacto\u00a0,\u00a0moderno\u00a0,\u00a0design puro\u00a0,\u00a0car\u00e1cter\u00a0&#8230; todos estes s\u00e3o factores essenciais para garantir uma integra\u00e7\u00e3o perfeita no seu interior. Equipado com\u00a0os melhores drivers de m\u00e9dio porte j\u00e1 desenvolvidos pela Focal\u00a0, com as tecnologias NIC e TMD, o Sopra n\u00b02 [&hellip;]<\/p>\n","protected":false},"featured_media":22246,"template":"","meta":{"_acf_changed":false},"product_brand":[],"product_cat":[17,45,18],"product_tag":[],"class_list":{"0":"post-22244","1":"product","2":"type-product","3":"status-publish","4":"has-post-thumbnail","6":"product_cat-caixas","7":"product_cat-focal","8":"product_cat-torres","10":"first","11":"instock","12":"sold-individually","13":"shipping-taxable","14":"purchasable","15":"product-type-simple"},"acf":[],"aioseo_notices":[],"_links":{"self":[{"href":"https:\/\/hificlub.com.br\/loja\/wp-json\/wp\/v2\/product\/22244","targetHints":{"allow":["GET"]}}],"collection":[{"href":"https:\/\/hificlub.com.br\/loja\/wp-json\/wp\/v2\/product"}],"about":[{"href":"https:\/\/hificlub.com.br\/loja\/wp-json\/wp\/v2\/types\/product"}],"wp:featuredmedia":[{"embeddable":true,"href":"https:\/\/hificlub.com.br\/loja\/wp-json\/wp\/v2\/media\/22246"}],"wp:attachment":[{"href":"https:\/\/hificlub.com.br\/loja\/wp-json\/wp\/v2\/media?parent=22244"}],"wp:term":[{"taxonomy":"product_brand","embeddable":true,"href":"https:\/\/hificlub.com.br\/loja\/wp-json\/wp\/v2\/product_brand?post=22244"},{"taxonomy":"product_cat","embeddable":true,"href":"https:\/\/hificlub.com.br\/loja\/wp-json\/wp\/v2\/product_cat?post=22244"},{"taxonomy":"product_tag","embeddable":true,"href":"https:\/\/hificlub.com.br\/loja\/wp-json\/wp\/v2\/product_tag?post=22244"}],"curies":[{"name":"wp","href":"https:\/\/api.w.org\/{rel}","templated":true}]}}