{"id":22229,"date":"2025-05-31T06:49:06","date_gmt":"2025-05-31T09:49:06","guid":{"rendered":"https:\/\/hificlub.com.br\/loja\/?post_type=product&#038;p=22229"},"modified":"2026-04-11T05:39:22","modified_gmt":"2026-04-11T08:39:22","slug":"focal-sopra-3-black-lacquer-2","status":"publish","type":"product","link":"https:\/\/hificlub.com.br\/loja\/produto\/focal-sopra-3-black-lacquer-2\/","title":{"rendered":"FOCAL SOPRA 3 Black Lacquer"},"content":{"rendered":"<p class=\"title2\">\u00a0A Sopra inaugura uma nova era para o \u201cPremium High End\u201d, levando em conta novos crit\u00e9rios de desempenho. Compacto, moderno, um design puro, car\u00e1ter \u2026 todos estes s\u00e3o fatores essenciais para garantir a perfeita integra\u00e7\u00e3o em seu interior.<\/p>\n<p>ALTIFALANTE DE ALTA QUALIDADE DE 3 VIAS \u2013 2 WOOFERS 8 \u00bc \u201d (21CM)<\/p>\n<p>O altifalante de maior dura\u00e7\u00e3o da linha, o Sopra N \u00b0 3 combina perfeitamente a din\u00e2mica, a otimiza\u00e7\u00e3o do espa\u00e7o e a riqueza harm\u00f3nica.<\/p>\n<p>Com os seus dois woofers de 8 \u00bc \u201d (21cm), este altifalante oferece graves s\u00f3lidos, ricos e perfeitamente definidos para os amantes da m\u00fasica que procuram um desempenho \u00f3ptimo. Apesar do seu tamanho razo\u00e1vel, revelar\u00e1 todo o seu potencial em salas de at\u00e9 860 p\u00e9s 2 (80 m 2 ).<\/p>\n<p>A Sopra inaugura uma nova era para o \u201cPremium High End\u201d, levando em conta novos crit\u00e9rios de desempenho. Compacto, moderno, um design puro, car\u00e1ter \u2026 todos estes s\u00e3o fatores essenciais para garantir a perfeita integra\u00e7\u00e3o em seu interior.<\/p>\n<p>Equipado com os melhores drivers de m\u00e9dio porte j\u00e1 desenvolvidos pela Focal, com as tecnologias NIC e TMD , o Sopra leva de volta os limites da reprodu\u00e7\u00e3o de som em termos de transpar\u00eancia em um gabinete muito compacto. De fato, ao contr\u00e1rio da Utopia, que \u00e9 extravagante por ess\u00eancia e onde o tamanho n\u00e3o \u00e9 de forma alguma uma restri\u00e7\u00e3o, a Sopra busca a m\u00e1xima compacta\u00e7\u00e3o para garantir a f\u00e1cil integra\u00e7\u00e3o em salas de tamanho razo\u00e1vel.<\/p>\n<h2><span style=\"font-size: small\">CIRCUITO DE INDUT\u00c2NCIA DE NEUTRO\u00a0NIC<\/span><\/h2>\n<p><strong>Estabiliza\u00e7\u00e3o do campo magn\u00e9tico<\/strong><\/p>\n<p>Desde o in\u00edcio, sempre tivemos um grande interesse pelo circuito magn\u00e9tico, aspecto essencial de uma unidade de alto-falante.\u00a0A precis\u00e3o e os detalhes da reprodu\u00e7\u00e3o de \u00e1udio dependem da estabilidade do campo magn\u00e9tico.<\/p>\n<p>Depois de ultrapassar os limites da tecnologia eletromagn\u00e9tica com o Grande Utopia EM e o Stella Utopia EM, nosso engenheiro descobriu que o campo magn\u00e9tico varia independentemente de sua intensidade.\u00a0De fato, n\u00e3o \u00e9 est\u00e1vel porque \u00e9 modulado por tr\u00eas fatores: o movimento da bobina de voz (lei de Lenz), a corrente que passa por ela (corrente de Foucault) e a frequ\u00eancia.\u00a0Consequentemente, a bobina de voz, a parte m\u00f3vel, est\u00e1 no campo magn\u00e9tico que se torna muito vari\u00e1vel e isso leva \u00e0 perda de precis\u00e3o.<\/p>\n<p>A tecnologia NIC reside num anel de Faraday cujas dimens\u00f5es, materiais e posicionamento conseguimos otimizar para fazer com que o campo magn\u00e9tico n\u00e3o seja mais afetado pela posi\u00e7\u00e3o da bobina de voz, pela amperagem ou pela frequ\u00eancia da corrente que passa por ela.\u00a0Esta solu\u00e7\u00e3o permite controlar o campo magn\u00e9tico para\u00a0\u00a0<strong>diminuir os efeitos de distor\u00e7\u00e3o<\/strong>\u00a0\u00a0e\u00a0\u00a0<strong>dar ao som uma alt\u00edssima defini\u00e7\u00e3o<\/strong>\u00a0\u00a0e uma\u00a0\u00a0<strong>din\u00e2mica sem precedentes<\/strong>\u00a0.<\/p>\n<p>&nbsp;<\/p>\n<h2><span style=\"font-size: small\">AMORTECEDOR DE MASSA SINTONIZADO\u00a0TMD<\/span><\/h2>\n<p><strong>A obsess\u00e3o pelos m\u00e9dios<\/strong><\/p>\n<p>O registro de m\u00e9dios \u00e9 sem d\u00favida o mais complicado de controlar em um sistema de som.<\/p>\n<p>Gra\u00e7as ao poder da an\u00e1lise de elementos finitos, nossas equipes revelaram resson\u00e2ncias que alteram a defini\u00e7\u00e3o na suspens\u00e3o que conecta o cone \u00e0 cesta<\/p>\n<p>As solu\u00e7\u00f5es j\u00e1 conhecidas para aumentar as propriedades de amortecimento da suspens\u00e3o resultam todas num aumento da massa que consequentemente altera a defini\u00e7\u00e3o.\u00a0A resposta veio de uma tecnologia usada em arranha-c\u00e9us resistentes a terremotos e que tamb\u00e9m \u00e9 usada na suspens\u00e3o de carros de corrida.\u00a0Essa tecnologia \u00e9 chamada de &#8220;Tuned Mass Damper&#8221;: uma massa adicional oscila em oposi\u00e7\u00e3o \u00e0 frequ\u00eancia de resson\u00e2ncia para control\u00e1-la.<\/p>\n<p>Nosso Tuned Mass Damper consiste em apenas dois an\u00e9is tubulares na suspens\u00e3o para evitar a deforma\u00e7\u00e3o do cone sem prejudicar a din\u00e2mica.\u00a0Reduz\u00a0\u00a0<strong>drasticamente a distor\u00e7\u00e3o<\/strong>\u00a0\u00a0e\u00a0\u00a0<strong>aumenta a defini\u00e7\u00e3o<\/strong>\u00a0.<\/p>\n<p><em>Esta inova\u00e7\u00e3o \u00e9 patenteada.<\/em><\/p>\n<p>&nbsp;<\/p>\n<h2><span style=\"font-size: small\">IHL<\/span><br \/>\n<span style=\"font-size: small\">CARREGAMENTO DE BUZINA INFINITA<\/span><\/h2>\n<p><strong>Aproveitando ao m\u00e1ximo o tweeter Ber\u00edlio<\/strong><\/p>\n<p>Nosso tweeter Ber\u00edlio possui uma c\u00fapula incrivelmente leve e extremamente r\u00edgida, que emite um som transparente e din\u00e2mico.\u00a0Sua principal limita\u00e7\u00e3o vem da compress\u00e3o de ar na cavidade atr\u00e1s dela, que interfere na incr\u00edvel defini\u00e7\u00e3o.\u00a0Para superar isso, o ideal seria ter um volume quase infinito.\u00a0Mas a exig\u00eancia de que o Sopra fosse compacto significava que o m\u00e1ximo poss\u00edvel do gabinete deveria ser usado para o baixo.\u00a0Tivemos que explorar outras op\u00e7\u00f5es para carregar o tweeter, o que nos levou a pensar no\u00a0\u00a0<strong>sistema IHL<\/strong>\u00a0.<\/p>\n<p>A parte traseira do tweeter de ber\u00edlio \u00e9 carregada por meio de uma pequena cavidade conectada ao exterior do gabinete por uma buzina.\u00a0cujo interior \u00e9 preenchido com um material de amortecimento.\u00a0As ondas sonoras da parte traseira do tweeter s\u00e3o absorvidas delicada e gradualmente.\u00a0Sua imped\u00e2ncia ac\u00fastica se aproxima de zero para que nenhuma resist\u00eancia altere o movimento da c\u00fapula.\u00a0Isso reduz a distor\u00e7\u00e3o em 30% e eleva\u00a0\u00a0<strong>a defini\u00e7\u00e3o ao m\u00e1ximo<\/strong>\u00a0.<\/p>\n<p><em>Este sistema \u00e9 patenteado<\/em>\u00a0.<\/p>\n<p>&nbsp;<\/p>\n<h2><span style=\"font-size: small\">AL\u00c9M DA EST\u00c9TICA<\/span><br \/>\n<span style=\"font-size: small\">E DA FORMA<\/span><\/h2>\n<p>A linha Sopra \u00e9 destinada aos mais apaixonados entusiastas do som.\u00a0O seu design privilegia a performance, ao mesmo tempo que re\u00fane as qualidades esperadas de um objeto que se integrar\u00e1 em interiores e decora\u00e7\u00f5es muito elegantes.\u00a0Os acabamentos em lacado ou pau-sangue associam-se a materiais nobres para criar uma linha elegante.\u00a0Esfor\u00e7os substanciais foram feitos para dar uma apar\u00eancia limpa \u00e0 frente, especialmente em torno dos alto-falantes, para eliminar quaisquer aspectos que pudessem afetar a ac\u00fastica ou a apar\u00eancia.<\/p>\n<p>A pr\u00f3pria estrutura de Sopra \u00e9 articulada em torno da se\u00e7\u00e3o intermedi\u00e1ria.\u00a0Este componente de poliuretano injetado permite que os gabinetes superiores e inferiores fiquem inclinados para o &#8220;Tempo de Foco&#8221; (converg\u00eancia ac\u00fastica dos canais).\u00a0Tamb\u00e9m oferece a liberdade de alcan\u00e7ar as melhorias desejadas para os agudos (descompress\u00e3o, isolamento da se\u00e7\u00e3o do tweeter&#8230;).\u00a0Contribui para a alt\u00edssima rigidez da estrutura como um todo e sua compacidade otimiza o aproveitamento do espa\u00e7o para os m\u00e9dios.<\/p>\n<h2><span style=\"font-size: small\">Graves controlados<\/span><br \/>\n<span style=\"font-size: small\">e compacidade m\u00e1xima<\/span><\/h2>\n<p>Os dois woofers de 8\u201d (21cm) para o registro de graves equipados com circuitos magn\u00e9ticos de indut\u00e2ncia natural se beneficiam de um volume substancial gra\u00e7as ao IHL do tweeter, permitindo aproveitar ao m\u00e1ximo a capacidade do gabinete.\u00a0De fato, ao contr\u00e1rio do Utopia, que \u00e9 extravagante por ess\u00eancia e onde o tamanho n\u00e3o \u00e9 de forma alguma uma restri\u00e7\u00e3o, o Sopra busca o m\u00e1ximo de compacidade para garantir uma f\u00e1cil integra\u00e7\u00e3o em salas de tamanho razo\u00e1vel.<\/p>\n<p>Al\u00e9m do mais, a Estrutura Gamma do gabinete com um painel frontal de 69 mm fornece in\u00e9rcia not\u00e1vel considerando esse tamanho.\u00a0Pesando 120 lbs (70kg), o Sopra n\u00b03 n\u00e3o tem inveja de seus concorrentes maiores&#8230; Assim, peso e compacidade s\u00e3o bem equilibrados para fornecer densidade e articula\u00e7\u00e3o impressionantes.<\/p>\n<p>Este not\u00e1vel controle dos graves torna o Sopra n\u00b03 ainda mais f\u00e1cil de integrar.\u00a0Fica perfeitamente \u00e0 vontade em salas de at\u00e9 320 p\u00e9s\u00a0<sup>2<\/sup>\u00a0(30m\u00a0<sup>2<\/sup>\u00a0) e \u00e9 ainda ideal para salas maiores de at\u00e9 750 p\u00e9s\u00a0<sup>2<\/sup>\u00a0(70m\u00a0<sup>2<\/sup>\u00a0).<\/p>\n<p>&nbsp;<\/p>\n<h3><span style=\"font-size: small\">FEITO NA FRAN\u00c7A<\/span><\/h3>\n<div>\n<p><strong>Arm\u00e1rios fabricados na Borgonha<\/strong><\/p>\n<p>Os arm\u00e1rios da Sopra s\u00e3o projetados em nossa f\u00e1brica em Bourbon-Lancy usando o mesmo processo de fabrica\u00e7\u00e3o da Utopia.<\/p>\n<\/div>\n<div>\n<p><strong>Drivers de alto-falantes e tweeters fabricados em Saint-Etienne<\/strong><\/p>\n<p>Todos os altifalantes da Sopra s\u00e3o fabricados em Fran\u00e7a para um controlo \u00f3ptimo dos produtos e a garantia de uma qualidade de som \u00fanica.<\/p>\n<\/div>\n<div>\n<p><strong>Montagem e controle de qualidade<\/strong><\/p>\n<p>A montagem final de todas as nossas caixas ac\u00fasticas hi-fi \u00e9 feita na Focal para garantir um melhor controle de qualidade.<\/p>\n<\/div>\n<p>&nbsp;<\/p>\n<table>\n<tbody>\n<tr>\n<td>Drivers de graves<\/td>\n<td>2x Woofer &#8220;W&#8221; de 8 polegadas<\/td>\n<\/tr>\n<tr>\n<td>Intervalo m\u00e9dio<\/td>\n<td>Midrange &#8220;W&#8221; de 6,5 polegadas<\/td>\n<\/tr>\n<tr>\n<td>Driver de alta frequ\u00eancia<\/td>\n<td>Tweeter de c\u00fapula invertida IHL de ber\u00edlio puro de 1 polegada<\/td>\n<\/tr>\n<tr>\n<td>Resposta de frequ\u00eancia<\/td>\n<td>33Hz &#8211; 40kHz<\/td>\n<\/tr>\n<tr>\n<td>Sensibilidade<\/td>\n<td>91,5dB<\/td>\n<\/tr>\n<tr>\n<td>Peso<\/td>\n<td>154 libras<\/td>\n<\/tr>\n<\/tbody>\n<\/table>\n<p>Type Three-way bass-reflex<br \/>\nfloor standing loudspeaker<br \/>\nSpeakers<br \/>\n2 x 81\/4\u2033 (21cm) \u201cW\u201d cone woofers<br \/>\nwith NIC<br \/>\n61\/2\u2033 (16.5cm) \u201cW\u201d cone midrange<br \/>\nwith NIC and TMD suspension<br \/>\n11\/16\u2033 (27mm) pure Beryllium IHL<br \/>\ninverted dome tweeter<br \/>\nFrequency response (+\/- 3dB) 33Hz \u2013 40kHz<br \/>\nLow frequency point -6dB 26Hz<br \/>\nSensitivity (2.83V\/1m) 91.5dB<br \/>\nNominal impedance 8 Ohms<br \/>\nMinimum impedance 3.1 Ohms<br \/>\nCrossover frequency 250Hz \/ 2200Hz<br \/>\nRecommanded amplifier power 40 \u2013 400W<br \/>\nDimensions (HxWxD) 4949\/64\u00d71553\/64\u00d72327\/64\u2033<br \/>\n(1264x402x595mm)<br \/>\nWeight (unit) 154.32lbs (70kg)<\/p>\n","protected":false},"excerpt":{"rendered":"<p>\u00a0A Sopra inaugura uma nova era para o \u201cPremium High End\u201d, levando em conta novos crit\u00e9rios de desempenho. Compacto, moderno, um design puro, car\u00e1ter \u2026 todos estes s\u00e3o fatores essenciais para garantir a perfeita integra\u00e7\u00e3o em seu interior. ALTIFALANTE DE ALTA QUALIDADE DE 3 VIAS \u2013 2 WOOFERS 8 \u00bc \u201d (21CM) O altifalante de [&hellip;]<\/p>\n","protected":false},"featured_media":22237,"template":"","meta":{"_acf_changed":false},"product_brand":[],"product_cat":[17,45,18],"product_tag":[],"class_list":{"0":"post-22229","1":"product","2":"type-product","3":"status-publish","4":"has-post-thumbnail","6":"product_cat-caixas","7":"product_cat-focal","8":"product_cat-torres","10":"first","11":"instock","12":"sold-individually","13":"shipping-taxable","14":"purchasable","15":"product-type-simple"},"acf":[],"aioseo_notices":[],"_links":{"self":[{"href":"https:\/\/hificlub.com.br\/loja\/wp-json\/wp\/v2\/product\/22229","targetHints":{"allow":["GET"]}}],"collection":[{"href":"https:\/\/hificlub.com.br\/loja\/wp-json\/wp\/v2\/product"}],"about":[{"href":"https:\/\/hificlub.com.br\/loja\/wp-json\/wp\/v2\/types\/product"}],"wp:featuredmedia":[{"embeddable":true,"href":"https:\/\/hificlub.com.br\/loja\/wp-json\/wp\/v2\/media\/22237"}],"wp:attachment":[{"href":"https:\/\/hificlub.com.br\/loja\/wp-json\/wp\/v2\/media?parent=22229"}],"wp:term":[{"taxonomy":"product_brand","embeddable":true,"href":"https:\/\/hificlub.com.br\/loja\/wp-json\/wp\/v2\/product_brand?post=22229"},{"taxonomy":"product_cat","embeddable":true,"href":"https:\/\/hificlub.com.br\/loja\/wp-json\/wp\/v2\/product_cat?post=22229"},{"taxonomy":"product_tag","embeddable":true,"href":"https:\/\/hificlub.com.br\/loja\/wp-json\/wp\/v2\/product_tag?post=22229"}],"curies":[{"name":"wp","href":"https:\/\/api.w.org\/{rel}","templated":true}]}}