{"id":22223,"date":"2025-05-30T22:00:19","date_gmt":"2025-05-31T01:00:19","guid":{"rendered":"https:\/\/hificlub.com.br\/loja\/?post_type=product&#038;p=22223"},"modified":"2026-03-03T22:17:55","modified_gmt":"2026-03-04T01:17:55","slug":"definitive-technology-dymension-dw-65-max-caixa-in-wall","status":"publish","type":"product","link":"https:\/\/hificlub.com.br\/loja\/produto\/definitive-technology-dymension-dw-65-max-caixa-in-wall\/","title":{"rendered":"DEFINITIVE TECHNOLOGY DYMENSION DW-65 MAX &#8211; Caixa In-Wall"},"content":{"rendered":"<div class=\"row\">\n<div class=\"col-12\">\n<p>Caixa de Som Premium de 6,5&#8243; para Embutir na Parede com Tweeter Pivotante<\/p>\n<p>As caixas de som de embutir na parede Dymension CI\u2122 DW-65 MAX oferecem som preciso, tanto em ambientes internos quanto externos, gra\u00e7as aos woofers e tweeters premium, \u00e0 est\u00e9tica discreta e \u00e0 robusta prote\u00e7\u00e3o contra intemp\u00e9ries.<\/p>\n<p>Woofer BDSS de 6,5&#8243; com preenchimento mineral e Waveguide\u2122 de Resposta Linear<br \/>\nTweeter com Domo de \u00d3xido de Alum\u00ednio Pivotante de 1&#8243;<br \/>\nInstala\u00e7\u00e3o sem Ferramentas<br \/>\nDesign Rente e Sem Bordas<br \/>\nInterruptor de Atenua\u00e7\u00e3o do Tweeter<\/p>\n<p>Um tweeter com domo de \u00f3xido de alum\u00ednio ultraleve e r\u00edgido de 1&#8243; produz agudos n\u00edtidos e sem distor\u00e7\u00e3o que se estendem muito al\u00e9m do alcance da audi\u00e7\u00e3o humana. A s\u00e9rie CI MAX possui um tweeter pivotante na maioria dos modelos, permitindo o posicionamento da caixa de som em locais convenientes, enquanto direciona o som precisamente para onde \u00e9 mais importante.<\/p>\n<p>Um seletor de atenua\u00e7\u00e3o de alta frequ\u00eancia de tr\u00eas posi\u00e7\u00f5es (-2 dB, plano, + 2 dB) ajusta a resposta do tweeter para compensar problemas ac\u00fasticos, como ambientes excessivamente claros ou com som opaco.<\/p>\n<p>Os woofers leves, r\u00edgidos e com preenchimento mineral do Dymension CI MAX contam com o revolucion\u00e1rio Sistema de Surround Duplo Balanceado (BDSS\u2122) da Definitive Technology, que melhora a excurs\u00e3o e a sa\u00edda do driver, proporcionando pot\u00eancia e detalhes superiores e m\u00e9dios mais uniformes em todo o ambiente. Nosso patenteado Guia de Ondas de Resposta Linear\u2122 estende a dispers\u00e3o de frequ\u00eancia no eixo e fora do eixo para m\u00e9dios mais naturais e imagens precisas, al\u00e9m de um som aberto e arejado.<\/p>\n<p>Uma estrutura e defletor integrados; grade magn\u00e9tica microperfurada que pode ser pintada; e design nivelado e sem bordas fazem com que os alto-falantes se misturem ao fundo, proporcionando uma apar\u00eancia praticamente invis\u00edvel que se harmoniza perfeitamente com o seu ambiente.<\/p>\n<p><strong>SPECS<\/strong><\/p>\n<p>Material da Grade: Grade Magn\u00e9tica Microperfurada<br \/>\nTweeter: Tweeter com Domo de \u00d3xido de Alum\u00ednio Pivotante de 2,5 cm (1 pol.)<br \/>\nM\u00e9dios\/Graves: Poly BDSS\u2122 de 16,5 cm (6,5 pol.) com Preenchimento Mineral e Guia de Ondas de Resposta Linear\u2122<br \/>\nResposta de Frequ\u00eancia: 34 Hz\u201330 kHz (-10 dB); 56 Hz\u201325 kHz (-3 dB)<br \/>\nImped\u00e2ncia nominal: 6 \u03a9<br \/>\nSensibilidade: 85 dB (2,83 V\/1 m)<br \/>\nPot\u00eancia recomendada do amplificador: 20-150 W<br \/>\nClassifica\u00e7\u00e3o IP (Prote\u00e7\u00e3o contra entrada): IP55<br \/>\nGarantia: 5 anos<br \/>\nAcess\u00f3rios inclusos: Grade, Pacote de literatura (QSG\/Cart\u00e3o de registro\/Garantia), Guia de corte de furos<\/p>\n<p>Dimens\u00f5es do Produto (A x L x P): 232,4 x 347,4 x 100,3 mm (9,15 x 13,68 x 3,95 pol.)<br \/>\nDimens\u00f5es do Recorte (L x A): 201,2 x 316,2 mm (7,92 x 12,45 pol.)<br \/>\nProfundidade de Montagem: 92,8 mm (3,65 pol.)<br \/>\nPeso: 2,31 kg (5,09 lbs)<br \/>\nCor: Grade Pint\u00e1vel em Branco<\/p>\n<\/div>\n<\/div>\n","protected":false},"excerpt":{"rendered":"<p>Caixa de Som Premium de 6,5&#8243; para Embutir na Parede com Tweeter Pivotante As caixas de som de embutir na parede Dymension CI\u2122 DW-65 MAX oferecem som preciso, tanto em ambientes internos quanto externos, gra\u00e7as aos woofers e tweeters premium, \u00e0 est\u00e9tica discreta e \u00e0 robusta prote\u00e7\u00e3o contra intemp\u00e9ries. Woofer BDSS de 6,5&#8243; com preenchimento [&hellip;]<\/p>\n","protected":false},"featured_media":22224,"template":"","meta":{"_acf_changed":false},"product_brand":[],"product_cat":[285,17,287,168],"product_tag":[],"class_list":{"0":"post-22223","1":"product","2":"type-product","3":"status-publish","4":"has-post-thumbnail","6":"product_cat-caixa-in-wall","7":"product_cat-caixas","8":"product_cat-definitive-technology","9":"product_cat-marcas","11":"first","12":"instock","13":"sold-individually","14":"shipping-taxable","15":"purchasable","16":"product-type-simple"},"acf":[],"aioseo_notices":[],"_links":{"self":[{"href":"https:\/\/hificlub.com.br\/loja\/wp-json\/wp\/v2\/product\/22223","targetHints":{"allow":["GET"]}}],"collection":[{"href":"https:\/\/hificlub.com.br\/loja\/wp-json\/wp\/v2\/product"}],"about":[{"href":"https:\/\/hificlub.com.br\/loja\/wp-json\/wp\/v2\/types\/product"}],"wp:featuredmedia":[{"embeddable":true,"href":"https:\/\/hificlub.com.br\/loja\/wp-json\/wp\/v2\/media\/22224"}],"wp:attachment":[{"href":"https:\/\/hificlub.com.br\/loja\/wp-json\/wp\/v2\/media?parent=22223"}],"wp:term":[{"taxonomy":"product_brand","embeddable":true,"href":"https:\/\/hificlub.com.br\/loja\/wp-json\/wp\/v2\/product_brand?post=22223"},{"taxonomy":"product_cat","embeddable":true,"href":"https:\/\/hificlub.com.br\/loja\/wp-json\/wp\/v2\/product_cat?post=22223"},{"taxonomy":"product_tag","embeddable":true,"href":"https:\/\/hificlub.com.br\/loja\/wp-json\/wp\/v2\/product_tag?post=22223"}],"curies":[{"name":"wp","href":"https:\/\/api.w.org\/{rel}","templated":true}]}}