{"id":22219,"date":"2025-05-30T20:34:42","date_gmt":"2025-05-30T23:34:42","guid":{"rendered":"https:\/\/hificlub.com.br\/loja\/?post_type=product&#038;p=22219"},"modified":"2026-03-03T22:17:55","modified_gmt":"2026-03-04T01:17:55","slug":"definitive-technology-dymension-dc-80-pro-caixa-in-ceilin","status":"publish","type":"product","link":"https:\/\/hificlub.com.br\/loja\/produto\/definitive-technology-dymension-dc-80-pro-caixa-in-ceilin\/","title":{"rendered":"DEFINITIVE TECHNOLOGY DYMENSION DC-80 PRO &#8211; Caixa In-Ceilin"},"content":{"rendered":"<div class=\"row\">\n<div class=\"col-12\">\n<p>Caixa de Som Redonda de Embutir no Teto de 8,0&#8243; com Tweeter Pivotante<\/p>\n<p>As caixas de som de embutir no teto Dymension CI\u2122 PRO oferecem som n\u00edtido e consistente para aplica\u00e7\u00f5es residenciais e comerciais, com recursos como tweeters pivotantes, design discreto e prote\u00e7\u00e3o contra intemp\u00e9ries com classifica\u00e7\u00e3o IP55.<\/p>\n<p>Woofer com Carga Mineral de 8,0&#8243;<br \/>\nTweeter com Domo Pivotante de \u00d3xido de Alum\u00ednio de 1&#8243;<br \/>\nInstala\u00e7\u00e3o sem Ferramentas<br \/>\nDesign Rente e Sem Bordas<br \/>\nClassifica\u00e7\u00e3o IP55<\/p>\n<p>Um woofer leve e r\u00edgido reproduz trilhas sonoras ricas e n\u00edtidas de m\u00fasica e filmes.<\/p>\n<p>O tweeter com domo de \u00f3xido de alum\u00ednio gira para direcionar um som n\u00edtido e claro para qualquer lugar, proporcionando um som realista com clareza e imagem incompar\u00e1veis, independentemente do posicionamento da caixa de som.<\/p>\n<p>Uma rede de crossover premium garante sonoridade equilibrada e resposta suave.<\/p>\n<p>Estruturas e defletores integrados; grades magn\u00e9ticas microperfuradas que podem ser pintadas; e um design rente e sem bordas fazem com que as caixas de som se misturem ao fundo, proporcionando uma apar\u00eancia praticamente invis\u00edvel que est\u00e1 em perfeita harmonia com o seu espa\u00e7o.<\/p>\n<\/div>\n<\/div>\n<div class=\"row\">\n<div class=\"col\">\n<p><strong>SPECS<\/strong><\/p>\n<p>Dimens\u00f5es do Produto: (Di\u00e2metro) 299,8 mm (11,80 pol.)<br \/>\nDimens\u00f5es do Recorte: (Di\u00e2metro) 268,6 mm (10,57 pol.)<br \/>\nProfundidade de montagem: 5,34 pol (135,7 mm)<br \/>\nPeso: 6,48 lb (2,94 kg)<br \/>\nCor: Grade Pint\u00e1vel em Branco<br \/>\nMaterial da Grade: Grade Magn\u00e9tica Microperfurada<br \/>\nTweeter: Tweeter com Domo de \u00d3xido de Alum\u00ednio Pivotante de 2,5 cm (1 pol.)<br \/>\nM\u00e9dios\/M\u00e9dios graves: 8 pol. com enchimento mineral<br \/>\nResposta de Frequ\u00eancia: 26 Hz\u201330 kHz (-10 dB); 43 Hz\u201325 kHz (-3 dB)<br \/>\nImped\u00e2ncia nominal: 6\u03a9<br \/>\nSensibilidade: 88 dB (2,83 V\/1 m)<br \/>\nPot\u00eancia de Amplificador Recomendada: 20-120W<br \/>\nClassifica\u00e7\u00e3o IP (Prote\u00e7\u00e3o contra entrada): IP55<br \/>\nGarantia: 5 anos<br \/>\nAcess\u00f3rios inclusos: Grade, Pacote de literatura (QSG\/Cart\u00e3o de registro\/Garantia), Guia de corte de furos<\/p>\n<\/div>\n<\/div>\n","protected":false},"excerpt":{"rendered":"<p>Caixa de Som Redonda de Embutir no Teto de 8,0&#8243; com Tweeter Pivotante As caixas de som de embutir no teto Dymension CI\u2122 PRO oferecem som n\u00edtido e consistente para aplica\u00e7\u00f5es residenciais e comerciais, com recursos como tweeters pivotantes, design discreto e prote\u00e7\u00e3o contra intemp\u00e9ries com classifica\u00e7\u00e3o IP55. Woofer com Carga Mineral de 8,0&#8243; Tweeter [&hellip;]<\/p>\n","protected":false},"featured_media":22220,"template":"","meta":{"_acf_changed":false},"product_brand":[],"product_cat":[284,17,287,168],"product_tag":[],"class_list":{"0":"post-22219","1":"product","2":"type-product","3":"status-publish","4":"has-post-thumbnail","6":"product_cat-caixa-in-ceiling","7":"product_cat-caixas","8":"product_cat-definitive-technology","9":"product_cat-marcas","11":"first","12":"instock","13":"sold-individually","14":"shipping-taxable","15":"purchasable","16":"product-type-simple"},"acf":[],"aioseo_notices":[],"_links":{"self":[{"href":"https:\/\/hificlub.com.br\/loja\/wp-json\/wp\/v2\/product\/22219","targetHints":{"allow":["GET"]}}],"collection":[{"href":"https:\/\/hificlub.com.br\/loja\/wp-json\/wp\/v2\/product"}],"about":[{"href":"https:\/\/hificlub.com.br\/loja\/wp-json\/wp\/v2\/types\/product"}],"wp:featuredmedia":[{"embeddable":true,"href":"https:\/\/hificlub.com.br\/loja\/wp-json\/wp\/v2\/media\/22220"}],"wp:attachment":[{"href":"https:\/\/hificlub.com.br\/loja\/wp-json\/wp\/v2\/media?parent=22219"}],"wp:term":[{"taxonomy":"product_brand","embeddable":true,"href":"https:\/\/hificlub.com.br\/loja\/wp-json\/wp\/v2\/product_brand?post=22219"},{"taxonomy":"product_cat","embeddable":true,"href":"https:\/\/hificlub.com.br\/loja\/wp-json\/wp\/v2\/product_cat?post=22219"},{"taxonomy":"product_tag","embeddable":true,"href":"https:\/\/hificlub.com.br\/loja\/wp-json\/wp\/v2\/product_tag?post=22219"}],"curies":[{"name":"wp","href":"https:\/\/api.w.org\/{rel}","templated":true}]}}