{"id":22214,"date":"2025-05-30T20:20:36","date_gmt":"2025-05-30T23:20:36","guid":{"rendered":"https:\/\/hificlub.com.br\/loja\/?post_type=product&#038;p=22214"},"modified":"2026-03-03T22:17:56","modified_gmt":"2026-03-04T01:17:56","slug":"definitive-technology-dymension-dc-80-max-caixa-in-ceiling","status":"publish","type":"product","link":"https:\/\/hificlub.com.br\/loja\/produto\/definitive-technology-dymension-dc-80-max-caixa-in-ceiling\/","title":{"rendered":"DEFINITIVE TECHNOLOGY DYMENSION DC-80 MAX &#8211; Caixa In-Ceiling"},"content":{"rendered":"<div class=\"row\">\n<div class=\"col-12\">\n<p>Caixa de Som Premium de Embutir no Teto com Woofer Pivotante de 8&#8243;<\/p>\n<p>As caixas de som premium de embutir no teto Dymension CI\u2122 MAX oferecem som preciso para sistemas de home theater e sistemas para toda a casa de alto desempenho, com recursos como nosso woofer pivotante patenteado; design discreto e embutido; e prote\u00e7\u00e3o robusta contra intemp\u00e9ries.<\/p>\n<p>Woofer BDSS Pivotante de 8,0&#8243; com Waveguide\u2122 de Resposta Linear<br \/>\nTweet com Domo de \u00d3xido de Alum\u00ednio Pivotante de 1&#8243;<br \/>\nInstala\u00e7\u00e3o sem Ferramentas<br \/>\nDesign Rente e Sem Bordas<br \/>\nClassifica\u00e7\u00e3o IP55<\/p>\n<p>Um tweeter com domo de \u00f3xido de alum\u00ednio ultraleve e r\u00edgido de 1&#8243; produz agudos n\u00edtidos e sem distor\u00e7\u00e3o que se estendem muito al\u00e9m do alcance da audi\u00e7\u00e3o humana. A s\u00e9rie CI MAX possui um tweeter pivotante na maioria dos modelos, permitindo o posicionamento da caixa de som em locais convenientes, enquanto direciona o som precisamente para onde \u00e9 mais importante.<\/p>\n<p>Os woofers leves, r\u00edgidos e com preenchimento mineral do Dymension CI MAX contam com o revolucion\u00e1rio Sistema de Som Duplo Balanceado (BDSS\u2122) da Definitive Technology, que melhora a excurs\u00e3o e a sa\u00edda do driver, proporcionando pot\u00eancia e detalhes superiores e m\u00e9dios mais uniformes em todo o ambiente. Nosso patenteado Guia de Ondas de Resposta Linear\u2122 estende a dispers\u00e3o de frequ\u00eancia no eixo e fora do eixo para m\u00e9dios mais naturais, imagem precisa e um som aberto e arejado.<\/p>\n<p>Uma rede de crossover premium garante sonoridade equilibrada e resposta suave.<\/p>\n<p>Um seletor de atenua\u00e7\u00e3o de alta frequ\u00eancia de tr\u00eas posi\u00e7\u00f5es (-2 dB, plano, + 2 dB) ajusta a resposta do tweeter para compensar problemas ac\u00fasticos, como ambientes com som excessivamente claro ou abafado.<\/p>\n<p>Uma estrutura e defletor integrados; grade magn\u00e9tica microperfurada que pode ser pintada; e um design nivelado e sem bordas fazem com que os alto-falantes se misturem ao fundo, proporcionando uma apar\u00eancia praticamente invis\u00edvel que se harmoniza perfeitamente com o seu ambiente.<\/p>\n<p><strong>SPECS<\/strong><\/p>\n<p>Dimens\u00f5es do Produto: (Di\u00e2metro) 299,8 mm (11,80 pol.)<br \/>\nDimens\u00f5es do Recorte: (Di\u00e2metro) 268,6 mm (10,57 pol.)<br \/>\nProfundidade de Montagem: 135,7 mm (5,34 pol.)<br \/>\nPeso: 2,94 kg (6,48 lbs)<br \/>\nCor: Grade Pint\u00e1vel em Branco<br \/>\nMaterial da Grade: Grade Magn\u00e9tica Microperfurada<br \/>\nTweeter: Tweeter com Domo de \u00d3xido de Alum\u00ednio Pivotante de 2,5 cm (1 pol.)<br \/>\nM\u00e9dios\/Graves: Poly BDSS\u2122 de 20 cm (8 pol.) com Preenchimento Mineral e Guia de Ondas de Resposta Linear\u2122<br \/>\nResposta de Frequ\u00eancia: 26 Hz\u201330 kHz (-10 dB); 43 Hz\u201325 kHz (-3 dB)<br \/>\nImped\u00e2ncia nominal: 6\u03a9<br \/>\nSensibilidade: 88 dB (2,83 V\/1 m)<br \/>\nPot\u00eancia recomendada do amplificador: 20-150 W<br \/>\nClassifica\u00e7\u00e3o IP (Prote\u00e7\u00e3o contra entrada): IP55<br \/>\nGarantia: 5 anos<br \/>\nAcess\u00f3rios inclusos: Grade, Pacote de literatura (QSG\/Cart\u00e3o de registro\/Garantia), Guia de corte de furos<\/p>\n<\/div>\n<\/div>\n","protected":false},"excerpt":{"rendered":"<p>Caixa de Som Premium de Embutir no Teto com Woofer Pivotante de 8&#8243; As caixas de som premium de embutir no teto Dymension CI\u2122 MAX oferecem som preciso para sistemas de home theater e sistemas para toda a casa de alto desempenho, com recursos como nosso woofer pivotante patenteado; design discreto e embutido; e prote\u00e7\u00e3o [&hellip;]<\/p>\n","protected":false},"featured_media":22215,"template":"","meta":{"_acf_changed":false},"product_brand":[],"product_cat":[284,17,287,168],"product_tag":[],"class_list":{"0":"post-22214","1":"product","2":"type-product","3":"status-publish","4":"has-post-thumbnail","6":"product_cat-caixa-in-ceiling","7":"product_cat-caixas","8":"product_cat-definitive-technology","9":"product_cat-marcas","11":"first","12":"instock","13":"sold-individually","14":"shipping-taxable","15":"purchasable","16":"product-type-simple"},"acf":[],"aioseo_notices":[],"_links":{"self":[{"href":"https:\/\/hificlub.com.br\/loja\/wp-json\/wp\/v2\/product\/22214","targetHints":{"allow":["GET"]}}],"collection":[{"href":"https:\/\/hificlub.com.br\/loja\/wp-json\/wp\/v2\/product"}],"about":[{"href":"https:\/\/hificlub.com.br\/loja\/wp-json\/wp\/v2\/types\/product"}],"wp:featuredmedia":[{"embeddable":true,"href":"https:\/\/hificlub.com.br\/loja\/wp-json\/wp\/v2\/media\/22215"}],"wp:attachment":[{"href":"https:\/\/hificlub.com.br\/loja\/wp-json\/wp\/v2\/media?parent=22214"}],"wp:term":[{"taxonomy":"product_brand","embeddable":true,"href":"https:\/\/hificlub.com.br\/loja\/wp-json\/wp\/v2\/product_brand?post=22214"},{"taxonomy":"product_cat","embeddable":true,"href":"https:\/\/hificlub.com.br\/loja\/wp-json\/wp\/v2\/product_cat?post=22214"},{"taxonomy":"product_tag","embeddable":true,"href":"https:\/\/hificlub.com.br\/loja\/wp-json\/wp\/v2\/product_tag?post=22214"}],"curies":[{"name":"wp","href":"https:\/\/api.w.org\/{rel}","templated":true}]}}