{"id":22209,"date":"2025-05-30T18:32:38","date_gmt":"2025-05-30T21:32:38","guid":{"rendered":"https:\/\/hificlub.com.br\/loja\/?post_type=product&#038;p=22209"},"modified":"2026-03-03T22:17:56","modified_gmt":"2026-03-04T01:17:56","slug":"definitive-technology-dymension-dc-65-pro-caixa-in-ceiling","status":"publish","type":"product","link":"https:\/\/hificlub.com.br\/loja\/produto\/definitive-technology-dymension-dc-65-pro-caixa-in-ceiling\/","title":{"rendered":"DEFINITIVE TECHNOLOGY DYMENSION DC-65 PRO &#8211; Caixa In-Ceiling"},"content":{"rendered":"<div class=\"row\">\n<div class=\"col-12\">\n<p>Caixa de Som Redonda de Embutir no Teto de 6,5&#8243; com Tweeter Pivotante<\/p>\n<p>As caixas de som de embutir no teto Dymension CI\u2122 PRO oferecem som n\u00edtido e consistente para aplica\u00e7\u00f5es residenciais e comerciais, com recursos como tweeters pivotantes, design discreto e prote\u00e7\u00e3o contra intemp\u00e9ries com classifica\u00e7\u00e3o IP55.<\/p>\n<p>Woofer de 6,5&#8243; com Preenchimento Mineral<br \/>\nTweet de 1&#8243; com Domo Pivotante em \u00d3xido de Alum\u00ednio<br \/>\nInstala\u00e7\u00e3o sem Ferramentas<br \/>\nDesign Rente e Sem Bordas<br \/>\nClassifica\u00e7\u00e3o IP55<\/p>\n<p>Um woofer de 6,5&#8243; leve, r\u00edgido e com preenchimento mineral reproduz m\u00fasicas e trilhas sonoras de filmes ricas e n\u00edtidas.<\/p>\n<p>O tweeter com domo em \u00f3xido de alum\u00ednio gira para direcionar um som n\u00edtido e claro para qualquer lugar, proporcionando um som realista com clareza e imagem independentemente do posicionamento da caixa de som.<\/p>\n<p>Uma rede de crossover premium garante um som equilibrado e uma resposta suave.<\/p>\n<p>Com pouco espa\u00e7o a\u00e9reo? O DC-65 PRO, com uma profundidade de montagem de apenas 3,5\u201d, \u00e9 perfeito para tetos com espa\u00e7o limitado.<\/p>\n<p>Estruturas e defletores integrados; grades magn\u00e9ticas microperfuradas que podem ser pintadas; e um design nivelado e sem bordas fazem com que as caixas ac\u00fasticas se misturem ao fundo, proporcionando uma apar\u00eancia praticamente invis\u00edvel que se harmoniza perfeitamente com o seu espa\u00e7o.<\/p>\n<p><strong>SPECS<\/strong><\/p>\n<p>Dimens\u00f5es do Produto (Di\u00e2metro): 250,9 mm (9,88 pol.)<br \/>\nDimens\u00f5es do Recorte (Di\u00e2metro): 221,3 mm (8,71 pol.)<br \/>\nProfundidade de Montagem: 107 mm (4,21 pol.)<br \/>\nPeso: 1,72 kg (3,79 lbs)<br \/>\nCor: Grade Pint\u00e1vel Branca<br \/>\nMaterial da Grade: Grade Magn\u00e9tica Microperfurada<br \/>\nTweeter: Tweeter com Domo Pivotante de \u00d3xido de Alum\u00ednio de 2,5 cm (1 pol.)<br \/>\nM\u00e9dios\/Graves: Policarbonato Mineral com Preenchimento de 16 cm (6,5 pol.)<br \/>\nResposta de Frequ\u00eancia: 31 Hz\u201330 kHz (-10 dB); 53 Hz\u201325 kHz (-3 dB)<br \/>\nImped\u00e2ncia nominal: 6 \u03a9<br \/>\nSensibilidade: 88 dB (2,83 V\/1 m)<br \/>\nPot\u00eancia recomendada do amplificador: 20-120 W<br \/>\nClassifica\u00e7\u00e3o IP (Prote\u00e7\u00e3o de entrada): IP55<br \/>\nGarantia: 5 anos<\/p>\n<\/div>\n<\/div>\n<div class=\"row\">\n<div class=\"col\">\n<p>Included accessories: Grille, Literature Pack (QSG\/Registration Card\/Warranty), Hole Cutting Guide<\/p>\n<\/div>\n<\/div>\n","protected":false},"excerpt":{"rendered":"<p>Caixa de Som Redonda de Embutir no Teto de 6,5&#8243; com Tweeter Pivotante As caixas de som de embutir no teto Dymension CI\u2122 PRO oferecem som n\u00edtido e consistente para aplica\u00e7\u00f5es residenciais e comerciais, com recursos como tweeters pivotantes, design discreto e prote\u00e7\u00e3o contra intemp\u00e9ries com classifica\u00e7\u00e3o IP55. Woofer de 6,5&#8243; com Preenchimento Mineral Tweet [&hellip;]<\/p>\n","protected":false},"featured_media":22210,"template":"","meta":{"_acf_changed":false},"product_brand":[],"product_cat":[284,17,287,168],"product_tag":[],"class_list":{"0":"post-22209","1":"product","2":"type-product","3":"status-publish","4":"has-post-thumbnail","6":"product_cat-caixa-in-ceiling","7":"product_cat-caixas","8":"product_cat-definitive-technology","9":"product_cat-marcas","11":"first","12":"instock","13":"sold-individually","14":"shipping-taxable","15":"purchasable","16":"product-type-simple"},"acf":[],"aioseo_notices":[],"_links":{"self":[{"href":"https:\/\/hificlub.com.br\/loja\/wp-json\/wp\/v2\/product\/22209","targetHints":{"allow":["GET"]}}],"collection":[{"href":"https:\/\/hificlub.com.br\/loja\/wp-json\/wp\/v2\/product"}],"about":[{"href":"https:\/\/hificlub.com.br\/loja\/wp-json\/wp\/v2\/types\/product"}],"wp:featuredmedia":[{"embeddable":true,"href":"https:\/\/hificlub.com.br\/loja\/wp-json\/wp\/v2\/media\/22210"}],"wp:attachment":[{"href":"https:\/\/hificlub.com.br\/loja\/wp-json\/wp\/v2\/media?parent=22209"}],"wp:term":[{"taxonomy":"product_brand","embeddable":true,"href":"https:\/\/hificlub.com.br\/loja\/wp-json\/wp\/v2\/product_brand?post=22209"},{"taxonomy":"product_cat","embeddable":true,"href":"https:\/\/hificlub.com.br\/loja\/wp-json\/wp\/v2\/product_cat?post=22209"},{"taxonomy":"product_tag","embeddable":true,"href":"https:\/\/hificlub.com.br\/loja\/wp-json\/wp\/v2\/product_tag?post=22209"}],"curies":[{"name":"wp","href":"https:\/\/api.w.org\/{rel}","templated":true}]}}