{"id":22204,"date":"2025-05-30T18:21:13","date_gmt":"2025-05-30T21:21:13","guid":{"rendered":"https:\/\/hificlub.com.br\/loja\/?post_type=product&#038;p=22204"},"modified":"2026-03-03T22:17:56","modified_gmt":"2026-03-04T01:17:56","slug":"definitive-technology-dymension-dc-65-max-caixa-in-ceiling","status":"publish","type":"product","link":"https:\/\/hificlub.com.br\/loja\/produto\/definitive-technology-dymension-dc-65-max-caixa-in-ceiling\/","title":{"rendered":"DEFINITIVE TECHNOLOGY DYMENSION DC-65 MAX &#8211; Caixa In-Ceiling"},"content":{"rendered":"<p>Caixa de Som Premium de Embutir no Teto com Woofer Pivotante de 6,5&#8243;<\/p>\n<p>As caixas de som premium de embutir no teto Dymension CI\u2122 MAX oferecem som preciso para sistemas de home theater e sistemas para toda a casa de alto desempenho, com recursos como nosso woofer pivotante patenteado; design discreto e embutido; e prote\u00e7\u00e3o robusta contra intemp\u00e9ries.<\/p>\n<p>Woofer BDSS Pivotante de 6,5&#8243; com Waveguide\u2122 de Resposta Linear<br \/>\nTweeter com Domo de \u00d3xido de Alum\u00ednio Pivotante de 1&#8243;<br \/>\nInstala\u00e7\u00e3o sem ferramentas<br \/>\nDesign Embutido e Sem Bordas<br \/>\nClassifica\u00e7\u00e3o IP55<\/p>\n<p>Um tweeter de c\u00fapula de \u00f3xido de alum\u00ednio ultraleve e r\u00edgido de 1&#8243; produz agudos n\u00edtidos e sem distor\u00e7\u00e3o que se estendem muito al\u00e9m do alcance da audi\u00e7\u00e3o humana. A s\u00e9rie CI MAX apresenta um tweeter girat\u00f3rio na maioria dos modelos, permitindo a coloca\u00e7\u00e3o do alto-falante em locais convenientes enquanto direciona o som precisamente para onde \u00e9 mais importante.<\/p>\n<p>Um interruptor de atenua\u00e7\u00e3o de alta frequ\u00eancia de tr\u00eas posi\u00e7\u00f5es (-2 dB, plano, + 2 dB) ajusta a resposta do tweeter para compensar problemas ac\u00fasticos, como ambientes excessivamente claros ou com som opaco.<\/p>\n<p>Os woofers leves, r\u00edgidos e com preenchimento mineral da Dymension CI MAX contam com o revolucion\u00e1rio Sistema de Surround Duplo Balanceado (BDSS\u2122) da Definitive Technology, que melhora a excurs\u00e3o e a sa\u00edda do driver, proporcionando pot\u00eancia e detalhes superiores e m\u00e9dios mais uniformes em todo o ambiente. Nosso patenteado Guia de Ondas de Resposta Linear\u2122 estende a dispers\u00e3o de frequ\u00eancia no eixo e fora do eixo para m\u00e9dios mais naturais, imagem precisa e um som aberto e arejado.<\/p>\n<p>Todas as caixas ac\u00fasticas surround de teto da s\u00e9rie Dymension CI MAX apresentam nosso design patenteado de woofer pivotante. Os woofers pivotantes permitem que as caixas ac\u00fasticas sejam instaladas em praticamente qualquer lugar \u2014 at\u00e9 mesmo em tetos inclinados e artesoados \u2014 enquanto direcionam o som exatamente para onde voc\u00ea deseja, para um som expansivo e de primeira linha em qualquer lugar do ambiente.<\/p>\n<p>molduras e defletores integrados; grades magn\u00e9ticas microperfuradas e pint\u00e1veis; e um design nivelado e sem bordas significam que os alto-falantes desaparecem no fundo para uma apar\u00eancia praticamente invis\u00edvel que est\u00e1 em perfeita harmonia com seu espa\u00e7o.<\/p>\n<p><strong>SPECS<\/strong><\/p>\n<p>Dimens\u00f5es do Recorte (Di\u00e2metro): 221,3 mm<br \/>\nProfundidade de Montagem: 131,3 mm<br \/>\nPeso: 2,22 kg<br \/>\nCor: Grade Pint\u00e1vel em Branco<br \/>\nMaterial da Grade: Grade Magn\u00e9tica Microperfurada<br \/>\nTweeter: Tweeter com Domo de \u00d3xido de Alum\u00ednio Pivotante de 2,5 cm<br \/>\nM\u00e9dios\/Graves: Poli BDSS\u2122 de 16,5 cm com Preenchimento Mineral e Guia de Ondas de Resposta Linear\u2122<br \/>\nResposta de Frequ\u00eancia: 31 Hz\u201330 kHz (-10 dB); 49 Hz\u201325 kHz (-3 dB)<br \/>\nImped\u00e2ncia nominal: 6\u03a9<br \/>\nSensibilidade: 84 dB (2,83 V\/1 m)<br \/>\nPot\u00eancia recomendada do amplificador: 20-150 W<br \/>\nClassifica\u00e7\u00e3o IP (Prote\u00e7\u00e3o contra entrada): IP55<br \/>\nGarantia: 5 anos<br \/>\nAcess\u00f3rios inclusos: Grade, Pacote de literatura (QSG\/Cart\u00e3o de registro\/Garantia), Guia de corte de furos<\/p>\n","protected":false},"excerpt":{"rendered":"<p>Caixa de Som Premium de Embutir no Teto com Woofer Pivotante de 6,5&#8243; As caixas de som premium de embutir no teto Dymension CI\u2122 MAX oferecem som preciso para sistemas de home theater e sistemas para toda a casa de alto desempenho, com recursos como nosso woofer pivotante patenteado; design discreto e embutido; e prote\u00e7\u00e3o [&hellip;]<\/p>\n","protected":false},"featured_media":22205,"template":"","meta":{"_acf_changed":false},"product_brand":[],"product_cat":[284,17,287,168],"product_tag":[],"class_list":{"0":"post-22204","1":"product","2":"type-product","3":"status-publish","4":"has-post-thumbnail","6":"product_cat-caixa-in-ceiling","7":"product_cat-caixas","8":"product_cat-definitive-technology","9":"product_cat-marcas","11":"first","12":"instock","13":"sold-individually","14":"shipping-taxable","15":"purchasable","16":"product-type-simple"},"acf":[],"aioseo_notices":[],"_links":{"self":[{"href":"https:\/\/hificlub.com.br\/loja\/wp-json\/wp\/v2\/product\/22204","targetHints":{"allow":["GET"]}}],"collection":[{"href":"https:\/\/hificlub.com.br\/loja\/wp-json\/wp\/v2\/product"}],"about":[{"href":"https:\/\/hificlub.com.br\/loja\/wp-json\/wp\/v2\/types\/product"}],"wp:featuredmedia":[{"embeddable":true,"href":"https:\/\/hificlub.com.br\/loja\/wp-json\/wp\/v2\/media\/22205"}],"wp:attachment":[{"href":"https:\/\/hificlub.com.br\/loja\/wp-json\/wp\/v2\/media?parent=22204"}],"wp:term":[{"taxonomy":"product_brand","embeddable":true,"href":"https:\/\/hificlub.com.br\/loja\/wp-json\/wp\/v2\/product_brand?post=22204"},{"taxonomy":"product_cat","embeddable":true,"href":"https:\/\/hificlub.com.br\/loja\/wp-json\/wp\/v2\/product_cat?post=22204"},{"taxonomy":"product_tag","embeddable":true,"href":"https:\/\/hificlub.com.br\/loja\/wp-json\/wp\/v2\/product_tag?post=22204"}],"curies":[{"name":"wp","href":"https:\/\/api.w.org\/{rel}","templated":true}]}}