{"id":222,"date":"2023-10-17T19:50:40","date_gmt":"2023-10-17T22:50:40","guid":{"rendered":"https:\/\/hificlub.com.br\/loja2\/produto\/arcam-pa720-class-g-7x-100-watts\/"},"modified":"2026-03-03T22:21:17","modified_gmt":"2026-03-04T01:21:17","slug":"arcam-pa720-class-g-7x-100-watts","status":"publish","type":"product","link":"https:\/\/hificlub.com.br\/loja\/produto\/arcam-pa720-class-g-7x-100-watts\/","title":{"rendered":"ARCAM PA720 Class G  7x 100 watts"},"content":{"rendered":"<div class=\"row\">\n<div class=\"overview-body col-12\">\n<div class=\"row our-take\">\n<div class=\"col\">\n<div id=\"ourTake\" class=\"overviewText clearfix collapse show\">\n<div class=\"row\">\n<div class=\"col-12 overviewCopy\">\n<h1 class=\"prod-title\"><span style=\"font-size: small;\">Arcam PA720<\/span><\/h1>\n<h2 class=\"prod-sub-title\"><span style=\"font-size: small;\">Amplificador de pot\u00eancia de 7 canais<\/span><\/h2>\n<h2><span style=\"font-size: small;\">Sete canais de pot\u00eancia s\u00f3lida<\/span><\/h2>\n<p>Se voc\u00ea estiver construindo um sistema de som de home theater, o Arcam PA720 pode alimentar seus alto-falantes com os watts de que precisam.\u00a0Ele produz 100 watts vezes sete canais, para os alto-falantes frontais esquerdo, direito e central, al\u00e9m de mais quatro alto-falantes surround e\/ou de efeitos.\u00a0Agora voc\u00ea pode mergulhar completamente no di\u00e1logo do filme, efeitos sonoros e m\u00fasica.<\/p>\n<h3><span style=\"font-size: small;\">Amplificador classe G vers\u00e1til<\/span><\/h3>\n<p>Os engenheiros que projetaram o PA720 queriam que ele fornecesse a quantidade certa de energia no momento certo, para que suas op\u00e7\u00f5es de entretenimento soassem exatamente como deveriam.\u00a0\u00c9 por isso que eles escolheram um design de amplificador Classe G, que usa 20 watts de circuito Classe A para sinais de n\u00edvel padr\u00e3o e, em seguida, liga uma fonte de alimenta\u00e7\u00e3o de alta tens\u00e3o para picos din\u00e2micos mais exigentes.\u00a0E faz isso sem adicionar qualquer distor\u00e7\u00e3o ou ru\u00eddo de crossover.<\/p>\n<h3><span style=\"font-size: small;\">Conex\u00f5es convenientes<\/span><\/h3>\n<p>O PA720 oferece entradas RCA n\u00e3o balanceadas e XLR balanceadas para conectar a um pr\u00e9-amplificador A\/V.\u00a0Uma entrada RS232 permite controle remoto de terceiros e uma porta Ethernet permite conectar-se \u00e0 internet e trabalhar com automa\u00e7\u00e3o residencial.\u00a0H\u00e1 entrada e sa\u00edda de gatilho de 12 volts para ativa\u00e7\u00e3o remota e uma porta USB tipo A para atualiza\u00e7\u00f5es de firmware.<\/p>\n<\/div>\n<\/div>\n<p><a class=\"keep-reading js-overviewCloseBtn\" data-toggle=\"collapse\" data-target=\"#ourTake\" data-cf-track-value=\"Overview:Read More Collapse\" data-cf-track-evar=\"37\" data-cf-tracked=\"true\">LEIA MENOS<\/a><\/p>\n<\/div>\n<\/div>\n<\/div>\n<\/div>\n<\/div>\n<div class=\"row\">\n<div class=\"col-12 col-lg-7\">\n<div id=\"hightlightWrapper\" class=\"keep-reading-wrapper open\">\n<div class=\"highlight-wrapper\">\n<h2><span style=\"font-size: small;\">Destaques do produto:<\/span><\/h2>\n<ul>\n<li>100 watts por canal em 8 ohms (20-20.000 Hz) a 0,2% THD com todos os canais acionados<\/li>\n<li>140 watts por canal em 4 ohms<\/li>\n<li>amplificador Classe G eficiente de alta tens\u00e3o com 20 watts de sa\u00edda Classe A<\/li>\n<li>transformador de pot\u00eancia toroidal para baixo ru\u00eddo e sa\u00edda de alta corrente<\/li>\n<\/ul>\n<h5><span style=\"font-size: small;\">Conex\u00f5es:<\/span><\/h5>\n<ul>\n<li>7 entradas RCA n\u00e3o balanceadas<\/li>\n<li>7 entradas XLR balanceadas<\/li>\n<li>modo de entrada RCA\/XLR selecion\u00e1vel<\/li>\n<li>pares agrupados de sa\u00eddas de alto-falante com conectores de liga\u00e7\u00e3o<\/li>\n<li>Porta USB tipo A para atualiza\u00e7\u00f5es de firmware<\/li>\n<li>Portas RS-232 e Ethernet para controle via sistemas de automa\u00e7\u00e3o de terceiros<\/li>\n<li>Entrada e sa\u00edda de gatilho de 12 volts<\/li>\n<li>cabo de alimenta\u00e7\u00e3o AC destac\u00e1vel<\/li>\n<\/ul>\n<h5><span style=\"font-size: small;\">Dimens\u00f5es e garantia:<\/span><\/h5>\n<ul>\n<li>17-1\/16&#8243; L x 7&#8243; A x 16-3\/4&#8243; D<\/li>\n<li>peso: 39,6 libras.<\/li>\n<li>garantia: 5 anos<\/li>\n<\/ul>\n<\/div>\n<\/div>\n<\/div>\n<\/div>\n","protected":false},"excerpt":{"rendered":"<p>Arcam PA720 Amplificador de pot\u00eancia de 7 canais Sete canais de pot\u00eancia s\u00f3lida Se voc\u00ea estiver construindo um sistema de som de home theater, o Arcam PA720 pode alimentar seus alto-falantes com os watts de que precisam.\u00a0Ele produz 100 watts vezes sete canais, para os alto-falantes frontais esquerdo, direito e central, al\u00e9m de mais quatro [&hellip;]<\/p>\n","protected":false},"featured_media":219,"template":"","meta":{"_acf_changed":false},"product_brand":[],"product_cat":[27,49,48],"product_tag":[],"class_list":{"0":"post-222","1":"product","2":"type-product","3":"status-publish","4":"has-post-thumbnail","6":"product_cat-amplificador","7":"product_cat-arcam","8":"product_cat-multicanal","10":"first","11":"instock","12":"sold-individually","13":"shipping-taxable","14":"product-type-simple"},"acf":[],"aioseo_notices":[],"_links":{"self":[{"href":"https:\/\/hificlub.com.br\/loja\/wp-json\/wp\/v2\/product\/222","targetHints":{"allow":["GET"]}}],"collection":[{"href":"https:\/\/hificlub.com.br\/loja\/wp-json\/wp\/v2\/product"}],"about":[{"href":"https:\/\/hificlub.com.br\/loja\/wp-json\/wp\/v2\/types\/product"}],"wp:featuredmedia":[{"embeddable":true,"href":"https:\/\/hificlub.com.br\/loja\/wp-json\/wp\/v2\/media\/219"}],"wp:attachment":[{"href":"https:\/\/hificlub.com.br\/loja\/wp-json\/wp\/v2\/media?parent=222"}],"wp:term":[{"taxonomy":"product_brand","embeddable":true,"href":"https:\/\/hificlub.com.br\/loja\/wp-json\/wp\/v2\/product_brand?post=222"},{"taxonomy":"product_cat","embeddable":true,"href":"https:\/\/hificlub.com.br\/loja\/wp-json\/wp\/v2\/product_cat?post=222"},{"taxonomy":"product_tag","embeddable":true,"href":"https:\/\/hificlub.com.br\/loja\/wp-json\/wp\/v2\/product_tag?post=222"}],"curies":[{"name":"wp","href":"https:\/\/api.w.org\/{rel}","templated":true}]}}