{"id":22190,"date":"2025-05-30T11:44:23","date_gmt":"2025-05-30T14:44:23","guid":{"rendered":"https:\/\/hificlub.com.br\/loja\/?post_type=product&#038;p=22190"},"modified":"2026-03-03T22:17:57","modified_gmt":"2026-03-04T01:17:57","slug":"definitive-technology-dymension-outdoor-aw-650-black-caixa-outdoor-par","status":"publish","type":"product","link":"https:\/\/hificlub.com.br\/loja\/produto\/definitive-technology-dymension-outdoor-aw-650-black-caixa-outdoor-par\/","title":{"rendered":"DEFINITIVE TECHNOLOGY DYMENSION OUTDOOR AW-650 BLACK &#8211; Caixa Outdoor &#8211; Par"},"content":{"rendered":"<p>Caixa de Som Externa Bidirecional de 6,5\u201d para Montagem em Superf\u00edcie<\/p>\n<p>A caixa de som Dymension AW-650 para montagem em superf\u00edcie, para todas as condi\u00e7\u00f5es clim\u00e1ticas, preenche grandes espa\u00e7os externos com um som potente e din\u00e2mico. Robusta e dur\u00e1vel, com um gabinete r\u00edgido com preenchimento mineral, a caixa de som com classifica\u00e7\u00e3o IP66 suporta condi\u00e7\u00f5es adversas, integrando-se perfeitamente ao ambiente. A correspond\u00eancia de timbre garante integra\u00e7\u00e3o perfeita com as caixas de som Dymension da Definitive Technology, dentro e fora de casa.<\/p>\n<p class=\"text-left pt-2 pb-0 headline2\">A Premium Speaker Built to Withstand the Elements.<\/p>\n<p>A rigid, well-damped 1\u201d Dymension Series aluminum oxide dome tweeter delivers crisp, clear sound anywhere, for lifelike sound with uncompromised clarity and imaging.<\/p>\n<p>A 6.5\u201d woofer reproduces rich, clear sound that fills large outdoor spaces. From impactful bass lines to vocal nuances, experience every detail in stunning fidelity.<\/p>\n<p>The AW-650\u2019s large passive bass radiator resonates with air movement inside the speaker to enhance bass response, for powerful lows and dynamic, balanced overall sound.<\/p>\n<p>Engineered for durability, the AW-650 withstands rain, snow, and dirt to deliver premium sound in any weather.<\/p>\n<p>Woofer com preenchimento mineral<br \/>\nTweeter com c\u00fapula de \u00f3xido de alum\u00ednio<br \/>\nRadiador de graves passivo<br \/>\nPar Combinado<br \/>\nProte\u00e7\u00e3o IP66 para todas as condi\u00e7\u00f5es clim\u00e1ticas<br \/>\nCaixa robusta<\/p>\n<p><strong>SPECS<\/strong><\/p>\n<p>Montagem: Montagem em parede com ajuste de +\/- 60 graus em um plano<br \/>\nClassifica\u00e7\u00e3o IP: IP66<br \/>\nCaracter\u00edsticas t\u00e9cnicas: Gabinete com enchimento mineral<br \/>\nEntradas: 1 par de conectores de 5 vias<br \/>\nDrivers: Tweeter com c\u00fapula de \u00f3xido de alum\u00ednio de 1&#8243;, woofer com enchimento mineral de 6,5&#8243;, radiador de graves acoplado por press\u00e3o de 5,5&#8243; x 10&#8243;<br \/>\nResposta de frequ\u00eancia (-3dB): 76 Hz \u2013 24 kHz<br \/>\nResposta de frequ\u00eancia (-10dB): 45 Hz \u2013 32 kHz<br \/>\nSensibilidade (2,83Vrms\/1m): 87 dB<br \/>\nImped\u00e2ncia nominal: 4\u03a9 (compat\u00edvel com 8\u03a9)<br \/>\nPot\u00eancia recomendada do amplificador: 20-150W<\/p>\n<p>Dimens\u00f5es (cm):<br \/>\nA x L x P &#8211;\u00a0 34 x 23 x 26 cm<br \/>\nPeso do produto (lb.): 8.8kg<br \/>\nCores dispon\u00edveis: Preto, Branco<\/p>\n<p>&nbsp;<\/p>\n","protected":false},"excerpt":{"rendered":"<p>Caixa de Som Externa Bidirecional de 6,5\u201d para Montagem em Superf\u00edcie A caixa de som Dymension AW-650 para montagem em superf\u00edcie, para todas as condi\u00e7\u00f5es clim\u00e1ticas, preenche grandes espa\u00e7os externos com um som potente e din\u00e2mico. Robusta e dur\u00e1vel, com um gabinete r\u00edgido com preenchimento mineral, a caixa de som com classifica\u00e7\u00e3o IP66 suporta condi\u00e7\u00f5es [&hellip;]<\/p>\n","protected":false},"featured_media":22191,"template":"","meta":{"_acf_changed":false},"product_brand":[],"product_cat":[283,17,287,168],"product_tag":[],"class_list":{"0":"post-22190","1":"product","2":"type-product","3":"status-publish","4":"has-post-thumbnail","6":"product_cat-caixa-outdoor","7":"product_cat-caixas","8":"product_cat-definitive-technology","9":"product_cat-marcas","11":"first","12":"instock","13":"sold-individually","14":"shipping-taxable","15":"purchasable","16":"product-type-simple"},"acf":[],"aioseo_notices":[],"_links":{"self":[{"href":"https:\/\/hificlub.com.br\/loja\/wp-json\/wp\/v2\/product\/22190","targetHints":{"allow":["GET"]}}],"collection":[{"href":"https:\/\/hificlub.com.br\/loja\/wp-json\/wp\/v2\/product"}],"about":[{"href":"https:\/\/hificlub.com.br\/loja\/wp-json\/wp\/v2\/types\/product"}],"wp:featuredmedia":[{"embeddable":true,"href":"https:\/\/hificlub.com.br\/loja\/wp-json\/wp\/v2\/media\/22191"}],"wp:attachment":[{"href":"https:\/\/hificlub.com.br\/loja\/wp-json\/wp\/v2\/media?parent=22190"}],"wp:term":[{"taxonomy":"product_brand","embeddable":true,"href":"https:\/\/hificlub.com.br\/loja\/wp-json\/wp\/v2\/product_brand?post=22190"},{"taxonomy":"product_cat","embeddable":true,"href":"https:\/\/hificlub.com.br\/loja\/wp-json\/wp\/v2\/product_cat?post=22190"},{"taxonomy":"product_tag","embeddable":true,"href":"https:\/\/hificlub.com.br\/loja\/wp-json\/wp\/v2\/product_tag?post=22190"}],"curies":[{"name":"wp","href":"https:\/\/api.w.org\/{rel}","templated":true}]}}