{"id":22178,"date":"2025-05-30T10:54:37","date_gmt":"2025-05-30T13:54:37","guid":{"rendered":"https:\/\/hificlub.com.br\/loja\/?post_type=product&#038;p=22178"},"modified":"2026-03-03T22:17:57","modified_gmt":"2026-03-04T01:17:57","slug":"definitive-technology-dymension-tech-aw-550-black-caixa-outdoor-par","status":"publish","type":"product","link":"https:\/\/hificlub.com.br\/loja\/produto\/definitive-technology-dymension-tech-aw-550-black-caixa-outdoor-par\/","title":{"rendered":"DEFINITIVE TECHNOLOGY DYMENSION TECH AW-550 BLACK &#8211; Caixa Outdoor &#8211; Par"},"content":{"rendered":"<p>Um alto-falante premium constru\u00eddo para resistir aos elementos.<\/p>\n<p>Um tweeter de domo de \u00f3xido de alum\u00ednio r\u00edgido e bem amortecido de 1\u201d da s\u00e9rie Dymension proporciona som n\u00edtido e claro em qualquer lugar, para um som realista com clareza e imagem inigual\u00e1veis.<\/p>\n<p>The Dymension AW-550\u2019s 5.25\u201d mineral-filled woofer reproduces rich, clear, and dynamic sound that fills medium-sized outdoor spaces. Whether it&#8217;s impactful bass lines or vocal nuances, experience every detail in stunning fidelity, making your outdoor listening experience extraordinary.<\/p>\n<p>The AW-550\u2019s large (5\u201d by 8\u201d) passive bass radiator seamlessly moves air movement inside the speaker to enhance low-end response, for powerful and dynamic, balanced overall sound.<\/p>\n<p>Engineered for durability, the AW-550 withstands rain, snow, and dirt to deliver premium sound in any weather.<\/p>\n<p><strong>SPECS<\/strong><\/p>\n<p>Montagem: Montagem em parede com ajuste de +\/- 60 graus em um plano<br \/>\nClassifica\u00e7\u00e3o IP: IP66<br \/>\nCaracter\u00edsticas t\u00e9cnicas: Gabinete com enchimento mineral<br \/>\nEntradas: 1 par de conectores de 5 vias<br \/>\nDrivers: Tweeter com c\u00fapula de \u00f3xido de alum\u00ednio de 1&#8243;, woofer com enchimento mineral de 5,25&#8243;, radiador de graves acoplado por press\u00e3o de 5&#8243; x 8&#8243;<br \/>\nResposta de frequ\u00eancia (-3dB): 82 Hz \u2013 24 kHz<br \/>\nResposta de frequ\u00eancia (-10dB): 55 Hz \u2013 32 kHz<br \/>\nSensibilidade (2,83Vrms\/1m): 86 dB<br \/>\nImped\u00e2ncia nominal: 4\u03a9 (compat\u00edvel com 8\u03a9)<br \/>\nPot\u00eancia recomendada do amplificador: 20-120W<br \/>\nGarantia: 5 anos<\/p>\n<p>Dimens\u00f5es:<br \/>\n(cm) A x L x P: 31,5 x 19,5 x 21,8<br \/>\nPeso do produto (lb): 5,5kg<br \/>\nCores dispon\u00edveis: Preto, Branco<\/p>\n","protected":false},"excerpt":{"rendered":"<p>Um alto-falante premium constru\u00eddo para resistir aos elementos. Um tweeter de domo de \u00f3xido de alum\u00ednio r\u00edgido e bem amortecido de 1\u201d da s\u00e9rie Dymension proporciona som n\u00edtido e claro em qualquer lugar, para um som realista com clareza e imagem inigual\u00e1veis. The Dymension AW-550\u2019s 5.25\u201d mineral-filled woofer reproduces rich, clear, and dynamic sound that [&hellip;]<\/p>\n","protected":false},"featured_media":22180,"template":"","meta":{"_acf_changed":false},"product_brand":[],"product_cat":[283,17,287,168],"product_tag":[],"class_list":{"0":"post-22178","1":"product","2":"type-product","3":"status-publish","4":"has-post-thumbnail","6":"product_cat-caixa-outdoor","7":"product_cat-caixas","8":"product_cat-definitive-technology","9":"product_cat-marcas","11":"first","12":"instock","13":"sold-individually","14":"shipping-taxable","15":"purchasable","16":"product-type-simple"},"acf":[],"aioseo_notices":[],"_links":{"self":[{"href":"https:\/\/hificlub.com.br\/loja\/wp-json\/wp\/v2\/product\/22178","targetHints":{"allow":["GET"]}}],"collection":[{"href":"https:\/\/hificlub.com.br\/loja\/wp-json\/wp\/v2\/product"}],"about":[{"href":"https:\/\/hificlub.com.br\/loja\/wp-json\/wp\/v2\/types\/product"}],"wp:featuredmedia":[{"embeddable":true,"href":"https:\/\/hificlub.com.br\/loja\/wp-json\/wp\/v2\/media\/22180"}],"wp:attachment":[{"href":"https:\/\/hificlub.com.br\/loja\/wp-json\/wp\/v2\/media?parent=22178"}],"wp:term":[{"taxonomy":"product_brand","embeddable":true,"href":"https:\/\/hificlub.com.br\/loja\/wp-json\/wp\/v2\/product_brand?post=22178"},{"taxonomy":"product_cat","embeddable":true,"href":"https:\/\/hificlub.com.br\/loja\/wp-json\/wp\/v2\/product_cat?post=22178"},{"taxonomy":"product_tag","embeddable":true,"href":"https:\/\/hificlub.com.br\/loja\/wp-json\/wp\/v2\/product_tag?post=22178"}],"curies":[{"name":"wp","href":"https:\/\/api.w.org\/{rel}","templated":true}]}}