{"id":2211,"date":"2023-10-17T19:59:36","date_gmt":"2023-10-17T22:59:36","guid":{"rendered":"https:\/\/hificlub.com.br\/loja2\/produto\/bw-802-d4\/"},"modified":"2026-03-27T07:14:20","modified_gmt":"2026-03-27T10:14:20","slug":"bw-802-d4","status":"publish","type":"product","link":"https:\/\/hificlub.com.br\/loja\/produto\/bw-802-d4\/","title":{"rendered":"B&#038;W 802 D4"},"content":{"rendered":"<p>&nbsp;<\/p>\n<p><strong>B&amp;W 802 D4<\/strong><\/p>\n<div class=\"product attribute description\">\n<div class=\"value\">\n<p>Cabe\u00e7a da turbina<\/p>\n<p>Ou\u00e7a o som, n\u00e3o o gabinete.\u00a0O cabe\u00e7ote de turbina totalmente em alum\u00ednio da Bowers &amp; Wilkins \u00e9 uma carca\u00e7a fenomenalmente r\u00edgida e inerte para o crucial cone de m\u00e9dios, cuidadosamente amortecido para evitar resson\u00e2ncias indesejadas e desacoplado tanto do gabinete de graves quanto do corpo do tweeter.\u00a0O resultado?\u00a0O som midrange mais realista at\u00e9 agora.<\/p>\n<p>Arm\u00e1rio de envolt\u00f3rio reverso<\/p>\n<p>Em vez de um alto-falante de frente plana com uma curva traseira, os gabinetes da Bowers &amp; Wilkins s\u00e3o formados a partir de uma curva cont\u00ednua, unida por uma coluna de alum\u00ednio s\u00f3lido.\u00a0Menos jun\u00e7\u00f5es tornam a estrutura mais r\u00edgida e inerte e uma frente curva significa menos confus\u00e3o em torno das unidades de acionamento.\u00a0Assim, a dispers\u00e3o do som \u00e9 melhorada e a reflex\u00e3o do gabinete \u00e9 reduzida.<\/p>\n<p>Suspens\u00e3o Biomim\u00e9tica<\/p>\n<p>\u00c0s vezes, fazer uma grande diferen\u00e7a requer um pensamento n\u00e3o convencional.\u00a0Durante d\u00e9cadas, a Bowers &amp; Wilkins pensou que nada poderia melhorar o som de seus famosos cones de m\u00e9dios de fibra de aramida amarelos, mas, eventualmente, a tecnologia de cone Continuum mudou de ideia.\u00a0Agora, Bowers &amp; Wilkins voltou sua aten\u00e7\u00e3o para outro elemento crucial em um cone de alto-falante: a aranha de tecido.\u00a0A nova suspens\u00e3o biomim\u00e9tica revoluciona o desempenho do cone de m\u00e9dio porte, reduzindo bastante a press\u00e3o de ar e a colora\u00e7\u00e3o indesejadas que uma aranha de tecido convencional pode gerar.\u00a0O resultado?\u00a0Transpar\u00eancia de m\u00e9dio porte que voc\u00ea n\u00e3o acreditaria ser poss\u00edvel.<\/p>\n<p>Cone Cont\u00ednuo\u2122<\/p>\n<p>Gra\u00e7as \u00e0 sua constru\u00e7\u00e3o composta, o cone Continuum\u2122 evita as transi\u00e7\u00f5es abruptas de comportamento que podem prejudicar o desempenho de uma unidade de acionamento convencional.\u00a0O resultado \u00e9 uma performance mais aberta e neutra que entrega vozes e instrumentos com precis\u00e3o e transpar\u00eancia.<\/p>\n<p>Montagem de m\u00e9dios desacoplados<\/p>\n<p>Todos os alto-falantes Diamond da S\u00e9rie 800, al\u00e9m do 805 D4 de montagem em suporte, possuem um cone de m\u00e9dios dedicado usando quatro tecnologias principais da Bowers &amp; Wilkins: o cone Continuum, FST\u2122, Suspens\u00e3o Biomim\u00e9tica e desacoplamento de m\u00e9dios, este \u00faltimo garantindo interfer\u00eancia m\u00ednima da opera\u00e7\u00e3o do alto-falante drivers de baixo.<\/p>\n<p>Placa superior de alum\u00ednio<\/p>\n<p>Cada modelo est\u00e9reo da nova linha 800 Series Diamond possui um design de gabinete significativamente atualizado com uma se\u00e7\u00e3o superior de alum\u00ednio totalmente nova para rigidez ainda maior.\u00a0O mesmo design tamb\u00e9m fornece um ponto de montagem perfeito para todos os novos detalhes de gabinete Leather by Connolly, com couro preto luxuoso para gabinetes escuros e cinza claro para acabamentos mais claros.<\/p>\n<p>Cruzamento<\/p>\n<p>Todos os modelos est\u00e9reo da nova linha 800 Series Diamond agora usam designs de crossover montados na parte traseira montados em lombadas de alum\u00ednio r\u00edgidas.\u00a0Isso isola os capacitores sens\u00edveis dos efeitos indesejados da press\u00e3o do ar dentro do gabinete e cria um dissipador de calor muito eficaz para garantir um \u00f3timo desempenho quando em uso.<\/p>\n<p>Couro por Connolly<\/p>\n<p>A parte superior de cada modelo est\u00e9reo apresenta uma placa superior de alum\u00ednio, coberta com o novo acabamento Leather by Connolly.\u00a0A Bowers &amp; Wilkins usa couro preto luxuoso de flor integral para acabamentos Gloss Black e Satin Rosenut, e um couro cinza claro para White e Satin Walnut.<\/p>\n<\/div>\n<\/div>\n<p><b>Constru\u00eddo em propor\u00e7\u00f5es semelhantes \u00e0s do carro-chefe\u00a0<\/b><b>\u00a0801 D4, o 802 D4 oferece muito do desempenho de seu irm\u00e3o, incluindo o mesmo gabinete de cabe\u00e7ote de turbina para sua unidade de acionamento de m\u00e9dio porte, embora tenha um design geral mais acess\u00edvel.\u00a0Perfeito\u00a0<\/b><b>para audi\u00e7\u00e3o est\u00e9reo de n\u00edvel de refer\u00eancia e tamb\u00e9m uma excelente escolha em aplica\u00e7\u00f5es de home theater.<\/b><\/p>\n<div>\n<div>\n<div><b>\u00a0<\/b><\/div>\n<div>\n<div>\n<div><b>Eleg\u00e2ncia absoluta<\/b><\/div>\n<div>\n<div>As propor\u00e7\u00f5es esbeltas do 802 D4 e os belos acabamentos em folheado de madeira ou pintado s\u00e3o perfeitos para um companheiro de sala de estar elegante &#8211; mas que n\u00e3o compromete o desempenho.\u00a0Perfeito para audi\u00e7\u00e3o est\u00e9reo de n\u00edvel de refer\u00eancia e uma excelente escolha em aplica\u00e7\u00f5es de home theater.<\/div>\n<div><\/div>\n<\/div>\n<\/div>\n<div><b>800 Series Diamond<\/b><\/div>\n<div>\n<div>Esta n\u00e3o \u00e9 apenas outra linha de alto-falantes.\u00a0Cada nova gera\u00e7\u00e3o do 800 Series Diamond \u00e9 um evento marcante para a Bowers &amp; Wilkins.\u00a0Este \u00e9 nosso benchmark, nosso \u00edcone;\u00a0a mais avan\u00e7ada linha de alto-falantes que sabemos fazer, equipada com todas as nossas tecnologias mais sofisticadas e projetada\u00a0\u00a0para oferecer o m\u00e1ximo em realismo sonoro.\u00a0Para n\u00f3s, o Diamante da S\u00e9rie 800 \u00e9 tudo o que sabemos e tudo o que somos.<\/div>\n<div>\n<p>&nbsp;<\/p>\n<div><b>Cabe\u00e7a de turbina<\/b><\/div>\n<div>Ou\u00e7a o som, n\u00e3o o gabinete.\u00a0Nosso cabe\u00e7ote de turbina todo em alum\u00ednio \u00e9 um inv\u00f3lucro fenomenalmente r\u00edgido e inerte para o cone de m\u00e9dio porte, cuidadosamente amortecido para evitar resson\u00e2ncias indesejadas e desacoplado do gabinete de graves e do corpo do tweeter.\u00a0O resultado?\u00a0O som m\u00e9dio mais realista at\u00e9 agora.<\/div>\n<div><\/div>\n<div>\n<div>\n<div><b>Tweeter Diamond Dome<\/b><\/div>\n<div>Uma das nossas conquistas mais significativas nas \u00faltimas duas d\u00e9cadas, o tweeter de c\u00fapula Diamond ultra-r\u00edgido e extremamente preciso \u00e9 a combina\u00e7\u00e3o perfeita de baixa massa, rigidez excepcional e precis\u00e3o excepcional.\u00a015 anos depois de lan\u00e7\u00e1-lo, n\u00e3o encontramos uma tecnologia de c\u00fapula de tweeter melhor.<\/div>\n<\/div>\n<\/div>\n<div><\/div>\n<div>\n<div><b>Conjunto de tweeter de corpo s\u00f3lido<\/b><\/div>\n<div>\n<div>A mais recente encarna\u00e7\u00e3o de nossa caixa ic\u00f4nica para Tweeter-on-Top Solid Body apresenta uma forma alongada com um sistema de carregamento de tubo mais longo, produzindo um som ainda mais livre e aberto com altas frequ\u00eancias.\u00a0Como antes, a caixa cuidadosamente desacoplada \u00e9 fresada a partir de um \u00fanico bloco s\u00f3lido de alum\u00ednio para melhor resistir \u00e0 resson\u00e2ncia.<\/div>\n<div><\/div>\n<div>\n<div><b>Gabinete Inv\u00f3lucro Inverso<\/b><\/div>\n<div>Em vez de um alto-falante de frente plana com uma curva posterior, nossos gabinetes s\u00e3o formados a partir de uma curva cont\u00ednua, unida por uma lombada de alum\u00ednio s\u00f3lido.\u00a0Menos juntas tornam a estrutura mais r\u00edgida e inerte, e uma frente curva significa menos desconcertante ao redor das unidades de acionamento.\u00a0Portanto, a dispers\u00e3o do som \u00e9 melhorada e a reflex\u00e3o do gabinete \u00e9 reduzida.<\/div>\n<div><\/div>\n<div>\n<div><b>Matriz<\/b><\/div>\n<div>\n<div>Matrix bracing usa pain\u00e9is intertravados para refor\u00e7ar as paredes do gabinete do alto-falante em todas as dire\u00e7\u00f5es internamente, reduzindo a resson\u00e2ncia e criando um ambiente sonoro mais confi\u00e1vel.\u00a0Todos os modelos da nova S\u00e9rie 800 Diamond se beneficiam de um design Matrix atualizado que combina uma constru\u00e7\u00e3o s\u00f3lida de compensado com contraventamento de alum\u00ednio para refor\u00e7ar os principais pontos de tens\u00e3o.<\/div>\n<div><\/div>\n<div>\n<div><b>Suspens\u00e3o Biom\u00e9trica<\/b><\/div>\n<div>\n<div>\u00c0s vezes, fazer uma grande diferen\u00e7a exige um pensamento n\u00e3o convencional.\u00a0Por d\u00e9cadas, pensamos que nada poderia melhorar o som de nossos famosos cones m\u00e9dios de fibra de aramida amarelo, mas eventualmente nossa tecnologia de cone Continuum mudou nossas mentes.\u00a0Agora, voltamos nossa aten\u00e7\u00e3o para outro elemento crucial em um cone de alto-falante: a aranha de tecido.<\/div>\n<div><\/div>\n<div>Nossa suspens\u00e3o biomim\u00e9tica totalmente nova revoluciona o desempenho do cone de m\u00e9dio porte, reduzindo enormemente\u00a0\u00a0a press\u00e3o do ar indesejada e a colora\u00e7\u00e3o que uma aranha de tecido convencional pode gerar.\u00a0O resultado?\u00a0Transpar\u00eancia de m\u00e9dio porte que voc\u00ea n\u00e3o acreditaria ser poss\u00edvel.<\/div>\n<div><\/div>\n<\/div>\n<div>\n<div><b>Cone cont\u00ednuo<\/b><\/div>\n<div>\n<div>Gra\u00e7as \u00e0 sua constru\u00e7\u00e3o composta, o cone Continuum evita as transi\u00e7\u00f5es abruptas de\u00a0\u00a0comportamento que podem prejudicar o desempenho de\u00a0\u00a0uma unidade de acionamento convencional.\u00a0O resultado \u00e9 uma performance mais aberta e neutra que entrega vozes e instrumentos com precis\u00e3o e transpar\u00eancia.<\/div>\n<div><\/div>\n<div>\n<div><b>Cone de baixo Aerofoil \u2122<\/b><\/div>\n<div>Nossa tecnologia de cone de baixo Aerofoil continua sendo uma excelente solu\u00e7\u00e3o para o dilema de combinar baixa massa e alta rigidez em cones de baixo, gra\u00e7as \u00e0 sua pele de fibra de carbono e n\u00facleo de espuma de perfil vari\u00e1vel.\u00a0Agora, adicionamos o plugue anti-resson\u00e2ncia de espuma para menor distor\u00e7\u00e3o e graves ainda mais n\u00edtidos.<\/div>\n<\/div>\n<div><\/div>\n<div>\n<div><b>Conjunto de m\u00e9dio porte desacoplado<\/b><\/div>\n<div>\n<div>\n<div>Como seus irm\u00e3os de ch\u00e3o na nova linha, o 802 D4 tem um cone de m\u00e9dio porte dedicado usando tr\u00eas tecnologias principais da Bowers &amp; Wilkins: o cone Continuum \u2122, suspens\u00e3o biomim\u00e9tica e desacoplamento de m\u00e9dio porte, este \u00faltimo garantindo interfer\u00eancia m\u00ednima da opera\u00e7\u00e3o dos drivers de baixo do alto-falante.<\/div>\n<div><\/div>\n<\/div>\n<\/div>\n<\/div>\n<\/div>\n<\/div>\n<div>\n<div><b>Placa superior de alum\u00ednio<\/b><\/div>\n<div>\n<div>Todos os modelos est\u00e9reo da nova linha Diamond Series 800 t\u00eam um design de gabinete significativamente atualizado com uma se\u00e7\u00e3o superior de alum\u00ednio totalmente nova para maior rigidez.\u00a0O mesmo design tamb\u00e9m oferece\u00a0\u00a0um ponto de montagem perfeito para todos os novos detalhes de gabinetes Leather by Connolly, com couro preto luxuoso para gabinetes escuros e cinza claro para acabamentos mais claros.<\/div>\n<div><\/div>\n<div>\n<div><b>Crossover<\/b><\/div>\n<div><\/div>\n<\/div>\n<div>Todos os modelos est\u00e9reo na nova linha Diamond Series 800 agora usam designs de crossover montados na parte traseira montados em lombadas de alum\u00ednio r\u00edgido.\u00a0Isso isola os capacitores sens\u00edveis dos efeitos indesejados da press\u00e3o do ar dentro do gabinete\u00a0\u00a0e torna-se um dissipador de calor muito eficaz para\u00a0\u00a0garantir um desempenho ideal quando em uso.<\/div>\n<\/div>\n<\/div>\n<p>&nbsp;<\/p>\n<div>\n<div><b>Couro por Connolly<\/b><\/div>\n<div><\/div>\n<\/div>\n<div>A se\u00e7\u00e3o superior de cada modelo est\u00e9reo apresenta uma placa superior de alum\u00ednio, coberta com o novo acabamento Leather by Connolly.\u00a0Usamos couro preto de flor integral para acabamentos Gloss Black e Satin Rosenut, e couro cinza claro para White e Satin Walnut.<\/div>\n<div><b>\u00a0<\/b><\/div>\n<div><b>Um dos nossos melhores<\/b><\/div>\n<div>\n<div>\n<div>O 802 D4 \u00e9 um alto-falante muito especial por si s\u00f3, com uma mistura emocionante de desempenho e estilo que outros alto-falantes achar\u00e3o dif\u00edcil emular.\u00a0Na verdade, apenas um modelo em nossa linha pode super\u00e1-lo &#8211; o carro-chefe 801 D4, que tem cones de baixo de 250 mm (10 pol.) Em um gabinete de baixa frequ\u00eancia mais substancial.<\/div>\n<\/div>\n<\/div>\n<\/div>\n<\/div>\n<\/div>\n<\/div>\n<\/div>\n<\/div>\n<\/div>\n<\/div>\n<\/div>\n<\/div>\n<\/div>\n<div class=\"body\">\n<p>&nbsp;<\/p>\n<div>\n<div><b>Descri\u00e7\u00e3o<\/b><\/div>\n<div>Sistema de caixa ventilada de 3 vias<\/div>\n<div><\/div>\n<\/div>\n<div><b>\u00a0<\/b><\/div>\n<div>\n<div><b>Unidades de acionamento<\/b><\/div>\n<div><\/div>\n<\/div>\n<div>\n<div>1x \u00f825mm (1in) c\u00fapula de diamante de alta frequ\u00eancia<\/div>\n<div>1x \u00f8150mm (6 pol.) Cone cont\u00ednuo FST midrange<\/div>\n<div>2 unidades de baixo cone aerof\u00f3lio de \u00f8200mm (8 pol.)<\/div>\n<div><\/div>\n<\/div>\n<div><b>Caracter\u00edsticas t\u00e9cnicas<\/b><\/div>\n<div>\n<div>Tweeter de diamante<\/div>\n<div>Tweeter no topo de corpo s\u00f3lido<\/div>\n<div>Cone cont\u00ednuo FST<\/div>\n<div>Plug anti-resson\u00e2ncia<\/div>\n<div>Suspens\u00e3o Biomim\u00e9tica<\/div>\n<div>Cabe\u00e7a de turbina<\/div>\n<div>Matriz<\/div>\n<div>Unidades de baixo cone aerof\u00f3lio<\/div>\n<div>Flowport<\/div>\n<div><\/div>\n<div>\n<div><b>Alcance de frequ\u00eancia<\/b><\/div>\n<div>14Hz a 35kHz<\/div>\n<div><\/div>\n<\/div>\n<div>\n<div><b>Resposta de frequ\u00eancia\u00a0\u00a0<\/b>(+\/- 3dB do eixo de refer\u00eancia)<\/div>\n<div>17Hz a 28kHz<\/div>\n<div><\/div>\n<\/div>\n<div><\/div>\n<div>\n<div><b>Sensibilidade\u00a0<\/b>\u00a0(no eixo em 2,83 Vrms em 1m)<\/div>\n<div>90dB<\/div>\n<div><\/div>\n<div>\n<div><b>Distor\u00e7\u00e3o harm\u00f4nica<\/b><\/div>\n<div>\n<div>2\u00ba e 3\u00ba harm\u00f4nicos (90dB, 1m no eixo)<\/div>\n<div>&lt;1% 70Hz &#8211; 20kHz<\/div>\n<div>&lt;0,3% 100Hz &#8211; 20kHz<\/div>\n<div><\/div>\n<div>\n<div><b>Imped\u00e2ncia nominal<\/b><\/div>\n<div>8\u03a9 (m\u00ednimo 3,0\u03a9)<\/div>\n<div><\/div>\n<div>\n<div><b>Pot\u00eancia recomendada do amplificador<\/b><\/div>\n<div>50W &#8211; 500W em 8\u03a9 no programa n\u00e3o cortado<\/div>\n<div><\/div>\n<div>\n<div><b>M\u00e1x.\u00a0imped\u00e2ncia de cabo recomendada<\/b><\/div>\n<div>0,1\u03a9<\/div>\n<div><\/div>\n<div>\n<div><b>Dimens\u00f5es<\/b><\/div>\n<div>Altura: 1218 mm<\/div>\n<div>Largura: 413 mm<\/div>\n<div>Profundidade: 602 mm<\/div>\n<div><\/div>\n<div>\n<div><b>Peso l\u00edquido<\/b><\/div>\n<div>88,10kg<\/div>\n<div><\/div>\n<div>\n<div><b>Acabamentos<\/b><\/div>\n<div>Gabinete preto brilhante com grade preta<\/div>\n<div>Satin Rosenut\u00a0\u00a0gabinete\u00a0\u00a0com grelha preta<\/div>\n<div>Gabinete de\u00a0\u00a0nogueira acetinada\u00a0\u00a0com grade cinza<\/div>\n<div>Gabinete\u00a0\u00a0branco\u00a0\u00a0com grade cinza<\/div>\n<p>&nbsp;<\/p>\n<\/div>\n<\/div>\n<\/div>\n<\/div>\n<\/div>\n<\/div>\n<\/div>\n<\/div>\n<\/div>\n<\/div>\n<\/div>\n","protected":false},"excerpt":{"rendered":"<p>&nbsp; B&amp;W 802 D4 Cabe\u00e7a da turbina Ou\u00e7a o som, n\u00e3o o gabinete.\u00a0O cabe\u00e7ote de turbina totalmente em alum\u00ednio da Bowers &amp; Wilkins \u00e9 uma carca\u00e7a fenomenalmente r\u00edgida e inerte para o crucial cone de m\u00e9dios, cuidadosamente amortecido para evitar resson\u00e2ncias indesejadas e desacoplado tanto do gabinete de graves quanto do corpo do tweeter.\u00a0O resultado?\u00a0O [&hellip;]<\/p>\n","protected":false},"featured_media":5853,"template":"","meta":{"_acf_changed":false},"product_brand":[],"product_cat":[19,17,18],"product_tag":[],"class_list":{"0":"post-2211","1":"product","2":"type-product","3":"status-publish","4":"has-post-thumbnail","6":"product_cat-bw","7":"product_cat-caixas","8":"product_cat-torres","10":"first","11":"instock","12":"sold-individually","13":"shipping-taxable","14":"purchasable","15":"product-type-simple"},"acf":[],"aioseo_notices":[],"_links":{"self":[{"href":"https:\/\/hificlub.com.br\/loja\/wp-json\/wp\/v2\/product\/2211","targetHints":{"allow":["GET"]}}],"collection":[{"href":"https:\/\/hificlub.com.br\/loja\/wp-json\/wp\/v2\/product"}],"about":[{"href":"https:\/\/hificlub.com.br\/loja\/wp-json\/wp\/v2\/types\/product"}],"wp:featuredmedia":[{"embeddable":true,"href":"https:\/\/hificlub.com.br\/loja\/wp-json\/wp\/v2\/media\/5853"}],"wp:attachment":[{"href":"https:\/\/hificlub.com.br\/loja\/wp-json\/wp\/v2\/media?parent=2211"}],"wp:term":[{"taxonomy":"product_brand","embeddable":true,"href":"https:\/\/hificlub.com.br\/loja\/wp-json\/wp\/v2\/product_brand?post=2211"},{"taxonomy":"product_cat","embeddable":true,"href":"https:\/\/hificlub.com.br\/loja\/wp-json\/wp\/v2\/product_cat?post=2211"},{"taxonomy":"product_tag","embeddable":true,"href":"https:\/\/hificlub.com.br\/loja\/wp-json\/wp\/v2\/product_tag?post=2211"}],"curies":[{"name":"wp","href":"https:\/\/api.w.org\/{rel}","templated":true}]}}