{"id":22081,"date":"2025-05-29T22:41:51","date_gmt":"2025-05-30T01:41:51","guid":{"rendered":"https:\/\/hificlub.com.br\/loja\/?post_type=product&#038;p=22081"},"modified":"2025-05-30T03:44:36","modified_gmt":"2025-05-30T06:44:36","slug":"bw-scm-8-thx-home-cinema-series-caixa-satelite","status":"publish","type":"product","link":"https:\/\/hificlub.com.br\/loja\/produto\/bw-scm-8-thx-home-cinema-series-caixa-satelite\/","title":{"rendered":"B&#038;W SCM 8 Caixa Surround THX Home Cinema Series"},"content":{"rendered":"<p>Os Monitores Surround Cinema t\u00eam apar\u00eancia e design exclusivos. S\u00e3o dipolos, projetando som ao longo de dois eixos opostos com polaridade oposta. O cancelamento resultante<br \/>\nentre essas respostas de fase opostas significa que o n\u00edvel sonoro projetado em \u00e2ngulos retos em rela\u00e7\u00e3o a esses eixos (no plano nulo) \u00e9 muito menor. A raz\u00e3o para isso \u00e9 a desej\u00e1vel n\u00e3o localiza\u00e7\u00e3o do som surround. Os alto-falantes s\u00e3o posicionados em cada lado do ouvinte com o plano nulo apontando para a \u00e1rea de audi\u00e7\u00e3o, isso significa que a maior parte do som \u00e9 refletida pelas superf\u00edcies da sala e \u00e9 difusa por natureza. Outra vantagem da abordagem Home THX\u00ae \u00e9 que h\u00e1 uma transi\u00e7\u00e3o perfeita entre os campos sonoros frontal e surround, independente da posi\u00e7\u00e3o relativa dos alto-falantes &#8211; e uma maior distribui\u00e7\u00e3o de ouvintes pode ouvir o campo sonoro geral. lA constru\u00e7\u00e3o triangular desses alto-falantes tem diversas vantagens, tanto funcionais quanto est\u00e9ticas. Em primeiro lugar, a dist\u00e2ncia consecutiva entre as unidades de acionamento amplia a \u00e1rea nula do dipolo e permite que um maior n\u00famero de ouvintes experimente a natureza dispersiva do som. Em segundo lugar, os alto-falantes s\u00e3o montados mais altos do que os ouvintes e as faces inclinadas projetam o som para longe deles, proporcionando-lhes uma \u00e1rea nula mais ampla e uma melhor ilus\u00e3o de altura. Em terceiro lugar, o formato triangular tamb\u00e9m reduz os n\u00edveis de ondas estacion\u00e1rias dentro do gabinete, que podem reirradiar como colora\u00e7\u00e3o.<\/p>\n<p><strong>SPECS<\/strong><\/p>\n<p><strong>Destaques t\u00e9cnicos<\/strong><br \/>\nKevlar\u00ae: A B&amp;W desenvolveu e patenteou o m\u00e9todo de uso de Kevlar\u00ae em<br \/>\ncones de alto-falantes para reduzir ondas estacion\u00e1rias indesejadas. A DuPont originalmente criou o Kevlar\u00ae para uso em coletes \u00e0 prova de balas.<br \/>\nMatrix\u2122: A constru\u00e7\u00e3o b\u00e1sica de quase todos os alto-falantes \u00e9 exatamente a mesma: pain\u00e9is de materiais \u00e0 base de madeira, unidos para formar uma caixa retangular. A B&amp;W<br \/>\nestudou e avaliou como cada aspecto do comportamento do gabinete e a efici\u00eancia de v\u00e1rios materiais e m\u00e9todos de constru\u00e7\u00e3o afetam o som.<\/p>\n<p><strong>Descri\u00e7\u00e3o<\/strong><\/p>\n<p>Sistema de caixa fechada de segunda ordem para montagem em parede com caracter\u00edsticas de radia\u00e7\u00e3o dipolar.<\/p>\n<p><strong>Unidades de acionamento<\/strong><\/p>\n<p>2 unidades de alta frequ\u00eancia com c\u00fapula de 25 mm com diafragmas met\u00e1licos, bobinas de voz de alta pot\u00eancia e resfriamento por fluido magn\u00e9tico<br \/>\n2 unidades de graves\/m\u00e9dios Kevlar\u00ae de 160 mm<\/p>\n<p><strong>Resposta em frequ\u00eancia<\/strong><\/p>\n<p>105 Hz &#8211; 25 kHz \u00b1 6 dB no eixo de refer\u00eancia<\/p>\n<p><strong>Sensibilidade<\/strong><\/p>\n<p>87 dB spl (2,83 V 1 m)<\/p>\n<p><strong>Imped\u00e2ncia nominal<\/strong><\/p>\n<p>4 ohms<\/p>\n<p><strong>Pot\u00eancia<\/strong><\/p>\n<p>50 W &#8211; 200 W em 8 ohms em programa sem clipes<\/p>\n<p><strong>Dimens\u00f5es<\/strong><\/p>\n<p>Altura: 362 mm<\/p>\n<p>Largura: 352 mm<\/p>\n<p>Profundidade: 251 mm<\/p>\n<p><strong>Acabamentos<\/strong><\/p>\n<p>Fresco Preto<br \/>\nGrade: Tecido Preto<\/p>\n","protected":false},"excerpt":{"rendered":"<p>Os Monitores Surround Cinema t\u00eam apar\u00eancia e design exclusivos. S\u00e3o dipolos, projetando som ao longo de dois eixos opostos com polaridade oposta. O cancelamento resultante entre essas respostas de fase opostas significa que o n\u00edvel sonoro projetado em \u00e2ngulos retos em rela\u00e7\u00e3o a esses eixos (no plano nulo) \u00e9 muito menor. A raz\u00e3o para isso [&hellip;]<\/p>\n","protected":false},"featured_media":22130,"template":"","meta":{"_acf_changed":false},"product_brand":[],"product_cat":[19,280,17,168],"product_tag":[],"class_list":{"0":"post-22081","1":"product","2":"type-product","3":"status-publish","4":"has-post-thumbnail","6":"product_cat-bw","7":"product_cat-caixa-satelite","8":"product_cat-caixas","9":"product_cat-marcas","11":"first","12":"instock","13":"sold-individually","14":"shipping-taxable","15":"purchasable","16":"product-type-simple"},"acf":[],"aioseo_notices":[],"_links":{"self":[{"href":"https:\/\/hificlub.com.br\/loja\/wp-json\/wp\/v2\/product\/22081","targetHints":{"allow":["GET"]}}],"collection":[{"href":"https:\/\/hificlub.com.br\/loja\/wp-json\/wp\/v2\/product"}],"about":[{"href":"https:\/\/hificlub.com.br\/loja\/wp-json\/wp\/v2\/types\/product"}],"wp:featuredmedia":[{"embeddable":true,"href":"https:\/\/hificlub.com.br\/loja\/wp-json\/wp\/v2\/media\/22130"}],"wp:attachment":[{"href":"https:\/\/hificlub.com.br\/loja\/wp-json\/wp\/v2\/media?parent=22081"}],"wp:term":[{"taxonomy":"product_brand","embeddable":true,"href":"https:\/\/hificlub.com.br\/loja\/wp-json\/wp\/v2\/product_brand?post=22081"},{"taxonomy":"product_cat","embeddable":true,"href":"https:\/\/hificlub.com.br\/loja\/wp-json\/wp\/v2\/product_cat?post=22081"},{"taxonomy":"product_tag","embeddable":true,"href":"https:\/\/hificlub.com.br\/loja\/wp-json\/wp\/v2\/product_tag?post=22081"}],"curies":[{"name":"wp","href":"https:\/\/api.w.org\/{rel}","templated":true}]}}